{"id":8984,"date":"2016-07-31T11:13:04","date_gmt":"2016-07-31T09:13:04","guid":{"rendered":"https:\/\/www.mates.it\/prodotti\/tessuti-rinforzi\/fibra-di-carbonio\/bander-schlauche-c\/"},"modified":"2023-06-25T01:50:59","modified_gmt":"2023-06-24T23:50:59","slug":"bander-schlauche-c","status":"publish","type":"page","link":"https:\/\/www.mates.it\/de\/produkte\/faserverstarkungen\/kohlefaser\/bander-schlauche-c\/","title":{"rendered":"B\u00e4nder \/ Schl\u00e4uche"},"content":{"rendered":"<div  class='flex_column av-av_three_fifth-7714eba142aeda1f8b5272a3c372b279 av_three_fifth  avia-builder-el-0  el_before_av_two_fifth  avia-builder-el-first  first flex_column_div  '     ><p>\n<style type=\"text\/css\" data-created_by=\"avia_inline_auto\" id=\"style-css-av-lj9cy94z-4a11de4196f58fccdc456f457f70ecd7\">\n#top .av-special-heading.av-lj9cy94z-4a11de4196f58fccdc456f457f70ecd7{\npadding-bottom:10px;\n}\nbody .av-special-heading.av-lj9cy94z-4a11de4196f58fccdc456f457f70ecd7 .av-special-heading-tag .heading-char{\nfont-size:25px;\n}\n.av-special-heading.av-lj9cy94z-4a11de4196f58fccdc456f457f70ecd7 .av-subheading{\nfont-size:15px;\n}\n<\/style>\n<div  class='av-special-heading av-lj9cy94z-4a11de4196f58fccdc456f457f70ecd7 av-special-heading-h1  avia-builder-el-1  el_before_av_textblock  avia-builder-el-first  custom-h1-title'><h1 class='av-special-heading-tag '  >B\u00e4nder \/ Schl\u00e4uche<\/h1><div class=\"special-heading-border\"><div class=\"special-heading-inner-border\"><\/div><\/div><\/div><br \/>\n<section  class='av_textblock_section av-lj9cw58v-0137cbda5cbbceb852ddfcdcb20c2d72 '  ><div class='avia_textblock' ><p>Mit Kohlenstofffasern lassen sich auch L\u00f6sungen f\u00fcr die anspruchsvollsten Anforderungen finden, und wir haben B\u00e4nder und Geflechte f\u00fcr spezifische Verfahren. Kohlenstofffasergeflechte eignen sich f\u00fcr strukturelle und nicht-strukturelle Rohre; sie werden in den meisten fortschrittlichen Verbundwerkstoffsektoren (Nautik, Automobilbau, Freizeit usw.) verwendet, wo ein Rohr oder ein Schlauch aus Kohlenstofffaser erforderlich ist. Die B\u00e4nder aus Kohlenstofffasern haben variable Elastizit\u00e4tsmodule, die f\u00fcr alle Arten von Projekten n\u00fctzlich sind. Diese sind sehr widerstandsf\u00e4hig und garantieren eine Erh\u00f6hung der dynamischen Belastungen, so dass ein Produkt mit sehr hohen mechanischen Eigenschaften entsteht.<\/p>\n<div style=\"width: 100%;\"><\/div>\n<\/div><\/section><\/p><\/div>\n<div  class='flex_column av-av_two_fifth-f1c518e9ff58e869f80c8f093487abc9 av_two_fifth  avia-builder-el-3  el_after_av_three_fifth  el_before_av_hr  flex_column_div  '     ><style type=\"text\/css\" data-created_by=\"avia_inline_auto\" id=\"style-css-av-lj9cxqul-9bfee2d4112f410194d6c5cce3e6f306\">\n#top .togglecontainer.av-lj9cxqul-9bfee2d4112f410194d6c5cce3e6f306 h4.toggler{\nfont-size:14px;\n}\n#top .togglecontainer.av-lj9cxqul-9bfee2d4112f410194d6c5cce3e6f306 h4.toggler.activeTitle{\ncolor:#ffffff;\nborder-color:#ffffff;\nbackground-color:#2682d3;\n}\n<\/style>\n<div  class='togglecontainer av-lj9cxqul-9bfee2d4112f410194d6c5cce3e6f306  avia-builder-el-4  avia-builder-el-no-sibling  accordion_product toggle_close_all hasCurrentStyle' >\n<section class='av_toggle_section av-lj9cwwsq-a7fa517e2abb0abb02bcac74aba9484e' ><div role=\"tablist\" class=\"single_toggle\" data-tags=\"{Alle} \"  ><h4 id='toggle-toggle-id-1' data-fake-id='#toggle-id-1' class='toggler  activeTitle av-title-above '  role='tab' tabindex='0' aria-controls='toggle-id-1' data-slide-speed=\"200\" data-title=\"Vorteile\" data-title-open=\"\" data-aria_collapsed=\"Click to expand: Vorteile\" data-aria_expanded=\"Click to collapse: Vorteile\">Vorteile<span class=\"toggle_icon\"><span class=\"vert_icon\"><\/span><span class=\"hor_icon\"><\/span><\/span><\/h4><div id='toggle-id-1' aria-labelledby='toggle-toggle-id-1' role='region' class='toggle_wrap  active_tc av-title-above' style='display:block;' ><div class='toggle_content invers-color ' ><ul>\n<li>Vielf\u00e4ltige Anwendungen<\/li>\n<li>Gro\u00dfe Auswahl an Gr\u00f6\u00dfen<\/li>\n<li>Hohe Liefergeschwindigkeit<\/li>\n<li>Spezifikationen f\u00fcr spezielle Bearbeitungen<\/li>\n<\/ul>\n<\/div><\/div><\/div><\/section>\n<section class='av_toggle_section av-lj9cxpoh-37b05bea4d241ed0c9902bd7957875fe' ><div role=\"tablist\" class=\"single_toggle\" data-tags=\"{Alle} \"  ><h4 id='toggle-toggle-id-2' data-fake-id='#toggle-id-2' class='toggler  av-title-above '  role='tab' tabindex='0' aria-controls='toggle-id-2' data-slide-speed=\"200\" data-title=\"Typen\" data-title-open=\"\" data-aria_collapsed=\"Click to expand: Typen\" data-aria_expanded=\"Click to collapse: Typen\">Typen<span class=\"toggle_icon\"><span class=\"vert_icon\"><\/span><span class=\"hor_icon\"><\/span><\/span><\/h4><div id='toggle-id-2' aria-labelledby='toggle-toggle-id-2' role='region' class='toggle_wrap  av-title-above'  ><div class='toggle_content invers-color ' ><ul class=\"customlist2\">\n<li><a href=\"https:\/\/fileserver.mates.it\/Prodotti\/1_Rinforzi\/Brochure\/Eurocarbon\/Standard%20Program%20Woven%20Tapes.pdf\" target=\"_blank\" rel=\"noopener\">B\u00e4nder<\/a><\/li>\n<li><a href=\"https:\/\/fileserver.mates.it\/Prodotti\/1_Rinforzi\/Brochure\/Eurocarbon\/Standard%20Program%20Carbon%20fiber%20braids.pdf\" target=\"_blank\" rel=\"noopener\">Schl\u00e4uche<\/a><\/li>\n<li><a href=\"https:\/\/fileserver.mates.it\/Prodotti\/1_Rinforzi\/Brochure\/Eurocarbon\/Standard%20Program%20Gusset%20Fillers.pdf\" target=\"_blank\" rel=\"noopener\">Zwickel-F\u00fcllstoffe<\/a><\/li>\n<\/ul>\n<\/div><\/div><\/div><\/section>\n<\/div><\/div><div  class='hr av-av_hr-91d7ccd583a503147498e120fee2ff9b hr-default  avia-builder-el-5  el_after_av_two_fifth  el_before_av_one_full '><span class='hr-inner '><span class=\"hr-inner-style\"><\/span><\/span><\/div><\/p>\n<div  class='flex_column av-av_one_full-7714eba142aeda1f8b5272a3c372b279 av_one_full  avia-builder-el-6  el_after_av_hr  avia-builder-el-last  first flex_column_div  '     ><div  class='avia-button-wrap av-av_button-f2ff8a0a1448aa9f36fa0211f57fea0c-wrap avia-button-left  avia-builder-el-7  avia-builder-el-no-sibling '><a href=\"https:\/\/fileserver.mates.it\/Prodotti\/1_Rinforzi\/Brochure\/Eurocarbon\/Eurocarbon-Brochure.pdf\" class=\"avia-button av-av_button-f2ff8a0a1448aa9f36fa0211f57fea0c av-link-btn avia-icon_select-yes-left-icon avia-size-small avia-position-left avia-color-theme-color\" target=\"_blank\" rel=\"noopener noreferrer\" aria-label=\"Eurocarbon - Standard\"><span class='avia_button_icon avia_button_icon_left avia-iconfont avia-font-entypo-fontello' data-av_icon='\ue82d' data-av_iconfont='entypo-fontello' ><\/span><span class='avia_iconbox_title' >Eurocarbon - Standard<\/span><\/a><\/div><\/div>\n","protected":false},"excerpt":{"rendered":"<p>Kohlenstofffasergeflechte eignen sich f\u00fcr strukturelle und nicht-strukturelle Rohre; sie werden in den meisten fortschrittlichen Verbundwerkstoffsektoren (Nautik, Automobilbau, Freizeit usw.) verwendet, wo ein Rohr oder ein Schlauch aus Kohlenstofffaser erforderlich ist.<\/p>\n","protected":false},"author":2,"featured_media":0,"parent":8862,"menu_order":4,"comment_status":"open","ping_status":"closed","template":"","meta":{"footnotes":""},"class_list":["post-8984","page","type-page","status-publish","hentry"],"_links":{"self":[{"href":"https:\/\/www.mates.it\/de\/wp-json\/wp\/v2\/pages\/8984","targetHints":{"allow":["GET"]}}],"collection":[{"href":"https:\/\/www.mates.it\/de\/wp-json\/wp\/v2\/pages"}],"about":[{"href":"https:\/\/www.mates.it\/de\/wp-json\/wp\/v2\/types\/page"}],"author":[{"embeddable":true,"href":"https:\/\/www.mates.it\/de\/wp-json\/wp\/v2\/users\/2"}],"replies":[{"embeddable":true,"href":"https:\/\/www.mates.it\/de\/wp-json\/wp\/v2\/comments?post=8984"}],"version-history":[{"count":0,"href":"https:\/\/www.mates.it\/de\/wp-json\/wp\/v2\/pages\/8984\/revisions"}],"up":[{"embeddable":true,"href":"https:\/\/www.mates.it\/de\/wp-json\/wp\/v2\/pages\/8862"}],"wp:attachment":[{"href":"https:\/\/www.mates.it\/de\/wp-json\/wp\/v2\/media?parent=8984"}],"curies":[{"name":"wp","href":"https:\/\/api.w.org\/{rel}","templated":true}]}}