{"id":8986,"date":"2016-07-31T14:29:13","date_gmt":"2016-07-31T12:29:13","guid":{"rendered":"https:\/\/www.mates.it\/prodotti\/tessuti-rinforzi\/fibra-di-carbonio\/prepregsd-c\/"},"modified":"2023-10-14T14:44:06","modified_gmt":"2023-10-14T12:44:06","slug":"prepregsd-c","status":"publish","type":"page","link":"https:\/\/www.mates.it\/de\/produkte\/faserverstarkungen\/kohlefaser\/prepregsd-c\/","title":{"rendered":"Prepregs"},"content":{"rendered":"<\/p>\n<div  class='flex_column av-av_three_fifth-7714eba142aeda1f8b5272a3c372b279 av_three_fifth  avia-builder-el-0  el_before_av_two_fifth  avia-builder-el-first  first flex_column_div  '     ><p>\n<style type=\"text\/css\" data-created_by=\"avia_inline_auto\" id=\"style-css-av-lj9dh2pl-f1d26850fc5e5313335d5be9cb4efdac\">\n#top .av-special-heading.av-lj9dh2pl-f1d26850fc5e5313335d5be9cb4efdac{\npadding-bottom:10px;\n}\nbody .av-special-heading.av-lj9dh2pl-f1d26850fc5e5313335d5be9cb4efdac .av-special-heading-tag .heading-char{\nfont-size:25px;\n}\n.av-special-heading.av-lj9dh2pl-f1d26850fc5e5313335d5be9cb4efdac .av-subheading{\nfont-size:15px;\n}\n<\/style>\n<div  class='av-special-heading av-lj9dh2pl-f1d26850fc5e5313335d5be9cb4efdac av-special-heading-h1  avia-builder-el-1  el_before_av_textblock  avia-builder-el-first  custom-h1-title'><h1 class='av-special-heading-tag '  >Prepregs<\/h1><div class=\"special-heading-border\"><div class=\"special-heading-inner-border\"><\/div><\/div><\/div><br \/>\n<section  class='av_textblock_section av-lj9dgzt2-6719be4971e9c02eebee44f816f222eb '  ><div class='avia_textblock' ><p>Carbon-Prepregs sind Verst\u00e4rkungsgewebe oder maschinenimpr\u00e4gnierte Fasern mit einem vorkatalysierten Harzsystem. Die Verst\u00e4rkung ist bereit f\u00fcr die Ablage in einer Form ohne Zugabe von Harz mittels klassischer Produktionsverfahren (Handlaminierung, Infusion, Injektion). Nach dem Einlegen des Prepregs in die Form vernetzt das enthaltene Harz nur durch Erhitzen auf die vorgeschriebene Temperatur vollst\u00e4ndig und folgt dabei dem im Datenblatt angegebenen Aush\u00e4rtungszyklus. Die Menge des Harzes in den Fasern wird direkt vom Hersteller angegeben, ebenso wie die endg\u00fcltigen Eigenschaften des Verbundlaminats. Durch die Verwendung von Prepregs werden die Verarbeitungszeit und die Kosten f\u00fcr die Herstellung von Hochleistungs-Verbundprodukten drastisch reduziert.<\/p>\n<div style=\"width: 100%;\"><\/div>\n<\/div><\/section><\/p><\/div>\n<div  class='flex_column av-av_two_fifth-f1c518e9ff58e869f80c8f093487abc9 av_two_fifth  avia-builder-el-3  el_after_av_three_fifth  el_before_av_hr  flex_column_div  '     ><style type=\"text\/css\" data-created_by=\"avia_inline_auto\" id=\"style-css-av-av_toggle_container-aa303faae9b53071bb573d27bc7412b5\">\n#top .togglecontainer.av-av_toggle_container-aa303faae9b53071bb573d27bc7412b5 h4.toggler{\nfont-size:14px;\n}\n#top .togglecontainer.av-av_toggle_container-aa303faae9b53071bb573d27bc7412b5 h4.toggler.activeTitle{\ncolor:#ffffff;\nborder-color:#ffffff;\nbackground-color:#2682d3;\n}\n<\/style>\n<div  class='togglecontainer av-av_toggle_container-aa303faae9b53071bb573d27bc7412b5  avia-builder-el-4  avia-builder-el-no-sibling  accordion_product toggle_close_all hasCurrentStyle' >\n<section class='av_toggle_section av-av_toggle-dd5490da29f5c2ce08321e61fbf1c4ed' ><div role=\"tablist\" class=\"single_toggle\" data-tags=\"{Alle} \"  ><h4 id='toggle-toggle-id-1' data-fake-id='#toggle-id-1' class='toggler  activeTitle av-title-above '  role='tab' tabindex='0' aria-controls='toggle-id-1' data-slide-speed=\"200\" data-title=\"Hexply \u00ae\" data-title-open=\"\" data-aria_collapsed=\"Click to expand: Hexply \u00ae\" data-aria_expanded=\"Click to collapse: Hexply \u00ae\">Hexply \u00ae<span class=\"toggle_icon\"><span class=\"vert_icon\"><\/span><span class=\"hor_icon\"><\/span><\/span><\/h4><div id='toggle-id-1' aria-labelledby='toggle-toggle-id-1' role='region' class='toggle_wrap  active_tc av-title-above' style='display:block;' ><div class='toggle_content invers-color ' ><ul class=\"customlist1\">\n<li><a href=\"https:\/\/fileserver.mates.it\/Prodotti\/1_Rinforzi\/TDS\/_Prepreg\/HexPly\/HexPly_M9.6H_DataSheet.pdf\" target=\"_blank\" rel=\"noopener noreferrer\">M9.6<\/a><\/li>\n<li><a href=\"https:\/\/fileserver.mates.it\/Prodotti\/1_Rinforzi\/TDS\/_Prepreg\/HexPly\/HexPly_M10R_eu_DataSheet.pdf\" target=\"_blank\" rel=\"noopener noreferrer\">M10R<\/a><\/li>\n<li><a href=\"https:\/\/fileserver.mates.it\/Prodotti\/1_Rinforzi\/TDS\/_Prepreg\/HexPly\/HexPly_M34_eu_DataSheet.pdf\" target=\"_blank\" rel=\"noopener noreferrer\">M34<\/a><\/li>\n<li><a href=\"https:\/\/fileserver.mates.it\/Prodotti\/1_Rinforzi\/TDS\/_Prepreg\/HexPly\/HexPly_M49_eu_DataSheet.pdf\" target=\"_blank\" rel=\"noopener noreferrer\">M49<\/a><\/li>\n<li><a href=\"https:\/\/fileserver.mates.it\/Prodotti\/1_Rinforzi\/TDS\/_Prepreg\/HexPly\/HexPly_M77_EpoxyResin_DataSheet.pdf\" target=\"_blank\" rel=\"noopener noreferrer\">M77<\/a><\/li>\n<li><a href=\"https:\/\/fileserver.mates.it\/Prodotti\/1_Rinforzi\/TDS\/_Prepreg\/HexPly\/HexPly_M78.1_EpoxyResin_DataSheet.pdf\" target=\"_blank\" rel=\"noopener noreferrer\">M78.1<\/a><\/li>\n<li><a href=\"https:\/\/fileserver.mates.it\/Prodotti\/1_Rinforzi\/TDS\/_Prepreg\/HexPly\/HexPly_M79M79LT_DataSheet.pdf\" target=\"_blank\" rel=\"noopener\">M79<\/a><\/li>\n<\/ul>\n<\/div><\/div><\/div><\/section>\n<section class='av_toggle_section av-av_toggle-26e33b9ed9d53240c4d3adbfef96dc3a' ><div role=\"tablist\" class=\"single_toggle\" data-tags=\"{Alle} \"  ><h4 id='toggle-toggle-id-2' data-fake-id='#toggle-id-2' class='toggler  av-title-above '  role='tab' tabindex='0' aria-controls='toggle-id-2' data-slide-speed=\"200\" data-title=\"Hextool - HexMc \u00ae\" data-title-open=\"\" data-aria_collapsed=\"Click to expand: Hextool - HexMc \u00ae\" data-aria_expanded=\"Click to collapse: Hextool - HexMc \u00ae\">Hextool - HexMc \u00ae<span class=\"toggle_icon\"><span class=\"vert_icon\"><\/span><span class=\"hor_icon\"><\/span><\/span><\/h4><div id='toggle-id-2' aria-labelledby='toggle-toggle-id-2' role='region' class='toggle_wrap  av-title-above'  ><div class='toggle_content invers-color ' ><ul class=\"customlist2\">\n<li><a href=\"https:\/\/fileserver.mates.it\/Prodotti\/1_Rinforzi\/TDS\/_Prepreg\/HexMC_HexTool\/HexMCi_C_2000_M77_DataSheet.pdf\" target=\"_blank\" rel=\"noopener noreferrer\">HexMC M77<\/a><\/li>\n<li><a href=\"https:\/\/fileserver.mates.it\/Prodotti\/1_Rinforzi\/TDS\/_Prepreg\/HexMC_HexTool\/HexMCi_C_2000_M81.pdf\" target=\"_blank\" rel=\"noopener noreferrer\">HexMC M81<\/a><\/li>\n<li><a href=\"https:\/\/fileserver.mates.it\/Prodotti\/1_Rinforzi\/TDS\/_Prepreg\/HexMC_HexTool\/HexTool_M61_DataSheet_global.pdf\" target=\"_blank\" rel=\"noopener noreferrer\">HexTool M61<\/a><\/li>\n<li><a href=\"https:\/\/fileserver.mates.it\/Prodotti\/1_Rinforzi\/TDS\/_Prepreg\/HexMC_HexTool\/HexTool_M81_DataSheet_eu.pdf\" target=\"_blank\" rel=\"noopener noreferrer\">HexTool M81<\/a><\/li>\n<\/ul>\n<\/div><\/div><\/div><\/section>\n<section class='av_toggle_section av-av_toggle-3d4e4e70bbf00ab780371d2c86160704' ><div role=\"tablist\" class=\"single_toggle\" data-tags=\"{Alle} \"  ><h4 id='toggle-toggle-id-3' data-fake-id='#toggle-id-3' class='toggler  av-title-above '  role='tab' tabindex='0' aria-controls='toggle-id-3' data-slide-speed=\"200\" data-title=\"Semipreg\" data-title-open=\"\" data-aria_collapsed=\"Click to expand: Semipreg\" data-aria_expanded=\"Click to collapse: Semipreg\">Semipreg<span class=\"toggle_icon\"><span class=\"vert_icon\"><\/span><span class=\"hor_icon\"><\/span><\/span><\/h4><div id='toggle-id-3' aria-labelledby='toggle-toggle-id-3' role='region' class='toggle_wrap  av-title-above'  ><div class='toggle_content invers-color ' ><ul class=\"customlist2\">\n<li><a href=\"https:\/\/fileserver.mates.it\/Prodotti\/1_Rinforzi\/TDS\/_Prepreg\/Semipreg\/SGC_0203_DS.pdf\" target=\"_blank\" rel=\"noopener noreferrer\">SGC 203 <\/a><\/li>\n<li><a href=\"https:\/\/fileserver.mates.it\/Prodotti\/1_Rinforzi\/TDS\/_Prepreg\/Semipreg\/SGC_0306_DS.pdf\" target=\"_blank\" rel=\"noopener noreferrer\">SGC 306<\/a><\/li>\n<\/ul>\n<\/div><\/div><\/div><\/section>\n<\/div><\/div>\n<div  class='hr av-av_hr-91d7ccd583a503147498e120fee2ff9b hr-default  avia-builder-el-5  el_after_av_two_fifth  el_before_av_one_full '><span class='hr-inner '><span class=\"hr-inner-style\"><\/span><\/span><\/div>\n<div  class='flex_column av-av_one_full-7714eba142aeda1f8b5272a3c372b279 av_one_full  avia-builder-el-6  el_after_av_hr  avia-builder-el-last  first flex_column_div  '     ><p><div  class='avia-button-wrap av-av_button-a501af3c50c7ddec33f64edde5ee00be-wrap avia-button-left  avia-builder-el-7  el_before_av_button  avia-builder-el-first '><a href=\"http:\/\/www.hexcel.com\/Resources\/prepreg-data-sheets\" class=\"avia-button av-av_button-a501af3c50c7ddec33f64edde5ee00be av-link-btn avia-icon_select-yes-left-icon avia-size-small avia-position-left avia-color-theme-color\" target=\"_blank\" rel=\"noopener noreferrer\" aria-label=\"   Hexcel \u00ae Prepreg data sheets\"><span class='avia_button_icon avia_button_icon_left avia-iconfont avia-font-entypo-fontello' data-av_icon='\ue8ab' data-av_iconfont='entypo-fontello' ><\/span><span class='avia_iconbox_title' >   Hexcel \u00ae Prepreg data sheets<\/span><\/a><\/div><br \/>\n<div  class='avia-button-wrap av-lj9dm0g8-dbc00dc7ae46bb8b4e620491c2539e0e-wrap avia-button-left  avia-builder-el-8  el_after_av_button  avia-builder-el-last '><a href=\"https:\/\/fileserver.mates.it\/Prodotti\/1_Rinforzi\/Brochure\/Hexcel\/Selector_Guide\/IndustrialSelectorGuide_2018.pdf\" class=\"avia-button av-lj9dm0g8-dbc00dc7ae46bb8b4e620491c2539e0e av-link-btn avia-icon_select-yes-left-icon avia-size-small avia-position-left avia-color-theme-color\" target=\"_blank\" rel=\"noopener noreferrer\" aria-label=\"  Hexcel \u00ae Industrial Selector Guide\"><span class='avia_button_icon avia_button_icon_left avia-iconfont avia-font-entypo-fontello' data-av_icon='\ue82d' data-av_iconfont='entypo-fontello' ><\/span><span class='avia_iconbox_title' >  Hexcel \u00ae Industrial Selector Guide<\/span><\/a><\/div><\/p><\/div>\n","protected":false},"excerpt":{"rendered":"<p>Carbon-Prepregs sind Verst\u00e4rkungsgewebe oder maschinenimpr\u00e4gnierte Fasern mit einem vorkatalysierten Harzsystem. Die Verst\u00e4rkung ist bereit f\u00fcr die Ablage in einer Form ohne Zugabe von Harz mittels klassischer Produktionsverfahren.<\/p>\n","protected":false},"author":2,"featured_media":0,"parent":8862,"menu_order":5,"comment_status":"open","ping_status":"closed","template":"","meta":{"footnotes":""},"class_list":["post-8986","page","type-page","status-publish","hentry"],"_links":{"self":[{"href":"https:\/\/www.mates.it\/de\/wp-json\/wp\/v2\/pages\/8986","targetHints":{"allow":["GET"]}}],"collection":[{"href":"https:\/\/www.mates.it\/de\/wp-json\/wp\/v2\/pages"}],"about":[{"href":"https:\/\/www.mates.it\/de\/wp-json\/wp\/v2\/types\/page"}],"author":[{"embeddable":true,"href":"https:\/\/www.mates.it\/de\/wp-json\/wp\/v2\/users\/2"}],"replies":[{"embeddable":true,"href":"https:\/\/www.mates.it\/de\/wp-json\/wp\/v2\/comments?post=8986"}],"version-history":[{"count":0,"href":"https:\/\/www.mates.it\/de\/wp-json\/wp\/v2\/pages\/8986\/revisions"}],"up":[{"embeddable":true,"href":"https:\/\/www.mates.it\/de\/wp-json\/wp\/v2\/pages\/8862"}],"wp:attachment":[{"href":"https:\/\/www.mates.it\/de\/wp-json\/wp\/v2\/media?parent=8986"}],"curies":[{"name":"wp","href":"https:\/\/api.w.org\/{rel}","templated":true}]}}