{"id":8987,"date":"2016-07-31T15:36:10","date_gmt":"2016-07-31T13:36:10","guid":{"rendered":"https:\/\/www.mates.it\/prodotti\/tessuti-rinforzi\/fibra-di-vetro\/gewebe-v\/"},"modified":"2025-03-15T15:51:13","modified_gmt":"2025-03-15T14:51:13","slug":"gewebe-v","status":"publish","type":"page","link":"https:\/\/www.mates.it\/de\/produkte\/faserverstarkungen\/glasfaser\/gewebe-v\/","title":{"rendered":"Gewebe"},"content":{"rendered":"<div  class='flex_column av-av_three_fifth-7714eba142aeda1f8b5272a3c372b279 av_three_fifth  avia-builder-el-0  el_before_av_two_fifth  avia-builder-el-first  first flex_column_div  '     ><p>\n<style type=\"text\/css\" data-created_by=\"avia_inline_auto\" id=\"style-css-av-lja0d6sx-b6a20b0d5813aaccf2722fd8776d080d\">\n#top .av-special-heading.av-lja0d6sx-b6a20b0d5813aaccf2722fd8776d080d{\npadding-bottom:10px;\n}\nbody .av-special-heading.av-lja0d6sx-b6a20b0d5813aaccf2722fd8776d080d .av-special-heading-tag .heading-char{\nfont-size:25px;\n}\n.av-special-heading.av-lja0d6sx-b6a20b0d5813aaccf2722fd8776d080d .av-subheading{\nfont-size:15px;\n}\n<\/style>\n<div  class='av-special-heading av-lja0d6sx-b6a20b0d5813aaccf2722fd8776d080d av-special-heading-h1  avia-builder-el-1  el_before_av_textblock  avia-builder-el-first  custom-h1-title'><h1 class='av-special-heading-tag '  >Gewebe<\/h1><div class=\"special-heading-border\"><div class=\"special-heading-inner-border\"><\/div><\/div><\/div><br \/>\n<section  class='av_textblock_section av-lja0d1qp-57894d9039b47c977b3bfa69e11ccc8a '  ><div class='avia_textblock' ><p>Neben den Kohlefasergeweben verf\u00fcgen wir auch \u00fcber eine breite Palette von Glasfasergeweben mit einer mechanischen Leistung, die weit \u00fcber den \u00fcblichen Verbundwerkstoff-Verst\u00e4rkungen liegt, sowie \u00fcber MAT, biaxial und multiaxial. Diese technische \u00dcberlegenheit und der hohe Fertigungsgrad erm\u00f6glichen die Herstellung von Glasfaserprodukten mit \u00fcberdurchschnittlichen strukturellen Leistungen und einer wesentlich geringeren Enddicke und einem geringeren Gewicht. Die hohe mechanische Festigkeit erm\u00f6glicht auch die Verwendung als Innenverst\u00e4rkung von Kohlefaserkomponenten, was die Gesamtkosten des Endprodukts senkt. Ausgewogene Glasgewebe k\u00f6nnen nach der Art der Bindung, nach dem Fl\u00e4chengewicht, das dem spezifischen Gewicht eines Quadratmeters Gewebe entspricht, und nach der Art des f\u00fcr die Herstellung verwendeten Glases (E\/C\/S) unterteilt werden.<\/p>\n<div style=\"width: 100%;\"><\/div>\n<\/div><\/section><\/p><\/div>\n<div  class='flex_column av-av_two_fifth-f1c518e9ff58e869f80c8f093487abc9 av_two_fifth  avia-builder-el-3  el_after_av_three_fifth  el_before_av_hr  flex_column_div  '     ><style type=\"text\/css\" data-created_by=\"avia_inline_auto\" id=\"style-css-av-ly33dyur-2ad0726167a908678bbdb0f95a724169\">\n#top .togglecontainer.av-ly33dyur-2ad0726167a908678bbdb0f95a724169 h4.toggler{\nfont-size:14px;\n}\n#top .togglecontainer.av-ly33dyur-2ad0726167a908678bbdb0f95a724169 h4.toggler.activeTitle{\ncolor:#ffffff;\nborder-color:#ffffff;\nbackground-color:#2682d3;\n}\n<\/style>\n<div  class='togglecontainer av-ly33dyur-2ad0726167a908678bbdb0f95a724169  avia-builder-el-4  avia-builder-el-no-sibling  accordion_product toggle_close_all hasCurrentStyle' >\n<section class='av_toggle_section av-ly33dxvk-050742d9162ee4d8154b5c2cf60fbe26' ><div role=\"tablist\" class=\"single_toggle\" data-tags=\"{Alle} \"  ><h4 id='toggle-toggle-id-1' data-fake-id='#toggle-id-1' class='toggler  activeTitle av-title-above '  role='tab' tabindex='0' aria-controls='toggle-id-1' data-slide-speed=\"200\" data-title=\"E - Mates \u00ae\" data-title-open=\"\" data-aria_collapsed=\"Click to expand: E - Mates \u00ae\" data-aria_expanded=\"Click to collapse: E - Mates \u00ae\">E - Mates \u00ae<span class=\"toggle_icon\"><span class=\"vert_icon\"><\/span><span class=\"hor_icon\"><\/span><\/span><\/h4><div id='toggle-id-1' aria-labelledby='toggle-toggle-id-1' role='region' class='toggle_wrap  active_tc av-title-above' style='display:block;' ><div class='toggle_content invers-color ' ><ul class=\"customlist1\">\n<li><a href=\"https:\/\/fileserver.mates.it\/Prodotti\/1_Rinforzi\/TDS\/Vetro\/Tessuti\/Mates\/TVE80P_DS.pdf\" target=\"_blank\" rel=\"noopener noreferrer\">E80P<\/a><\/li>\n<li><a href=\"https:\/\/fileserver.mates.it\/Prodotti\/1_Rinforzi\/TDS\/Vetro\/Tessuti\/Mates\/TVE80T_DS.pdf\" target=\"_blank\" rel=\"noopener\">E80T<\/a><\/li>\n<li><a href=\"https:\/\/fileserver.mates.it\/Prodotti\/1_Rinforzi\/TDS\/Vetro\/Tessuti\/Mates\/TVE120P_DS.pdf\" target=\"_blank\" rel=\"noopener noreferrer\">E120P<\/a><\/li>\n<li><a href=\"https:\/\/fileserver.mates.it\/Prodotti\/1_Rinforzi\/TDS\/Vetro\/Tessuti\/Mates\/TVE163P_DS.pdf\" target=\"_blank\" rel=\"noopener\">E163P<\/a><\/li>\n<li><a href=\"https:\/\/fileserver.mates.it\/Prodotti\/1_Rinforzi\/TDS\/Vetro\/Tessuti\/Mates\/TVE163T_DS.pdf\" target=\"_blank\" rel=\"noopener noreferrer\">E163T<\/a><\/li>\n<li><a href=\"https:\/\/fileserver.mates.it\/Prodotti\/1_Rinforzi\/TDS\/Vetro\/Tessuti\/Mates\/TVE195P_DS.pdf\" target=\"_blank\" rel=\"noopener noreferrer\">E195P<\/a><\/li>\n<li><a href=\"https:\/\/fileserver.mates.it\/Prodotti\/1_Rinforzi\/TDS\/Vetro\/Tessuti\/Mates\/TVE195T_DS.pdf\" target=\"_blank\" rel=\"noopener noreferrer\">E195T<\/a><\/li>\n<li><a href=\"https:\/\/fileserver.mates.it\/Prodotti\/1_Rinforzi\/TDS\/Vetro\/Tessuti\/Mates\/TVE280P_DS.pdf\" target=\"_blank\" rel=\"noopener noreferrer\">E280P<\/a><\/li>\n<li><a href=\"https:\/\/fileserver.mates.it\/Prodotti\/1_Rinforzi\/TDS\/Vetro\/Tessuti\/Mates\/TVE280T_DS.pdf\" target=\"_blank\" rel=\"noopener noreferrer\">E280T<\/a><\/li>\n<li><a href=\"https:\/\/fileserver.mates.it\/Prodotti\/1_Rinforzi\/TDS\/Vetro\/Tessuti\/Mates\/TVE390T_DS.pdf\" target=\"_blank\" rel=\"noopener\">E390T<\/a><\/li>\n<li><a href=\"https:\/\/fileserver.mates.it\/Prodotti\/1_Rinforzi\/TDS\/Vetro\/Tessuti\/Mates\/TVE390P_DS.pdf\" target=\"_blank\" rel=\"noopener\">E390P<\/a><\/li>\n<li><a href=\"https:\/\/fileserver.mates.it\/Prodotti\/1_Rinforzi\/TDS\/Vetro\/Tessuti\/Mates\/SVE580P_DS.pdf\" target=\"_blank\" rel=\"noopener\">E580P<\/a><\/li>\n<\/ul>\n<\/div><\/div><\/div><\/section>\n<section class='av_toggle_section av-av_toggle-da283a0e4443891f4596125665a2530d' ><div role=\"tablist\" class=\"single_toggle\" data-tags=\"{Alle} \"  ><h4 id='toggle-toggle-id-2' data-fake-id='#toggle-id-2' class='toggler  av-title-above '  role='tab' tabindex='0' aria-controls='toggle-id-2' data-slide-speed=\"200\" data-title=\"C - Mates \u00ae\" data-title-open=\"\" data-aria_collapsed=\"Click to expand: C - Mates \u00ae\" data-aria_expanded=\"Click to collapse: C - Mates \u00ae\">C - Mates \u00ae<span class=\"toggle_icon\"><span class=\"vert_icon\"><\/span><span class=\"hor_icon\"><\/span><\/span><\/h4><div id='toggle-id-2' aria-labelledby='toggle-toggle-id-2' role='region' class='toggle_wrap  av-title-above'  ><div class='toggle_content invers-color ' ><ul class=\"customlist2\">\n<li><a href=\"https:\/\/fileserver.mates.it\/Prodotti\/1_Rinforzi\/TDS\/Vetro\/Tessuti\/Mates\/TVC100P_DS.pdf\" target=\"_blank\" rel=\"noopener noreferrer\">C100P<\/a><\/li>\n<li><a href=\"https:\/\/fileserver.mates.it\/Prodotti\/1_Rinforzi\/TDS\/Vetro\/Tessuti\/Mates\/TVC205P_DS.pdf\" target=\"_blank\" rel=\"noopener noreferrer\">C205P <\/a><\/li>\n<li><a href=\"https:\/\/fileserver.mates.it\/Prodotti\/1_Rinforzi\/TDS\/Vetro\/Tessuti\/Mates\/TVC500P_DS.pdf\" target=\"_blank\" rel=\"noopener noreferrer\">C500P<\/a><\/li>\n<\/ul>\n<\/div><\/div><\/div><\/section>\n<section class='av_toggle_section av-m8abqw6q-263fb440cb08ed65e48558af6d1cfbab' ><div role=\"tablist\" class=\"single_toggle\" data-tags=\"{Alle} \"  ><h4 id='toggle-toggle-id-3' data-fake-id='#toggle-id-3' class='toggler  av-title-above '  role='tab' tabindex='0' aria-controls='toggle-id-3' data-slide-speed=\"200\" data-title=\"C - Hexforce \u00ae\" data-title-open=\"\" data-aria_collapsed=\"Click to expand: C - Hexforce \u00ae\" data-aria_expanded=\"Click to collapse: C - Hexforce \u00ae\">C - Hexforce \u00ae<span class=\"toggle_icon\"><span class=\"vert_icon\"><\/span><span class=\"hor_icon\"><\/span><\/span><\/h4><div id='toggle-id-3' aria-labelledby='toggle-toggle-id-3' role='region' class='toggle_wrap  av-title-above'  ><div class='toggle_content invers-color ' ><ul class=\"customlist2\">\n<li><a href=\"https:\/\/fileserver.mates.it\/Prodotti\/1_Rinforzi\/TDS\/Vetro\/Tessuti\/Hexcel\/01522.pdf\" target=\"_blank\" rel=\"noopener noreferrer\">1522 <\/a><\/li>\n<li><a href=\"https:\/\/fileserver.mates.it\/Prodotti\/1_Rinforzi\/TDS\/Vetro\/Tessuti\/Hexcel\/01717.pdf\" target=\"_blank\" rel=\"noopener noreferrer\">1717<\/a><\/li>\n<li><a href=\"https:\/\/fileserver.mates.it\/Prodotti\/1_Rinforzi\/TDS\/Vetro\/Tessuti\/Hexcel\/01039.pdf\" target=\"_blank\" rel=\"noopener noreferrer\">1039<\/a><\/li>\n<li><a href=\"https:\/\/fileserver.mates.it\/Prodotti\/1_Rinforzi\/TDS\/Vetro\/Tessuti\/Hexcel\/01035.pdf\" target=\"_blank\" rel=\"noopener noreferrer\">1035<\/a><\/li>\n<li><a href=\"https:\/\/fileserver.mates.it\/Prodotti\/1_Rinforzi\/TDS\/Vetro\/Tessuti\/Hexcel\/01184.pdf\" target=\"_blank\" rel=\"noopener noreferrer\">1184<\/a><\/li>\n<\/ul>\n<\/div><\/div><\/div><\/section>\n<\/div><\/div><div  class='hr av-av_hr-91d7ccd583a503147498e120fee2ff9b hr-default  avia-builder-el-5  el_after_av_two_fifth  el_before_av_one_full '><span class='hr-inner '><span class=\"hr-inner-style\"><\/span><\/span><\/div><\/p>\n<div  class='flex_column av-av_one_full-7714eba142aeda1f8b5272a3c372b279 av_one_full  avia-builder-el-6  el_after_av_hr  avia-builder-el-last  first flex_column_div  '     ><p><div  class='avia-button-wrap av-av_button-1ec1e6cce0745195d6e6fd56724d9487-wrap avia-button-left  avia-builder-el-7  el_before_av_button  avia-builder-el-first '><a href=\"https:\/\/fileserver.mates.it\/Prodotti\/1_Rinforzi\/Brochure\/Hexcel\/Selector_Guide\/HexcelPreprTessSelguide.pdf\" class=\"avia-button av-av_button-1ec1e6cce0745195d6e6fd56724d9487 av-link-btn avia-icon_select-yes-left-icon avia-size-small avia-position-left avia-color-theme-color\" target=\"_blank\" rel=\"noopener noreferrer\" aria-label=\" Hexcel \u00ae selector guide\"><span class='avia_button_icon avia_button_icon_left avia-iconfont avia-font-entypo-fontello' data-av_icon='\ue82d' data-av_iconfont='entypo-fontello' ><\/span><span class='avia_iconbox_title' > Hexcel \u00ae selector guide<\/span><\/a><\/div><br \/>\n<div  class='avia-button-wrap av-av_button-e5da0e08c1db1d07fcef86e51f0843b7-wrap avia-button-left  avia-builder-el-8  el_after_av_button  avia-builder-el-last '><a href=\"http:\/\/hexply.com\/hexforc3\/database\/web\/front\/main\/\" class=\"avia-button av-av_button-e5da0e08c1db1d07fcef86e51f0843b7 av-link-btn avia-icon_select-yes-left-icon avia-size-small avia-position-left avia-color-theme-color\" target=\"_blank\" rel=\"noopener noreferrer\" aria-label=\" Hexforce \u00ae Fabrics database\"><span class='avia_button_icon avia_button_icon_left avia-iconfont avia-font-entypo-fontello' data-av_icon='\ue8ab' data-av_iconfont='entypo-fontello' ><\/span><span class='avia_iconbox_title' > Hexforce \u00ae Fabrics database<\/span><\/a><\/div><\/p><\/div>\n","protected":false},"excerpt":{"rendered":"<p>Neben den Kohlefasergeweben verf\u00fcgen wir auch \u00fcber eine breite Palette von Glasfasergeweben mit einer mechanischen Leistung, die weit \u00fcber den \u00fcblichen Verbundwerkstoff-Verst\u00e4rkungen liegt, sowie \u00fcber MAT, biaxial und multiaxial.<\/p>\n","protected":false},"author":2,"featured_media":0,"parent":8929,"menu_order":1,"comment_status":"open","ping_status":"closed","template":"","meta":{"footnotes":""},"class_list":["post-8987","page","type-page","status-publish","hentry"],"_links":{"self":[{"href":"https:\/\/www.mates.it\/de\/wp-json\/wp\/v2\/pages\/8987","targetHints":{"allow":["GET"]}}],"collection":[{"href":"https:\/\/www.mates.it\/de\/wp-json\/wp\/v2\/pages"}],"about":[{"href":"https:\/\/www.mates.it\/de\/wp-json\/wp\/v2\/types\/page"}],"author":[{"embeddable":true,"href":"https:\/\/www.mates.it\/de\/wp-json\/wp\/v2\/users\/2"}],"replies":[{"embeddable":true,"href":"https:\/\/www.mates.it\/de\/wp-json\/wp\/v2\/comments?post=8987"}],"version-history":[{"count":0,"href":"https:\/\/www.mates.it\/de\/wp-json\/wp\/v2\/pages\/8987\/revisions"}],"up":[{"embeddable":true,"href":"https:\/\/www.mates.it\/de\/wp-json\/wp\/v2\/pages\/8929"}],"wp:attachment":[{"href":"https:\/\/www.mates.it\/de\/wp-json\/wp\/v2\/media?parent=8987"}],"curies":[{"name":"wp","href":"https:\/\/api.w.org\/{rel}","templated":true}]}}