{"id":8989,"date":"2016-07-31T18:38:33","date_gmt":"2016-07-31T16:38:33","guid":{"rendered":"https:\/\/www.mates.it\/prodotti\/tessuti-rinforzi\/fibra-di-vetro\/bander-schlauche-v\/"},"modified":"2023-06-25T03:30:00","modified_gmt":"2023-06-25T01:30:00","slug":"bander-schlauche-v","status":"publish","type":"page","link":"https:\/\/www.mates.it\/de\/produkte\/faserverstarkungen\/glasfaser\/bander-schlauche-v\/","title":{"rendered":"B\u00e4nder \/ Schl\u00e4uche"},"content":{"rendered":"<div  class='flex_column av-av_three_fifth-7714eba142aeda1f8b5272a3c372b279 av_three_fifth  avia-builder-el-0  el_before_av_two_fifth  avia-builder-el-first  first flex_column_div  '     ><p>\n<style type=\"text\/css\" data-created_by=\"avia_inline_auto\" id=\"style-css-av-ljanfpkb-8e4acf62af81492e2cd2c28f9b537ab6\">\n#top .av-special-heading.av-ljanfpkb-8e4acf62af81492e2cd2c28f9b537ab6{\npadding-bottom:10px;\n}\nbody .av-special-heading.av-ljanfpkb-8e4acf62af81492e2cd2c28f9b537ab6 .av-special-heading-tag .heading-char{\nfont-size:25px;\n}\n.av-special-heading.av-ljanfpkb-8e4acf62af81492e2cd2c28f9b537ab6 .av-subheading{\nfont-size:15px;\n}\n<\/style>\n<div  class='av-special-heading av-ljanfpkb-8e4acf62af81492e2cd2c28f9b537ab6 av-special-heading-h1  avia-builder-el-1  el_before_av_textblock  avia-builder-el-first  custom-h1-title'><h1 class='av-special-heading-tag '  >B\u00e4nder \/ Schl\u00e4uche<\/h1><div class=\"special-heading-border\"><div class=\"special-heading-inner-border\"><\/div><\/div><\/div><br \/>\n<section  class='av_textblock_section av-ljanfkaj-a2b1190fc2d3cf40b7a23070b6a0674e '  ><div class='avia_textblock' ><p>Auch mit Glasfasern lassen sich L\u00f6sungen f\u00fcr die anspruchsvollsten Anforderungen finden, und wir verf\u00fcgen \u00fcber B\u00e4nder und Geflechte f\u00fcr spezifische Verfahren. Kohlefasergeflechte eignen sich f\u00fcr strukturelle und nicht-strukturelle Rohre; sie werden in den meisten fortschrittlichen Verbundwerkstoffsektoren (Nautik, Automobil, Freizeit usw.) verwendet, wo ein Rohr oder ein Schlauch aus Kohlefaser erforderlich ist. Die B\u00e4nder aus Kohlenstofffasern haben variable Elastizit\u00e4tsmodule, die f\u00fcr alle Arten von Projekten n\u00fctzlich sind. Diese sind sehr widerstandsf\u00e4hig und garantieren eine Erh\u00f6hung der dynamischen Belastungen, so dass ein Produkt mit sehr hohen mechanischen Eigenschaften entsteht.<\/p>\n<\/div><\/section><\/p><\/div>\n<div  class='flex_column av-av_two_fifth-f1c518e9ff58e869f80c8f093487abc9 av_two_fifth  avia-builder-el-3  el_after_av_three_fifth  el_before_av_hr  flex_column_div  '     ><style type=\"text\/css\" data-created_by=\"avia_inline_auto\" id=\"style-css-av-ljanizsa-315773ac99747f6c647ea6b8f60a1808\">\n#top .togglecontainer.av-ljanizsa-315773ac99747f6c647ea6b8f60a1808 h4.toggler{\nfont-size:14px;\n}\n#top .togglecontainer.av-ljanizsa-315773ac99747f6c647ea6b8f60a1808 h4.toggler.activeTitle{\ncolor:#ffffff;\nborder-color:#ffffff;\nbackground-color:#2682d3;\n}\n<\/style>\n<div  class='togglecontainer av-ljanizsa-315773ac99747f6c647ea6b8f60a1808  avia-builder-el-4  avia-builder-el-no-sibling  accordion_product toggle_close_all hasCurrentStyle' >\n<section class='av_toggle_section av-ljanibtn-72fe9639014cb939939a0b9f877e27c3' ><div role=\"tablist\" class=\"single_toggle\" data-tags=\"{Alle} \"  ><h4 id='toggle-toggle-id-1' data-fake-id='#toggle-id-1' class='toggler  activeTitle av-title-above '  role='tab' tabindex='0' aria-controls='toggle-id-1' data-slide-speed=\"200\" data-title=\"Vorteile\" data-title-open=\"\" data-aria_collapsed=\"Click to expand: Vorteile\" data-aria_expanded=\"Click to collapse: Vorteile\">Vorteile<span class=\"toggle_icon\"><span class=\"vert_icon\"><\/span><span class=\"hor_icon\"><\/span><\/span><\/h4><div id='toggle-id-1' aria-labelledby='toggle-toggle-id-1' role='region' class='toggle_wrap  active_tc av-title-above' style='display:block;' ><div class='toggle_content invers-color ' ><ul>\n<li>Verschiedene Anwendungen<\/li>\n<li>Gro\u00dfe Auswahl an Gr\u00f6\u00dfen<\/li>\n<li>Hohe Liefergeschwindigkeit<\/li>\n<li>Spezifikationen f\u00fcr spezielle Bearbeitungen<\/li>\n<\/ul>\n<\/div><\/div><\/div><\/section>\n<section class='av_toggle_section av-ljanhftv-b90c9da4ff96dd2c890808b7c23afc1b' ><div role=\"tablist\" class=\"single_toggle\" data-tags=\"{Alle} \"  ><h4 id='toggle-toggle-id-2' data-fake-id='#toggle-id-2' class='toggler  av-title-above '  role='tab' tabindex='0' aria-controls='toggle-id-2' data-slide-speed=\"200\" data-title=\"Typen\" data-title-open=\"\" data-aria_collapsed=\"Click to expand: Typen\" data-aria_expanded=\"Click to collapse: Typen\">Typen<span class=\"toggle_icon\"><span class=\"vert_icon\"><\/span><span class=\"hor_icon\"><\/span><\/span><\/h4><div id='toggle-id-2' aria-labelledby='toggle-toggle-id-2' role='region' class='toggle_wrap  av-title-above'  ><div class='toggle_content invers-color ' ><ul class=\"customlist2\">\n<li><a href=\"https:\/\/fileserver.mates.it\/Prodotti\/1_Rinforzi\/Brochure\/Eurocarbon\/Standard%20Program%20Woven%20Tapes.pdf\" target=\"_blank\" rel=\"noopener\">B\u00e4nder<\/a><\/li>\n<li><a href=\"https:\/\/fileserver.mates.it\/Prodotti\/1_Rinforzi\/Brochure\/Eurocarbon\/Standard%20Program%20glass%20fiber%20braids.pdf\" target=\"_blank\" rel=\"noopener\">Schl\u00e4uche<\/a><\/li>\n<\/ul>\n<\/div><\/div><\/div><\/section>\n<\/div><\/div>\n<div  class='hr av-av_hr-91d7ccd583a503147498e120fee2ff9b hr-default  avia-builder-el-5  el_after_av_two_fifth  el_before_av_one_full '><span class='hr-inner '><span class=\"hr-inner-style\"><\/span><\/span><\/div>\n<div  class='flex_column av-av_one_full-7714eba142aeda1f8b5272a3c372b279 av_one_full  avia-builder-el-6  el_after_av_hr  avia-builder-el-last  first flex_column_div  '     ><div  class='avia-button-wrap av-av_button-f2ff8a0a1448aa9f36fa0211f57fea0c-wrap avia-button-left  avia-builder-el-7  avia-builder-el-no-sibling '><a href=\"https:\/\/fileserver.mates.it\/Prodotti\/1_Rinforzi\/Brochure\/Eurocarbon\/Eurocarbon-Brochure.pdf\" class=\"avia-button av-av_button-f2ff8a0a1448aa9f36fa0211f57fea0c av-link-btn avia-icon_select-yes-left-icon avia-size-small avia-position-left avia-color-theme-color\" target=\"_blank\" rel=\"noopener noreferrer\" aria-label=\"Eurocarbon - Standard\"><span class='avia_button_icon avia_button_icon_left avia-iconfont avia-font-entypo-fontello' data-av_icon='\ue82d' data-av_iconfont='entypo-fontello' ><\/span><span class='avia_iconbox_title' >Eurocarbon - Standard<\/span><\/a><\/div><\/div>\n","protected":false},"excerpt":{"rendered":"<p>Auch mit Glasfasern lassen sich L\u00f6sungen f\u00fcr die anspruchsvollsten Anforderungen finden, und wir verf\u00fcgen \u00fcber B\u00e4nder und Geflechte f\u00fcr spezifische Verfahren. <\/p>\n","protected":false},"author":2,"featured_media":0,"parent":8929,"menu_order":4,"comment_status":"open","ping_status":"closed","template":"","meta":{"footnotes":""},"class_list":["post-8989","page","type-page","status-publish","hentry"],"_links":{"self":[{"href":"https:\/\/www.mates.it\/de\/wp-json\/wp\/v2\/pages\/8989","targetHints":{"allow":["GET"]}}],"collection":[{"href":"https:\/\/www.mates.it\/de\/wp-json\/wp\/v2\/pages"}],"about":[{"href":"https:\/\/www.mates.it\/de\/wp-json\/wp\/v2\/types\/page"}],"author":[{"embeddable":true,"href":"https:\/\/www.mates.it\/de\/wp-json\/wp\/v2\/users\/2"}],"replies":[{"embeddable":true,"href":"https:\/\/www.mates.it\/de\/wp-json\/wp\/v2\/comments?post=8989"}],"version-history":[{"count":0,"href":"https:\/\/www.mates.it\/de\/wp-json\/wp\/v2\/pages\/8989\/revisions"}],"up":[{"embeddable":true,"href":"https:\/\/www.mates.it\/de\/wp-json\/wp\/v2\/pages\/8929"}],"wp:attachment":[{"href":"https:\/\/www.mates.it\/de\/wp-json\/wp\/v2\/media?parent=8989"}],"curies":[{"name":"wp","href":"https:\/\/api.w.org\/{rel}","templated":true}]}}