{"id":8992,"date":"2016-07-31T21:32:55","date_gmt":"2016-07-31T19:32:55","guid":{"rendered":"https:\/\/www.mates.it\/prodotti\/tessuti-rinforzi\/fibra-aramidica\/gewebe-a\/"},"modified":"2024-10-25T16:56:56","modified_gmt":"2024-10-25T14:56:56","slug":"gewebe-a","status":"publish","type":"page","link":"https:\/\/www.mates.it\/de\/produkte\/faserverstarkungen\/aramidfaser\/gewebe-a\/","title":{"rendered":"Gewebe"},"content":{"rendered":"<div  class='flex_column av-av_three_fifth-7714eba142aeda1f8b5272a3c372b279 av_three_fifth  avia-builder-el-0  el_before_av_two_fifth  avia-builder-el-first  first flex_column_div  '     ><p>\n<style type=\"text\/css\" data-created_by=\"avia_inline_auto\" id=\"style-css-av-ljaq6q7q-6a2a94d40229117d5583494e08fb16bd\">\n#top .av-special-heading.av-ljaq6q7q-6a2a94d40229117d5583494e08fb16bd{\npadding-bottom:10px;\n}\nbody .av-special-heading.av-ljaq6q7q-6a2a94d40229117d5583494e08fb16bd .av-special-heading-tag .heading-char{\nfont-size:25px;\n}\n.av-special-heading.av-ljaq6q7q-6a2a94d40229117d5583494e08fb16bd .av-subheading{\nfont-size:15px;\n}\n<\/style>\n<div  class='av-special-heading av-ljaq6q7q-6a2a94d40229117d5583494e08fb16bd av-special-heading-h1  avia-builder-el-1  el_before_av_textblock  avia-builder-el-first  custom-h1-title'><h1 class='av-special-heading-tag '  >Gewebe<\/h1><div class=\"special-heading-border\"><div class=\"special-heading-inner-border\"><\/div><\/div><\/div><br \/>\n<section  class='av_textblock_section av-ljaq6kg7-d3df7f62d6b0ce790b63a6cc694bb909 '  ><div class='avia_textblock' ><p>Gewebe werden in der Regel mit duroplastischen Harzen (Matrix) verwendet, um hochfeste Verbundwerkstoffe herzustellen, die die St\u00e4rken von zwei oder mehr Komponenten kombinieren und deren Schw\u00e4chen ausgleichen. Alle Aramidgewebe lassen sich nach der Art des Schusses in drei Hauptmakrokategorien einteilen: K\u00f6per-, Leinwand- und Satingewebe. K\u00f6pergewebe haben in der Regel eine bessere Drapierbarkeit als Leinwandgewebe, w\u00e4hrend Leinwandgewebe etwas fester und weniger empfindlich beim Verziehen sind, was die Gefahr des Zerrei\u00dfens beim Einsetzen verringert. Der zweite Unterschied zwischen den Stoffen ist die Grammatur, die dem spezifischen Gewicht eines Quadratmeters des jeweiligen Stoffes entspricht.<\/p>\n<div style=\"width: 100%;\"><\/div>\n<\/div><\/section><\/p><\/div>\n<div  class='flex_column av-av_two_fifth-f1c518e9ff58e869f80c8f093487abc9 av_two_fifth  avia-builder-el-3  el_after_av_three_fifth  el_before_av_hr  flex_column_div  '     ><style type=\"text\/css\" data-created_by=\"avia_inline_auto\" id=\"style-css-av-m2ouuv8q-a19d129367134b3d42f87708b293b4f9\">\n#top .togglecontainer.av-m2ouuv8q-a19d129367134b3d42f87708b293b4f9 h4.toggler{\nfont-size:14px;\n}\n#top .togglecontainer.av-m2ouuv8q-a19d129367134b3d42f87708b293b4f9 h4.toggler.activeTitle{\ncolor:#ffffff;\nborder-color:#ffffff;\nbackground-color:#2682d3;\n}\n<\/style>\n<div  class='togglecontainer av-m2ouuv8q-a19d129367134b3d42f87708b293b4f9  avia-builder-el-4  avia-builder-el-no-sibling  accordion_product toggle_close_all hasCurrentStyle' >\n<section class='av_toggle_section av-m2ouuubv-ed58a0f0b899612cb5e073bb0425ce2f' ><div role=\"tablist\" class=\"single_toggle\" data-tags=\"{Alle} \"  ><h4 id='toggle-toggle-id-1' data-fake-id='#toggle-id-1' class='toggler  activeTitle av-title-above '  role='tab' tabindex='0' aria-controls='toggle-id-1' data-slide-speed=\"200\" data-title=\"Mates \u00ae\" data-title-open=\"\" data-aria_collapsed=\"Click to expand: Mates \u00ae\" data-aria_expanded=\"Click to collapse: Mates \u00ae\">Mates \u00ae<span class=\"toggle_icon\"><span class=\"vert_icon\"><\/span><span class=\"hor_icon\"><\/span><\/span><\/h4><div id='toggle-id-1' aria-labelledby='toggle-toggle-id-1' role='region' class='toggle_wrap  active_tc av-title-above' style='display:block;' ><div class='toggle_content invers-color ' ><ul class=\"customlist1\">\n<li><a href=\"https:\/\/fileserver.mates.it\/Prodotti\/1_Rinforzi\/TDS\/Aramidica\/Mates\/TA173T2_282_DS.pdf\" target=\"_blank\" rel=\"noopener noreferrer\">TA173T2<\/a><\/li>\n<li><a href=\"https:\/\/fileserver.mates.it\/Prodotti\/1_Rinforzi\/TDS\/Aramidica\/Mates\/TA173P_281_DS.pdf\" target=\"_blank\" rel=\"noopener noreferrer\">TA173P<\/a><\/li>\n<li><a href=\"https:\/\/fileserver.mates.it\/Prodotti\/1_Rinforzi\/TDS\/Aramidica\/Mates\/TA173S4_285_DS.pdf\" target=\"_blank\" rel=\"noopener noreferrer\">TA173S4<\/a><\/li>\n<\/ul>\n<\/div><\/div><\/div><\/section>\n<section class='av_toggle_section av-av_toggle-8ece55a49b61bb93007280a8512194ad' ><div role=\"tablist\" class=\"single_toggle\" data-tags=\"{Alle} \"  ><h4 id='toggle-toggle-id-2' data-fake-id='#toggle-id-2' class='toggler  av-title-above '  role='tab' tabindex='0' aria-controls='toggle-id-2' data-slide-speed=\"200\" data-title=\"Angeloni Group\" data-title-open=\"\" data-aria_collapsed=\"Click to expand: Angeloni Group\" data-aria_expanded=\"Click to collapse: Angeloni Group\">Angeloni Group<span class=\"toggle_icon\"><span class=\"vert_icon\"><\/span><span class=\"hor_icon\"><\/span><\/span><\/h4><div id='toggle-id-2' aria-labelledby='toggle-toggle-id-2' role='region' class='toggle_wrap  av-title-above'  ><div class='toggle_content invers-color ' ><ul class=\"customlist2\">\n<li><a href=\"https:\/\/fileserver.mates.it\/Prodotti\/1_Rinforzi\/TDS\/Aramidica\/Angeloni\/TDS%20KK-172%20P%20-%20AF3000%201420D%20-%201600%20dtex.pdf\" target=\"_blank\" rel=\"noopener\">KK-172 P<\/a><\/li>\n<li><a href=\"https:\/\/fileserver.mates.it\/Prodotti\/1_Rinforzi\/TDS\/Aramidica\/Angeloni\/TDS%20KK-172%20T%20-%20AF3000%201420D%20-%201600%20dtex.pdf\" target=\"_blank\" rel=\"noopener\">KK-172 T<\/a><\/li>\n<li><a href=\"https:\/\/fileserver.mates.it\/Prodotti\/1_Rinforzi\/TDS\/Aramidica\/Angeloni\/TDS%20KK-172%20H%20-%20AF3000%201420D%20-%201600%20dtex.pdf\" target=\"_blank\" rel=\"noopener\">KK-172 S<\/a><\/li>\n<\/ul>\n<\/div><\/div><\/div><\/section>\n<section class='av_toggle_section av-av_toggle-7eac8dd882862e581d52dad518da5104' ><div role=\"tablist\" class=\"single_toggle\" data-tags=\"{Alle} \"  ><h4 id='toggle-toggle-id-3' data-fake-id='#toggle-id-3' class='toggler  av-title-above '  role='tab' tabindex='0' aria-controls='toggle-id-3' data-slide-speed=\"200\" data-title=\"Hexcel \u00ae\" data-title-open=\"\" data-aria_collapsed=\"Click to expand: Hexcel \u00ae\" data-aria_expanded=\"Click to collapse: Hexcel \u00ae\">Hexcel \u00ae<span class=\"toggle_icon\"><span class=\"vert_icon\"><\/span><span class=\"hor_icon\"><\/span><\/span><\/h4><div id='toggle-id-3' aria-labelledby='toggle-toggle-id-3' role='region' class='toggle_wrap  av-title-above'  ><div class='toggle_content invers-color ' ><ul class=\"customlist2\">\n<li><a href=\"https:\/\/fileserver.mates.it\/Prodotti\/1_Rinforzi\/TDS\/Aramidica\/Hexcel\/20967%20_22_03_2018_%23161.pdf\" target=\"_blank\" rel=\"noopener\">20967<\/a><\/li>\n<li><a href=\"https:\/\/fileserver.mates.it\/Prodotti\/1_Rinforzi\/TDS\/Aramidica\/Hexcel\/20968%20_22_03_2018_%23315.pdf\" target=\"_blank\" rel=\"noopener\">20968<\/a><\/li>\n<\/ul>\n<\/div><\/div><\/div><\/section>\n<\/div><\/div><div  class='hr av-av_hr-91d7ccd583a503147498e120fee2ff9b hr-default  avia-builder-el-5  el_after_av_two_fifth  el_before_av_one_full '><span class='hr-inner '><span class=\"hr-inner-style\"><\/span><\/span><\/div><\/p>\n<div  class='flex_column av-av_one_full-7714eba142aeda1f8b5272a3c372b279 av_one_full  avia-builder-el-6  el_after_av_hr  avia-builder-el-last  first flex_column_div  '     ><p><div  class='avia-button-wrap av-av_button-1ec1e6cce0745195d6e6fd56724d9487-wrap avia-button-left  avia-builder-el-7  el_before_av_button  avia-builder-el-first '><a href=\"https:\/\/fileserver.mates.it\/Prodotti\/1_Rinforzi\/Brochure\/Hexcel\/Selector_Guide\/HexcelPreprTessSelguide.pdf\" class=\"avia-button av-av_button-1ec1e6cce0745195d6e6fd56724d9487 av-link-btn avia-icon_select-yes-left-icon avia-size-small avia-position-left avia-color-theme-color\" target=\"_blank\" rel=\"noopener noreferrer\" aria-label=\" Hexcel \u00ae selector guide\"><span class='avia_button_icon avia_button_icon_left avia-iconfont avia-font-entypo-fontello' data-av_icon='\ue82d' data-av_iconfont='entypo-fontello' ><\/span><span class='avia_iconbox_title' > Hexcel \u00ae selector guide<\/span><\/a><\/div><br \/>\n<div  class='avia-button-wrap av-av_button-e5da0e08c1db1d07fcef86e51f0843b7-wrap avia-button-left  avia-builder-el-8  el_after_av_button  avia-builder-el-last '><a href=\"http:\/\/hexply.com\/hexforc3\/database\/web\/front\/main\/\" class=\"avia-button av-av_button-e5da0e08c1db1d07fcef86e51f0843b7 av-link-btn avia-icon_select-yes-left-icon avia-size-small avia-position-left avia-color-theme-color\" target=\"_blank\" rel=\"noopener noreferrer\" aria-label=\" Hexforce \u00ae Fabrics database\"><span class='avia_button_icon avia_button_icon_left avia-iconfont avia-font-entypo-fontello' data-av_icon='\ue8ab' data-av_iconfont='entypo-fontello' ><\/span><span class='avia_iconbox_title' > Hexforce \u00ae Fabrics database<\/span><\/a><\/div><\/p><\/div>\n","protected":false},"excerpt":{"rendered":"<p>Gewebe werden in der Regel mit duroplastischen Harzen (Matrix) verwendet, um hochfeste Verbundwerkstoffe herzustellen, die die St\u00e4rken von zwei oder mehr Komponenten kombinieren und deren Schw\u00e4chen ausgleichen.<\/p>\n","protected":false},"author":2,"featured_media":0,"parent":8925,"menu_order":1,"comment_status":"open","ping_status":"closed","template":"","meta":{"footnotes":""},"class_list":["post-8992","page","type-page","status-publish","hentry"],"_links":{"self":[{"href":"https:\/\/www.mates.it\/de\/wp-json\/wp\/v2\/pages\/8992","targetHints":{"allow":["GET"]}}],"collection":[{"href":"https:\/\/www.mates.it\/de\/wp-json\/wp\/v2\/pages"}],"about":[{"href":"https:\/\/www.mates.it\/de\/wp-json\/wp\/v2\/types\/page"}],"author":[{"embeddable":true,"href":"https:\/\/www.mates.it\/de\/wp-json\/wp\/v2\/users\/2"}],"replies":[{"embeddable":true,"href":"https:\/\/www.mates.it\/de\/wp-json\/wp\/v2\/comments?post=8992"}],"version-history":[{"count":0,"href":"https:\/\/www.mates.it\/de\/wp-json\/wp\/v2\/pages\/8992\/revisions"}],"up":[{"embeddable":true,"href":"https:\/\/www.mates.it\/de\/wp-json\/wp\/v2\/pages\/8925"}],"wp:attachment":[{"href":"https:\/\/www.mates.it\/de\/wp-json\/wp\/v2\/media?parent=8992"}],"curies":[{"name":"wp","href":"https:\/\/api.w.org\/{rel}","templated":true}]}}