{"id":8993,"date":"2016-07-31T21:43:47","date_gmt":"2016-07-31T19:43:47","guid":{"rendered":"https:\/\/www.mates.it\/prodotti\/tessuti-rinforzi\/fibra-aramidica\/unidirektional-multiaxialen-a\/"},"modified":"2023-06-25T03:22:14","modified_gmt":"2023-06-25T01:22:14","slug":"unidirektional-multiaxialen-a","status":"publish","type":"page","link":"https:\/\/www.mates.it\/de\/produkte\/faserverstarkungen\/aramidfaser\/unidirektional-multiaxialen-a\/","title":{"rendered":"Unidirektional \/ Multiaxialen"},"content":{"rendered":"<div  class='flex_column av-av_three_fifth-7714eba142aeda1f8b5272a3c372b279 av_three_fifth  avia-builder-el-0  el_before_av_two_fifth  avia-builder-el-first  first flex_column_div  '     ><p>\n<style type=\"text\/css\" data-created_by=\"avia_inline_auto\" id=\"style-css-av-ljaqvuaq-40a864c9a63b15e20d1ffb8a62cc44c7\">\n#top .av-special-heading.av-ljaqvuaq-40a864c9a63b15e20d1ffb8a62cc44c7{\npadding-bottom:10px;\n}\nbody .av-special-heading.av-ljaqvuaq-40a864c9a63b15e20d1ffb8a62cc44c7 .av-special-heading-tag .heading-char{\nfont-size:25px;\n}\n.av-special-heading.av-ljaqvuaq-40a864c9a63b15e20d1ffb8a62cc44c7 .av-subheading{\nfont-size:15px;\n}\n<\/style>\n<div  class='av-special-heading av-ljaqvuaq-40a864c9a63b15e20d1ffb8a62cc44c7 av-special-heading-h1  avia-builder-el-1  el_before_av_textblock  avia-builder-el-first  custom-h1-title'><h1 class='av-special-heading-tag '  >Unidirektional \/ Multiaxialen<\/h1><div class=\"special-heading-border\"><div class=\"special-heading-inner-border\"><\/div><\/div><\/div><br \/>\n<section  class='av_textblock_section av-ljaqtz4o-682c0418e476e5a8dec7067ce3ca200e '  ><div class='avia_textblock' ><p>Unidirektionale Aramidgewebe bestehen aus Fasern, die nur in einer Richtung ausgerichtet sind und daher auch nur in einer Richtung funktionieren. Sie unterscheiden sich durch ihr Fl\u00e4chengewicht, das dem spezifischen Gewicht eines Quadratmeters dieses Gewebes entspricht, durch die Anzahl der Filamente, aus denen die Fasern des Gewebes bestehen, und durch die Art des Bindungsfadens in der Kette, der zwischen Polyester, Klebstoff, Glasfaser und Baumwolle variieren kann (ausgenommen vorimpr\u00e4gnierte UD, die keinen Bindungsfaden in der Kette haben). Bei multiaxialen Geweben werden die Fasern in parallelen Lagen angeordnet, in den verschiedenen Richtungen ausgerichtet und dann mit d\u00fcnnen F\u00e4den vern\u00e4ht, um sie zusammenzuhalten. Diese Gewebe gibt es sowohl in einfachen doppelt orientierten (biaxialen) als auch in komplexeren (quadriaxialen) Strukturen.<\/p>\n<\/div><\/section><\/p><\/div><div  class='flex_column av-av_two_fifth-f1c518e9ff58e869f80c8f093487abc9 av_two_fifth  avia-builder-el-3  el_after_av_three_fifth  el_before_av_hr  flex_column_div  '     ><style type=\"text\/css\" data-created_by=\"avia_inline_auto\" id=\"style-css-av-ljaqvok2-f1dec920a93146dd71b003094624fc4d\">\n#top .togglecontainer.av-ljaqvok2-f1dec920a93146dd71b003094624fc4d h4.toggler{\nfont-size:14px;\n}\n#top .togglecontainer.av-ljaqvok2-f1dec920a93146dd71b003094624fc4d h4.toggler.activeTitle{\ncolor:#ffffff;\nborder-color:#ffffff;\nbackground-color:#2682d3;\n}\n<\/style>\n<div  class='togglecontainer av-ljaqvok2-f1dec920a93146dd71b003094624fc4d  avia-builder-el-4  avia-builder-el-no-sibling  accordion_product toggle_close_all hasCurrentStyle' >\n<section class='av_toggle_section av-ljaqv487-3efded514b1510a1549a0c997854b62a' ><div role=\"tablist\" class=\"single_toggle\" data-tags=\"{Alle} \"  ><h4 id='toggle-toggle-id-1' data-fake-id='#toggle-id-1' class='toggler  activeTitle av-title-above '  role='tab' tabindex='0' aria-controls='toggle-id-1' data-slide-speed=\"200\" data-title=\"Vorteile\" data-title-open=\"\" data-aria_collapsed=\"Click to expand: Vorteile\" data-aria_expanded=\"Click to collapse: Vorteile\">Vorteile<span class=\"toggle_icon\"><span class=\"vert_icon\"><\/span><span class=\"hor_icon\"><\/span><\/span><\/h4><div id='toggle-id-1' aria-labelledby='toggle-toggle-id-1' role='region' class='toggle_wrap  active_tc av-title-above' style='display:block;' ><div class='toggle_content invers-color ' ><ul>\n<li>Orientierte Fasern<\/li>\n<li>Optimale Lastverteilung<\/li>\n<li>Reduzierte Bruchstellen<\/li>\n<li>Linearit\u00e4t der mechanischen Charakterisierung<\/li>\n<li>Ma\u00dfgeschneiderte Produktionen<\/li>\n<\/ul>\n<\/div><\/div><\/div><\/section>\n<section class='av_toggle_section av-ljaqvlc9-d40dd1da410f992d7d6594d569e5b073' ><div role=\"tablist\" class=\"single_toggle\" data-tags=\"{Alle} \"  ><h4 id='toggle-toggle-id-2' data-fake-id='#toggle-id-2' class='toggler  av-title-above '  role='tab' tabindex='0' aria-controls='toggle-id-2' data-slide-speed=\"200\" data-title=\"Typen\" data-title-open=\"\" data-aria_collapsed=\"Click to expand: Typen\" data-aria_expanded=\"Click to collapse: Typen\">Typen<span class=\"toggle_icon\"><span class=\"vert_icon\"><\/span><span class=\"hor_icon\"><\/span><\/span><\/h4><div id='toggle-id-2' aria-labelledby='toggle-toggle-id-2' role='region' class='toggle_wrap  av-title-above'  ><div class='toggle_content invers-color ' ><ul>\n<li>Unidirektional<\/li>\n<li>Multiaxial<\/li>\n<\/ul>\n<\/div><\/div><\/div><\/section>\n<\/div><\/div><div  class='hr av-av_hr-91d7ccd583a503147498e120fee2ff9b hr-default  avia-builder-el-5  el_after_av_two_fifth  avia-builder-el-last '><span class='hr-inner '><span class=\"hr-inner-style\"><\/span><\/span><\/div><\/p>\n","protected":false},"excerpt":{"rendered":"<p>Unidirektionale Aramidgewebe bestehen aus Fasern, die nur in einer Richtung ausgerichtet sind und daher auch nur in einer Richtung funktionieren. Sie unterscheiden sich durch ihr Fl\u00e4chengewicht, das dem spezifischen Gewicht eines Quadratmeters dieses Gewebes entspricht<\/p>\n","protected":false},"author":2,"featured_media":0,"parent":8925,"menu_order":2,"comment_status":"open","ping_status":"closed","template":"","meta":{"footnotes":""},"class_list":["post-8993","page","type-page","status-publish","hentry"],"_links":{"self":[{"href":"https:\/\/www.mates.it\/de\/wp-json\/wp\/v2\/pages\/8993","targetHints":{"allow":["GET"]}}],"collection":[{"href":"https:\/\/www.mates.it\/de\/wp-json\/wp\/v2\/pages"}],"about":[{"href":"https:\/\/www.mates.it\/de\/wp-json\/wp\/v2\/types\/page"}],"author":[{"embeddable":true,"href":"https:\/\/www.mates.it\/de\/wp-json\/wp\/v2\/users\/2"}],"replies":[{"embeddable":true,"href":"https:\/\/www.mates.it\/de\/wp-json\/wp\/v2\/comments?post=8993"}],"version-history":[{"count":0,"href":"https:\/\/www.mates.it\/de\/wp-json\/wp\/v2\/pages\/8993\/revisions"}],"up":[{"embeddable":true,"href":"https:\/\/www.mates.it\/de\/wp-json\/wp\/v2\/pages\/8925"}],"wp:attachment":[{"href":"https:\/\/www.mates.it\/de\/wp-json\/wp\/v2\/media?parent=8993"}],"curies":[{"name":"wp","href":"https:\/\/api.w.org\/{rel}","templated":true}]}}