{"id":8999,"date":"2016-08-01T10:05:07","date_gmt":"2016-08-01T08:05:07","guid":{"rendered":"https:\/\/www.mates.it\/prodotti\/tessuti-rinforzi\/fibra-di-vetro\/matte-v\/"},"modified":"2023-06-25T02:27:56","modified_gmt":"2023-06-25T00:27:56","slug":"matte-v","status":"publish","type":"page","link":"https:\/\/www.mates.it\/de\/produkte\/faserverstarkungen\/glasfaser\/matte-v\/","title":{"rendered":"Matte &#8211; CSM"},"content":{"rendered":"<div  class='flex_column av-av_three_fifth-7714eba142aeda1f8b5272a3c372b279 av_three_fifth  avia-builder-el-0  el_before_av_two_fifth  avia-builder-el-first  first flex_column_div  '     ><p>\n<style type=\"text\/css\" data-created_by=\"avia_inline_auto\" id=\"style-css-av-ljaovyud-b26c26c6850e42a19afd17548579c16c\">\n#top .av-special-heading.av-ljaovyud-b26c26c6850e42a19afd17548579c16c{\npadding-bottom:10px;\n}\nbody .av-special-heading.av-ljaovyud-b26c26c6850e42a19afd17548579c16c .av-special-heading-tag .heading-char{\nfont-size:25px;\n}\n.av-special-heading.av-ljaovyud-b26c26c6850e42a19afd17548579c16c .av-subheading{\nfont-size:15px;\n}\n<\/style>\n<div  class='av-special-heading av-ljaovyud-b26c26c6850e42a19afd17548579c16c av-special-heading-h1  avia-builder-el-1  el_before_av_textblock  avia-builder-el-first  custom-h1-title'><h1 class='av-special-heading-tag '  >MAT &#8211; CSM<\/h1><div class=\"special-heading-border\"><div class=\"special-heading-inner-border\"><\/div><\/div><\/div><br \/>\n<section  class='av_textblock_section av-ljaovapm-1a98b69d00a9a3118821a758f590c19b '  ><div class='avia_textblock' ><p>Chopped strand mat, kurz matte oder CSM genannt, ist ein Vliesstoff, der aus gleichm\u00e4\u00dfig geschnittenen Glasfaserfilamenten besteht, die jedoch in einer zuf\u00e4llig orientierten Reihenfolge auf einer Ebene verteilt sind. Dieses Laminat gilt jedoch aufgrund seiner hervorragenden Zugfestigkeit und hohen Rei\u00dffestigkeit sowie seiner extrem niedrigen Handelskosten als Verst\u00e4rkung par excellence. Ein charakteristisches Merkmal der Glasfasermatte ist ihre gute Benetzbarkeit mit Harzen auf Polyester- und Vinylesterbasis, wodurch sie in gro\u00dfem Umfang f\u00fcr das Handlaminieren in offenen Formen verwendet werden kann. Dieses Produkt wird haupts\u00e4chlich im nautischen Bereich und allgemein f\u00fcr die Herstellung von Formen und Glasfaserbauteilen, auch sehr komplexen, verwendet.<\/p>\n<div style=\"width: 100%;\"><\/div>\n<\/div><\/section><\/p><\/div><div  class='flex_column av-av_two_fifth-f1c518e9ff58e869f80c8f093487abc9 av_two_fifth  avia-builder-el-3  el_after_av_three_fifth  el_before_av_hr  flex_column_div  '     ><style type=\"text\/css\" data-created_by=\"avia_inline_auto\" id=\"style-css-av-ljaovv96-e172f62790ca0c37b64d924362171dc9\">\n#top .togglecontainer.av-ljaovv96-e172f62790ca0c37b64d924362171dc9 h4.toggler{\nfont-size:14px;\n}\n#top .togglecontainer.av-ljaovv96-e172f62790ca0c37b64d924362171dc9 h4.toggler.activeTitle{\ncolor:#ffffff;\nborder-color:#ffffff;\nbackground-color:#2682d3;\n}\n<\/style>\n<div  class='togglecontainer av-ljaovv96-e172f62790ca0c37b64d924362171dc9  avia-builder-el-4  avia-builder-el-no-sibling  accordion_product toggle_close_all hasCurrentStyle' >\n<section class='av_toggle_section av-ljaovocz-ed105534f8e037515afed9174fb792c2' ><div role=\"tablist\" class=\"single_toggle\" data-tags=\"{Alle} \"  ><h4 id='toggle-toggle-id-1' data-fake-id='#toggle-id-1' class='toggler  activeTitle av-title-above '  role='tab' tabindex='0' aria-controls='toggle-id-1' data-slide-speed=\"200\" data-title=\"Emulsion\" data-title-open=\"\" data-aria_collapsed=\"Click to expand: Emulsion\" data-aria_expanded=\"Click to collapse: Emulsion\">Emulsion<span class=\"toggle_icon\"><span class=\"vert_icon\"><\/span><span class=\"hor_icon\"><\/span><\/span><\/h4><div id='toggle-id-1' aria-labelledby='toggle-toggle-id-1' role='region' class='toggle_wrap  active_tc av-title-above' style='display:block;' ><div class='toggle_content invers-color ' ><ul class=\"customlist1\">\n<li><a href=\"https:\/\/fileserver.mates.it\/Prodotti\/1_Rinforzi\/TDS\/Vetro\/MAT\/Liquido\/CSM%20300ES.PDF\" target=\"_blank\" rel=\"noopener\">300ES<\/a><\/li>\n<li><a href=\"https:\/\/fileserver.mates.it\/Prodotti\/1_Rinforzi\/TDS\/Vetro\/MAT\/Liquido\/CSM%20450ES.PDF\" target=\"_blank\" rel=\"noopener\">450ES<\/a><\/li>\n<li><a href=\"https:\/\/fileserver.mates.it\/Prodotti\/1_Rinforzi\/TDS\/Vetro\/MAT\/Liquido\/CSM%20600ES.PDF\" target=\"_blank\" rel=\"noopener\">600ES<\/a><\/li>\n<\/ul>\n<\/div><\/div><\/div><\/section>\n<section class='av_toggle_section av-ljaovu9v-05b4919bf735e07860eccce29c98dc14' ><div role=\"tablist\" class=\"single_toggle\" data-tags=\"{Alle} \"  ><h4 id='toggle-toggle-id-2' data-fake-id='#toggle-id-2' class='toggler  av-title-above '  role='tab' tabindex='0' aria-controls='toggle-id-2' data-slide-speed=\"200\" data-title=\"Pulver\" data-title-open=\"\" data-aria_collapsed=\"Click to expand: Pulver\" data-aria_expanded=\"Click to collapse: Pulver\">Pulver<span class=\"toggle_icon\"><span class=\"vert_icon\"><\/span><span class=\"hor_icon\"><\/span><\/span><\/h4><div id='toggle-id-2' aria-labelledby='toggle-toggle-id-2' role='region' class='toggle_wrap  av-title-above'  ><div class='toggle_content invers-color ' ><ul class=\"customlist2\">\n<li><a href=\"https:\/\/fileserver.mates.it\/Prodotti\/1_Rinforzi\/TDS\/Vetro\/MAT\/Polvere\/CSM%20225P.PDF\" target=\"_blank\" rel=\"noopener\">225P<\/a><\/li>\n<li><a href=\"https:\/\/fileserver.mates.it\/Prodotti\/1_Rinforzi\/TDS\/Vetro\/MAT\/Polvere\/CSM%20300P.PDF\" target=\"_blank\" rel=\"noopener\">300P<\/a><\/li>\n<li><a href=\"https:\/\/fileserver.mates.it\/Prodotti\/1_Rinforzi\/TDS\/Vetro\/MAT\/Polvere\/CSM%20450P.PDF\" target=\"_blank\" rel=\"noopener\">450P<\/a><\/li>\n<li><a href=\"https:\/\/fileserver.mates.it\/Prodotti\/1_Rinforzi\/TDS\/Vetro\/MAT\/Polvere\/CSM%20600P.PDF\" target=\"_blank\" rel=\"noopener\">600P<\/a><\/li>\n<\/ul>\n<\/div><\/div><\/div><\/section>\n<\/div><\/div><\/p>\n<div  class='hr av-av_hr-91d7ccd583a503147498e120fee2ff9b hr-default  avia-builder-el-5  el_after_av_two_fifth  avia-builder-el-last '><span class='hr-inner '><span class=\"hr-inner-style\"><\/span><\/span><\/div>\n","protected":false},"excerpt":{"rendered":"<p>Chopped strand mat, kurz MAT oder CSM genannt, ist ein Vliesstoff, der aus gleichm\u00e4\u00dfig geschnittenen Glasfaserfilamenten besteht, die jedoch in einer zuf\u00e4llig orientierten Reihenfolge auf einer Ebene verteilt sind.<\/p>\n","protected":false},"author":2,"featured_media":0,"parent":8929,"menu_order":6,"comment_status":"open","ping_status":"closed","template":"","meta":{"footnotes":""},"class_list":["post-8999","page","type-page","status-publish","hentry"],"_links":{"self":[{"href":"https:\/\/www.mates.it\/de\/wp-json\/wp\/v2\/pages\/8999","targetHints":{"allow":["GET"]}}],"collection":[{"href":"https:\/\/www.mates.it\/de\/wp-json\/wp\/v2\/pages"}],"about":[{"href":"https:\/\/www.mates.it\/de\/wp-json\/wp\/v2\/types\/page"}],"author":[{"embeddable":true,"href":"https:\/\/www.mates.it\/de\/wp-json\/wp\/v2\/users\/2"}],"replies":[{"embeddable":true,"href":"https:\/\/www.mates.it\/de\/wp-json\/wp\/v2\/comments?post=8999"}],"version-history":[{"count":0,"href":"https:\/\/www.mates.it\/de\/wp-json\/wp\/v2\/pages\/8999\/revisions"}],"up":[{"embeddable":true,"href":"https:\/\/www.mates.it\/de\/wp-json\/wp\/v2\/pages\/8929"}],"wp:attachment":[{"href":"https:\/\/www.mates.it\/de\/wp-json\/wp\/v2\/media?parent=8999"}],"curies":[{"name":"wp","href":"https:\/\/api.w.org\/{rel}","templated":true}]}}