{"id":9000,"date":"2016-08-01T10:23:46","date_gmt":"2016-08-01T08:23:46","guid":{"rendered":"https:\/\/www.mates.it\/prodotti\/resine-adesivi-chimici\/resine\/epoxy-d-r\/"},"modified":"2026-03-07T10:31:47","modified_gmt":"2026-03-07T09:31:47","slug":"epoxy-d-r","status":"publish","type":"page","link":"https:\/\/www.mates.it\/de\/produkte\/harze-klebstoffe-chemikalien\/harze\/epoxy-d-r\/","title":{"rendered":"Epoxidharz"},"content":{"rendered":"<div  class='flex_column av-av_one_full-7714eba142aeda1f8b5272a3c372b279 av_one_full  avia-builder-el-0  el_before_av_hr  avia-builder-el-first  first flex_column_div  '     ><p>\n<style type=\"text\/css\" data-created_by=\"avia_inline_auto\" id=\"style-css-av-ljbma28g-dce77d954634d0738352e93f40181cf9\">\n#top .av-special-heading.av-ljbma28g-dce77d954634d0738352e93f40181cf9{\npadding-bottom:10px;\n}\nbody .av-special-heading.av-ljbma28g-dce77d954634d0738352e93f40181cf9 .av-special-heading-tag .heading-char{\nfont-size:25px;\n}\n.av-special-heading.av-ljbma28g-dce77d954634d0738352e93f40181cf9 .av-subheading{\nfont-size:15px;\n}\n<\/style>\n<div  class='av-special-heading av-ljbma28g-dce77d954634d0738352e93f40181cf9 av-special-heading-h1  avia-builder-el-1  el_before_av_textblock  avia-builder-el-first  custom-h1-title'><h1 class='av-special-heading-tag '  >Epoxidharz<\/h1><div class=\"special-heading-border\"><div class=\"special-heading-inner-border\"><\/div><\/div><\/div><br \/>\n<section  class='av_textblock_section av-ljbm9v0j-f4a9c54525a24b9af882c7ec3f332888 '  ><div class='avia_textblock' ><p>Das Epoxidharzsystem ist ein Polymer, das durch die Reaktion zwischen Epoxidharz und Polyaminh\u00e4rter entsteht. Im Bereich der Verbundwerkstoffe gelten Epoxidharzsysteme weithin als allen anderen Systemen \u00fcberlegen, sowohl was die mechanische Festigkeit als auch die Oberfl\u00e4cheng\u00fcte betrifft. Da Epoxidharze keine L\u00f6sungsmittel enthalten, sind sie nicht sehr aggressiv gegen\u00fcber den Materialien, auf die sie aufgetragen werden. Erw\u00e4hnenswert sind auch die sehr hohe Haftfestigkeit, die mechanische Best\u00e4ndigkeit und die Hydrolysebest\u00e4ndigkeit, die einen Schiffsrumpf vor dem normalen Osmoseprozess sch\u00fctzen kann. Die Herstellung der gleichen Form aus Epoxidharz f\u00fchrt zu einer perfekten Entformung, einer Dehnung von praktisch Null, auch bei hohen Temperaturen, und einer sehr langen Lebensdauer.<\/p>\n<div style=\"width: 100%;\"><\/div>\n<\/div><\/section><\/p><\/div>\n<div  class='hr av-av_hr-91d7ccd583a503147498e120fee2ff9b hr-default  avia-builder-el-3  el_after_av_one_full  el_before_av_three_fifth '><span class='hr-inner '><span class=\"hr-inner-style\"><\/span><\/span><\/div>\n<div  class='flex_column av-av_three_fifth-62182491de0c8640dccef865bfe8b366 av_three_fifth  avia-builder-el-4  el_after_av_hr  el_before_av_two_fifth  first flex_column_div  '     ><section  class='av_textblock_section av-ljbmamq2-62b7e88539b6bd0bab90c521ab325ea0 '  ><div class='avia_textblock' ><h6>FL\u00dcSSIGKEIT<\/h6>\n<p>Eine Auswahl an Raumtemperatur-Epoxid-Schichtsystemen mit niedriger Viskosit\u00e4t und einem breiten Anwendungsspektrum. Hervorragend geeignet zum Laminieren von glasfaser-, kohlefaser-, aramid- und polyethylenverst\u00e4rkten Artikeln. F\u00fcr den Einsatz bei Raumtemperatur oder mittleren bis hohen Temperaturen beim Handlaminieren, Spritzgie\u00dfen oder Vakuum-Beutelgie\u00dfen und Oberfl\u00e4cheninfusion. Kann auch f\u00fcr das Pressen und Autoklavformen verwendet werden.<\/p>\n<\/div><\/section><\/div>\n<div  class='flex_column av-av_two_fifth-f1c518e9ff58e869f80c8f093487abc9 av_two_fifth  avia-builder-el-6  el_after_av_three_fifth  el_before_av_hr  flex_column_div  '     ><style type=\"text\/css\" data-created_by=\"avia_inline_auto\" id=\"style-css-av-m2ehls5x-1a0b0f6aa0033a71d5f7acef6e59bef6\">\n#top .togglecontainer.av-m2ehls5x-1a0b0f6aa0033a71d5f7acef6e59bef6 h4.toggler{\nfont-size:14px;\n}\n#top .togglecontainer.av-m2ehls5x-1a0b0f6aa0033a71d5f7acef6e59bef6 h4.toggler.activeTitle{\ncolor:#ffffff;\nborder-color:#ffffff;\nbackground-color:#2682d3;\n}\n<\/style>\n<div  class='togglecontainer av-m2ehls5x-1a0b0f6aa0033a71d5f7acef6e59bef6  avia-builder-el-7  avia-builder-el-no-sibling  accordion_product toggle_close_all hasCurrentStyle' >\n<section class='av_toggle_section av-av_toggle-9333b4f96dff5f198bfd39008b1787a7' ><div role=\"tablist\" class=\"single_toggle\" data-tags=\"{Alle} \"  ><h4 id='toggle-toggle-id-1' data-fake-id='#toggle-id-1' class='toggler  activeTitle av-title-above '  role='tab' tabindex='0' aria-controls='toggle-id-1' data-slide-speed=\"200\" data-title=\"Mates \u00ae\" data-title-open=\"\" data-aria_collapsed=\"Click to expand: Mates \u00ae\" data-aria_expanded=\"Click to collapse: Mates \u00ae\">Mates \u00ae<span class=\"toggle_icon\"><span class=\"vert_icon\"><\/span><span class=\"hor_icon\"><\/span><\/span><\/h4><div id='toggle-id-1' aria-labelledby='toggle-toggle-id-1' role='region' class='toggle_wrap  active_tc av-title-above' style='display:block;' ><div class='toggle_content invers-color ' ><ul class=\"customlist1\">\n<li><a href=\"https:\/\/fileserver.mates.it\/Prodotti\/2_Matrici\/TDS\/Resine\/Mates\/SX10_DS.pdf\" target=\"_blank\" rel=\"noopener noreferrer\">SX10<\/a><\/li>\n<li><a href=\"https:\/\/fileserver.mates.it\/Prodotti\/2_Matrici\/TDS\/Resine\/Mates\/SX8_EVO_DS.pdf\" target=\"_blank\" rel=\"noopener noreferrer\">SX8 EVO<\/a><\/li>\n<li><a href=\"https:\/\/fileserver.mates.it\/Prodotti\/2_Matrici\/TDS\/Resine\/Mates\/SX38_DS.pdf\" target=\"_blank\" rel=\"noopener noreferrer\">SX38 HT<\/a><\/li>\n<\/ul>\n<\/div><\/div><\/div><\/section>\n<section class='av_toggle_section av-m66swx33-5affb0220b02d9d7a19138f5d0acc5ba' ><div role=\"tablist\" class=\"single_toggle\" data-tags=\"{Alle} \"  ><h4 id='toggle-toggle-id-2' data-fake-id='#toggle-id-2' class='toggler  av-title-above '  role='tab' tabindex='0' aria-controls='toggle-id-2' data-slide-speed=\"200\" data-title=\"Elan-tech \u00ae\" data-title-open=\"\" data-aria_collapsed=\"Click to expand: Elan-tech \u00ae\" data-aria_expanded=\"Click to collapse: Elan-tech \u00ae\">Elan-tech \u00ae<span class=\"toggle_icon\"><span class=\"vert_icon\"><\/span><span class=\"hor_icon\"><\/span><\/span><\/h4><div id='toggle-id-2' aria-labelledby='toggle-toggle-id-2' role='region' class='toggle_wrap  av-title-above'  ><div class='toggle_content invers-color ' ><ul>\n<li><a href=\"https:\/\/fileserver.mates.it\/Prodotti\/2_Matrici\/TDS\/Resine\/Elantas\/_EN\/ELAN_TECH_EC_157_1-W_152_XLR-HT_R2_EN_498.pdf\" target=\"_blank\" rel=\"noopener noreferrer\">EC 157.1<\/a><\/li>\n<li><a href=\"https:\/\/fileserver.mates.it\/Prodotti\/2_Matrici\/TDS\/Resine\/Elantas\/_EN\/ELAN_TECH_EC_157_1_BIO-W_154_R1_EN_1252.pdf\" target=\"_blank\" rel=\"noopener noreferrer\">EC 157.1 BIO<\/a><\/li>\n<li><a href=\"https:\/\/fileserver.mates.it\/Prodotti\/2_Matrici\/TDS\/Resine\/Elantas\/_EN\/ELAN_TECH_EC_152-W_152_LR_R1_EN_501.pdf\" target=\"_blank\" rel=\"noopener\">EC 152<\/a><\/li>\n<li><a href=\"https:\/\/fileserver.mates.it\/Prodotti\/2_Matrici\/TDS\/Resine\/Elantas\/_EN\/ELAN_TECH_EC_152_BIO-W_154_BIO_R1_EN_1955%20.pdf\" target=\"_blank\" rel=\"noopener noreferrer\">EC 152 BIO<\/a><\/li>\n<li><a href=\"https:\/\/fileserver.mates.it\/Prodotti\/2_Matrici\/TDS\/Resine\/Elantas\/_EN\/ELAN_TECH_EC_130_LV-W_152_MR_R1_EN_2273.pdf\" target=\"_blank\" rel=\"noopener noreferrer\">EC 130 LV<\/a><\/li>\n<li><a href=\"https:\/\/fileserver.mates.it\/Prodotti\/2_Matrici\/TDS\/Resine\/Elantas\/_EN\/ELAN_TECH_EC_141_NF-W_241_W_242_NF_ing.pdf\" target=\"_blank\" rel=\"noopener noreferrer\">EC 141 NF<\/a><\/li>\n<li><a href=\"https:\/\/fileserver.mates.it\/Prodotti\/2_Matrici\/TDS\/Resine\/Elantas\/_EN\/ELAN_TECH_EC_251-W_242_NF_ing.pdf\" target=\"_blank\" rel=\"noopener\">EC 251<\/a><\/li>\n<\/ul>\n<\/div><\/div><\/div><\/section>\n<\/div><\/div>\n<div  class='hr av-av_hr-91d7ccd583a503147498e120fee2ff9b hr-default  avia-builder-el-8  el_after_av_two_fifth  el_before_av_three_fifth '><span class='hr-inner '><span class=\"hr-inner-style\"><\/span><\/span><\/div>\n<div  class='flex_column av-av_three_fifth-7714eba142aeda1f8b5272a3c372b279 av_three_fifth  avia-builder-el-9  el_after_av_hr  el_before_av_two_fifth  first flex_column_div  '     ><section  class='av_textblock_section av-ljbmawfe-ef5a3bfec1f6d7b6720413213dad4a5e '  ><div class='avia_textblock' ><h6>IN-FILM<\/h6>\n<p>In-Film-Harze erm\u00f6glichen die Herstellung von impr\u00e4gnierten faserverst\u00e4rkten Laminaten durch eine einfache Erh\u00f6hung der Temperatur und des Drucks auf das in der Form vorpositionierte trockene Gewebe; die beste Alternative zu vorimpr\u00e4gnierten Geweben, die zwar weit verbreitete Materialien sind, aber gleichzeitig kompliziert in der Handhabung. Dank dieser innovativen Produktfamilie setzt sich seit einigen Jahren ein neues Produktionsverfahren durch, das gemeinhin als RFI (Resin Film Infusion) bezeichnet wird; bei der Handhabung, Herstellung und Polymerisation werden keine gef\u00e4hrlichen D\u00e4mpfe freigesetzt, und die Folie ist sehr einfach zu handhaben.<\/p>\n<\/div><\/section><\/div>\n<div  class='flex_column av-av_two_fifth-f1c518e9ff58e869f80c8f093487abc9 av_two_fifth  avia-builder-el-11  el_after_av_three_fifth  el_before_av_hr  flex_column_div  '     ><style type=\"text\/css\" data-created_by=\"avia_inline_auto\" id=\"style-css-av-av_toggle_container-aa303faae9b53071bb573d27bc7412b5\">\n#top .togglecontainer.av-av_toggle_container-aa303faae9b53071bb573d27bc7412b5 h4.toggler{\nfont-size:14px;\n}\n#top .togglecontainer.av-av_toggle_container-aa303faae9b53071bb573d27bc7412b5 h4.toggler.activeTitle{\ncolor:#ffffff;\nborder-color:#ffffff;\nbackground-color:#2682d3;\n}\n<\/style>\n<div  class='togglecontainer av-av_toggle_container-aa303faae9b53071bb573d27bc7412b5  avia-builder-el-12  avia-builder-el-no-sibling  accordion_product toggle_close_all hasCurrentStyle' >\n<section class='av_toggle_section av-av_toggle-6693676a86eb375d726fbeb7640bfa26' ><div role=\"tablist\" class=\"single_toggle\" data-tags=\"{Alle} \"  ><h4 id='toggle-toggle-id-3' data-fake-id='#toggle-id-3' class='toggler  activeTitle av-title-above '  role='tab' tabindex='0' aria-controls='toggle-id-3' data-slide-speed=\"200\" data-title=\"Letoxit \u00ae\" data-title-open=\"\" data-aria_collapsed=\"Click to expand: Letoxit \u00ae\" data-aria_expanded=\"Click to collapse: Letoxit \u00ae\">Letoxit \u00ae<span class=\"toggle_icon\"><span class=\"vert_icon\"><\/span><span class=\"hor_icon\"><\/span><\/span><\/h4><div id='toggle-id-3' aria-labelledby='toggle-toggle-id-3' role='region' class='toggle_wrap  active_tc av-title-above' style='display:block;' ><div class='toggle_content invers-color ' ><ul class=\"customlist1\">\n<li><a href=\"https:\/\/fileserver.mates.it\/Prodotti\/2_Matrici\/TDS\/Resine\/LFX\/LFX_060_DS.pdf\" target=\"_blank\" rel=\"noopener noreferrer\">LFX 060<\/a><\/li>\n<li><a href=\"https:\/\/fileserver.mates.it\/Prodotti\/2_Matrici\/TDS\/Resine\/LFX\/LFX_056_DS.pdf\" target=\"_blank\" rel=\"noopener noreferrer\">LFX 056<\/a><\/li>\n<\/ul>\n<\/div><\/div><\/div><\/section>\n<section class='av_toggle_section av-av_toggle-7a72caf989b24d2f1518470dcd624fb8' ><div role=\"tablist\" class=\"single_toggle\" data-tags=\"{Alle} \"  ><h4 id='toggle-toggle-id-4' data-fake-id='#toggle-id-4' class='toggler  av-title-above '  role='tab' tabindex='0' aria-controls='toggle-id-4' data-slide-speed=\"200\" data-title=\"HexPly \u00ae\" data-title-open=\"\" data-aria_collapsed=\"Click to expand: HexPly \u00ae\" data-aria_expanded=\"Click to collapse: HexPly \u00ae\">HexPly \u00ae<span class=\"toggle_icon\"><span class=\"vert_icon\"><\/span><span class=\"hor_icon\"><\/span><\/span><\/h4><div id='toggle-id-4' aria-labelledby='toggle-toggle-id-4' role='region' class='toggle_wrap  av-title-above'  ><div class='toggle_content invers-color ' ><ul>\n<li><a href=\"https:\/\/fileserver.mates.it\/Prodotti\/2_Matrici\/TDS\/Resine\/Hexcel\/HexPly_XF3_300_eu_DataSheet.pdf\" target=\"_blank\" rel=\"noopener noreferrer\">XF3\/300<\/a><\/li>\n<\/ul>\n<\/div><\/div><\/div><\/section>\n<\/div><\/div>\n<div  class='hr av-av_hr-91d7ccd583a503147498e120fee2ff9b hr-default  avia-builder-el-13  el_after_av_two_fifth  el_before_av_one_full '><span class='hr-inner '><span class=\"hr-inner-style\"><\/span><\/span><\/div>\n<div  class='flex_column av-av_one_full-7714eba142aeda1f8b5272a3c372b279 av_one_full  avia-builder-el-14  el_after_av_hr  avia-builder-el-last  first flex_column_div  '     ><p><div  class='avia-button-wrap av-av_button-08f8c098c8a724a4637a200f78d0c536-wrap avia-button-left  avia-builder-el-15  el_before_av_button  avia-builder-el-first '><a href=\"https:\/\/fileserver.mates.it\/Prodotti\/2_Matrici\/Brochure\/Elantas\/Composite_Resins_Elan-tech_Epoxy_Resins_and_Structural_Adhesives_-_.pdf\" class=\"avia-button av-av_button-08f8c098c8a724a4637a200f78d0c536 av-link-btn avia-icon_select-yes-left-icon avia-size-small avia-position-left avia-color-theme-color\" target=\"_blank\" rel=\"noopener noreferrer\" aria-label=\" Elan-tech \u00ae Product selector\"><span class='avia_button_icon avia_button_icon_left avia-iconfont avia-font-entypo-fontello' data-av_icon='\ue82d' data-av_iconfont='entypo-fontello' ><\/span><span class='avia_iconbox_title' > Elan-tech \u00ae Product selector<\/span><\/a><\/div><br \/>\n<div  class='avia-button-wrap av-ly8x3ufb-5778f64b64fd505bc8b394277a584c70-wrap avia-button-left  avia-builder-el-16  el_after_av_button  el_before_av_button '><a href=\"https:\/\/fileserver.mates.it\/Prodotti\/2_Matrici\/Certificazioni\/Elantas\/\" class=\"avia-button av-ly8x3ufb-5778f64b64fd505bc8b394277a584c70 av-link-btn avia-icon_select-yes-left-icon avia-size-small avia-position-left avia-color-theme-color\" target=\"_blank\" rel=\"noopener noreferrer\" aria-label=\" Elan-tech \u00ae RINA\"><span class='avia_button_icon avia_button_icon_left avia-iconfont avia-font-entypo-fontello' data-av_icon='\ue82d' data-av_iconfont='entypo-fontello' ><\/span><span class='avia_iconbox_title' > Elan-tech \u00ae RINA<\/span><\/a><\/div><br \/>\n<div  class='avia-button-wrap av-av_button-a94764ca19754eb8a13fae06170c200b-wrap avia-button-left  avia-builder-el-17  el_after_av_button  avia-builder-el-last '><a href=\"https:\/\/www.5m.cz\/en\/products\/epoxidove-pryskyrice\/epoxy-foil-resins\" class=\"avia-button av-av_button-a94764ca19754eb8a13fae06170c200b av-link-btn avia-icon_select-yes-left-icon avia-size-small avia-position-left avia-color-theme-color\" target=\"_blank\" rel=\"noopener noreferrer\" aria-label=\" Letoxit \u00ae LFX product list\"><span class='avia_button_icon avia_button_icon_left avia-iconfont avia-font-entypo-fontello' data-av_icon='\ue8ab' data-av_iconfont='entypo-fontello' ><\/span><span class='avia_iconbox_title' > Letoxit \u00ae LFX product list<\/span><\/a><\/div><\/p><\/div>\n","protected":false},"excerpt":{"rendered":"<p>Das Epoxidharzsystem ist ein Polymer, das durch die Reaktion zwischen Epoxidharz und Polyaminh\u00e4rter entsteht. Im Bereich der Verbundwerkstoffe gelten Epoxidharzsysteme weithin als allen anderen Systemen \u00fcberlegen.<\/p>\n","protected":false},"author":2,"featured_media":0,"parent":8935,"menu_order":1,"comment_status":"open","ping_status":"closed","template":"","meta":{"footnotes":""},"class_list":["post-9000","page","type-page","status-publish","hentry"],"_links":{"self":[{"href":"https:\/\/www.mates.it\/de\/wp-json\/wp\/v2\/pages\/9000","targetHints":{"allow":["GET"]}}],"collection":[{"href":"https:\/\/www.mates.it\/de\/wp-json\/wp\/v2\/pages"}],"about":[{"href":"https:\/\/www.mates.it\/de\/wp-json\/wp\/v2\/types\/page"}],"author":[{"embeddable":true,"href":"https:\/\/www.mates.it\/de\/wp-json\/wp\/v2\/users\/2"}],"replies":[{"embeddable":true,"href":"https:\/\/www.mates.it\/de\/wp-json\/wp\/v2\/comments?post=9000"}],"version-history":[{"count":2,"href":"https:\/\/www.mates.it\/de\/wp-json\/wp\/v2\/pages\/9000\/revisions"}],"predecessor-version":[{"id":21180,"href":"https:\/\/www.mates.it\/de\/wp-json\/wp\/v2\/pages\/9000\/revisions\/21180"}],"up":[{"embeddable":true,"href":"https:\/\/www.mates.it\/de\/wp-json\/wp\/v2\/pages\/8935"}],"wp:attachment":[{"href":"https:\/\/www.mates.it\/de\/wp-json\/wp\/v2\/media?parent=9000"}],"curies":[{"name":"wp","href":"https:\/\/api.w.org\/{rel}","templated":true}]}}