{"id":9003,"date":"2016-08-01T10:41:51","date_gmt":"2016-08-01T08:41:51","guid":{"rendered":"https:\/\/www.mates.it\/prodotti\/resine-adesivi-chimici\/resine\/phenolic-d-r\/"},"modified":"2023-10-14T14:43:37","modified_gmt":"2023-10-14T12:43:37","slug":"phenolic-d-r","status":"publish","type":"page","link":"https:\/\/www.mates.it\/de\/produkte\/harze-klebstoffe-chemikalien\/harze\/phenolic-d-r\/","title":{"rendered":"Phenolic"},"content":{"rendered":"<\/p>\n<div  class='flex_column av-av_three_fifth-7714eba142aeda1f8b5272a3c372b279 av_three_fifth  avia-builder-el-0  el_before_av_two_fifth  avia-builder-el-first  first flex_column_div  '     ><p>\n<style type=\"text\/css\" data-created_by=\"avia_inline_auto\" id=\"style-css-av-ljbo53jl-51832dd9551e3254e010d45439fad071\">\n#top .av-special-heading.av-ljbo53jl-51832dd9551e3254e010d45439fad071{\npadding-bottom:10px;\n}\nbody .av-special-heading.av-ljbo53jl-51832dd9551e3254e010d45439fad071 .av-special-heading-tag .heading-char{\nfont-size:25px;\n}\n.av-special-heading.av-ljbo53jl-51832dd9551e3254e010d45439fad071 .av-subheading{\nfont-size:15px;\n}\n<\/style>\n<div  class='av-special-heading av-ljbo53jl-51832dd9551e3254e010d45439fad071 av-special-heading-h1  avia-builder-el-1  el_before_av_textblock  avia-builder-el-first  custom-h1-title'><h1 class='av-special-heading-tag '  >Phenolic<\/h1><div class=\"special-heading-border\"><div class=\"special-heading-inner-border\"><\/div><\/div><\/div><br \/>\n<section  class='av_textblock_section av-ljbo46d9-db48eee0dd2123023cdc2bcaf032f570 '  ><div class='avia_textblock' ><p>Phenolharz ist eine Art von w\u00e4rmeh\u00e4rtendem Harz, das durch einen H\u00e4rtungsprozess (Bachelorisierung) gewonnen wird. Dieser wird durch w\u00e4rmeh\u00e4rtende Harze verursacht, die unter Einwirkung von W\u00e4rme und Katalysatoren eine unl\u00f6sliche Masse bilden, die als Isolier- und Beschichtungsmaterial verwendet werden kann. Das Ergebnis ist ein Harz, das eine betr\u00e4chtliche thermische und chemische Best\u00e4ndigkeit sowie hervorragende Hafteigenschaften garantiert. Dar\u00fcber hinaus gew\u00e4hrleistet seine Verwendung eine hohe Festigkeit und eine geringe Feuchtigkeitsaufnahme des Endprodukts. Einige Arten von Phenolharz werden auch mit Papier, Gewebe, Glasfasern und Aramid verst\u00e4rkt.<\/p>\n<div style=\"width: 100%;\"><\/div>\n<\/div><\/section><\/p><\/div><div  class='flex_column av-av_two_fifth-f1c518e9ff58e869f80c8f093487abc9 av_two_fifth  avia-builder-el-3  el_after_av_three_fifth  el_before_av_hr  flex_column_div  '     ><style type=\"text\/css\" data-created_by=\"avia_inline_auto\" id=\"style-css-av-ljbo4ule-eca5bb72ce3849894252d5f1f77467ee\">\n#top .togglecontainer.av-ljbo4ule-eca5bb72ce3849894252d5f1f77467ee h4.toggler{\nfont-size:14px;\n}\n#top .togglecontainer.av-ljbo4ule-eca5bb72ce3849894252d5f1f77467ee h4.toggler.activeTitle{\ncolor:#ffffff;\nborder-color:#ffffff;\nbackground-color:#2682d3;\n}\n<\/style>\n<div  class='togglecontainer av-ljbo4ule-eca5bb72ce3849894252d5f1f77467ee  avia-builder-el-4  avia-builder-el-no-sibling  accordion_product toggle_close_all hasCurrentStyle' >\n<section class='av_toggle_section av-ljbo4qyt-133c44b4997c9c19d22d5fdbac022e75' ><div role=\"tablist\" class=\"single_toggle\" data-tags=\"{Alle} \"  ><h4 id='toggle-toggle-id-1' data-fake-id='#toggle-id-1' class='toggler  activeTitle av-title-above '  role='tab' tabindex='0' aria-controls='toggle-id-1' data-slide-speed=\"200\" data-title=\"Vorteile\" data-title-open=\"\" data-aria_collapsed=\"Click to expand: Vorteile\" data-aria_expanded=\"Click to collapse: Vorteile\">Vorteile<span class=\"toggle_icon\"><span class=\"vert_icon\"><\/span><span class=\"hor_icon\"><\/span><\/span><\/h4><div id='toggle-id-1' aria-labelledby='toggle-toggle-id-1' role='region' class='toggle_wrap  active_tc av-title-above' style='display:block;' ><div class='toggle_content invers-color ' ><ul>\n<li>Sehr schwer entflammbar<\/li>\n<li>Hohe Flammbest\u00e4ndigkeit<\/li>\n<li>Ausgezeichnete mechanische Eigenschaften<\/li>\n<li>Ausgezeichnete Klebeeigenschaften<\/li>\n<\/ul>\n<\/div><\/div><\/div><\/section>\n<section class='av_toggle_section av-ljbo4thf-514c258ddbdf122f8f23b27e3fc6fef2' ><div role=\"tablist\" class=\"single_toggle\" data-tags=\"{Alle} \"  ><h4 id='toggle-toggle-id-2' data-fake-id='#toggle-id-2' class='toggler  av-title-above '  role='tab' tabindex='0' aria-controls='toggle-id-2' data-slide-speed=\"200\" data-title=\"Typen\" data-title-open=\"\" data-aria_collapsed=\"Click to expand: Typen\" data-aria_expanded=\"Click to collapse: Typen\">Typen<span class=\"toggle_icon\"><span class=\"vert_icon\"><\/span><span class=\"hor_icon\"><\/span><\/span><\/h4><div id='toggle-id-2' aria-labelledby='toggle-toggle-id-2' role='region' class='toggle_wrap  av-title-above'  ><div class='toggle_content invers-color ' ><ul class=\"customlist2\">\n<li><a href=\"https:\/\/fileserver.mates.it\/Prodotti\/2_Matrici\/TDS\/Resine\/LFX\/LFX_062_DS.pdf\" target=\"_blank\" rel=\"noopener noreferrer\">LFX 062<\/a><\/li>\n<\/ul>\n<\/div><\/div><\/div><\/section>\n<\/div><\/div><div  class='hr av-av_hr-91d7ccd583a503147498e120fee2ff9b hr-default  avia-builder-el-5  el_after_av_two_fifth  el_before_av_one_full '><span class='hr-inner '><span class=\"hr-inner-style\"><\/span><\/span><\/div><\/p>\n<div  class='flex_column av-av_one_full-7714eba142aeda1f8b5272a3c372b279 av_one_full  avia-builder-el-6  el_after_av_hr  avia-builder-el-last  first flex_column_div  '     ><div  class='avia-button-wrap av-av_button-21d3ae9646beb73bddb42ce0d9721777-wrap avia-button-left  avia-builder-el-7  avia-builder-el-no-sibling '><a href=\"https:\/\/www.5m.cz\/en\/products\/epoxidove-pryskyrice\/epoxy-foil-resins\" class=\"avia-button av-av_button-21d3ae9646beb73bddb42ce0d9721777 av-link-btn avia-icon_select-yes-left-icon avia-size-small avia-position-left avia-color-theme-color\" target=\"_blank\" rel=\"noopener noreferrer\" aria-label=\"  Letoxit \u00ae LFX product list\"><span class='avia_button_icon avia_button_icon_left avia-iconfont avia-font-entypo-fontello' data-av_icon='\ue8ab' data-av_iconfont='entypo-fontello' ><\/span><span class='avia_iconbox_title' >  Letoxit \u00ae LFX product list<\/span><\/a><\/div><\/div>\n","protected":false},"excerpt":{"rendered":"<p>Phenolharz ist eine Harzart, die eine betr\u00e4chtliche thermische und chemische Best\u00e4ndigkeit und ausgezeichnete Klebeeigenschaften aufweist und somit eine hohe Leistung erm\u00f6glicht.<\/p>\n","protected":false},"author":2,"featured_media":0,"parent":8935,"menu_order":4,"comment_status":"open","ping_status":"closed","template":"","meta":{"footnotes":""},"class_list":["post-9003","page","type-page","status-publish","hentry"],"_links":{"self":[{"href":"https:\/\/www.mates.it\/de\/wp-json\/wp\/v2\/pages\/9003","targetHints":{"allow":["GET"]}}],"collection":[{"href":"https:\/\/www.mates.it\/de\/wp-json\/wp\/v2\/pages"}],"about":[{"href":"https:\/\/www.mates.it\/de\/wp-json\/wp\/v2\/types\/page"}],"author":[{"embeddable":true,"href":"https:\/\/www.mates.it\/de\/wp-json\/wp\/v2\/users\/2"}],"replies":[{"embeddable":true,"href":"https:\/\/www.mates.it\/de\/wp-json\/wp\/v2\/comments?post=9003"}],"version-history":[{"count":0,"href":"https:\/\/www.mates.it\/de\/wp-json\/wp\/v2\/pages\/9003\/revisions"}],"up":[{"embeddable":true,"href":"https:\/\/www.mates.it\/de\/wp-json\/wp\/v2\/pages\/8935"}],"wp:attachment":[{"href":"https:\/\/www.mates.it\/de\/wp-json\/wp\/v2\/media?parent=9003"}],"curies":[{"name":"wp","href":"https:\/\/api.w.org\/{rel}","templated":true}]}}