{"id":9005,"date":"2016-08-01T12:17:12","date_gmt":"2016-08-01T10:17:12","guid":{"rendered":"https:\/\/www.mates.it\/prodotti\/resine-adesivi-chimici\/adesivi-collanti\/spruhen-tackifiers\/"},"modified":"2025-05-18T19:33:41","modified_gmt":"2025-05-18T17:33:41","slug":"spruhen-tackifiers","status":"publish","type":"page","link":"https:\/\/www.mates.it\/de\/produkte\/harze-klebstoffe-chemikalien\/klebstoffe\/spruhen-tackifiers\/","title":{"rendered":"Spr\u00fchen"},"content":{"rendered":"<div  class='flex_column av-nrj8dp-26258045aab3a182e4ab1ab04ca2f86b av_one_full  avia-builder-el-0  el_before_av_hr  avia-builder-el-first  first flex_column_div  '     ><p>\n<style type=\"text\/css\" data-created_by=\"avia_inline_auto\" id=\"style-css-av-ljbt0uut-b87c6613fb736e6e786deccc2b5925a3\">\n#top .av-special-heading.av-ljbt0uut-b87c6613fb736e6e786deccc2b5925a3{\npadding-bottom:10px;\n}\nbody .av-special-heading.av-ljbt0uut-b87c6613fb736e6e786deccc2b5925a3 .av-special-heading-tag .heading-char{\nfont-size:25px;\n}\n.av-special-heading.av-ljbt0uut-b87c6613fb736e6e786deccc2b5925a3 .av-subheading{\nfont-size:15px;\n}\n<\/style>\n<div  class='av-special-heading av-ljbt0uut-b87c6613fb736e6e786deccc2b5925a3 av-special-heading-h1  avia-builder-el-1  el_before_av_textblock  avia-builder-el-first  custom-h1-title'><h1 class='av-special-heading-tag '  >Spr\u00fchen<\/h1><div class=\"special-heading-border\"><div class=\"special-heading-inner-border\"><\/div><\/div><\/div><br \/>\n<section  class='av_textblock_section av-ljbt0cfq-4d8afbc369f89465d34792078c41b584 '  ><div class='avia_textblock' ><p>Spr\u00fchklebstoffe bestehen aus einer Reihe von Klebstoffen oder Harzen, die in Aluminiumbeh\u00e4ltern unter Druck stehen. Die Methode der Zerst\u00e4ubung durch eine D\u00fcse erm\u00f6glicht es, sie schnell in sehr d\u00fcnnen Schichten aufzutragen, um Materialien zu verkleben, denen man kein zus\u00e4tzliches Gewicht und keine zus\u00e4tzliche Dicke verleihen m\u00f6chte, ohne die urspr\u00fcnglichen Eigenschaften zu beeintr\u00e4chtigen. Die Verwendung dieser Art von Klebstoff erleichtert bestimmte Verfahren wie die Beschichtung bereits vorhandener Teile oder die Laminierung durch Infusion, wodurch die Prozesszeiten erheblich verk\u00fcrzt werden. Sie k\u00f6nnen auch f\u00fcr die vor\u00fcbergehende Fixierung von Hilfsprodukten sowie f\u00fcr die Vorverlegung bestimmter Arten von Strukturkernen verwendet werden. Beim Gie\u00dfen mit vorimpr\u00e4gnierten Geweben kann die Verwendung dieser Produkte eine leichtere Verlegung der Verst\u00e4rkungen gew\u00e4hrleisten und die Positionierungsarbeit vereinfachen; sie sind auch bei der Montage von Booten n\u00fctzlich; sie sind auch in F\u00e4ssern erh\u00e4ltlich.<\/p>\n<div style=\"width: 100%;\"><\/div>\n<\/div><\/section><\/p><\/div>\n<div  class='hr av-mwnh8d-d1644a920f31e06787eb3af4faea13db hr-default  avia-builder-el-3  el_after_av_one_full  el_before_av_three_fifth '><span class='hr-inner '><span class=\"hr-inner-style\"><\/span><\/span><\/div>\n<div  class='flex_column av-kgxwe5-14ce9cf83fd1b9ccc49c8c77bab6482c av_three_fifth  avia-builder-el-4  el_after_av_hr  el_before_av_two_fifth  first flex_column_div  '     ><section  class='av_textblock_section av-ljbt19iw-bcd8cce9bc32aa83f0f67b20550ee2cd '  ><div class='avia_textblock' ><h6>EPOXY<\/h6>\n<p>Klebstoffe auf der Basis von Epoxidharzen, die die Klebekraft verst\u00e4rken, werden f\u00fcr die Positionierung von Geweben, Vorformlingen oder Innenkernen in Pre-Preg-, Infusions-, klassischen oder leichten RTM- und VARTM-Formprozessen verwendet. Ihre chemische Zusammensetzung gew\u00e4hrleistet die geringstm\u00f6gliche Verschmutzung des Laminats, ohne dass die mechanische Leistung des Teils beeintr\u00e4chtigt wird. Um allen Produktionsanforderungen gerecht zu werden, bietet Mates Epoxid-Kleber in fl\u00fcssiger Form oder als Spray an: Die Methode der Zerst\u00e4ubung durch eine D\u00fcse erm\u00f6glicht ein schnelles Auftragen in sehr d\u00fcnnen Schichten f\u00fcr die Verklebung von Materialien, denen Sie kein zus\u00e4tzliches Gewicht und keine zus\u00e4tzliche Dicke verleihen wollen, ohne die urspr\u00fcnglichen Eigenschaften zu beeintr\u00e4chtigen; fl\u00fcssige Kleber hingegen k\u00f6nnen direkt mit einer Rolle oder einem Pinsel aufgetragen werden.<\/p>\n<\/div><\/section><\/div>\n<div  class='flex_column av-it5z99-045242a0c566d8bed140a781201045d3 av_two_fifth  avia-builder-el-6  el_after_av_three_fifth  el_before_av_hr  flex_column_div  '     ><style type=\"text\/css\" data-created_by=\"avia_inline_auto\" id=\"style-css-av-hqpt0d-d9dc88c98299329b4eeeec8c9ebd23e2\">\n#top .togglecontainer.av-hqpt0d-d9dc88c98299329b4eeeec8c9ebd23e2 h4.toggler{\nfont-size:14px;\n}\n#top .togglecontainer.av-hqpt0d-d9dc88c98299329b4eeeec8c9ebd23e2 h4.toggler.activeTitle{\ncolor:#ffffff;\nborder-color:#ffffff;\nbackground-color:#2682d3;\n}\n<\/style>\n<div  class='togglecontainer av-hqpt0d-d9dc88c98299329b4eeeec8c9ebd23e2  avia-builder-el-7  avia-builder-el-no-sibling  accordion_product toggle_close_all hasCurrentStyle' >\n<section class='av_toggle_section av-g5fh6l-2ef6982340745e2e68c965b3a90964b0' ><div role=\"tablist\" class=\"single_toggle\" data-tags=\"{Alle} \"  ><h4 id='toggle-toggle-id-1' data-fake-id='#toggle-id-1' class='toggler  activeTitle av-title-above '  role='tab' tabindex='0' aria-controls='toggle-id-1' data-slide-speed=\"200\" data-title=\"Mates \u00ae\" data-title-open=\"\" data-aria_collapsed=\"Click to expand: Mates \u00ae\" data-aria_expanded=\"Click to collapse: Mates \u00ae\">Mates \u00ae<span class=\"toggle_icon\"><span class=\"vert_icon\"><\/span><span class=\"hor_icon\"><\/span><\/span><\/h4><div id='toggle-id-1' aria-labelledby='toggle-toggle-id-1' role='region' class='toggle_wrap  active_tc av-title-above' style='display:block;' ><div class='toggle_content invers-color ' ><ul class=\"customlist1\">\n<li><a href=\"https:\/\/fileserver.mates.it\/Prodotti\/2_Matrici\/TDS\/Adesivi\/Mates\/EPOXI_TAK_DS.pdf\" target=\"_blank\" rel=\"noopener noreferrer\">EPOXI-TAK \u00ae<\/a><\/li>\n<li><a href=\"https:\/\/fileserver.mates.it\/Prodotti\/2_Matrici\/TDS\/Adesivi\/Mates\/RDT_DS.pdf\" target=\"_blank\" rel=\"noopener noreferrer\">RESINE DE TACK \u00ae<\/a><\/li>\n<\/ul>\n<\/div><\/div><\/div><\/section>\n<\/div><\/div>\n<div  class='hr av-dusap9-2aafcee644c71165285b7d415a33ce18 hr-default  avia-builder-el-8  el_after_av_two_fifth  el_before_av_three_fifth '><span class='hr-inner '><span class=\"hr-inner-style\"><\/span><\/span><\/div>\n<div  class='flex_column av-d1jwwd-79b2fdc7ae4499bac3159a8fe9cf0b06 av_three_fifth  avia-builder-el-9  el_after_av_hr  el_before_av_two_fifth  first flex_column_div  '     ><section  class='av_textblock_section av-ljbt1jdx-024b89d055a3d799c9b267a7d40b0c54 '  ><div class='avia_textblock' ><h6>ALLGEMEINE KLEBSTOFFE<\/h6>\n<p>Klebstoffe sind in drei verschiedenen Formaten erh\u00e4ltlich: Spr\u00fchdosen, Kanister und F\u00e4sser. Aerosoldosen sind das Nonplusultra an Bequemlichkeit und Praktikabilit\u00e4t; sie sind tragbar, einfach zu verwenden und erfordern keine zus\u00e4tzliche Ausr\u00fcstung. Kanister sind in sich geschlossen, stehen unter Druck, sind tragbar und erfordern nur minimale Investitionen, Ausr\u00fcstung und Wartung. Die TensorGrip\u00ae Klebstoffe zeichnen sich durch eine innovative Formel aus, die bei Kontakt mit styrolbasierten Harzen schmilzt und die Barrieren herk\u00f6mmlicher Klebemethoden aufhebt. Die revolution\u00e4ren Formeln erm\u00f6glichen es, die Trocknungszeit des Klebstoffs auf ein Minimum zu beschr\u00e4nken, so dass TensorGrip\u00ae den Arbeitsablauf beschleunigen und die Produktionszeit drastisch verk\u00fcrzen kann, w\u00e4hrend die gleiche effektive Klebekraft gew\u00e4hrleistet ist.<\/p>\n<\/div><\/section><\/div>\n<div  class='flex_column av-15bobx-fd34e44c726b84d6d41d34cfd51f50c6 av_two_fifth  avia-builder-el-11  el_after_av_three_fifth  el_before_av_hr  flex_column_div  '     ><style type=\"text\/css\" data-created_by=\"avia_inline_auto\" id=\"style-css-av-lq9sptuo-98f91cc256ddfa1ee9b11dd18511a091\">\n#top .togglecontainer.av-lq9sptuo-98f91cc256ddfa1ee9b11dd18511a091 h4.toggler{\nfont-size:14px;\n}\n#top .togglecontainer.av-lq9sptuo-98f91cc256ddfa1ee9b11dd18511a091 h4.toggler.activeTitle{\ncolor:#ffffff;\nborder-color:#ffffff;\nbackground-color:#2682d3;\n}\n<\/style>\n<div  class='togglecontainer av-lq9sptuo-98f91cc256ddfa1ee9b11dd18511a091  avia-builder-el-12  avia-builder-el-no-sibling  accordion_product toggle_close_all hasCurrentStyle' >\n<section class='av_toggle_section av-lq9spsu7-d7d2746e1d378a1a01a62ead332144e0' ><div role=\"tablist\" class=\"single_toggle\" data-tags=\"{Alle} \"  ><h4 id='toggle-toggle-id-2' data-fake-id='#toggle-id-2' class='toggler  activeTitle av-title-above '  role='tab' tabindex='0' aria-controls='toggle-id-2' data-slide-speed=\"200\" data-title=\"TensorGrip \u00ae\" data-title-open=\"\" data-aria_collapsed=\"Click to expand: TensorGrip \u00ae\" data-aria_expanded=\"Click to collapse: TensorGrip \u00ae\">TensorGrip \u00ae<span class=\"toggle_icon\"><span class=\"vert_icon\"><\/span><span class=\"hor_icon\"><\/span><\/span><\/h4><div id='toggle-id-2' aria-labelledby='toggle-toggle-id-2' role='region' class='toggle_wrap  active_tc av-title-above' style='display:block;' ><div class='toggle_content invers-color ' ><table>\n<tbody>\n<tr>\n<td>\n<ul>\n<li><a href=\"https:\/\/fileserver.mates.it\/Prodotti\/2_Matrici\/TDS\/Adesivi\/TensorGrip\/Adesivi\/TensorGrip%20TC42%20TDS.pdf\" target=\"_blank\" rel=\"noopener\">TC42<\/a><\/li>\n<li><a href=\"https:\/\/fileserver.mates.it\/Prodotti\/2_Matrici\/TDS\/Adesivi\/TensorGrip\/Adesivi\/TensorGrip%20TC43%20TDS.pdf\" target=\"_blank\" rel=\"noopener\">TC43<\/a><\/li>\n<li><a href=\"https:\/\/fileserver.mates.it\/Prodotti\/2_Matrici\/TDS\/Adesivi\/TensorGrip\/Adesivi\/Tensorgrip%20TC48%20TDS.pdf\" target=\"_blank\" rel=\"noopener\">TC48<\/a><\/li>\n<li><a href=\"https:\/\/fileserver.mates.it\/Prodotti\/2_Matrici\/TDS\/Adesivi\/TensorGrip\/Adesivi\/Tensorgrip%20TC49%20TDS.pdf\" target=\"_blank\" rel=\"noopener\">TC49<\/a><\/li>\n<li><a href=\"https:\/\/fileserver.mates.it\/Prodotti\/2_Matrici\/TDS\/Adesivi\/TensorGrip\/Adesivi\/TensorGrip%20TC30%20TDS.pdf\" target=\"_blank\" rel=\"noopener\">TC30<\/a><\/li>\n<\/ul>\n<\/td>\n<td>\n<ul class=\"customlist2\">\n<li><a href=\"https:\/\/fileserver.mates.it\/Prodotti\/2_Matrici\/TDS\/Adesivi\/TensorGrip\/Adesivi\/TensorGrip%20M81%20TDS.pdf\" target=\"_blank\" rel=\"noopener\">M81<\/a><\/li>\n<\/ul>\n<\/td>\n<td>\n<ul>\n<li><a href=\"https:\/\/fileserver.mates.it\/Prodotti\/2_Matrici\/TDS\/Adesivi\/TensorGrip\/Pulitori\/TensorGrip%20S105%20TDS.pdf\" target=\"_blank\" rel=\"noopener\">S105<\/a><\/li>\n<li><a href=\"https:\/\/fileserver.mates.it\/Prodotti\/2_Matrici\/TDS\/Adesivi\/TensorGrip\/Pulitori\/TensorGrip%20C101%20TDS.pdf\" target=\"_blank\" rel=\"noopener\">C101<\/a><\/li>\n<\/ul>\n<\/td>\n<\/tr>\n<\/tbody>\n<\/table>\n<\/div><\/div><\/div><\/section>\n<section class='av_toggle_section av-9jbdi5-80b2b936f8321b690b39e88ca022ea04' ><div role=\"tablist\" class=\"single_toggle\" data-tags=\"{Alle} \"  ><h4 id='toggle-toggle-id-3' data-fake-id='#toggle-id-3' class='toggler  av-title-above '  role='tab' tabindex='0' aria-controls='toggle-id-3' data-slide-speed=\"200\" data-title=\"Scotch-Weld \u00ae\" data-title-open=\"\" data-aria_collapsed=\"Click to expand: Scotch-Weld \u00ae\" data-aria_expanded=\"Click to collapse: Scotch-Weld \u00ae\">Scotch-Weld \u00ae<span class=\"toggle_icon\"><span class=\"vert_icon\"><\/span><span class=\"hor_icon\"><\/span><\/span><\/h4><div id='toggle-id-3' aria-labelledby='toggle-toggle-id-3' role='region' class='toggle_wrap  av-title-above'  ><div class='toggle_content invers-color ' ><ul>\n<li><a href=\"https:\/\/fileserver.mates.it\/Prodotti\/2_Matrici\/TDS\/Adesivi\/3M\/3M_77.pdf\" target=\"_blank\" rel=\"noopener\">3M \u00ae Super 77<\/a><\/li>\n<li><a href=\"https:\/\/fileserver.mates.it\/Prodotti\/2_Matrici\/TDS\/Adesivi\/3M\/3M_74.pdf\" target=\"_blank\" rel=\"noopener\">3M \u00ae Foam Fast 74<\/a><\/li>\n<\/ul>\n<\/div><\/div><\/div><\/section>\n<\/div><\/div><div  class='hr av-7twq65-4b7c03167e2f32ee0cbc4ba1c81f2dd0 hr-default  avia-builder-el-13  el_after_av_two_fifth  el_before_av_one_full '><span class='hr-inner '><span class=\"hr-inner-style\"><\/span><\/span><\/div><\/p>\n<div  class='flex_column av-5tb4nx-b6032b21e65a684e53d1868b05250252 av_one_full  avia-builder-el-14  el_after_av_hr  avia-builder-el-last  first flex_column_div  '     ><p><div  class='avia-button-wrap av-43yu7h-aa77b2a38ba60605cd8c1d4526fef1c9-wrap avia-button-left  avia-builder-el-15  el_before_av_button  avia-builder-el-first '><a href=\"https:\/\/fileserver.mates.it\/Prodotti\/2_Matrici\/Brochure\/3M\/sprayable_brochure_3M.pdf\" class=\"avia-button av-43yu7h-aa77b2a38ba60605cd8c1d4526fef1c9 av-link-btn avia-icon_select-yes-left-icon avia-size-small avia-position-left avia-color-theme-color\" target=\"_blank\" rel=\"noopener noreferrer\" aria-label=\" 3M \u00ae Brochure spray\"><span class='avia_button_icon avia_button_icon_left avia-iconfont avia-font-entypo-fontello' data-av_icon='\ue82d' data-av_iconfont='entypo-fontello' ><\/span><span class='avia_iconbox_title' > 3M \u00ae Brochure spray<\/span><\/a><\/div><br \/>\n<div  class='avia-button-wrap av-2mlbtp-418d51652d7b02acf2072b7841595220-wrap avia-button-left  avia-builder-el-16  el_after_av_button  el_before_av_button '><a href=\"https:\/\/fileserver.mates.it\/Prodotti\/2_Matrici\/Brochure\/TensorGrip\/Composite_Spread.pdf\" class=\"avia-button av-2mlbtp-418d51652d7b02acf2072b7841595220 av-link-btn avia-icon_select-yes-left-icon avia-size-small avia-position-left avia-color-theme-color\" target=\"_blank\" rel=\"noopener noreferrer\" aria-label=\" TensorGrip \u00ae Product list\"><span class='avia_button_icon avia_button_icon_left avia-iconfont avia-font-entypo-fontello' data-av_icon='\ue82d' data-av_iconfont='entypo-fontello' ><\/span><span class='avia_iconbox_title' > TensorGrip \u00ae Product list<\/span><\/a><\/div><br \/>\n<div  class='avia-button-wrap av-av_button-d476e9d79b88ea9c537fd294c72dedab-wrap avia-button-left  avia-builder-el-17  el_after_av_button  el_before_av_button '><a href=\"https:\/\/fileserver.mates.it\/Prodotti\/2_Matrici\/Brochure\/TensorGrip\/JEC_Tensor_Mates_Italiana_flyer.pdf\" class=\"avia-button av-av_button-d476e9d79b88ea9c537fd294c72dedab av-link-btn avia-icon_select-yes-left-icon avia-size-small avia-position-left avia-color-theme-color\" target=\"_blank\" rel=\"noopener noreferrer\" aria-label=\" TensorGrip \u00ae Brochure\"><span class='avia_button_icon avia_button_icon_left avia-iconfont avia-font-entypo-fontello' data-av_icon='\ue82d' data-av_iconfont='entypo-fontello' ><\/span><span class='avia_iconbox_title' > TensorGrip \u00ae Brochure<\/span><\/a><\/div><br \/>\n<div  class='avia-button-wrap av-av_button-4d39ef98fa4666e7ec788d08bdbec706-wrap avia-button-left  avia-builder-el-18  el_after_av_button  avia-builder-el-last '><a href=\"https:\/\/fileserver.mates.it\/Prodotti\/2_Matrici\/Certificazioni\/Quin%20Global\/M81\/M81%20-%20SL_Z-710_EN13501_907a_2021.pdf\" class=\"avia-button av-av_button-4d39ef98fa4666e7ec788d08bdbec706 av-link-btn avia-icon_select-yes-left-icon avia-size-small avia-position-left avia-color-theme-color\" target=\"_blank\" rel=\"noopener noreferrer\" aria-label=\" M81 \u00ae fire \/ smoke classification\"><span class='avia_button_icon avia_button_icon_left avia-iconfont avia-font-entypo-fontello' data-av_icon='\ue82d' data-av_iconfont='entypo-fontello' ><\/span><span class='avia_iconbox_title' > M81 \u00ae fire \/ smoke classification<\/span><\/a><\/div><\/p><\/div>\n","protected":false},"excerpt":{"rendered":"<p>Spr\u00fchkleber bestehen aus einer Reihe von Klebstoffen oder Harzen, die in Aluminiumdruckbeh\u00e4ltern enthalten sind. Die Methode der Verteilung durch Zerst\u00e4ubung \u00fcber eine D\u00fcse erm\u00f6glicht ein schnelles Auftragen.<\/p>\n","protected":false},"author":2,"featured_media":0,"parent":8933,"menu_order":4,"comment_status":"open","ping_status":"closed","template":"","meta":{"footnotes":""},"class_list":["post-9005","page","type-page","status-publish","hentry"],"_links":{"self":[{"href":"https:\/\/www.mates.it\/de\/wp-json\/wp\/v2\/pages\/9005","targetHints":{"allow":["GET"]}}],"collection":[{"href":"https:\/\/www.mates.it\/de\/wp-json\/wp\/v2\/pages"}],"about":[{"href":"https:\/\/www.mates.it\/de\/wp-json\/wp\/v2\/types\/page"}],"author":[{"embeddable":true,"href":"https:\/\/www.mates.it\/de\/wp-json\/wp\/v2\/users\/2"}],"replies":[{"embeddable":true,"href":"https:\/\/www.mates.it\/de\/wp-json\/wp\/v2\/comments?post=9005"}],"version-history":[{"count":0,"href":"https:\/\/www.mates.it\/de\/wp-json\/wp\/v2\/pages\/9005\/revisions"}],"up":[{"embeddable":true,"href":"https:\/\/www.mates.it\/de\/wp-json\/wp\/v2\/pages\/8933"}],"wp:attachment":[{"href":"https:\/\/www.mates.it\/de\/wp-json\/wp\/v2\/media?parent=9005"}],"curies":[{"name":"wp","href":"https:\/\/api.w.org\/{rel}","templated":true}]}}