{"id":9007,"date":"2016-08-01T13:01:37","date_gmt":"2016-08-01T11:01:37","guid":{"rendered":"https:\/\/www.mates.it\/prodotti\/resine-adesivi-chimici\/adesivi-collanti\/hilfs-klebstoffe\/"},"modified":"2025-04-27T11:58:30","modified_gmt":"2025-04-27T09:58:30","slug":"hilfs-klebstoffe","status":"publish","type":"page","link":"https:\/\/www.mates.it\/de\/produkte\/harze-klebstoffe-chemikalien\/klebstoffe\/hilfs-klebstoffe\/","title":{"rendered":"Hilfs &#8211; Klebstoffe"},"content":{"rendered":"<div  class='flex_column av-av_three_fifth-7714eba142aeda1f8b5272a3c372b279 av_three_fifth  avia-builder-el-0  el_before_av_two_fifth  avia-builder-el-first  first flex_column_div  '     ><p>\n<style type=\"text\/css\" data-created_by=\"avia_inline_auto\" id=\"style-css-av-ljbu6k9s-97843c1e44fa1fa22740bcc3e8fa4be3\">\n#top .av-special-heading.av-ljbu6k9s-97843c1e44fa1fa22740bcc3e8fa4be3{\npadding-bottom:10px;\n}\nbody .av-special-heading.av-ljbu6k9s-97843c1e44fa1fa22740bcc3e8fa4be3 .av-special-heading-tag .heading-char{\nfont-size:25px;\n}\n.av-special-heading.av-ljbu6k9s-97843c1e44fa1fa22740bcc3e8fa4be3 .av-subheading{\nfont-size:15px;\n}\n<\/style>\n<div  class='av-special-heading av-ljbu6k9s-97843c1e44fa1fa22740bcc3e8fa4be3 av-special-heading-h1  avia-builder-el-1  el_before_av_textblock  avia-builder-el-first  custom-h1-title'><h1 class='av-special-heading-tag '  >Hilfs &#8211; Klebstoffe<\/h1><div class=\"special-heading-border\"><div class=\"special-heading-inner-border\"><\/div><\/div><\/div><br \/>\n<section  class='av_textblock_section av-ljbu6gjh-82f2901fa270967254d9f7e5bda8389b '  ><div class='avia_textblock' ><p>Um das beste Endergebnis zu erzielen, ist es notwendig, mit spezifischen Hilfsmitteln und Ausr\u00fcstungen zu arbeiten, die f\u00fcr den jeweiligen Prozess richtig und geeignet sind. Wir sind seit jeher bestrebt, eine Reihe von Produkten und Ausr\u00fcstungen auf den Markt zu bringen, die sorgf\u00e4ltig nach folgenden Kriterien ausgew\u00e4hlt wurden: Qualit\u00e4t, Zuverl\u00e4ssigkeit und Wertigkeit des Produkts. All dies, um alle Kundenanforderungen f\u00fcr die spezifischsten Bearbeitungsvorg\u00e4nge zu erf\u00fcllen. Ein exzellentes Endergebnis wird auch durch den Einsatz der richtigen Werkzeuge f\u00fcr die jeweilige Aufgabe erreicht.<\/p>\n<div style=\"width: 100%;\"><\/div>\n<\/div><\/section><\/p><\/div>\n<div  class='flex_column av-av_two_fifth-f1c518e9ff58e869f80c8f093487abc9 av_two_fifth  avia-builder-el-3  el_after_av_three_fifth  el_before_av_hr  flex_column_div  '     ><style type=\"text\/css\" data-created_by=\"avia_inline_auto\" id=\"style-css-av-ljbu7um9-94ee8099c1e882758ec37b2766cd8068\">\n#top .togglecontainer.av-ljbu7um9-94ee8099c1e882758ec37b2766cd8068 h4.toggler{\nfont-size:14px;\n}\n#top .togglecontainer.av-ljbu7um9-94ee8099c1e882758ec37b2766cd8068 h4.toggler.activeTitle{\ncolor:#ffffff;\nborder-color:#ffffff;\nbackground-color:#2682d3;\n}\n<\/style>\n<div  class='togglecontainer av-ljbu7um9-94ee8099c1e882758ec37b2766cd8068  avia-builder-el-4  avia-builder-el-no-sibling  accordion_product toggle_close_all hasCurrentStyle' >\n<section class='av_toggle_section av-ljbu7787-f7c6a15db20488ff94a83f9e47453014' ><div role=\"tablist\" class=\"single_toggle\" data-tags=\"{Alle} \"  ><h4 id='toggle-toggle-id-1' data-fake-id='#toggle-id-1' class='toggler  activeTitle av-title-above '  role='tab' tabindex='0' aria-controls='toggle-id-1' data-slide-speed=\"200\" data-title=\"Pistolen \/ Dispenser\" data-title-open=\"\" data-aria_collapsed=\"Click to expand: Pistolen \/ Dispenser\" data-aria_expanded=\"Click to collapse: Pistolen \/ Dispenser\">Pistolen \/ Dispenser<span class=\"toggle_icon\"><span class=\"vert_icon\"><\/span><span class=\"hor_icon\"><\/span><\/span><\/h4><div id='toggle-id-1' aria-labelledby='toggle-toggle-id-1' role='region' class='toggle_wrap  active_tc av-title-above' style='display:block;' ><div class='toggle_content invers-color ' ><ul>\n<li><a href=\"https:\/\/fileserver.mates.it\/Prodotti\/2_Matrici\/TDS\/Adesivi\/Ausiliari\/Medmix\/Pistole\/MIXPAC_DMA.pdf\" target=\"_blank\" rel=\"noopener\">MixPac \u00ae DMA &#8211; 50 ml<\/a><\/li>\n<li><a href=\"https:\/\/fileserver.mates.it\/Prodotti\/2_Matrici\/TDS\/Adesivi\/Ausiliari\/Medmix\/Pistole\/MIXPAC_DS.pdf\" target=\"_blank\" rel=\"noopener\">MixPac \u00ae DS &#8211; 50 ml<\/a><\/li>\n<li><a href=\"https:\/\/fileserver.mates.it\/Prodotti\/2_Matrici\/TDS\/Adesivi\/Ausiliari\/Medmix\/Pistole\/MIXPAC_DP2K.pdf\" target=\"_blank\" rel=\"noopener\">MixPac \u00ae DP2K &#8211; 50 ml<\/a><\/li>\n<li><a href=\"https:\/\/fileserver.mates.it\/Prodotti\/2_Matrici\/TDS\/Adesivi\/Ausiliari\/Medmix\/Pistole\/MIXPAC_DP2X400.pdf\" target=\"_blank\" rel=\"noopener\">MixPac \u00ae DP2X &#8211; 400\/490 ml<\/a><\/li>\n<li><a href=\"https:\/\/fileserver.mates.it\/Prodotti\/2_Matrici\/TDS\/Adesivi\/Ausiliari\/Medmix\/Pistole\/COX_ELECTRAFLOW_400MR.pdf\" target=\"_blank\" rel=\"noopener\">COX \u00ae Electraflow 400 MR<\/a><\/li>\n<\/ul>\n<\/div><\/div><\/div><\/section>\n<section class='av_toggle_section av-ljbu7nou-78770ad437f9f9124b95153c0454acfa' ><div role=\"tablist\" class=\"single_toggle\" data-tags=\"{Alle} \"  ><h4 id='toggle-toggle-id-2' data-fake-id='#toggle-id-2' class='toggler  av-title-above '  role='tab' tabindex='0' aria-controls='toggle-id-2' data-slide-speed=\"200\" data-title=\"Statische Mischer\" data-title-open=\"\" data-aria_collapsed=\"Click to expand: Statische Mischer\" data-aria_expanded=\"Click to collapse: Statische Mischer\">Statische Mischer<span class=\"toggle_icon\"><span class=\"vert_icon\"><\/span><span class=\"hor_icon\"><\/span><\/span><\/h4><div id='toggle-id-2' aria-labelledby='toggle-toggle-id-2' role='region' class='toggle_wrap  av-title-above'  ><div class='toggle_content invers-color ' ><ul class=\"customlist2\">\n<li><a href=\"https:\/\/fileserver.mates.it\/Prodotti\/2_Matrici\/TDS\/Adesivi\/Ausiliari\/Medmix\/MixPac_mixer_B.pdf\" target=\"_blank\" rel=\"noopener\">MixPac \u00ae Mixer B<\/a><\/li>\n<li><a href=\"https:\/\/fileserver.mates.it\/Prodotti\/2_Matrici\/TDS\/Adesivi\/Ausiliari\/Medmix\/MixPac_mixer_C.pdf\" target=\"_blank\" rel=\"noopener\">MixPac \u00ae Mixer C<\/a><\/li>\n<li><a href=\"https:\/\/fileserver.mates.it\/Prodotti\/2_Matrici\/TDS\/Adesivi\/Ausiliari\/Medmix\/MixPac_mixer_F.pdf\" target=\"_blank\" rel=\"noopener\">MixPac \u00ae Mixer F<\/a><\/li>\n<\/ul>\n<\/div><\/div><\/div><\/section>\n<\/div><\/div><div  class='hr av-av_hr-91d7ccd583a503147498e120fee2ff9b hr-default  avia-builder-el-5  el_after_av_two_fifth  el_before_av_one_full '><span class='hr-inner '><span class=\"hr-inner-style\"><\/span><\/span><\/div><\/p>\n<div  class='flex_column av-av_one_full-7714eba142aeda1f8b5272a3c372b279 av_one_full  avia-builder-el-6  el_after_av_hr  avia-builder-el-last  first flex_column_div  '     ><p><div  class='avia-button-wrap av-m9zfbapb-098f01924b64dcc875d9628c2647b6a8-wrap avia-button-left  avia-builder-el-7  el_before_av_button  avia-builder-el-first '><a href=\"https:\/\/fileserver.mates.it\/Prodotti\/2_Matrici\/Brochure\/Medmix\/MixPac_B_System.pdf\" class=\"avia-button av-m9zfbapb-098f01924b64dcc875d9628c2647b6a8 av-link-btn avia-icon_select-yes-left-icon avia-size-small avia-position-left avia-color-theme-color\" target=\"_blank\" rel=\"noopener noreferrer\" aria-label=\" Mixpac \u00ae B-System\"><span class='avia_button_icon avia_button_icon_left avia-iconfont avia-font-entypo-fontello' data-av_icon='\ue82d' data-av_iconfont='entypo-fontello' ><\/span><span class='avia_iconbox_title' > Mixpac \u00ae B-System<\/span><\/a><\/div><br \/>\n<div  class='avia-button-wrap av-m9zfbh72-585d8c09868d65ff5f2102760b9630aa-wrap avia-button-left  avia-builder-el-8  el_after_av_button  el_before_av_button '><a href=\"https:\/\/fileserver.mates.it\/Prodotti\/2_Matrici\/Brochure\/Medmix\/MixPac_F_System.pdf\" class=\"avia-button av-m9zfbh72-585d8c09868d65ff5f2102760b9630aa av-link-btn avia-icon_select-yes-left-icon avia-size-small avia-position-left avia-color-theme-color\" target=\"_blank\" rel=\"noopener noreferrer\" aria-label=\" Mixpac \u00ae F-System\"><span class='avia_button_icon avia_button_icon_left avia-iconfont avia-font-entypo-fontello' data-av_icon='\ue82d' data-av_iconfont='entypo-fontello' ><\/span><span class='avia_iconbox_title' > Mixpac \u00ae F-System<\/span><\/a><\/div><br \/>\n<div  class='avia-button-wrap av-m9zfbo50-a5ebfd1606e382c649ad037725a2bc82-wrap avia-button-left  avia-builder-el-9  el_after_av_button  avia-builder-el-last '><a href=\"https:\/\/fileserver.mates.it\/Prodotti\/2_Matrici\/Brochure\/Medmix\/SulzerMixpac%20Converter.pdf\" class=\"avia-button av-m9zfbo50-a5ebfd1606e382c649ad037725a2bc82 av-link-btn avia-icon_select-yes-left-icon avia-size-small avia-position-left avia-color-theme-color\" target=\"_blank\" rel=\"noopener noreferrer\" aria-label=\"Mixpac \u00ae Converter\"><span class='avia_button_icon avia_button_icon_left avia-iconfont avia-font-entypo-fontello' data-av_icon='\ue82d' data-av_iconfont='entypo-fontello' ><\/span><span class='avia_iconbox_title' >Mixpac \u00ae Converter<\/span><\/a><\/div><\/p><\/div>\n","protected":false},"excerpt":{"rendered":"<p>Wir sind stets bestrebt, eine Reihe von Artikeln und Ausr\u00fcstungen auf den Markt zu bringen, die sorgf\u00e4ltig nach folgenden Kriterien ausgew\u00e4hlt wurden: Qualit\u00e4t, Zuverl\u00e4ssigkeit und innerer Wert des Produkts.<\/p>\n","protected":false},"author":2,"featured_media":0,"parent":8933,"menu_order":5,"comment_status":"open","ping_status":"open","template":"","meta":{"footnotes":""},"class_list":["post-9007","page","type-page","status-publish","hentry"],"_links":{"self":[{"href":"https:\/\/www.mates.it\/de\/wp-json\/wp\/v2\/pages\/9007","targetHints":{"allow":["GET"]}}],"collection":[{"href":"https:\/\/www.mates.it\/de\/wp-json\/wp\/v2\/pages"}],"about":[{"href":"https:\/\/www.mates.it\/de\/wp-json\/wp\/v2\/types\/page"}],"author":[{"embeddable":true,"href":"https:\/\/www.mates.it\/de\/wp-json\/wp\/v2\/users\/2"}],"replies":[{"embeddable":true,"href":"https:\/\/www.mates.it\/de\/wp-json\/wp\/v2\/comments?post=9007"}],"version-history":[{"count":0,"href":"https:\/\/www.mates.it\/de\/wp-json\/wp\/v2\/pages\/9007\/revisions"}],"up":[{"embeddable":true,"href":"https:\/\/www.mates.it\/de\/wp-json\/wp\/v2\/pages\/8933"}],"wp:attachment":[{"href":"https:\/\/www.mates.it\/de\/wp-json\/wp\/v2\/media?parent=9007"}],"curies":[{"name":"wp","href":"https:\/\/api.w.org\/{rel}","templated":true}]}}