{"id":9009,"date":"2016-08-01T13:36:55","date_gmt":"2016-08-01T11:36:55","guid":{"rendered":"https:\/\/www.mates.it\/prodotti\/resine-adesivi-chimici\/gelcoat-fondi\/polyester-d-g\/"},"modified":"2023-06-26T13:48:41","modified_gmt":"2023-06-26T11:48:41","slug":"polyester-d-g","status":"publish","type":"page","link":"https:\/\/www.mates.it\/de\/produkte\/harze-klebstoffe-chemikalien\/gelcoat-fonds-d\/polyester-d-g\/","title":{"rendered":"Polyester"},"content":{"rendered":"<div  class='flex_column av-av_three_fifth-7714eba142aeda1f8b5272a3c372b279 av_three_fifth  avia-builder-el-0  el_before_av_two_fifth  avia-builder-el-first  first flex_column_div  '     ><p>\n<style type=\"text\/css\" data-created_by=\"avia_inline_auto\" id=\"style-css-av-ljcsm6ei-68b48034b497923024ad7abb27ba5c1a\">\n#top .av-special-heading.av-ljcsm6ei-68b48034b497923024ad7abb27ba5c1a{\npadding-bottom:10px;\n}\nbody .av-special-heading.av-ljcsm6ei-68b48034b497923024ad7abb27ba5c1a .av-special-heading-tag .heading-char{\nfont-size:25px;\n}\n.av-special-heading.av-ljcsm6ei-68b48034b497923024ad7abb27ba5c1a .av-subheading{\nfont-size:15px;\n}\n<\/style>\n<div  class='av-special-heading av-ljcsm6ei-68b48034b497923024ad7abb27ba5c1a av-special-heading-h1  avia-builder-el-1  el_before_av_textblock  avia-builder-el-first  custom-h1-title'><h1 class='av-special-heading-tag '  >Polyester<\/h1><div class=\"special-heading-border\"><div class=\"special-heading-inner-border\"><\/div><\/div><\/div><br \/>\n<section  class='av_textblock_section av-ljcsmnth-3ac796e80537e4664ea0642ecad33faf '  ><div class='avia_textblock' ><p>Der Polyester-Gelcoat zeichnet sich durch eine hohe Bruchdehnung aus, die den Einsatz auch bei stark beanspruchten Teilen erm\u00f6glicht, und durch eine H\u00e4rte, die ihn vor Kratzern und Abrieb sch\u00fctzt. Seine Auftragsst\u00e4rke liegt zwischen 0,4 und 0,8 mm, eine geringere St\u00e4rke kann zu einer Aggression des Harzes mit Faltenbildung f\u00fchren, eine h\u00f6here St\u00e4rke kann zu \u00fcberm\u00e4\u00dfiger Br\u00fcchigkeit f\u00fchren. Es garantiert eine hervorragende UV-, Osmose- und Hydrolysebest\u00e4ndigkeit sowie eine hervorragende chemische Best\u00e4ndigkeit. Der Gelcoat kann auch mit Paraffin hergestellt werden, um eine vollst\u00e4ndige Isolierung gegen Feuchtigkeit zu gew\u00e4hrleisten und vor allem im nautischen Bereich als Deckschicht oder f\u00fcr den Bau von Formen aus mit Glasfasern verst\u00e4rktem Polyesterharz verwendet zu werden.<\/p>\n<div style=\"width: 100%;\"><\/div>\n<\/div><\/section><\/p><\/div><div  class='flex_column av-av_two_fifth-f1c518e9ff58e869f80c8f093487abc9 av_two_fifth  avia-builder-el-3  el_after_av_three_fifth  el_before_av_hr  flex_column_div  '     ><style type=\"text\/css\" data-created_by=\"avia_inline_auto\" id=\"style-css-av-ljcsnnno-50f09699c358f2638a621304acb255b9\">\n#top .togglecontainer.av-ljcsnnno-50f09699c358f2638a621304acb255b9 h4.toggler{\nfont-size:14px;\n}\n#top .togglecontainer.av-ljcsnnno-50f09699c358f2638a621304acb255b9 h4.toggler.activeTitle{\ncolor:#ffffff;\nborder-color:#ffffff;\nbackground-color:#2682d3;\n}\n<\/style>\n<div  class='togglecontainer av-ljcsnnno-50f09699c358f2638a621304acb255b9  avia-builder-el-4  avia-builder-el-no-sibling  accordion_product toggle_close_all hasCurrentStyle' >\n<section class='av_toggle_section av-ljcsnjhe-512c396ab1312c1547529e7dce2e4653' ><div role=\"tablist\" class=\"single_toggle\" data-tags=\"{Alle} \"  ><h4 id='toggle-toggle-id-1' data-fake-id='#toggle-id-1' class='toggler  activeTitle av-title-above '  role='tab' tabindex='0' aria-controls='toggle-id-1' data-slide-speed=\"200\" data-title=\"Vorteile\" data-title-open=\"\" data-aria_collapsed=\"Click to expand: Vorteile\" data-aria_expanded=\"Click to collapse: Vorteile\">Vorteile<span class=\"toggle_icon\"><span class=\"vert_icon\"><\/span><span class=\"hor_icon\"><\/span><\/span><\/h4><div id='toggle-id-1' aria-labelledby='toggle-toggle-id-1' role='region' class='toggle_wrap  active_tc av-title-above' style='display:block;' ><div class='toggle_content invers-color ' ><ul>\n<li>Langzeitbest\u00e4ndigkeit<\/li>\n<li>Gro\u00dfe Oberfl\u00e4chenh\u00e4rte<\/li>\n<li>Keine Verschlechterung<\/li>\n<li>Maximaler Schutz<\/li>\n<li>Hohe Thixotropie<\/li>\n<\/ul>\n<\/div><\/div><\/div><\/section>\n<section class='av_toggle_section av-ljcsnmgk-87fe48d2feafeee37b7a9c7a75c5f99e' ><div role=\"tablist\" class=\"single_toggle\" data-tags=\"{Alle} \"  ><h4 id='toggle-toggle-id-2' data-fake-id='#toggle-id-2' class='toggler  av-title-above '  role='tab' tabindex='0' aria-controls='toggle-id-2' data-slide-speed=\"200\" data-title=\"Typen\" data-title-open=\"\" data-aria_collapsed=\"Click to expand: Typen\" data-aria_expanded=\"Click to collapse: Typen\">Typen<span class=\"toggle_icon\"><span class=\"vert_icon\"><\/span><span class=\"hor_icon\"><\/span><\/span><\/h4><div id='toggle-id-2' aria-labelledby='toggle-toggle-id-2' role='region' class='toggle_wrap  av-title-above'  ><div class='toggle_content invers-color ' ><ul class=\"customlist2\">\n<li><a href=\"https:\/\/fileserver.mates.it\/Prodotti\/2_Matrici\/TDS\/Gelcoat\/Ineos\/TDS%20GN.pdf\" target=\"_blank\" rel=\"noopener\">MAXGUARD\u2122 GN<\/a><\/li>\n<li><a href=\"https:\/\/fileserver.mates.it\/Prodotti\/2_Matrici\/TDS\/Gelcoat\/Ineos\/TDS%20SX%20AA6.pdf\" target=\"_blank\" rel=\"noopener\">MAXGUARD\u2122 SX<\/a><\/li>\n<\/ul>\n<\/div><\/div><\/div><\/section>\n<\/div><\/div><div  class='hr av-av_hr-91d7ccd583a503147498e120fee2ff9b hr-default  avia-builder-el-5  el_after_av_two_fifth  avia-builder-el-last '><span class='hr-inner '><span class=\"hr-inner-style\"><\/span><\/span><\/div><\/p>\n","protected":false},"excerpt":{"rendered":"<p>Der Polyester-Gelcoat zeichnet sich durch eine hohe Bruchdehnung aus, die den Einsatz auch bei stark beanspruchten Teilen erm\u00f6glicht, und durch eine H\u00e4rte, die ihn vor Kratzern und Abrieb sch\u00fctzt.<\/p>\n","protected":false},"author":2,"featured_media":0,"parent":8937,"menu_order":2,"comment_status":"open","ping_status":"closed","template":"","meta":{"footnotes":""},"class_list":["post-9009","page","type-page","status-publish","hentry"],"_links":{"self":[{"href":"https:\/\/www.mates.it\/de\/wp-json\/wp\/v2\/pages\/9009","targetHints":{"allow":["GET"]}}],"collection":[{"href":"https:\/\/www.mates.it\/de\/wp-json\/wp\/v2\/pages"}],"about":[{"href":"https:\/\/www.mates.it\/de\/wp-json\/wp\/v2\/types\/page"}],"author":[{"embeddable":true,"href":"https:\/\/www.mates.it\/de\/wp-json\/wp\/v2\/users\/2"}],"replies":[{"embeddable":true,"href":"https:\/\/www.mates.it\/de\/wp-json\/wp\/v2\/comments?post=9009"}],"version-history":[{"count":0,"href":"https:\/\/www.mates.it\/de\/wp-json\/wp\/v2\/pages\/9009\/revisions"}],"up":[{"embeddable":true,"href":"https:\/\/www.mates.it\/de\/wp-json\/wp\/v2\/pages\/8937"}],"wp:attachment":[{"href":"https:\/\/www.mates.it\/de\/wp-json\/wp\/v2\/media?parent=9009"}],"curies":[{"name":"wp","href":"https:\/\/api.w.org\/{rel}","templated":true}]}}