{"id":9011,"date":"2016-08-01T14:48:18","date_gmt":"2016-08-01T12:48:18","guid":{"rendered":"https:\/\/www.mates.it\/prodotti\/resine-adesivi-chimici\/chimici-inerti\/solvents-diluents-d\/"},"modified":"2023-06-26T15:19:05","modified_gmt":"2023-06-26T13:19:05","slug":"losungsmittel-verdunnungsmittel-d","status":"publish","type":"page","link":"https:\/\/www.mates.it\/de\/produkte\/harze-klebstoffe-chemikalien\/chemikalien-inerten\/losungsmittel-verdunnungsmittel-d\/","title":{"rendered":"L\u00f6sungsmittel \/ Verd\u00fcnnungsmittel"},"content":{"rendered":"<div  class='flex_column av-av_three_fifth-7714eba142aeda1f8b5272a3c372b279 av_three_fifth  avia-builder-el-0  el_before_av_two_fifth  avia-builder-el-first  first flex_column_div  '     ><p>\n<style type=\"text\/css\" data-created_by=\"avia_inline_auto\" id=\"style-css-av-ljcvvwhx-6f1b634786e69e7c607cc5f01a702120\">\n#top .av-special-heading.av-ljcvvwhx-6f1b634786e69e7c607cc5f01a702120{\npadding-bottom:10px;\n}\nbody .av-special-heading.av-ljcvvwhx-6f1b634786e69e7c607cc5f01a702120 .av-special-heading-tag .heading-char{\nfont-size:25px;\n}\n.av-special-heading.av-ljcvvwhx-6f1b634786e69e7c607cc5f01a702120 .av-subheading{\nfont-size:15px;\n}\n<\/style>\n<div  class='av-special-heading av-ljcvvwhx-6f1b634786e69e7c607cc5f01a702120 av-special-heading-h1  avia-builder-el-1  el_before_av_textblock  avia-builder-el-first  custom-h1-title'><h1 class='av-special-heading-tag '  >L\u00f6sungsmittel \/ Verd\u00fcnnungsmittel<\/h1><div class=\"special-heading-border\"><div class=\"special-heading-inner-border\"><\/div><\/div><\/div><br \/>\n<section  class='av_textblock_section av-ljcvu9pe-a74f30f4dd0af5c329f8a2aea92d5860 '  ><div class='avia_textblock' ><p>Ein L\u00f6sungsmittel ist eine Fl\u00fcssigkeit, die einen festen, fl\u00fcssigen oder gasf\u00f6rmigen gel\u00f6sten Stoff aufl\u00f6st und so eine L\u00f6sung ergibt. In der modernen Verbundwerkstoffindustrie werden L\u00f6sungsmittel haupts\u00e4chlich verwendet, um chemische und nichtchemische R\u00fcckst\u00e4nde aus dem Herstellungsprozess von Maschinen und Werkzeugen zu entfernen. Dar\u00fcber hinaus k\u00f6nnen sie zur Entfernung ganzer lackierter Teile eingesetzt werden. Mates ist in der Lage, seinen Kunden eine Reihe spezifischer Reinigungsprodukte anzubieten, die f\u00fcr die Entfernung zahlreicher Substanzen von verschiedenen Oberfl\u00e4chen entwickelt wurden. Sie sind in der Lage, hervorragende Leistung mit einem hervorragenden Ma\u00df an Umweltvertr\u00e4glichkeit und gleichzeitig gro\u00dfen Einsparungen zu vereinbaren.<\/p>\n<\/div><\/section><\/p><\/div><div  class='flex_column av-av_two_fifth-f1c518e9ff58e869f80c8f093487abc9 av_two_fifth  avia-builder-el-3  el_after_av_three_fifth  el_before_av_hr  flex_column_div  '     ><style type=\"text\/css\" data-created_by=\"avia_inline_auto\" id=\"style-css-av-ljcvxd3b-c80a376f876b13642db207ca5856efb5\">\n#top .togglecontainer.av-ljcvxd3b-c80a376f876b13642db207ca5856efb5 h4.toggler{\nfont-size:14px;\n}\n#top .togglecontainer.av-ljcvxd3b-c80a376f876b13642db207ca5856efb5 h4.toggler.activeTitle{\ncolor:#ffffff;\nborder-color:#ffffff;\nbackground-color:#2682d3;\n}\n<\/style>\n<div  class='togglecontainer av-ljcvxd3b-c80a376f876b13642db207ca5856efb5  avia-builder-el-4  avia-builder-el-no-sibling  accordion_product toggle_close_all hasCurrentStyle' >\n<section class='av_toggle_section av-ljcvwcfg-85d9b00e7a9ca8f98bffdc93bbd1c7e8' ><div role=\"tablist\" class=\"single_toggle\" data-tags=\"{Alle} \"  ><h4 id='toggle-toggle-id-1' data-fake-id='#toggle-id-1' class='toggler  activeTitle av-title-above '  role='tab' tabindex='0' aria-controls='toggle-id-1' data-slide-speed=\"200\" data-title=\"Vorteile\" data-title-open=\"\" data-aria_collapsed=\"Click to expand: Vorteile\" data-aria_expanded=\"Click to collapse: Vorteile\">Vorteile<span class=\"toggle_icon\"><span class=\"vert_icon\"><\/span><span class=\"hor_icon\"><\/span><\/span><\/h4><div id='toggle-id-1' aria-labelledby='toggle-toggle-id-1' role='region' class='toggle_wrap  active_tc av-title-above' style='display:block;' ><div class='toggle_content invers-color ' ><ul class=\"customlist1\">\n<li>Kosteng\u00fcnstig<\/li>\n<li>Geringe Umweltbelastung<\/li>\n<li>Schnelle Lieferung<\/li>\n<li>Von grundlegender Bedeutung f\u00fcr jeden Prozess<\/li>\n<\/ul>\n<\/div><\/div><\/div><\/section>\n<section class='av_toggle_section av-ljcvx79u-9c4868cdca5069e12c285c3bdaaeaa79' ><div role=\"tablist\" class=\"single_toggle\" data-tags=\"{Alle} \"  ><h4 id='toggle-toggle-id-2' data-fake-id='#toggle-id-2' class='toggler  av-title-above '  role='tab' tabindex='0' aria-controls='toggle-id-2' data-slide-speed=\"200\" data-title=\"Typen\" data-title-open=\"\" data-aria_collapsed=\"Click to expand: Typen\" data-aria_expanded=\"Click to collapse: Typen\">Typen<span class=\"toggle_icon\"><span class=\"vert_icon\"><\/span><span class=\"hor_icon\"><\/span><\/span><\/h4><div id='toggle-id-2' aria-labelledby='toggle-toggle-id-2' role='region' class='toggle_wrap  av-title-above'  ><div class='toggle_content invers-color ' ><ul class=\"customlist2\">\n<li><a href=\"https:\/\/fileserver.mates.it\/Prodotti\/2_Matrici\/TDS\/Additivi\/P901_D_DS.pdf\" target=\"_blank\" rel=\"noopener\">901-D<\/a><\/li>\n<li>Aceton<\/li>\n<li>Alkohol<\/li>\n<li>Entmineralisiertes Wasser<\/li>\n<\/ul>\n<\/div><\/div><\/div><\/section>\n<\/div><\/div><div  class='hr av-av_hr-91d7ccd583a503147498e120fee2ff9b hr-default  avia-builder-el-5  el_after_av_two_fifth  avia-builder-el-last '><span class='hr-inner '><span class=\"hr-inner-style\"><\/span><\/span><\/div><\/p>\n","protected":false},"excerpt":{"rendered":"<p>Ein L\u00f6sungsmittel ist eine Fl\u00fcssigkeit, die einen festen, fl\u00fcssigen oder gasf\u00f6rmigen gel\u00f6sten Stoff aufl\u00f6st und so eine L\u00f6sung ergibt. In der modernen Verbundwerkstoffindustrie werden sie zur Entfernung der verbleibenden R\u00fcckst\u00e4nde eingesetzt.<\/p>\n","protected":false},"author":2,"featured_media":0,"parent":8931,"menu_order":3,"comment_status":"open","ping_status":"open","template":"","meta":{"footnotes":""},"class_list":["post-9011","page","type-page","status-publish","hentry"],"_links":{"self":[{"href":"https:\/\/www.mates.it\/de\/wp-json\/wp\/v2\/pages\/9011","targetHints":{"allow":["GET"]}}],"collection":[{"href":"https:\/\/www.mates.it\/de\/wp-json\/wp\/v2\/pages"}],"about":[{"href":"https:\/\/www.mates.it\/de\/wp-json\/wp\/v2\/types\/page"}],"author":[{"embeddable":true,"href":"https:\/\/www.mates.it\/de\/wp-json\/wp\/v2\/users\/2"}],"replies":[{"embeddable":true,"href":"https:\/\/www.mates.it\/de\/wp-json\/wp\/v2\/comments?post=9011"}],"version-history":[{"count":0,"href":"https:\/\/www.mates.it\/de\/wp-json\/wp\/v2\/pages\/9011\/revisions"}],"up":[{"embeddable":true,"href":"https:\/\/www.mates.it\/de\/wp-json\/wp\/v2\/pages\/8931"}],"wp:attachment":[{"href":"https:\/\/www.mates.it\/de\/wp-json\/wp\/v2\/media?parent=9011"}],"curies":[{"name":"wp","href":"https:\/\/api.w.org\/{rel}","templated":true}]}}