{"id":9013,"date":"2016-08-01T14:09:01","date_gmt":"2016-08-01T12:09:01","guid":{"rendered":"https:\/\/www.mates.it\/prodotti\/resine-adesivi-chimici\/chimici-inerti\/additives-d\/"},"modified":"2023-12-02T11:13:44","modified_gmt":"2023-12-02T10:13:44","slug":"additive-d","status":"publish","type":"page","link":"https:\/\/www.mates.it\/de\/produkte\/harze-klebstoffe-chemikalien\/chemikalien-inerten\/additive-d\/","title":{"rendered":"Additive"},"content":{"rendered":"<div  class='flex_column av-av_three_fifth-7714eba142aeda1f8b5272a3c372b279 av_three_fifth  avia-builder-el-0  el_before_av_two_fifth  avia-builder-el-first  first flex_column_div  '     ><p>\n<style type=\"text\/css\" data-created_by=\"avia_inline_auto\" id=\"style-css-av-ljcx47em-bfa562a497a9059b9f753162c82aaa51\">\n#top .av-special-heading.av-ljcx47em-bfa562a497a9059b9f753162c82aaa51{\npadding-bottom:10px;\n}\nbody .av-special-heading.av-ljcx47em-bfa562a497a9059b9f753162c82aaa51 .av-special-heading-tag .heading-char{\nfont-size:25px;\n}\n.av-special-heading.av-ljcx47em-bfa562a497a9059b9f753162c82aaa51 .av-subheading{\nfont-size:15px;\n}\n<\/style>\n<div  class='av-special-heading av-ljcx47em-bfa562a497a9059b9f753162c82aaa51 av-special-heading-h1  avia-builder-el-1  el_before_av_textblock  avia-builder-el-first  custom-h1-title'><h1 class='av-special-heading-tag '  >Additive<\/h1><div class=\"special-heading-border\"><div class=\"special-heading-inner-border\"><\/div><\/div><\/div><br \/>\n<section  class='av_textblock_section av-ljcx304i-c040477ad65c76a4da109bc4f7a591aa '  ><div class='avia_textblock' ><p>Zu dieser Kategorie geh\u00f6ren Additive zur Beschleunigung und Verz\u00f6gerung von Harzen, die die Geschwindigkeit eines chemischen Prozesses ver\u00e4ndern k\u00f6nnen. Durch den Einsatz von Beschleunigern ist es m\u00f6glich, die Aush\u00e4rtezeiten eines Epoxidsystems entsprechend den Produktionsanforderungen zu steuern und dessen qualitativ-quantitatives Ergebnis nur indirekt zu beeinflussen; Da sie ausschlie\u00dflich f\u00fcr Anwendungen mit niedrigen Temperaturen verwendet werden, erfordern sie genau definierte Mischungsverh\u00e4ltnisse. Beschleuniger f\u00fchren zu einer Erh\u00f6hung der Reaktivit\u00e4t und beschleunigen die Polymerisation von Epoxidsystemen und sorgen so f\u00fcr eine Erh\u00f6hung der Steifigkeit und Belastbarkeit des Endprodukts. Zus\u00e4tzlich zu diesen Artikeln m\u00fcssen bestimmte Additive hinzugef\u00fcgt werden, mit denen die Kompatibilit\u00e4t zwischen verschiedenen Harzen ver\u00e4ndert und einige ihrer Eigenschaften variiert werden k\u00f6nnen.<\/p>\n<\/div><\/section><\/p><\/div>\n<div  class='flex_column av-av_two_fifth-f1c518e9ff58e869f80c8f093487abc9 av_two_fifth  avia-builder-el-3  el_after_av_three_fifth  el_before_av_hr  flex_column_div  '     ><style type=\"text\/css\" data-created_by=\"avia_inline_auto\" id=\"style-css-av-ljcx4s5e-4057941fe02df88ab30428566217f17d\">\n#top .togglecontainer.av-ljcx4s5e-4057941fe02df88ab30428566217f17d h4.toggler{\nfont-size:14px;\n}\n#top .togglecontainer.av-ljcx4s5e-4057941fe02df88ab30428566217f17d h4.toggler.activeTitle{\ncolor:#ffffff;\nborder-color:#ffffff;\nbackground-color:#2682d3;\n}\n<\/style>\n<div  class='togglecontainer av-ljcx4s5e-4057941fe02df88ab30428566217f17d  avia-builder-el-4  avia-builder-el-no-sibling  accordion_product toggle_close_all hasCurrentStyle' >\n<section class='av_toggle_section av-ljcx4oi0-9fa589e691bad5a8d0d586b364a4f2f7' ><div role=\"tablist\" class=\"single_toggle\" data-tags=\"{Alle} \"  ><h4 id='toggle-toggle-id-1' data-fake-id='#toggle-id-1' class='toggler  activeTitle av-title-above '  role='tab' tabindex='0' aria-controls='toggle-id-1' data-slide-speed=\"200\" data-title=\"Katalysatoren\" data-title-open=\"\" data-aria_collapsed=\"Click to expand: Katalysatoren\" data-aria_expanded=\"Click to collapse: Katalysatoren\">Katalysatoren<span class=\"toggle_icon\"><span class=\"vert_icon\"><\/span><span class=\"hor_icon\"><\/span><\/span><\/h4><div id='toggle-id-1' aria-labelledby='toggle-toggle-id-1' role='region' class='toggle_wrap  active_tc av-title-above' style='display:block;' ><div class='toggle_content invers-color ' ><ul class=\"customlist1\">\n<li><a href=\"https:\/\/fileserver.mates.it\/Prodotti\/2_Matrici\/TDS\/Additivi\/TDS%20LUPEROX%20K12G.pdf\" target=\"_blank\" rel=\"noopener\">Luperox \u00ae K12<\/a><\/li>\n<li><a href=\"https:\/\/fileserver.mates.it\/Prodotti\/2_Matrici\/TDS\/Additivi\/NOROX%C2%AEMCP-75_TDS_UP-AMB_EN.pdf\" target=\"_blank\" rel=\"noopener\">Norox \u00ae MCP-75<\/a><\/li>\n<li><a href=\"https:\/\/fileserver.mates.it\/Prodotti\/2_Matrici\/TDS\/Additivi\/TDS%20RETIC%20C%20101%20ENG.pdf\" target=\"_blank\" rel=\"noopener\">Retic \u00ae C<\/a><\/li>\n<li><a href=\"https:\/\/fileserver.mates.it\/Prodotti\/2_Matrici\/TDS\/Additivi\/TDS%20LUPEROX%20K1SN_E.pdf\" target=\"_blank\" rel=\"noopener\">Luperox \u00ae K1SN E<\/a><\/li>\n<\/ul>\n<\/div><\/div><\/div><\/section>\n<section class='av_toggle_section av-ljcx4qr8-f7978347d60f5d6ee5ae2bfa973319e7' ><div role=\"tablist\" class=\"single_toggle\" data-tags=\"{Alle} \"  ><h4 id='toggle-toggle-id-2' data-fake-id='#toggle-id-2' class='toggler  av-title-above '  role='tab' tabindex='0' aria-controls='toggle-id-2' data-slide-speed=\"200\" data-title=\"Additive\" data-title-open=\"\" data-aria_collapsed=\"Click to expand: Additive\" data-aria_expanded=\"Click to collapse: Additive\">Additive<span class=\"toggle_icon\"><span class=\"vert_icon\"><\/span><span class=\"hor_icon\"><\/span><\/span><\/h4><div id='toggle-id-2' aria-labelledby='toggle-toggle-id-2' role='region' class='toggle_wrap  av-title-above'  ><div class='toggle_content invers-color ' ><ul class=\"customlist2\">\n<li><a href=\"https:\/\/fileserver.mates.it\/Prodotti\/2_Matrici\/TDS\/Additivi\/ADD-UP2_ita-1.pdf\" target=\"_blank\" rel=\"noopener noreferrer\">ADD-UP2<\/a><\/li>\n<li><a href=\"https:\/\/fileserver.mates.it\/Prodotti\/2_Matrici\/TDS\/Additivi\/Y21_ita.pdf\" target=\"_blank\" rel=\"noopener noreferrer\">Y21<\/a><\/li>\n<li><a href=\"https:\/\/fileserver.mates.it\/Prodotti\/2_Matrici\/TDS\/Additivi\/Y72_ita.pdf\" target=\"_blank\" rel=\"noopener noreferrer\">Y72<\/a><\/li>\n<\/ul>\n<\/div><\/div><\/div><\/section>\n<\/div><\/div><div  class='hr av-av_hr-91d7ccd583a503147498e120fee2ff9b hr-default  avia-builder-el-5  el_after_av_two_fifth  avia-builder-el-last '><span class='hr-inner '><span class=\"hr-inner-style\"><\/span><\/span><\/div><\/p>\n","protected":false},"excerpt":{"rendered":"<p>Zu dieser Kategorie geh\u00f6ren Additive zur Beschleunigung und Verz\u00f6gerung von Harzen, die die Geschwindigkeit eines chemischen Prozesses ver\u00e4ndern k\u00f6nnen. Durch den Einsatz von Beschleunigern k\u00f6nnen Sie die Aush\u00e4rtezeiten steuern.<\/p>\n","protected":false},"author":2,"featured_media":0,"parent":8931,"menu_order":2,"comment_status":"open","ping_status":"open","template":"","meta":{"footnotes":""},"class_list":["post-9013","page","type-page","status-publish","hentry"],"_links":{"self":[{"href":"https:\/\/www.mates.it\/de\/wp-json\/wp\/v2\/pages\/9013","targetHints":{"allow":["GET"]}}],"collection":[{"href":"https:\/\/www.mates.it\/de\/wp-json\/wp\/v2\/pages"}],"about":[{"href":"https:\/\/www.mates.it\/de\/wp-json\/wp\/v2\/types\/page"}],"author":[{"embeddable":true,"href":"https:\/\/www.mates.it\/de\/wp-json\/wp\/v2\/users\/2"}],"replies":[{"embeddable":true,"href":"https:\/\/www.mates.it\/de\/wp-json\/wp\/v2\/comments?post=9013"}],"version-history":[{"count":0,"href":"https:\/\/www.mates.it\/de\/wp-json\/wp\/v2\/pages\/9013\/revisions"}],"up":[{"embeddable":true,"href":"https:\/\/www.mates.it\/de\/wp-json\/wp\/v2\/pages\/8931"}],"wp:attachment":[{"href":"https:\/\/www.mates.it\/de\/wp-json\/wp\/v2\/media?parent=9013"}],"curies":[{"name":"wp","href":"https:\/\/api.w.org\/{rel}","templated":true}]}}