{"id":9014,"date":"2016-08-01T22:12:05","date_gmt":"2016-08-01T20:12:05","guid":{"rendered":"https:\/\/www.mates.it\/prodotti\/agenti-distaccanti\/semipermanenti\/versiegelungen-primer\/"},"modified":"2024-06-13T15:40:03","modified_gmt":"2024-06-13T13:40:03","slug":"versiegelungen-primer","status":"publish","type":"page","link":"https:\/\/www.mates.it\/de\/produkte\/trennmittel\/halb-permanent\/versiegelungen-primer\/","title":{"rendered":"Versiegelungen \/ Primer"},"content":{"rendered":"<div  class='flex_column av-av_three_fifth-7714eba142aeda1f8b5272a3c372b279 av_three_fifth  avia-builder-el-0  el_before_av_two_fifth  avia-builder-el-first  first flex_column_div  '     ><p>\n<style type=\"text\/css\" data-created_by=\"avia_inline_auto\" id=\"style-css-av-ljd8fqhl-61b6f8487a677cfcfe2eb89802ddd035\">\n#top .av-special-heading.av-ljd8fqhl-61b6f8487a677cfcfe2eb89802ddd035{\npadding-bottom:10px;\n}\nbody .av-special-heading.av-ljd8fqhl-61b6f8487a677cfcfe2eb89802ddd035 .av-special-heading-tag .heading-char{\nfont-size:25px;\n}\n.av-special-heading.av-ljd8fqhl-61b6f8487a677cfcfe2eb89802ddd035 .av-subheading{\nfont-size:15px;\n}\n<\/style>\n<div  class='av-special-heading av-ljd8fqhl-61b6f8487a677cfcfe2eb89802ddd035 av-special-heading-h1  avia-builder-el-1  el_before_av_textblock  avia-builder-el-first  custom-h1-title'><h1 class='av-special-heading-tag '  >Versiegelungen \/ Primer<\/h1><div class=\"special-heading-border\"><div class=\"special-heading-inner-border\"><\/div><\/div><\/div><br \/>\n<section  class='av_textblock_section av-ljd8fl1i-a2a3a574eb8a92b3802c22ccbd05e65d '  ><div class='avia_textblock' ><p>Versiegelungen tragen dazu bei, Formen und Werkzeuge f\u00fcr die Herstellung von Verbundwerkstoffen vor chemischen und physikalischen Sch\u00e4den zu sch\u00fctzen, die durch die beim Formprozess nat\u00fcrlichen Bindungstendenzen entstehen. Sie bestehen aus einer flexiblen Folie mit maximaler Haftung am Untergrund, die einen Schutzschild auf der Formoberfl\u00e4che bildet. Sie wurden f\u00fcr die physikalische und chemische Bindung an jede \u201erohe\u201c Formoberfl\u00e4che entwickelt und bieten die n\u00f6tige Grundlage, um die Lebensdauer zu verl\u00e4ngern und eine optimale Leistung aller semipermanenten Trennmittel von Chem-Trend \u00ae zu erm\u00f6glichen. Versiegelungen verleihen den meisten Oberfl\u00e4chen ein solides Glanzfinish, verk\u00fcrzen die Einlaufzeit f\u00fcr neue Formen und stellen abgenutzte Teile wieder her. Sie sind f\u00fcr den Einsatz auf Metall- oder Verbundformen konzipiert und mit den meisten thermoplastischen und duroplastischen Harzen kompatibel.<\/p>\n<div style=\"width: 100%;\"><\/div>\n<\/div><\/section><\/p><\/div>\n<div  class='flex_column av-av_two_fifth-f1c518e9ff58e869f80c8f093487abc9 av_two_fifth  avia-builder-el-3  el_after_av_three_fifth  el_before_av_hr  flex_column_div  '     ><style type=\"text\/css\" data-created_by=\"avia_inline_auto\" id=\"style-css-av-ljd8iim9-763b96cdd115997230756317af7df1f0\">\n#top .togglecontainer.av-ljd8iim9-763b96cdd115997230756317af7df1f0 h4.toggler{\nfont-size:14px;\n}\n#top .togglecontainer.av-ljd8iim9-763b96cdd115997230756317af7df1f0 h4.toggler.activeTitle{\ncolor:#ffffff;\nborder-color:#ffffff;\nbackground-color:#2682d3;\n}\n<\/style>\n<div  class='togglecontainer av-ljd8iim9-763b96cdd115997230756317af7df1f0  avia-builder-el-4  avia-builder-el-no-sibling  accordion_product toggle_close_all hasCurrentStyle' >\n<section class='av_toggle_section av-ljd8i615-51c524f751f81820b7e77a1878165b64' ><div role=\"tablist\" class=\"single_toggle\" data-tags=\"{Alle} \"  ><h4 id='toggle-toggle-id-1' data-fake-id='#toggle-id-1' class='toggler  activeTitle av-title-above '  role='tab' tabindex='0' aria-controls='toggle-id-1' data-slide-speed=\"200\" data-title=\"L\u00f6sungsmittelbasis\" data-title-open=\"\" data-aria_collapsed=\"Click to expand: L\u00f6sungsmittelbasis\" data-aria_expanded=\"Click to collapse: L\u00f6sungsmittelbasis\">L\u00f6sungsmittelbasis<span class=\"toggle_icon\"><span class=\"vert_icon\"><\/span><span class=\"hor_icon\"><\/span><\/span><\/h4><div id='toggle-id-1' aria-labelledby='toggle-toggle-id-1' role='region' class='toggle_wrap  active_tc av-title-above' style='display:block;' ><div class='toggle_content invers-color ' ><ul class=\"customlist1\">\n<li><a href=\"https:\/\/fileserver.mates.it\/Prodotti\/3_Distaccanti\/TDS\/Chemtrend\/Turapori\/zyvax_sealer_gp_TDS.pdf\" target=\"_blank\" rel=\"noopener noreferrer\">Zyvax \u00ae Sealer GP<\/a><\/li>\n<li><a href=\"https:\/\/fileserver.mates.it\/Prodotti\/3_Distaccanti\/TDS\/Chemtrend\/Turapori\/zyvax_MPP1018_TDS.pdf\" target=\"_blank\" rel=\"noopener noreferrer\">Zyvax \u00ae MPP 1018<\/a><\/li>\n<\/ul>\n<\/div><\/div><\/div><\/section>\n<section class='av_toggle_section av-ljd8ihyh-f2971b91ad8224f0303d1ffa8eb262de' ><div role=\"tablist\" class=\"single_toggle\" data-tags=\"{Alle} \"  ><h4 id='toggle-toggle-id-2' data-fake-id='#toggle-id-2' class='toggler  av-title-above '  role='tab' tabindex='0' aria-controls='toggle-id-2' data-slide-speed=\"200\" data-title=\"Wasserbasis \/ Ohne L\u00f6sungsmittel\" data-title-open=\"\" data-aria_collapsed=\"Click to expand: Wasserbasis \/ Ohne L\u00f6sungsmittel\" data-aria_expanded=\"Click to collapse: Wasserbasis \/ Ohne L\u00f6sungsmittel\">Wasserbasis \/ Ohne L\u00f6sungsmittel<span class=\"toggle_icon\"><span class=\"vert_icon\"><\/span><span class=\"hor_icon\"><\/span><\/span><\/h4><div id='toggle-id-2' aria-labelledby='toggle-toggle-id-2' role='region' class='toggle_wrap  av-title-above'  ><div class='toggle_content invers-color ' ><ul class=\"customlist2\">\n<li><a href=\"https:\/\/fileserver.mates.it\/Prodotti\/3_Distaccanti\/TDS\/Chemtrend\/Turapori\/zyvax_sealer_1028W_TDS.pdf\" target=\"_blank\" rel=\"noopener noreferrer\">Zyvax \u00ae Sealer 1028W<\/a><\/li>\n<li><a href=\"https:\/\/fileserver.mates.it\/Prodotti\/3_Distaccanti\/TDS\/Chemtrend\/Turapori\/zyvax_preflight_TDS.pdf\" target=\"_blank\" rel=\"noopener noreferrer\">Zyvax \u00ae PreFlight \u2122<\/a><\/li>\n<\/ul>\n<\/div><\/div><\/div><\/section>\n<\/div><\/div><div  class='hr av-av_hr-91d7ccd583a503147498e120fee2ff9b hr-default  avia-builder-el-5  el_after_av_two_fifth  avia-builder-el-last '><span class='hr-inner '><span class=\"hr-inner-style\"><\/span><\/span><\/div><\/p>\n","protected":false},"excerpt":{"rendered":"<p>Versiegelungen tragen dazu bei, Formen und Werkzeuge f\u00fcr die Herstellung von Verbundwerkstoffen vor chemischen und physikalischen Sch\u00e4den zu sch\u00fctzen, die durch die beim Formprozess nat\u00fcrlichen Bindungstendenzen entstehen.<\/p>\n","protected":false},"author":2,"featured_media":0,"parent":8941,"menu_order":2,"comment_status":"open","ping_status":"open","template":"","meta":{"footnotes":""},"class_list":["post-9014","page","type-page","status-publish","hentry"],"_links":{"self":[{"href":"https:\/\/www.mates.it\/de\/wp-json\/wp\/v2\/pages\/9014","targetHints":{"allow":["GET"]}}],"collection":[{"href":"https:\/\/www.mates.it\/de\/wp-json\/wp\/v2\/pages"}],"about":[{"href":"https:\/\/www.mates.it\/de\/wp-json\/wp\/v2\/types\/page"}],"author":[{"embeddable":true,"href":"https:\/\/www.mates.it\/de\/wp-json\/wp\/v2\/users\/2"}],"replies":[{"embeddable":true,"href":"https:\/\/www.mates.it\/de\/wp-json\/wp\/v2\/comments?post=9014"}],"version-history":[{"count":0,"href":"https:\/\/www.mates.it\/de\/wp-json\/wp\/v2\/pages\/9014\/revisions"}],"up":[{"embeddable":true,"href":"https:\/\/www.mates.it\/de\/wp-json\/wp\/v2\/pages\/8941"}],"wp:attachment":[{"href":"https:\/\/www.mates.it\/de\/wp-json\/wp\/v2\/media?parent=9014"}],"curies":[{"name":"wp","href":"https:\/\/api.w.org\/{rel}","templated":true}]}}