{"id":9016,"date":"2016-08-01T22:12:08","date_gmt":"2016-08-01T20:12:08","guid":{"rendered":"https:\/\/www.mates.it\/prodotti\/agenti-distaccanti\/semipermanenti\/schimmelreiniger\/"},"modified":"2023-06-26T21:00:41","modified_gmt":"2023-06-26T19:00:41","slug":"formenreiniger","status":"publish","type":"page","link":"https:\/\/www.mates.it\/de\/produkte\/trennmittel\/halb-permanent\/formenreiniger\/","title":{"rendered":"Formenreiniger"},"content":{"rendered":"<div  class='flex_column av-av_three_fifth-7714eba142aeda1f8b5272a3c372b279 av_three_fifth  avia-builder-el-0  el_before_av_two_fifth  avia-builder-el-first  first flex_column_div  '     ><p>\n<style type=\"text\/css\" data-created_by=\"avia_inline_auto\" id=\"style-css-av-ljd7zcco-caa4b13d82d855e9466278452edc8f24\">\n#top .av-special-heading.av-ljd7zcco-caa4b13d82d855e9466278452edc8f24{\npadding-bottom:10px;\n}\nbody .av-special-heading.av-ljd7zcco-caa4b13d82d855e9466278452edc8f24 .av-special-heading-tag .heading-char{\nfont-size:25px;\n}\n.av-special-heading.av-ljd7zcco-caa4b13d82d855e9466278452edc8f24 .av-subheading{\nfont-size:15px;\n}\n<\/style>\n<div  class='av-special-heading av-ljd7zcco-caa4b13d82d855e9466278452edc8f24 av-special-heading-h1  avia-builder-el-1  el_before_av_textblock  avia-builder-el-first  custom-h1-title'><h1 class='av-special-heading-tag '  >Formenreiniger<\/h1><div class=\"special-heading-border\"><div class=\"special-heading-inner-border\"><\/div><\/div><\/div><br \/>\n<section  class='av_textblock_section av-ljd7ylbg-9a001c9c002c7fec6ee09d5e337c4393 '  ><div class='avia_textblock' ><p>Formenreiniger wurden entwickelt, um Formen, Werkzeuge und Composite-Formausr\u00fcstung in einem optimalen Betriebszustand zu halten und gleichzeitig die Betriebseffizienz zu maximieren, hochwertige Komponenten zu produzieren und wichtige Ressourcen zu sch\u00fctzen. Eine breite Palette von Reinigern auf Wasser- oder L\u00f6sungsmittelbasis wurde entwickelt, um eine praktikable Alternative f\u00fcr die Entfernung von Oberfl\u00e4chenverunreinigungen zu bieten. Speziell entwickelt zur Unterst\u00fctzung bei der Vorbereitung neuer und gebrauchter Formen vor der Behandlung mit Chem-Trend \u00ae Trennmitteln, zur Beseitigung des Schleifens oder zur L\u00f6sungsmittelw\u00e4sche bei der Vorbereitung von Teilen f\u00fcr die Lackierung, Kleben, Stanzen oder andere Prozesse, die eine v\u00f6llig saubere Oberfl\u00e4che erfordern.<\/p>\n<div style=\"width: 100%;\"><\/div>\n<\/div><\/section><\/p><\/div>\n<div  class='flex_column av-av_two_fifth-f1c518e9ff58e869f80c8f093487abc9 av_two_fifth  avia-builder-el-3  el_after_av_three_fifth  el_before_av_hr  flex_column_div  '     ><style type=\"text\/css\" data-created_by=\"avia_inline_auto\" id=\"style-css-av-ljd801do-7e57b956b47ff39151bca6e2a4c075cb\">\n#top .togglecontainer.av-ljd801do-7e57b956b47ff39151bca6e2a4c075cb h4.toggler{\nfont-size:14px;\n}\n#top .togglecontainer.av-ljd801do-7e57b956b47ff39151bca6e2a4c075cb h4.toggler.activeTitle{\ncolor:#ffffff;\nborder-color:#ffffff;\nbackground-color:#2682d3;\n}\n<\/style>\n<div  class='togglecontainer av-ljd801do-7e57b956b47ff39151bca6e2a4c075cb  avia-builder-el-4  avia-builder-el-no-sibling  accordion_product toggle_close_all hasCurrentStyle' >\n<section class='av_toggle_section av-ljd7zvyk-115f1f202085f98e2775bad42a417445' ><div role=\"tablist\" class=\"single_toggle\" data-tags=\"{Alle} \"  ><h4 id='toggle-toggle-id-1' data-fake-id='#toggle-id-1' class='toggler  activeTitle av-title-above '  role='tab' tabindex='0' aria-controls='toggle-id-1' data-slide-speed=\"200\" data-title=\"L\u00f6sungsmittelbasis\" data-title-open=\"\" data-aria_collapsed=\"Click to expand: L\u00f6sungsmittelbasis\" data-aria_expanded=\"Click to collapse: L\u00f6sungsmittelbasis\">L\u00f6sungsmittelbasis<span class=\"toggle_icon\"><span class=\"vert_icon\"><\/span><span class=\"hor_icon\"><\/span><\/span><\/h4><div id='toggle-id-1' aria-labelledby='toggle-toggle-id-1' role='region' class='toggle_wrap  active_tc av-title-above' style='display:block;' ><div class='toggle_content invers-color ' ><ul class=\"customlist1\">\n<li><a href=\"https:\/\/fileserver.mates.it\/Prodotti\/3_Distaccanti\/TDS\/Chemtrend\/Pulitori\/zyvax_surface_cleaner_TDS.pdf\" target=\"_blank\" rel=\"noopener\">Zyvax \u00ae Surface Cleaner<\/a><\/li>\n<\/ul>\n<\/div><\/div><\/div><\/section>\n<section class='av_toggle_section av-ljd80058-dc48d693b996564084d06407b56c37e5' ><div role=\"tablist\" class=\"single_toggle\" data-tags=\"{Alle} \"  ><h4 id='toggle-toggle-id-2' data-fake-id='#toggle-id-2' class='toggler  av-title-above '  role='tab' tabindex='0' aria-controls='toggle-id-2' data-slide-speed=\"200\" data-title=\"Wasserbasis \/ Ohne L\u00f6sungsmittel\" data-title-open=\"\" data-aria_collapsed=\"Click to expand: Wasserbasis \/ Ohne L\u00f6sungsmittel\" data-aria_expanded=\"Click to collapse: Wasserbasis \/ Ohne L\u00f6sungsmittel\">Wasserbasis \/ Ohne L\u00f6sungsmittel<span class=\"toggle_icon\"><span class=\"vert_icon\"><\/span><span class=\"hor_icon\"><\/span><\/span><\/h4><div id='toggle-id-2' aria-labelledby='toggle-toggle-id-2' role='region' class='toggle_wrap  av-title-above'  ><div class='toggle_content invers-color ' ><ul class=\"customlist2\">\n<li><a href=\"https:\/\/fileserver.mates.it\/Prodotti\/3_Distaccanti\/TDS\/Chemtrend\/Pulitori\/zyvax_waterclean_TDS.pdf\" target=\"_blank\" rel=\"noopener\">Zyvax \u00ae Water Clean<\/a><\/li>\n<li><a href=\"https:\/\/fileserver.mates.it\/Prodotti\/3_Distaccanti\/TDS\/Chemtrend\/Pulitori\/zyvax_mold_cleaner_10W_TDS.pdf\" target=\"_blank\" rel=\"noopener\">Zyvax \u00ae Mold Cleaner 10W<\/a><\/li>\n<li><a href=\"https:\/\/fileserver.mates.it\/Prodotti\/3_Distaccanti\/TDS\/Chemtrend\/Pulitori\/zyvax_freshstart_TDS.pdf\" target=\"_blank\" rel=\"noopener\">Zyvax \u00ae FreshStart\u2122<\/a><\/li>\n<\/ul>\n<\/div><\/div><\/div><\/section>\n<\/div><\/div>\n<div  class='hr av-av_hr-91d7ccd583a503147498e120fee2ff9b hr-default  avia-builder-el-5  el_after_av_two_fifth  avia-builder-el-last '><span class='hr-inner '><span class=\"hr-inner-style\"><\/span><\/span><\/div>\n","protected":false},"excerpt":{"rendered":"<p>Formenreiniger wurden entwickelt, um Formen, Werkzeuge und Composite-Formausr\u00fcstung in einem optimalen Betriebszustand zu halten.<\/p>\n","protected":false},"author":2,"featured_media":0,"parent":8941,"menu_order":1,"comment_status":"open","ping_status":"open","template":"","meta":{"footnotes":""},"class_list":["post-9016","page","type-page","status-publish","hentry"],"_links":{"self":[{"href":"https:\/\/www.mates.it\/de\/wp-json\/wp\/v2\/pages\/9016","targetHints":{"allow":["GET"]}}],"collection":[{"href":"https:\/\/www.mates.it\/de\/wp-json\/wp\/v2\/pages"}],"about":[{"href":"https:\/\/www.mates.it\/de\/wp-json\/wp\/v2\/types\/page"}],"author":[{"embeddable":true,"href":"https:\/\/www.mates.it\/de\/wp-json\/wp\/v2\/users\/2"}],"replies":[{"embeddable":true,"href":"https:\/\/www.mates.it\/de\/wp-json\/wp\/v2\/comments?post=9016"}],"version-history":[{"count":0,"href":"https:\/\/www.mates.it\/de\/wp-json\/wp\/v2\/pages\/9016\/revisions"}],"up":[{"embeddable":true,"href":"https:\/\/www.mates.it\/de\/wp-json\/wp\/v2\/pages\/8941"}],"wp:attachment":[{"href":"https:\/\/www.mates.it\/de\/wp-json\/wp\/v2\/media?parent=9016"}],"curies":[{"name":"wp","href":"https:\/\/api.w.org\/{rel}","templated":true}]}}