{"id":9017,"date":"2016-08-02T15:07:50","date_gmt":"2016-08-02T13:07:50","guid":{"rendered":"https:\/\/www.mates.it\/prodotti\/materiali-anima-core\/alveolari\/aramid-d\/"},"modified":"2023-06-27T14:22:34","modified_gmt":"2023-06-27T12:22:34","slug":"aramid-d","status":"publish","type":"page","link":"https:\/\/www.mates.it\/de\/produkte\/sandwichmaterialien\/alveolaren\/aramid-d\/","title":{"rendered":"Aramid"},"content":{"rendered":"<div  class='flex_column av-av_three_fifth-7714eba142aeda1f8b5272a3c372b279 av_three_fifth  avia-builder-el-0  el_before_av_two_fifth  avia-builder-el-first  first flex_column_div  '     ><p>\n<style type=\"text\/css\" data-created_by=\"avia_inline_auto\" id=\"style-css-av-lje9crqw-e7a1797cb90580b031a8dfefa7be3e10\">\n#top .av-special-heading.av-lje9crqw-e7a1797cb90580b031a8dfefa7be3e10{\npadding-bottom:10px;\n}\nbody .av-special-heading.av-lje9crqw-e7a1797cb90580b031a8dfefa7be3e10 .av-special-heading-tag .heading-char{\nfont-size:25px;\n}\n.av-special-heading.av-lje9crqw-e7a1797cb90580b031a8dfefa7be3e10 .av-subheading{\nfont-size:15px;\n}\n<\/style>\n<div  class='av-special-heading av-lje9crqw-e7a1797cb90580b031a8dfefa7be3e10 av-special-heading-h1  avia-builder-el-1  el_before_av_textblock  avia-builder-el-first  custom-h1-title'><h1 class='av-special-heading-tag '  >Aramid<\/h1><div class=\"special-heading-border\"><div class=\"special-heading-inner-border\"><\/div><\/div><\/div><br \/>\n<section  class='av_textblock_section av-lje9cm15-c868a77047e61fc955658845c2825a83 '  ><div class='avia_textblock' ><p>Aramidpapierwaben sind ein sehr leichtes und starkes Produkt, das aus Lagen von Aramidpapier besteht, die zu einer Wabenstruktur vorgeformt und mit einem hochtemperaturbest\u00e4ndigen Phenolharz impr\u00e4gniert sind. Dieser strukturelle Kern wird als Verst\u00e4rkung in zahlreichen Bereichen wie Schifffahrt, Transport, Automobilbau, Luft- und Raumfahrt\/Verteidigung eingesetzt, wo Leichtigkeit und Festigkeit gefragt sind. Er kann mit Epoxidharz oder anderen spezifischen Klebstoffen zwischen zwei vorkonstituierte Laminate durch manuelle, Vakuum- oder \u00e4hnliche Laminierung geklebt werden, oder er kann bei Verfahren mit Prepregs und Filmklebstoffen zwischen die Au\u00dfenh\u00e4ute eingef\u00fcgt werden. Die Stabilit\u00e4t der Aramid-Molekularstruktur garantiert nicht nur hohe mechanische Eigenschaften, sondern auch hervorragende elektrische Isolationseigenschaften.<\/p>\n<div style=\"width: 100%;\"><\/div>\n<\/div><\/section><\/p><\/div><div  class='flex_column av-av_two_fifth-f1c518e9ff58e869f80c8f093487abc9 av_two_fifth  avia-builder-el-3  el_after_av_three_fifth  el_before_av_hr  flex_column_div  '     ><style type=\"text\/css\" data-created_by=\"avia_inline_auto\" id=\"style-css-av-av_toggle_container-aa303faae9b53071bb573d27bc7412b5\">\n#top .togglecontainer.av-av_toggle_container-aa303faae9b53071bb573d27bc7412b5 h4.toggler{\nfont-size:14px;\n}\n#top .togglecontainer.av-av_toggle_container-aa303faae9b53071bb573d27bc7412b5 h4.toggler.activeTitle{\ncolor:#ffffff;\nborder-color:#ffffff;\nbackground-color:#2682d3;\n}\n<\/style>\n<div  class='togglecontainer av-av_toggle_container-aa303faae9b53071bb573d27bc7412b5  avia-builder-el-4  avia-builder-el-no-sibling  accordion_product toggle_close_all hasCurrentStyle' >\n<section class='av_toggle_section av-av_toggle-b11c89ee3843c14d65d8218728852914' ><div role=\"tablist\" class=\"single_toggle\" data-tags=\"{Alle} \"  ><h4 id='toggle-toggle-id-1' data-fake-id='#toggle-id-1' class='toggler  activeTitle av-title-above '  role='tab' tabindex='0' aria-controls='toggle-id-1' data-slide-speed=\"200\" data-title=\"Actec\" data-title-open=\"\" data-aria_collapsed=\"Click to expand: Actec\" data-aria_expanded=\"Click to collapse: Actec\">Actec<span class=\"toggle_icon\"><span class=\"vert_icon\"><\/span><span class=\"hor_icon\"><\/span><\/span><\/h4><div id='toggle-id-1' aria-labelledby='toggle-toggle-id-1' role='region' class='toggle_wrap  active_tc av-title-above' style='display:block;' ><div class='toggle_content invers-color ' ><ul class=\"customlist1\">\n<li><a href=\"https:\/\/fileserver.mates.it\/Prodotti\/4_Anime\/TDS\/Actec\/AT-NH_TDS.pdf\" target=\"_blank\" rel=\"noopener noreferrer\">AT-NH<\/a><\/li>\n<li><a href=\"https:\/\/fileserver.mates.it\/Prodotti\/4_Anime\/TDS\/Actec\/ATA-NH_TDS.pdf\" target=\"_blank\" rel=\"noopener noreferrer\">AT-NH-A<\/a><\/li>\n<\/ul>\n<\/div><\/div><\/div><\/section>\n<section class='av_toggle_section av-av_toggle-749c6a3b8cef8d4a7e6ae78136e4ccf4' ><div role=\"tablist\" class=\"single_toggle\" data-tags=\"{Alle} \"  ><h4 id='toggle-toggle-id-2' data-fake-id='#toggle-id-2' class='toggler  av-title-above '  role='tab' tabindex='0' aria-controls='toggle-id-2' data-slide-speed=\"200\" data-title=\"Hexcel \u00ae\" data-title-open=\"\" data-aria_collapsed=\"Click to expand: Hexcel \u00ae\" data-aria_expanded=\"Click to collapse: Hexcel \u00ae\">Hexcel \u00ae<span class=\"toggle_icon\"><span class=\"vert_icon\"><\/span><span class=\"hor_icon\"><\/span><\/span><\/h4><div id='toggle-id-2' aria-labelledby='toggle-toggle-id-2' role='region' class='toggle_wrap  av-title-above'  ><div class='toggle_content invers-color ' ><ul class=\"customlist2\">\n<li><a href=\"https:\/\/fileserver.mates.it\/Prodotti\/4_Anime\/TDS\/Hexcel\/A1A10_EU_DS.pdf\" target=\"_blank\" rel=\"noopener noreferrer\">A1\/A10<\/a><\/li>\n<li><a href=\"https:\/\/fileserver.mates.it\/Prodotti\/4_Anime\/TDS\/Hexcel\/HRH_10_EU_DS.pdf\" target=\"_blank\" rel=\"noopener noreferrer\">HR10<\/a><\/li>\n<li><a href=\"https:\/\/fileserver.mates.it\/Prodotti\/4_Anime\/TDS\/Hexcel\/HRH_36_EU_DS.pdf\" target=\"_blank\" rel=\"noopener noreferrer\">HR36<\/a><\/li>\n<\/ul>\n<\/div><\/div><\/div><\/section>\n<section class='av_toggle_section av-av_toggle-16a9e9090d507f553193f0269a75cd3d' ><div role=\"tablist\" class=\"single_toggle\" data-tags=\"{Alle} \"  ><h4 id='toggle-toggle-id-3' data-fake-id='#toggle-id-3' class='toggler  av-title-above '  role='tab' tabindex='0' aria-controls='toggle-id-3' data-slide-speed=\"200\" data-title=\"Schutz\" data-title-open=\"\" data-aria_collapsed=\"Click to expand: Schutz\" data-aria_expanded=\"Click to collapse: Schutz\">Schutz<span class=\"toggle_icon\"><span class=\"vert_icon\"><\/span><span class=\"hor_icon\"><\/span><\/span><\/h4><div id='toggle-id-3' aria-labelledby='toggle-toggle-id-3' role='region' class='toggle_wrap  av-title-above'  ><div class='toggle_content invers-color ' ><ul class=\"customlist2\">\n<li><a href=\"https:\/\/fileserver.mates.it\/Prodotti\/4_Anime\/TDS\/Schuetz\/C1_DS.pdf\" target=\"_blank\" rel=\"noopener noreferrer\">C1<\/a><\/li>\n<li><a href=\"https:\/\/fileserver.mates.it\/Prodotti\/4_Anime\/TDS\/Schuetz\/C2_DS.pdf\" target=\"_blank\" rel=\"noopener noreferrer\">C2<\/a><\/li>\n<\/ul>\n<\/div><\/div><\/div><\/section>\n<\/div><\/div><\/p>\n<div  class='hr av-av_hr-91d7ccd583a503147498e120fee2ff9b hr-default  avia-builder-el-5  el_after_av_two_fifth  el_before_av_one_full '><span class='hr-inner '><span class=\"hr-inner-style\"><\/span><\/span><\/div>\n<div  class='flex_column av-av_one_full-7714eba142aeda1f8b5272a3c372b279 av_one_full  avia-builder-el-6  el_after_av_hr  avia-builder-el-last  first flex_column_div  '     ><p><div  class='avia-button-wrap av-av_button-0566a513347e123b2bd4fef51731abe8-wrap avia-button-left  avia-builder-el-7  el_before_av_button  avia-builder-el-first '><a href=\"https:\/\/fileserver.mates.it\/Prodotti\/4_Anime\/Brochure\/brochure-schuetz-cormaster-en.pdf\" class=\"avia-button av-av_button-0566a513347e123b2bd4fef51731abe8 av-link-btn avia-icon_select-yes-left-icon avia-size-small avia-position-left avia-color-theme-color\" target=\"_blank\" rel=\"noopener noreferrer\" aria-label=\"  Schutz \u00ae Coremaster\"><span class='avia_button_icon avia_button_icon_left avia-iconfont avia-font-entypo-fontello' data-av_icon='\ue82d' data-av_iconfont='entypo-fontello' ><\/span><span class='avia_iconbox_title' >  Schutz \u00ae Coremaster<\/span><\/a><\/div><br \/>\n<div  class='avia-button-wrap av-av_button-ef9d134372053a7acede03b3927fcadb-wrap avia-button-left  avia-builder-el-8  el_after_av_button  el_before_av_button '><a href=\"https:\/\/fileserver.mates.it\/Prodotti\/4_Anime\/Brochure\/Hexcel\/HexWeb_EngineeredCore_Brochure.pdf\" class=\"avia-button av-av_button-ef9d134372053a7acede03b3927fcadb av-link-btn avia-icon_select-yes-left-icon avia-size-small avia-position-left avia-color-theme-color\" target=\"_blank\" rel=\"noopener noreferrer\" aria-label=\"  Hexcel \u00ae Brochure\"><span class='avia_button_icon avia_button_icon_left avia-iconfont avia-font-entypo-fontello' data-av_icon='\ue82d' data-av_iconfont='entypo-fontello' ><\/span><span class='avia_iconbox_title' >  Hexcel \u00ae Brochure<\/span><\/a><\/div><br \/>\n<div  class='avia-button-wrap av-av_button-10ac70e2579be3834da1beab8adb6a03-wrap avia-button-left  avia-builder-el-9  el_after_av_button  avia-builder-el-last '><a href=\"https:\/\/fileserver.mates.it\/Prodotti\/4_Anime\/Brochure\/Hexcel\/HexWeb_SelectorGuide_2017.pdf\" class=\"avia-button av-av_button-10ac70e2579be3834da1beab8adb6a03 av-link-btn avia-icon_select-yes-left-icon avia-size-small avia-position-left avia-color-theme-color\" target=\"_blank\" rel=\"noopener noreferrer\" aria-label=\"  Hexcel \u00ae Selector guide\"><span class='avia_button_icon avia_button_icon_left avia-iconfont avia-font-entypo-fontello' data-av_icon='\ue82d' data-av_iconfont='entypo-fontello' ><\/span><span class='avia_iconbox_title' >  Hexcel \u00ae Selector guide<\/span><\/a><\/div><\/p><\/div>\n","protected":false},"excerpt":{"rendered":"<p>Aramidpapierwaben sind ein sehr leichtes und widerstandsf\u00e4higes Produkt, das aus Lagen von Aramidpapier besteht, die in einer Wabenstruktur vorgeformt und mit einem hochtemperaturbest\u00e4ndigen Phenolharz impr\u00e4gniert sind.<\/p>\n","protected":false},"author":2,"featured_media":0,"parent":8945,"menu_order":1,"comment_status":"open","ping_status":"open","template":"","meta":{"footnotes":""},"class_list":["post-9017","page","type-page","status-publish","hentry"],"_links":{"self":[{"href":"https:\/\/www.mates.it\/de\/wp-json\/wp\/v2\/pages\/9017","targetHints":{"allow":["GET"]}}],"collection":[{"href":"https:\/\/www.mates.it\/de\/wp-json\/wp\/v2\/pages"}],"about":[{"href":"https:\/\/www.mates.it\/de\/wp-json\/wp\/v2\/types\/page"}],"author":[{"embeddable":true,"href":"https:\/\/www.mates.it\/de\/wp-json\/wp\/v2\/users\/2"}],"replies":[{"embeddable":true,"href":"https:\/\/www.mates.it\/de\/wp-json\/wp\/v2\/comments?post=9017"}],"version-history":[{"count":0,"href":"https:\/\/www.mates.it\/de\/wp-json\/wp\/v2\/pages\/9017\/revisions"}],"up":[{"embeddable":true,"href":"https:\/\/www.mates.it\/de\/wp-json\/wp\/v2\/pages\/8945"}],"wp:attachment":[{"href":"https:\/\/www.mates.it\/de\/wp-json\/wp\/v2\/media?parent=9017"}],"curies":[{"name":"wp","href":"https:\/\/api.w.org\/{rel}","templated":true}]}}