{"id":9018,"date":"2016-08-02T15:15:36","date_gmt":"2016-08-02T13:15:36","guid":{"rendered":"https:\/\/www.mates.it\/prodotti\/materiali-anima-core\/alveolari\/aluminium-d\/"},"modified":"2026-03-02T12:48:46","modified_gmt":"2026-03-02T11:48:46","slug":"aluminium-d","status":"publish","type":"page","link":"https:\/\/www.mates.it\/de\/produkte\/sandwichmaterialien\/alveolaren\/aluminium-d\/","title":{"rendered":"Aluminium"},"content":{"rendered":"<div  class='flex_column av-av_three_fifth-7714eba142aeda1f8b5272a3c372b279 av_three_fifth  avia-builder-el-0  el_before_av_two_fifth  avia-builder-el-first  first flex_column_div  '     ><p>\n<style type=\"text\/css\" data-created_by=\"avia_inline_auto\" id=\"style-css-av-lje9t244-b9e7517be8f9d0b63a7c0b4902ba04ef\">\n#top .av-special-heading.av-lje9t244-b9e7517be8f9d0b63a7c0b4902ba04ef{\npadding-bottom:10px;\n}\nbody .av-special-heading.av-lje9t244-b9e7517be8f9d0b63a7c0b4902ba04ef .av-special-heading-tag .heading-char{\nfont-size:25px;\n}\n.av-special-heading.av-lje9t244-b9e7517be8f9d0b63a7c0b4902ba04ef .av-subheading{\nfont-size:15px;\n}\n<\/style>\n<div  class='av-special-heading av-lje9t244-b9e7517be8f9d0b63a7c0b4902ba04ef av-special-heading-h1  avia-builder-el-1  el_before_av_textblock  avia-builder-el-first  custom-h1-title'><h1 class='av-special-heading-tag '  >Aluminium<\/h1><div class=\"special-heading-border\"><div class=\"special-heading-inner-border\"><\/div><\/div><\/div><br \/>\n<section  class='av_textblock_section av-lje9st0r-0bf2732411d9c80fe2a89aa7a2700ead '  ><div class='avia_textblock' ><p>Aluminiumwaben sind ein sehr leichtes Produkt, das gegen Druck, Scherung, Feuer und Korrosion best\u00e4ndig ist. Es besteht aus schichtweise verklebten Aluminiumblechen, die sich zu einer sechseckigen Struktur ausdehnen. Manchmal kann sie mikroperforiert sein, um alle Zellen miteinander zu verbinden. Diese Art von Waben wird in vielen Bereichen als Kern verwendet und f\u00fcr alle Produkte eingesetzt, bei denen ein optimales Verh\u00e4ltnis zwischen Steifigkeit und Gewicht erreicht werden soll. Im Automobilsektor wird sie als Puffer f\u00fcr die Kompression verwendet, da sie in der Lage ist, einen Gro\u00dfteil der kinetischen Energie zu absorbieren. Die strukturelle Steifigkeit und das geringe Gewicht von Aluminium garantieren daher Produkte mit hervorragenden chemisch-physikalischen Eigenschaften.<\/p>\n<div style=\"width: 100%;\"><\/div>\n<\/div><\/section><\/p><\/div>\n<div  class='flex_column av-av_two_fifth-f1c518e9ff58e869f80c8f093487abc9 av_two_fifth  avia-builder-el-3  el_after_av_three_fifth  el_before_av_hr  flex_column_div  '     ><style type=\"text\/css\" data-created_by=\"avia_inline_auto\" id=\"style-css-av-mm948afz-210bd2629b9adae822fa796a0301b27d\">\n#top .togglecontainer.av-mm948afz-210bd2629b9adae822fa796a0301b27d h4.toggler{\nfont-size:14px;\n}\n#top .togglecontainer.av-mm948afz-210bd2629b9adae822fa796a0301b27d h4.toggler.activeTitle{\ncolor:#ffffff;\nborder-color:#ffffff;\nbackground-color:#2682d3;\n}\n<\/style>\n<div  class='togglecontainer av-mm948afz-210bd2629b9adae822fa796a0301b27d  avia-builder-el-4  avia-builder-el-no-sibling  accordion_product toggle_close_all hasCurrentStyle' >\n<section class='av_toggle_section av-av_toggle-7eac8dd882862e581d52dad518da5104' ><div role=\"tablist\" class=\"single_toggle\" data-tags=\"{Alle} \"  ><h4 id='toggle-toggle-id-1' data-fake-id='#toggle-id-1' class='toggler  activeTitle av-title-above '  role='tab' tabindex='0' aria-controls='toggle-id-1' data-slide-speed=\"200\" data-title=\"Hexcel \u00ae\" data-title-open=\"\" data-aria_collapsed=\"Click to expand: Hexcel \u00ae\" data-aria_expanded=\"Click to collapse: Hexcel \u00ae\">Hexcel \u00ae<span class=\"toggle_icon\"><span class=\"vert_icon\"><\/span><span class=\"hor_icon\"><\/span><\/span><\/h4><div id='toggle-id-1' aria-labelledby='toggle-toggle-id-1' role='region' class='toggle_wrap  active_tc av-title-above' style='display:block;' ><div class='toggle_content invers-color ' ><ul class=\"customlist2\">\n<li><a href=\"https:\/\/fileserver.mates.it\/Prodotti\/4_Anime\/TDS\/Hexcel\/CRIII_US_DS.pdf\" target=\"_blank\" rel=\"noopener\">CRIII<\/a><\/li>\n<li><a href=\"https:\/\/fileserver.mates.it\/Prodotti\/4_Anime\/TDS\/Hexcel\/CR_PAA_US_DS.pdf\" target=\"_blank\" rel=\"noopener\">CR-PAA<\/a><\/li>\n<li><a href=\"https:\/\/fileserver.mates.it\/Prodotti\/4_Anime\/TDS\/Hexcel\/FlexCore_US_DS.pdf\" target=\"_blank\" rel=\"noopener\">FlexCore \u00ae<\/a><\/li>\n<li><a href=\"https:\/\/fileserver.mates.it\/Prodotti\/4_Anime\/TDS\/Hexcel\/Rigicell_US_DS.pdf\" target=\"_blank\" rel=\"noopener\">Rigicell \u00ae<\/a><\/li>\n<\/ul>\n<\/div><\/div><\/div><\/section>\n<section class='av_toggle_section av-mm9489ws-3d1151ce7532fd7edcfa89be3cd749c7' ><div role=\"tablist\" class=\"single_toggle\" data-tags=\"{Alle} \"  ><h4 id='toggle-toggle-id-2' data-fake-id='#toggle-id-2' class='toggler  av-title-above '  role='tab' tabindex='0' aria-controls='toggle-id-2' data-slide-speed=\"200\" data-title=\"Mates \u00ae\" data-title-open=\"\" data-aria_collapsed=\"Click to expand: Mates \u00ae\" data-aria_expanded=\"Click to collapse: Mates \u00ae\">Mates \u00ae<span class=\"toggle_icon\"><span class=\"vert_icon\"><\/span><span class=\"hor_icon\"><\/span><\/span><\/h4><div id='toggle-id-2' aria-labelledby='toggle-toggle-id-2' role='region' class='toggle_wrap  av-title-above'  ><div class='toggle_content invers-color ' ><ul class=\"customlist2\">\n<li><a href=\"https:\/\/fileserver.mates.it\/Prodotti\/4_Anime\/TDS\/Mates\/HC%20Alluminio\/HC_CR_5052_mates.pdf\" target=\"_blank\" rel=\"noopener\">CR 5052<\/a><\/li>\n<li><a href=\"https:\/\/fileserver.mates.it\/Prodotti\/4_Anime\/TDS\/Mates\/HC%20Alluminio\/HC_CR_5056_mates.pdf\" target=\"_blank\" rel=\"noopener\">CR 5056<\/a><\/li>\n<\/ul>\n<\/div><\/div><\/div><\/section>\n<\/div><\/div><div  class='hr av-av_hr-91d7ccd583a503147498e120fee2ff9b hr-default  avia-builder-el-5  el_after_av_two_fifth  el_before_av_one_full '><span class='hr-inner '><span class=\"hr-inner-style\"><\/span><\/span><\/div><\/p>\n<div  class='flex_column av-av_one_full-7714eba142aeda1f8b5272a3c372b279 av_one_full  avia-builder-el-6  el_after_av_hr  avia-builder-el-last  first flex_column_div  '     ><p><div  class='avia-button-wrap av-av_button-d72878138cf1e229240dd11d5aa058a6-wrap avia-button-left  avia-builder-el-7  el_before_av_button  avia-builder-el-first '><a href=\"https:\/\/fileserver.mates.it\/Prodotti\/4_Anime\/Brochure\/Hexcel\/HexWeb_EngineeredCore_Brochure.pdf\" class=\"avia-button av-av_button-d72878138cf1e229240dd11d5aa058a6 av-link-btn avia-icon_select-yes-left-icon avia-size-small avia-position-left avia-color-theme-color\" target=\"_blank\" rel=\"noopener noreferrer\" aria-label=\" Hexcel \u00ae Brochure\"><span class='avia_button_icon avia_button_icon_left avia-iconfont avia-font-entypo-fontello' data-av_icon='\ue82d' data-av_iconfont='entypo-fontello' ><\/span><span class='avia_iconbox_title' > Hexcel \u00ae Brochure<\/span><\/a><\/div><br \/>\n<div  class='avia-button-wrap av-av_button-2ad253487d209da414b4a4997c7418b3-wrap avia-button-left  avia-builder-el-8  el_after_av_button  avia-builder-el-last '><a href=\"https:\/\/fileserver.mates.it\/Prodotti\/4_Anime\/Brochure\/Hexcel\/HexWeb_SelectorGuide_2017.pdf\" class=\"avia-button av-av_button-2ad253487d209da414b4a4997c7418b3 av-link-btn avia-icon_select-yes-left-icon avia-size-small avia-position-left avia-color-theme-color\" target=\"_blank\" rel=\"noopener noreferrer\" aria-label=\" Hexcel \u00ae Selector guide\"><span class='avia_button_icon avia_button_icon_left avia-iconfont avia-font-entypo-fontello' data-av_icon='\ue82d' data-av_iconfont='entypo-fontello' ><\/span><span class='avia_iconbox_title' > Hexcel \u00ae Selector guide<\/span><\/a><\/div><\/p><\/div>\n","protected":false},"excerpt":{"rendered":"<p>Die Aluminiumwabe ist ein sehr leichtes Produkt, das druck-, scher-, feuer- und korrosionsbest\u00e4ndig ist. Es besteht aus Aluminiumblechen, die in \u00fcberlappenden Schichten verklebt sind und sich zu einer sechseckigen Struktur ausdehnen.<\/p>\n","protected":false},"author":2,"featured_media":0,"parent":8945,"menu_order":2,"comment_status":"open","ping_status":"open","template":"","meta":{"footnotes":""},"class_list":["post-9018","page","type-page","status-publish","hentry"],"_links":{"self":[{"href":"https:\/\/www.mates.it\/de\/wp-json\/wp\/v2\/pages\/9018","targetHints":{"allow":["GET"]}}],"collection":[{"href":"https:\/\/www.mates.it\/de\/wp-json\/wp\/v2\/pages"}],"about":[{"href":"https:\/\/www.mates.it\/de\/wp-json\/wp\/v2\/types\/page"}],"author":[{"embeddable":true,"href":"https:\/\/www.mates.it\/de\/wp-json\/wp\/v2\/users\/2"}],"replies":[{"embeddable":true,"href":"https:\/\/www.mates.it\/de\/wp-json\/wp\/v2\/comments?post=9018"}],"version-history":[{"count":1,"href":"https:\/\/www.mates.it\/de\/wp-json\/wp\/v2\/pages\/9018\/revisions"}],"predecessor-version":[{"id":21175,"href":"https:\/\/www.mates.it\/de\/wp-json\/wp\/v2\/pages\/9018\/revisions\/21175"}],"up":[{"embeddable":true,"href":"https:\/\/www.mates.it\/de\/wp-json\/wp\/v2\/pages\/8945"}],"wp:attachment":[{"href":"https:\/\/www.mates.it\/de\/wp-json\/wp\/v2\/media?parent=9018"}],"curies":[{"name":"wp","href":"https:\/\/api.w.org\/{rel}","templated":true}]}}