{"id":9019,"date":"2016-08-02T15:53:14","date_gmt":"2016-08-02T13:53:14","guid":{"rendered":"https:\/\/www.mates.it\/prodotti\/materiali-anima-core\/espansi\/pet-d\/"},"modified":"2025-10-03T18:15:23","modified_gmt":"2025-10-03T16:15:23","slug":"pet-d","status":"publish","type":"page","link":"https:\/\/www.mates.it\/de\/produkte\/sandwichmaterialien\/schaume\/pet-d\/","title":{"rendered":"PET"},"content":{"rendered":"<div  class='flex_column av-av_three_fifth-7714eba142aeda1f8b5272a3c372b279 av_three_fifth  avia-builder-el-0  el_before_av_two_fifth  avia-builder-el-first  first flex_column_div  '     ><p>\n<style type=\"text\/css\" data-created_by=\"avia_inline_auto\" id=\"style-css-av-av_heading-33023e56ffe042715b567bca7c2f8fbc\">\n#top .av-special-heading.av-av_heading-33023e56ffe042715b567bca7c2f8fbc{\npadding-bottom:10px;\n}\nbody .av-special-heading.av-av_heading-33023e56ffe042715b567bca7c2f8fbc .av-special-heading-tag .heading-char{\nfont-size:25px;\n}\n.av-special-heading.av-av_heading-33023e56ffe042715b567bca7c2f8fbc .av-subheading{\nfont-size:15px;\n}\n<\/style>\n<div  class='av-special-heading av-av_heading-33023e56ffe042715b567bca7c2f8fbc av-special-heading-h1  avia-builder-el-1  el_before_av_textblock  avia-builder-el-first  custom-h1-title'><h1 class='av-special-heading-tag '  >PET<\/h1><div class=\"special-heading-border\"><div class=\"special-heading-inner-border\"><\/div><\/div><\/div><br \/>\n<section  class='av_textblock_section av-ljdbb5sm-1f4e0ec43ecb291450f83f35a647728b '  ><div class='avia_textblock' ><p>Die Strukturkerne aus PET stammen aus einer thermoplastischen Extrusion mit einem guten Gleichgewicht zwischen mechanischen Eigenschaften, Temperaturbest\u00e4ndigkeit, Dichte und Kosten und k\u00f6nnen auch in zahlreichen Prozessen eingesetzt werden. Seine Struktur erm\u00f6glicht eine sehr geringe Harzabsorption (sogar niedriger als bei PVC), was eine Nettoreduzierung des Endgewichts des Laminats gew\u00e4hrleistet, jedoch seine Steifigkeit erh\u00f6ht und eine hohe Erm\u00fcdungsfestigkeit gew\u00e4hrleistet. Es ist mit den meisten auf dem Markt erh\u00e4ltlichen Harzen kompatibel und kann auch an eine Vielzahl von Formverfahren wie Laminieren mit oder ohne Hilfe von Vakuum, Infusion und dergleichen, aber auch f\u00fcr Anwendungen unter mechanischem Pressen angepasst werden. PET wird vor allem im Wind-, Schifffahrts- und Transportsektor eingesetzt.<\/p>\n<div style=\"width: 100%;\"><\/div>\n<\/div><\/section><\/p><\/div>\n<div  class='flex_column av-av_two_fifth-f1c518e9ff58e869f80c8f093487abc9 av_two_fifth  avia-builder-el-3  el_after_av_three_fifth  el_before_av_hr  flex_column_div  '     ><style type=\"text\/css\" data-created_by=\"avia_inline_auto\" id=\"style-css-av-lsgc0v3y-9e10ef054883b526756939b4c200389d\">\n#top .togglecontainer.av-lsgc0v3y-9e10ef054883b526756939b4c200389d h4.toggler{\nfont-size:14px;\n}\n#top .togglecontainer.av-lsgc0v3y-9e10ef054883b526756939b4c200389d h4.toggler.activeTitle{\ncolor:#ffffff;\nborder-color:#ffffff;\nbackground-color:#2682d3;\n}\n<\/style>\n<div  class='togglecontainer av-lsgc0v3y-9e10ef054883b526756939b4c200389d  avia-builder-el-4  avia-builder-el-no-sibling  accordion_product toggle_close_all hasCurrentStyle' >\n<section class='av_toggle_section av-lsgc0tat-194e12efaaa5f84178d7ba9b6ec36aee' ><div role=\"tablist\" class=\"single_toggle\" data-tags=\"{Alle} \"  ><h4 id='toggle-toggle-id-1' data-fake-id='#toggle-id-1' class='toggler  activeTitle av-title-above '  role='tab' tabindex='0' aria-controls='toggle-id-1' data-slide-speed=\"200\" data-title=\"ArmaPET \u2122\" data-title-open=\"\" data-aria_collapsed=\"Click to expand: ArmaPET \u2122\" data-aria_expanded=\"Click to collapse: ArmaPET \u2122\">ArmaPET \u2122<span class=\"toggle_icon\"><span class=\"vert_icon\"><\/span><span class=\"hor_icon\"><\/span><\/span><\/h4><div id='toggle-id-1' aria-labelledby='toggle-toggle-id-1' role='region' class='toggle_wrap  active_tc av-title-above' style='display:block;' ><div class='toggle_content invers-color ' ><ul class=\"customlist1\">\n<li><a href=\"https:\/\/fileserver.mates.it\/Prodotti\/4_Anime\/TDS\/Armacell\/ArmaPET_Struct_GRX.pdf\" target=\"_blank\" rel=\"noopener noreferrer\">Struct GRX<\/a><\/li>\n<li><a href=\"https:\/\/fileserver.mates.it\/Prodotti\/4_Anime\/TDS\/Armacell\/ArmaPET_Struct_FR.pdf\" target=\"_blank\" rel=\"noopener noreferrer\">Struct FR<\/a><\/li>\n<li><a href=\"https:\/\/fileserver.mates.it\/Prodotti\/4_Anime\/TDS\/Armacell\/ArmaPET_Eco.pdf\" target=\"_blank\" rel=\"noopener\">Eco<\/a><\/li>\n<li><a href=\"https:\/\/fileserver.mates.it\/Prodotti\/4_Anime\/TDS\/Armacell\/ArmaPET_Eco50.pdf\" target=\"_blank\" rel=\"noopener\">Eco 50<\/a><\/li>\n<li><a href=\"https:\/\/fileserver.mates.it\/Prodotti\/4_Anime\/TDS\/Armacell\/ArmaPET_Curve.pdf\" target=\"_blank\" rel=\"noopener noreferrer\">Curve<\/a><\/li>\n<\/ul>\n<\/div><\/div><\/div><\/section>\n<section class='av_toggle_section av-av_toggle-731b2485059b5e0aa899628001620377' ><div role=\"tablist\" class=\"single_toggle\" data-tags=\"{Alle} \"  ><h4 id='toggle-toggle-id-2' data-fake-id='#toggle-id-2' class='toggler  av-title-above '  role='tab' tabindex='0' aria-controls='toggle-id-2' data-slide-speed=\"200\" data-title=\"Airex \u00ae\" data-title-open=\"\" data-aria_collapsed=\"Click to expand: Airex \u00ae\" data-aria_expanded=\"Click to collapse: Airex \u00ae\">Airex \u00ae<span class=\"toggle_icon\"><span class=\"vert_icon\"><\/span><span class=\"hor_icon\"><\/span><\/span><\/h4><div id='toggle-id-2' aria-labelledby='toggle-toggle-id-2' role='region' class='toggle_wrap  av-title-above'  ><div class='toggle_content invers-color ' ><ul class=\"customlist2\">\n<li><a href=\"https:\/\/fileserver.mates.it\/Prodotti\/4_Anime\/TDS\/Airex\/TDS-AIREX-T10.pdf\" target=\"_blank\" rel=\"noopener noreferrer\">T10<\/a><\/li>\n<li><a href=\"https:\/\/fileserver.mates.it\/Prodotti\/4_Anime\/TDS\/Airex\/TDS-AIREX-T90.pdf\" target=\"_blank\" rel=\"noopener noreferrer\">T90<\/a><\/li>\n<li><a href=\"https:\/\/fileserver.mates.it\/Prodotti\/4_Anime\/TDS\/Airex\/TDS-AIREX-T92.pdf\" target=\"_blank\" rel=\"noopener noreferrer\">T92<\/a><\/li>\n<\/ul>\n<\/div><\/div><\/div><\/section>\n<\/div><\/div><div  class='hr av-av_hr-91d7ccd583a503147498e120fee2ff9b hr-default  avia-builder-el-5  el_after_av_two_fifth  el_before_av_one_full '><span class='hr-inner '><span class=\"hr-inner-style\"><\/span><\/span><\/div><\/p>\n<div  class='flex_column av-av_one_full-7714eba142aeda1f8b5272a3c372b279 av_one_full  avia-builder-el-6  el_after_av_hr  avia-builder-el-last  first flex_column_div  '     ><p><div  class='avia-button-wrap av-av_button-19eb68b00fee859ece99f8cab3aff7fa-wrap avia-button-left  avia-builder-el-7  el_before_av_button  avia-builder-el-first '><a href=\"https:\/\/fileserver.mates.it\/Prodotti\/4_Anime\/Brochure\/Armacell\/PET_CONVERTING_OPTIONS.pdf\" class=\"avia-button av-av_button-19eb68b00fee859ece99f8cab3aff7fa av-link-btn avia-icon_select-yes-left-icon avia-size-small avia-position-left avia-color-theme-color\" target=\"_blank\" rel=\"noopener noreferrer\" aria-label=\" ArmaPET \u2122 Converting options\"><span class='avia_button_icon avia_button_icon_left avia-iconfont avia-font-entypo-fontello' data-av_icon='\ue82d' data-av_iconfont='entypo-fontello' ><\/span><span class='avia_iconbox_title' > ArmaPET \u2122 Converting options<\/span><\/a><\/div><br \/>\n<div  class='avia-button-wrap av-av_button-ee545a2d595c57c5f2a084a9d1a9b4a9-wrap avia-button-left  avia-builder-el-8  el_after_av_button  el_before_av_button '><a href=\"https:\/\/fileserver.mates.it\/Prodotti\/4_Anime\/Brochure\/Armacell\/ArmaPET_From_Bottle_To_Foam_01.pdf\" class=\"avia-button av-av_button-ee545a2d595c57c5f2a084a9d1a9b4a9 av-link-btn avia-icon_select-yes-left-icon avia-size-small avia-position-left avia-color-theme-color\" target=\"_blank\" rel=\"noopener noreferrer\" aria-label=\" ArmaPET \u2122 100% recycled\"><span class='avia_button_icon avia_button_icon_left avia-iconfont avia-font-entypo-fontello' data-av_icon='\ue82d' data-av_iconfont='entypo-fontello' ><\/span><span class='avia_iconbox_title' > ArmaPET \u2122 100% recycled<\/span><\/a><\/div><br \/>\n<div  class='avia-button-wrap av-lsgclqlh-8479aa5e3dc913fd73aecd63a6421e10-wrap avia-button-left  avia-builder-el-9  el_after_av_button  avia-builder-el-last '><a href=\"https:\/\/www.armacell.com\/index.php\/en-GB\/armapet-overview\" class=\"avia-button av-lsgclqlh-8479aa5e3dc913fd73aecd63a6421e10 av-link-btn avia-icon_select-yes-left-icon avia-size-small avia-position-left avia-color-theme-color\" target=\"_blank\" rel=\"noopener noreferrer\" aria-label=\" Armacell \u00ae Product list\"><span class='avia_button_icon avia_button_icon_left avia-iconfont avia-font-entypo-fontello' data-av_icon='\ue8ab' data-av_iconfont='entypo-fontello' ><\/span><span class='avia_iconbox_title' > Armacell \u00ae Product list<\/span><\/a><\/div><\/p><\/div>\n","protected":false},"excerpt":{"rendered":"<p>Die Strukturkerne aus PET stammen aus einer thermoplastischen Extrusion mit einem guten Gleichgewicht zwischen mechanischen Eigenschaften, Temperaturbest\u00e4ndigkeit, Dichte und Kosten und k\u00f6nnen auch in zahlreichen Prozessen eingesetzt werden.<\/p>\n","protected":false},"author":2,"featured_media":0,"parent":8947,"menu_order":1,"comment_status":"open","ping_status":"closed","template":"","meta":{"footnotes":""},"class_list":["post-9019","page","type-page","status-publish","hentry"],"_links":{"self":[{"href":"https:\/\/www.mates.it\/de\/wp-json\/wp\/v2\/pages\/9019","targetHints":{"allow":["GET"]}}],"collection":[{"href":"https:\/\/www.mates.it\/de\/wp-json\/wp\/v2\/pages"}],"about":[{"href":"https:\/\/www.mates.it\/de\/wp-json\/wp\/v2\/types\/page"}],"author":[{"embeddable":true,"href":"https:\/\/www.mates.it\/de\/wp-json\/wp\/v2\/users\/2"}],"replies":[{"embeddable":true,"href":"https:\/\/www.mates.it\/de\/wp-json\/wp\/v2\/comments?post=9019"}],"version-history":[{"count":0,"href":"https:\/\/www.mates.it\/de\/wp-json\/wp\/v2\/pages\/9019\/revisions"}],"up":[{"embeddable":true,"href":"https:\/\/www.mates.it\/de\/wp-json\/wp\/v2\/pages\/8947"}],"wp:attachment":[{"href":"https:\/\/www.mates.it\/de\/wp-json\/wp\/v2\/media?parent=9019"}],"curies":[{"name":"wp","href":"https:\/\/api.w.org\/{rel}","templated":true}]}}