{"id":9020,"date":"2016-08-02T15:52:23","date_gmt":"2016-08-02T13:52:23","guid":{"rendered":"https:\/\/www.mates.it\/prodotti\/materiali-anima-core\/naturali\/cork-d\/"},"modified":"2023-06-27T17:33:48","modified_gmt":"2023-06-27T15:33:48","slug":"kork","status":"publish","type":"page","link":"https:\/\/www.mates.it\/de\/produkte\/sandwichmaterialien\/naturals-d\/kork\/","title":{"rendered":"Kork"},"content":{"rendered":"<div  class='flex_column av-av_three_fifth-7714eba142aeda1f8b5272a3c372b279 av_three_fifth  avia-builder-el-0  el_before_av_two_fifth  avia-builder-el-first  first flex_column_div  '     ><p>\n<style type=\"text\/css\" data-created_by=\"avia_inline_auto\" id=\"style-css-av-ljeg62c2-3a09ac7457ab6fd33310cac01b586582\">\n#top .av-special-heading.av-ljeg62c2-3a09ac7457ab6fd33310cac01b586582{\npadding-bottom:10px;\n}\nbody .av-special-heading.av-ljeg62c2-3a09ac7457ab6fd33310cac01b586582 .av-special-heading-tag .heading-char{\nfont-size:25px;\n}\n.av-special-heading.av-ljeg62c2-3a09ac7457ab6fd33310cac01b586582 .av-subheading{\nfont-size:15px;\n}\n<\/style>\n<div  class='av-special-heading av-ljeg62c2-3a09ac7457ab6fd33310cac01b586582 av-special-heading-h1  avia-builder-el-1  el_before_av_textblock  avia-builder-el-first  custom-h1-title'><h1 class='av-special-heading-tag '  >Kork<\/h1><div class=\"special-heading-border\"><div class=\"special-heading-inner-border\"><\/div><\/div><\/div><br \/>\n<section  class='av_textblock_section av-ljeg5j0h-fbffdebf2430f53c9a541bd85f34b10a '  ><div class='avia_textblock' ><p>Kork ist ein einzigartiges Kernmaterial nat\u00fcrlichen Ursprungs, das sich durch gro\u00dfe Vielseitigkeit und Stabilit\u00e4t auszeichnet. Er wird aus der Rinde der Korkeiche gewonnen, die zu Granulat zerkleinert, erhitzt und mit ihrem nat\u00fcrlichen Klebstoff zu Bl\u00f6cken gepresst wird, so dass eine Platte entsteht. Dieses Produkt weist eine besondere Struktur auf, die eine geringe Harzaufnahme bei gleichzeitig hoher mechanischer Festigkeit, Formstabilit\u00e4t und Leichtigkeit gew\u00e4hrleistet. Eine weitere Eigenschaft von Kork ist seine niedrige W\u00e4rmeleitf\u00e4higkeit, die ihn zu einem feuerfesten Material macht, das gleichzeitig unempfindlich gegen Wasser und andere chemische oder sonstige Stoffe ist. Er wird in Bereichen wie Verkehr, Freizeit und Infrastruktur eingesetzt und garantiert eine hervorragende W\u00e4rme- und Schalld\u00e4mmung sowie eine praktisch unbegrenzte Haltbarkeit.<\/p>\n<\/div><\/section><\/p><\/div><div  class='flex_column av-av_two_fifth-f1c518e9ff58e869f80c8f093487abc9 av_two_fifth  avia-builder-el-3  el_after_av_three_fifth  el_before_av_hr  flex_column_div  '     ><style type=\"text\/css\" data-created_by=\"avia_inline_auto\" id=\"style-css-av-ljeg6kyt-4e68a1ee9441600cb0c1fc29d0f1ffc2\">\n#top .togglecontainer.av-ljeg6kyt-4e68a1ee9441600cb0c1fc29d0f1ffc2 h4.toggler{\nfont-size:14px;\n}\n#top .togglecontainer.av-ljeg6kyt-4e68a1ee9441600cb0c1fc29d0f1ffc2 h4.toggler.activeTitle{\ncolor:#ffffff;\nborder-color:#ffffff;\nbackground-color:#2682d3;\n}\n<\/style>\n<div  class='togglecontainer av-ljeg6kyt-4e68a1ee9441600cb0c1fc29d0f1ffc2  avia-builder-el-4  avia-builder-el-no-sibling  accordion_product toggle_close_all hasCurrentStyle' >\n<section class='av_toggle_section av-ljeg6ggm-14de29c2ea996d9800e1e52491a416ad' ><div role=\"tablist\" class=\"single_toggle\" data-tags=\"{Alle} \"  ><h4 id='toggle-toggle-id-1' data-fake-id='#toggle-id-1' class='toggler  activeTitle av-title-above '  role='tab' tabindex='0' aria-controls='toggle-id-1' data-slide-speed=\"200\" data-title=\"Vorteile\" data-title-open=\"\" data-aria_collapsed=\"Click to expand: Vorteile\" data-aria_expanded=\"Click to collapse: Vorteile\">Vorteile<span class=\"toggle_icon\"><span class=\"vert_icon\"><\/span><span class=\"hor_icon\"><\/span><\/span><\/h4><div id='toggle-id-1' aria-labelledby='toggle-toggle-id-1' role='region' class='toggle_wrap  active_tc av-title-above' style='display:block;' ><div class='toggle_content invers-color ' ><ul class=\"customlist1\">\n<li>Hervorragende mechanische Festigkeit<\/li>\n<li>Thermische\/akustische Isolierung<\/li>\n<li>Geringe W\u00e4rmeleitf\u00e4higkeit<\/li>\n<li>Nat\u00fcrlicher Ursprung \/ recycelbar<\/li>\n<\/ul>\n<\/div><\/div><\/div><\/section>\n<section class='av_toggle_section av-ljeg6j9l-9f54fcdfe3e47ec08c6b20c23c2d84c3' ><div role=\"tablist\" class=\"single_toggle\" data-tags=\"{Alle} \"  ><h4 id='toggle-toggle-id-2' data-fake-id='#toggle-id-2' class='toggler  av-title-above '  role='tab' tabindex='0' aria-controls='toggle-id-2' data-slide-speed=\"200\" data-title=\"Typen\" data-title-open=\"\" data-aria_collapsed=\"Click to expand: Typen\" data-aria_expanded=\"Click to collapse: Typen\">Typen<span class=\"toggle_icon\"><span class=\"vert_icon\"><\/span><span class=\"hor_icon\"><\/span><\/span><\/h4><div id='toggle-id-2' aria-labelledby='toggle-toggle-id-2' role='region' class='toggle_wrap  av-title-above'  ><div class='toggle_content invers-color ' ><ul class=\"customlist2\">\n<li><a href=\"https:\/\/fileserver.mates.it\/Prodotti\/4_Anime\/TDS\/Mates\/Naturali_MyCork.pdf\" target=\"_blank\" rel=\"noopener\">MyCork<\/a><\/li>\n<\/ul>\n<\/div><\/div><\/div><\/section>\n<\/div><\/div><div  class='hr av-av_hr-91d7ccd583a503147498e120fee2ff9b hr-default  avia-builder-el-5  el_after_av_two_fifth  avia-builder-el-last '><span class='hr-inner '><span class=\"hr-inner-style\"><\/span><\/span><\/div><\/p>\n","protected":false},"excerpt":{"rendered":"<p>Kork ist ein einzigartiges Kernmaterial nat\u00fcrlichen Ursprungs mit gro\u00dfer Vielseitigkeit und Stabilit\u00e4t. Er wird aus der Rinde der Korkeiche gewonnen, die zu Granulat zerkleinert, erhitzt und zu Bl\u00f6cken gepresst wird.<\/p>\n","protected":false},"author":2,"featured_media":0,"parent":9078,"menu_order":1,"comment_status":"open","ping_status":"open","template":"","meta":{"footnotes":""},"class_list":["post-9020","page","type-page","status-publish","hentry"],"_links":{"self":[{"href":"https:\/\/www.mates.it\/de\/wp-json\/wp\/v2\/pages\/9020","targetHints":{"allow":["GET"]}}],"collection":[{"href":"https:\/\/www.mates.it\/de\/wp-json\/wp\/v2\/pages"}],"about":[{"href":"https:\/\/www.mates.it\/de\/wp-json\/wp\/v2\/types\/page"}],"author":[{"embeddable":true,"href":"https:\/\/www.mates.it\/de\/wp-json\/wp\/v2\/users\/2"}],"replies":[{"embeddable":true,"href":"https:\/\/www.mates.it\/de\/wp-json\/wp\/v2\/comments?post=9020"}],"version-history":[{"count":0,"href":"https:\/\/www.mates.it\/de\/wp-json\/wp\/v2\/pages\/9020\/revisions"}],"up":[{"embeddable":true,"href":"https:\/\/www.mates.it\/de\/wp-json\/wp\/v2\/pages\/9078"}],"wp:attachment":[{"href":"https:\/\/www.mates.it\/de\/wp-json\/wp\/v2\/media?parent=9020"}],"curies":[{"name":"wp","href":"https:\/\/api.w.org\/{rel}","templated":true}]}}