{"id":9021,"date":"2016-08-02T15:53:02","date_gmt":"2016-08-02T13:53:02","guid":{"rendered":"https:\/\/www.mates.it\/prodotti\/materiali-anima-core\/espansi\/pvc-d\/"},"modified":"2023-06-26T22:37:33","modified_gmt":"2023-06-26T20:37:33","slug":"pvc-d","status":"publish","type":"page","link":"https:\/\/www.mates.it\/de\/produkte\/sandwichmaterialien\/schaume\/pvc-d\/","title":{"rendered":"PVC"},"content":{"rendered":"<div  class='flex_column av-av_three_fifth-7714eba142aeda1f8b5272a3c372b279 av_three_fifth  avia-builder-el-0  el_before_av_two_fifth  avia-builder-el-first  first flex_column_div  '     ><p>\n<style type=\"text\/css\" data-created_by=\"avia_inline_auto\" id=\"style-css-av-av_heading-ffa54644bb91a970e7d024e605fb1fce\">\n#top .av-special-heading.av-av_heading-ffa54644bb91a970e7d024e605fb1fce{\npadding-bottom:10px;\n}\nbody .av-special-heading.av-av_heading-ffa54644bb91a970e7d024e605fb1fce .av-special-heading-tag .heading-char{\nfont-size:25px;\n}\n.av-special-heading.av-av_heading-ffa54644bb91a970e7d024e605fb1fce .av-subheading{\nfont-size:15px;\n}\n<\/style>\n<div  class='av-special-heading av-av_heading-ffa54644bb91a970e7d024e605fb1fce av-special-heading-h1  avia-builder-el-1  el_before_av_textblock  avia-builder-el-first  custom-h1-title'><h1 class='av-special-heading-tag '  >PVC<\/h1><div class=\"special-heading-border\"><div class=\"special-heading-inner-border\"><\/div><\/div><\/div><br \/>\n<section  class='av_textblock_section av-ljdblbqn-8983aea16d59261cbca6c2681c5544d5 '  ><div class='avia_textblock' ><p>PVC ist ein geschlossenzelliger Strukturschaumkern in Form von Hartschaum mit einem hohen Festigkeits-\/Gewichtsverh\u00e4ltnis. Der Schaumstoff besteht aus vernetztem PVC mit Zellen und seine Oberfl\u00e4che kann flach, perforiert oder graviert sein, um den besten Harzfluss bei den Infusionsprozessen zu gew\u00e4hrleisten. Seine Struktur erm\u00f6glicht eine minimale Harzaufnahme, was eine Nettoreduzierung des Endgewichts des Laminats gew\u00e4hrleistet, jedoch seine Steifigkeit und damit seine mechanischen Eigenschaften erh\u00f6ht. Die Kompatibilit\u00e4t von PVC mit den meisten auf dem Markt erh\u00e4ltlichen Harzen erm\u00f6glicht auch die Anpassung an eine Vielzahl von Formverfahren (Infusion, Laminierung, mechanisches Pressen). Als Kern von Hochleistungs-Sandwichstrukturen garantiert es eine hohe Haltbarkeit sowie eine hervorragende chemische und mechanische Best\u00e4ndigkeit.<\/p>\n<div style=\"width: 100%;\"><\/div>\n<\/div><\/section><\/p><\/div><div  class='flex_column av-av_two_fifth-f1c518e9ff58e869f80c8f093487abc9 av_two_fifth  avia-builder-el-3  el_after_av_three_fifth  el_before_av_hr  flex_column_div  '     ><style type=\"text\/css\" data-created_by=\"avia_inline_auto\" id=\"style-css-av-av_toggle_container-aa303faae9b53071bb573d27bc7412b5\">\n#top .togglecontainer.av-av_toggle_container-aa303faae9b53071bb573d27bc7412b5 h4.toggler{\nfont-size:14px;\n}\n#top .togglecontainer.av-av_toggle_container-aa303faae9b53071bb573d27bc7412b5 h4.toggler.activeTitle{\ncolor:#ffffff;\nborder-color:#ffffff;\nbackground-color:#2682d3;\n}\n<\/style>\n<div  class='togglecontainer av-av_toggle_container-aa303faae9b53071bb573d27bc7412b5  avia-builder-el-4  avia-builder-el-no-sibling  accordion_product toggle_close_all hasCurrentStyle' >\n<section class='av_toggle_section av-av_toggle-ef7e9dc1940cafd6791972c80afb4af7' ><div role=\"tablist\" class=\"single_toggle\" data-tags=\"{Alle} \"  ><h4 id='toggle-toggle-id-1' data-fake-id='#toggle-id-1' class='toggler  activeTitle av-title-above '  role='tab' tabindex='0' aria-controls='toggle-id-1' data-slide-speed=\"200\" data-title=\"MyCell \u00ae\" data-title-open=\"\" data-aria_collapsed=\"Click to expand: MyCell \u00ae\" data-aria_expanded=\"Click to collapse: MyCell \u00ae\">MyCell \u00ae<span class=\"toggle_icon\"><span class=\"vert_icon\"><\/span><span class=\"hor_icon\"><\/span><\/span><\/h4><div id='toggle-id-1' aria-labelledby='toggle-toggle-id-1' role='region' class='toggle_wrap  active_tc av-title-above' style='display:block;' ><div class='toggle_content invers-color ' ><ul class=\"customlist1\">\n<li><a href=\"https:\/\/fileserver.mates.it\/Prodotti\/4_Anime\/TDS\/Mates\/PVC\/MC40_DS.pdf\" target=\"_blank\" rel=\"noopener\">MC40<\/a><\/li>\n<li><a href=\"https:\/\/fileserver.mates.it\/Prodotti\/4_Anime\/TDS\/Mates\/PVC\/MC48_DS.pdf\" target=\"_blank\" rel=\"noopener\">MC48<\/a><\/li>\n<li><a href=\"https:\/\/fileserver.mates.it\/Prodotti\/4_Anime\/TDS\/Mates\/PVC\/MC60_DS.pdf\" target=\"_blank\" rel=\"noopener\">MC60<\/a><\/li>\n<li><a href=\"https:\/\/fileserver.mates.it\/Prodotti\/4_Anime\/TDS\/Mates\/PVC\/MC60HT_DS.pdf\" target=\"_blank\" rel=\"noopener\">MC60HT<\/a><\/li>\n<li><a href=\"https:\/\/fileserver.mates.it\/Prodotti\/4_Anime\/TDS\/Mates\/PVC\/MC80_DS.pdf\" target=\"_blank\" rel=\"noopener\">MC80<\/a><\/li>\n<li><a href=\"https:\/\/fileserver.mates.it\/Prodotti\/4_Anime\/TDS\/Mates\/PVC\/MC80HT_DS.pdf\" target=\"_blank\" rel=\"noopener\">MC80HT<\/a><\/li>\n<li><a href=\"https:\/\/fileserver.mates.it\/Prodotti\/4_Anime\/TDS\/Mates\/PVC\/MC100_DS.pdf\" target=\"_blank\" rel=\"noopener\">MC100<\/a><\/li>\n<li><a href=\"https:\/\/fileserver.mates.it\/Prodotti\/4_Anime\/TDS\/Mates\/PVC\/MC130_DS.pdf\" target=\"_blank\" rel=\"noopener\">MC130<\/a><\/li>\n<li><a href=\"https:\/\/fileserver.mates.it\/Prodotti\/4_Anime\/TDS\/Mates\/PVC\/MC200_DS.pdf\" target=\"_blank\" rel=\"noopener\">MC200<\/a><\/li>\n<li><a href=\"https:\/\/fileserver.mates.it\/Prodotti\/4_Anime\/TDS\/Mates\/PVC\/MC250_DS.pdf\" target=\"_blank\" rel=\"noopener\">MC250<\/a><\/li>\n<\/ul>\n<\/div><\/div><\/div><\/section>\n<section class='av_toggle_section av-av_toggle-5ddc5fe56f506e773f2ba942766a73fa' ><div role=\"tablist\" class=\"single_toggle\" data-tags=\"{Alle} \"  ><h4 id='toggle-toggle-id-2' data-fake-id='#toggle-id-2' class='toggler  av-title-above '  role='tab' tabindex='0' aria-controls='toggle-id-2' data-slide-speed=\"200\" data-title=\"Airex \u00ae\" data-title-open=\"\" data-aria_collapsed=\"Click to expand: Airex \u00ae\" data-aria_expanded=\"Click to collapse: Airex \u00ae\">Airex \u00ae<span class=\"toggle_icon\"><span class=\"vert_icon\"><\/span><span class=\"hor_icon\"><\/span><\/span><\/h4><div id='toggle-id-2' aria-labelledby='toggle-toggle-id-2' role='region' class='toggle_wrap  av-title-above'  ><div class='toggle_content invers-color ' ><ul class=\"customlist2\">\n<li><a href=\"https:\/\/fileserver.mates.it\/Prodotti\/4_Anime\/TDS\/Airex\/TDS-AIREX-C51.pdf\" target=\"_blank\" rel=\"noopener\">C51<\/a><\/li>\n<li><a href=\"https:\/\/fileserver.mates.it\/Prodotti\/4_Anime\/TDS\/Airex\/TDS-AIREX-C70.pdf\" target=\"_blank\" rel=\"noopener\">C70<\/a><\/li>\n<li><a href=\"https:\/\/fileserver.mates.it\/Prodotti\/4_Anime\/TDS\/Airex\/TDS-AIREX-PXc.pdf\" target=\"_blank\" rel=\"noopener\">PXc<\/a><\/li>\n<li><a href=\"https:\/\/fileserver.mates.it\/Prodotti\/4_Anime\/TDS\/Airex\/TDS-AIREX-PXw.pdf\" target=\"_blank\" rel=\"noopener\">PXw<\/a><\/li>\n<li><a href=\"https:\/\/fileserver.mates.it\/Prodotti\/4_Anime\/TDS\/Airex\/TDS-AIREX-R82.pdf\" target=\"_blank\" rel=\"noopener\">R82<\/a><\/li>\n<\/ul>\n<\/div><\/div><\/div><\/section>\n<\/div><\/div><\/p>\n<div  class='hr av-av_hr-91d7ccd583a503147498e120fee2ff9b hr-default  avia-builder-el-5  el_after_av_two_fifth  el_before_av_one_full '><span class='hr-inner '><span class=\"hr-inner-style\"><\/span><\/span><\/div>\n<div  class='flex_column av-av_one_full-7714eba142aeda1f8b5272a3c372b279 av_one_full  avia-builder-el-6  el_after_av_hr  avia-builder-el-last  first flex_column_div  '     ><div  class='avia-button-wrap av-av_button-d01602e7fe6ece0761cf0f322b5ab7de-wrap avia-button-left  avia-builder-el-7  avia-builder-el-no-sibling '><a href=\"https:\/\/fileserver.mates.it\/Prodotti\/4_Anime\/TDS\/Mates\/PVC\/pvc_confezioni.pdf\" class=\"avia-button av-av_button-d01602e7fe6ece0761cf0f322b5ab7de av-link-btn avia-icon_select-yes-left-icon avia-size-small avia-position-left avia-color-theme-color\" target=\"_blank\" rel=\"noopener noreferrer\" aria-label=\"  MyCell \u00ae boxes \"><span class='avia_button_icon avia_button_icon_left avia-iconfont avia-font-entypo-fontello' data-av_icon='\ue82d' data-av_iconfont='entypo-fontello' ><\/span><span class='avia_iconbox_title' >  MyCell \u00ae boxes <\/span><\/a><\/div><\/div>\n","protected":false},"excerpt":{"rendered":"<p>PVC ist ein geschlossenzelliger Strukturschaumkern in Form von Hartschaum mit einem hohen Festigkeits-\/Gewichtsverh\u00e4ltnis. Der Schaumstoff besteht aus zellvernetztem PVC.<\/p>\n","protected":false},"author":2,"featured_media":0,"parent":8947,"menu_order":2,"comment_status":"open","ping_status":"closed","template":"","meta":{"footnotes":""},"class_list":["post-9021","page","type-page","status-publish","hentry"],"_links":{"self":[{"href":"https:\/\/www.mates.it\/de\/wp-json\/wp\/v2\/pages\/9021","targetHints":{"allow":["GET"]}}],"collection":[{"href":"https:\/\/www.mates.it\/de\/wp-json\/wp\/v2\/pages"}],"about":[{"href":"https:\/\/www.mates.it\/de\/wp-json\/wp\/v2\/types\/page"}],"author":[{"embeddable":true,"href":"https:\/\/www.mates.it\/de\/wp-json\/wp\/v2\/users\/2"}],"replies":[{"embeddable":true,"href":"https:\/\/www.mates.it\/de\/wp-json\/wp\/v2\/comments?post=9021"}],"version-history":[{"count":0,"href":"https:\/\/www.mates.it\/de\/wp-json\/wp\/v2\/pages\/9021\/revisions"}],"up":[{"embeddable":true,"href":"https:\/\/www.mates.it\/de\/wp-json\/wp\/v2\/pages\/8947"}],"wp:attachment":[{"href":"https:\/\/www.mates.it\/de\/wp-json\/wp\/v2\/media?parent=9021"}],"curies":[{"name":"wp","href":"https:\/\/api.w.org\/{rel}","templated":true}]}}