{"id":9023,"date":"2016-08-03T10:44:10","date_gmt":"2016-08-03T08:44:10","guid":{"rendered":"https:\/\/www.mates.it\/prodotti\/ausiliari-di-processo\/sacchi-da-vuoto\/wohnung-einzelfaltung\/"},"modified":"2023-06-27T23:52:54","modified_gmt":"2023-06-27T21:52:54","slug":"flach-einfach-gefaltet","status":"publish","type":"page","link":"https:\/\/www.mates.it\/de\/produkte\/vakuumtechnik\/vakuumbeutel\/flach-einfach-gefaltet\/","title":{"rendered":"Flach \/ Einfach gefaltet"},"content":{"rendered":"<div  class='flex_column av-av_three_fifth-7714eba142aeda1f8b5272a3c372b279 av_three_fifth  avia-builder-el-0  el_before_av_two_fifth  avia-builder-el-first  first flex_column_div  '     ><p>\n<style type=\"text\/css\" data-created_by=\"avia_inline_auto\" id=\"style-css-av-ljes6gm3-7550167724c6858b85e2b70a8966d797\">\n#top .av-special-heading.av-ljes6gm3-7550167724c6858b85e2b70a8966d797{\npadding-bottom:10px;\n}\nbody .av-special-heading.av-ljes6gm3-7550167724c6858b85e2b70a8966d797 .av-special-heading-tag .heading-char{\nfont-size:25px;\n}\n.av-special-heading.av-ljes6gm3-7550167724c6858b85e2b70a8966d797 .av-subheading{\nfont-size:15px;\n}\n<\/style>\n<div  class='av-special-heading av-ljes6gm3-7550167724c6858b85e2b70a8966d797 av-special-heading-h1  avia-builder-el-1  el_before_av_textblock  avia-builder-el-first  custom-h1-title'><h1 class='av-special-heading-tag '  >Flach \/ Einfach gefaltet<\/h1><div class=\"special-heading-border\"><div class=\"special-heading-inner-border\"><\/div><\/div><\/div><br \/>\n<section  class='av_textblock_section av-ljes6luj-7dd6ff280199480f88d6b6ea30376e80 '  ><div class='avia_textblock' ><p>Mehrschichtige, einseitig gefaltete Vakuumbeutel mit unterschiedlichem Elastizit\u00e4tskoeffizienten, hergestellt aus nicht orientiertem Nylon, das f\u00fcr hohe Temperaturen modifiziert wurde, oder durch Verbindung verschiedener Kunststoffe. Ihre Hauptmerkmale sind ihre besondere Plastizit\u00e4t und ihre ausgezeichnete Perforations- und Abriebfestigkeit. Sie werden haupts\u00e4chlich bei der Herstellung von mittelgro\u00dfen\/gro\u00dfen Artikeln (Nautik, Wind) verwendet und vereinfachen die Lagerung und den Einsatz in der Produktion; auf Anfrage k\u00f6nnen wir auch andere Gr\u00f6\u00dfen als die angegebenen liefern. Mates hat immer eine Reihe von flachen und einfach gefalteten Vakuumbeuteln ausgew\u00e4hlt, deren technische Eigenschaften und Gr\u00f6\u00dfen von Produkt zu Produkt variieren, um dem Endverbraucher eine gute Verarbeitungstechnik mit wenig Luftverlust und Materialverschwendung zu erm\u00f6glichen und ausgezeichnete mechanisch-\u00e4sthetische Ergebnisse zu garantieren.<\/p>\n<\/div><\/section><\/p><\/div>\n<div  class='flex_column av-av_two_fifth-f1c518e9ff58e869f80c8f093487abc9 av_two_fifth  avia-builder-el-3  el_after_av_three_fifth  el_before_av_hr  flex_column_div  '     ><style type=\"text\/css\" data-created_by=\"avia_inline_auto\" id=\"style-css-av-ljes7be8-d405d61c666fd78791b23172cb94f966\">\n#top .togglecontainer.av-ljes7be8-d405d61c666fd78791b23172cb94f966 h4.toggler{\nfont-size:14px;\n}\n#top .togglecontainer.av-ljes7be8-d405d61c666fd78791b23172cb94f966 h4.toggler.activeTitle{\ncolor:#ffffff;\nborder-color:#ffffff;\nbackground-color:#2682d3;\n}\n<\/style>\n<div  class='togglecontainer av-ljes7be8-d405d61c666fd78791b23172cb94f966  avia-builder-el-4  avia-builder-el-no-sibling  accordion_product toggle_close_all hasCurrentStyle' >\n<section class='av_toggle_section av-ljes75yr-dcfb7db853323f9657a82cf19fc1d76b' ><div role=\"tablist\" class=\"single_toggle\" data-tags=\"{Alle} \"  ><h4 id='toggle-toggle-id-1' data-fake-id='#toggle-id-1' class='toggler  activeTitle av-title-above '  role='tab' tabindex='0' aria-controls='toggle-id-1' data-slide-speed=\"200\" data-title=\"Vorteile\" data-title-open=\"\" data-aria_collapsed=\"Click to expand: Vorteile\" data-aria_expanded=\"Click to collapse: Vorteile\">Vorteile<span class=\"toggle_icon\"><span class=\"vert_icon\"><\/span><span class=\"hor_icon\"><\/span><\/span><\/h4><div id='toggle-id-1' aria-labelledby='toggle-toggle-id-1' role='region' class='toggle_wrap  active_tc av-title-above' style='display:block;' ><div class='toggle_content invers-color ' ><ul class=\"customlist1\">\n<li>Leicht zu verwenden<\/li>\n<li>Ausgezeichnete Durchsto\u00dffestigkeit<\/li>\n<li>Besondere Elastizit\u00e4t<\/li>\n<li>Niedrige Produktionskosten<\/li>\n<\/ul>\n<\/div><\/div><\/div><\/section>\n<section class='av_toggle_section av-ljes7a7h-92b3ff173a50e008109f1a0d923d7d8a' ><div role=\"tablist\" class=\"single_toggle\" data-tags=\"{Alle} \"  ><h4 id='toggle-toggle-id-2' data-fake-id='#toggle-id-2' class='toggler  av-title-above '  role='tab' tabindex='0' aria-controls='toggle-id-2' data-slide-speed=\"200\" data-title=\"Typen\" data-title-open=\"\" data-aria_collapsed=\"Click to expand: Typen\" data-aria_expanded=\"Click to collapse: Typen\">Typen<span class=\"toggle_icon\"><span class=\"vert_icon\"><\/span><span class=\"hor_icon\"><\/span><\/span><\/h4><div id='toggle-id-2' aria-labelledby='toggle-toggle-id-2' role='region' class='toggle_wrap  av-title-above'  ><div class='toggle_content invers-color ' ><ul class=\"customlist1\">\n<li><a href=\"https:\/\/fileserver.mates.it\/Prodotti\/5_Ausiliari\/TDS\/Sacchi%20da%20vuoto\/MT_DS.pdf\" target=\"_blank\" rel=\"noopener\">MT<\/a><\/li>\n<li><a href=\"https:\/\/fileserver.mates.it\/Prodotti\/5_Ausiliari\/TDS\/Sacchi%20da%20vuoto\/PATS_DS.pdf\" target=\"_blank\" rel=\"noopener\">PATS<\/a><\/li>\n<li><a href=\"https:\/\/fileserver.mates.it\/Prodotti\/5_Ausiliari\/TDS\/Sacchi%20da%20vuoto\/STRETCH_DS.pdf\" target=\"_blank\" rel=\"noopener\">Stretch \u00ae<\/a><\/li>\n<\/ul>\n<\/div><\/div><\/div><\/section>\n<\/div><\/div>\n<div  class='hr av-av_hr-91d7ccd583a503147498e120fee2ff9b hr-default  avia-builder-el-5  el_after_av_two_fifth  avia-builder-el-last '><span class='hr-inner '><span class=\"hr-inner-style\"><\/span><\/span><\/div>\n","protected":false},"excerpt":{"rendered":"<p>Mehrschichtige, einfach gefaltete Vakuumbeutel mit unterschiedlichem Elastizit\u00e4tskoeffizienten aus nicht orientiertem Nylon, das f\u00fcr hohe Temperaturen modifiziert ist.<\/p>\n","protected":false},"author":2,"featured_media":0,"parent":8959,"menu_order":3,"comment_status":"open","ping_status":"open","template":"","meta":{"footnotes":""},"class_list":["post-9023","page","type-page","status-publish","hentry"],"_links":{"self":[{"href":"https:\/\/www.mates.it\/de\/wp-json\/wp\/v2\/pages\/9023","targetHints":{"allow":["GET"]}}],"collection":[{"href":"https:\/\/www.mates.it\/de\/wp-json\/wp\/v2\/pages"}],"about":[{"href":"https:\/\/www.mates.it\/de\/wp-json\/wp\/v2\/types\/page"}],"author":[{"embeddable":true,"href":"https:\/\/www.mates.it\/de\/wp-json\/wp\/v2\/users\/2"}],"replies":[{"embeddable":true,"href":"https:\/\/www.mates.it\/de\/wp-json\/wp\/v2\/comments?post=9023"}],"version-history":[{"count":0,"href":"https:\/\/www.mates.it\/de\/wp-json\/wp\/v2\/pages\/9023\/revisions"}],"up":[{"embeddable":true,"href":"https:\/\/www.mates.it\/de\/wp-json\/wp\/v2\/pages\/8959"}],"wp:attachment":[{"href":"https:\/\/www.mates.it\/de\/wp-json\/wp\/v2\/media?parent=9023"}],"curies":[{"name":"wp","href":"https:\/\/api.w.org\/{rel}","templated":true}]}}