{"id":9024,"date":"2016-08-03T10:20:58","date_gmt":"2016-08-03T08:20:58","guid":{"rendered":"https:\/\/www.mates.it\/prodotti\/ausiliari-di-processo\/sacchi-da-vuoto\/mehrfachfaltung\/"},"modified":"2023-06-27T23:52:52","modified_gmt":"2023-06-27T21:52:52","slug":"mehrfach-gefaltet","status":"publish","type":"page","link":"https:\/\/www.mates.it\/de\/produkte\/vakuumtechnik\/vakuumbeutel\/mehrfach-gefaltet\/","title":{"rendered":"Mehrfach gefaltet"},"content":{"rendered":"<div  class='flex_column av-av_three_fifth-7714eba142aeda1f8b5272a3c372b279 av_three_fifth  avia-builder-el-0  el_before_av_two_fifth  avia-builder-el-first  first flex_column_div  '     ><p>\n<style type=\"text\/css\" data-created_by=\"avia_inline_auto\" id=\"style-css-av-ljer115h-972bdfc479884dd88bfcb2f3b095fcb9\">\n#top .av-special-heading.av-ljer115h-972bdfc479884dd88bfcb2f3b095fcb9{\npadding-bottom:10px;\n}\nbody .av-special-heading.av-ljer115h-972bdfc479884dd88bfcb2f3b095fcb9 .av-special-heading-tag .heading-char{\nfont-size:25px;\n}\n.av-special-heading.av-ljer115h-972bdfc479884dd88bfcb2f3b095fcb9 .av-subheading{\nfont-size:15px;\n}\n<\/style>\n<div  class='av-special-heading av-ljer115h-972bdfc479884dd88bfcb2f3b095fcb9 av-special-heading-h1  avia-builder-el-1  el_before_av_textblock  avia-builder-el-first  custom-h1-title'><h1 class='av-special-heading-tag '  >Mehrfach gefaltet<\/h1><div class=\"special-heading-border\"><div class=\"special-heading-inner-border\"><\/div><\/div><\/div><br \/>\n<section  class='av_textblock_section av-ljer07xw-ceabfde9fc61075575455ba6efedbe39 '  ><div class='avia_textblock' ><p>Das Hauptmerkmal der Vakuumbeutel in dieser Kategorie ist ihre Gr\u00f6\u00dfe: Mates ist in der Tat in der Lage, seinen Kunden die gr\u00f6\u00dften Vakuumbeutel auf dem Markt zu liefern, mit einer Breite von \u00fcber 24 m. Dank der abschlie\u00dfenden Aufwicklung der mehrfach gefalteten Folie auf einen Dorn ist eine maximale Optimierung des Transportvolumens gew\u00e4hrleistet, wodurch die relativen Kosten gesenkt werden; der endg\u00fcltige Durchmesser der Rolle ist direkt proportional zur Gr\u00f6\u00dfe des Produkts. Ein weiterer Vorteil ist die Zeitersparnis gegen\u00fcber dem Zusammenschwei\u00dfen mehrerer kleinerer Vakuumbeutel, bis diese Gr\u00f6\u00dfen erreicht sind. Wir sind daher in der Lage, eine gro\u00dfe Auswahl an Mehrfach-Vakuumbeuteln anzubieten, wobei die technischen Merkmale und Gr\u00f6\u00dfen von Produkt zu Produkt variieren.<\/p>\n<\/div><\/section><\/p><\/div>\n<div  class='flex_column av-av_two_fifth-f1c518e9ff58e869f80c8f093487abc9 av_two_fifth  avia-builder-el-3  el_after_av_three_fifth  el_before_av_hr  flex_column_div  '     ><style type=\"text\/css\" data-created_by=\"avia_inline_auto\" id=\"style-css-av-ljer0x3b-0530ce855684ed517e6057d909e1840c\">\n#top .togglecontainer.av-ljer0x3b-0530ce855684ed517e6057d909e1840c h4.toggler{\nfont-size:14px;\n}\n#top .togglecontainer.av-ljer0x3b-0530ce855684ed517e6057d909e1840c h4.toggler.activeTitle{\ncolor:#ffffff;\nborder-color:#ffffff;\nbackground-color:#2682d3;\n}\n<\/style>\n<div  class='togglecontainer av-ljer0x3b-0530ce855684ed517e6057d909e1840c  avia-builder-el-4  avia-builder-el-no-sibling  accordion_product toggle_close_all hasCurrentStyle' >\n<section class='av_toggle_section av-ljer0s8u-21f5fe1a49818db98e94e5d505e3fb78' ><div role=\"tablist\" class=\"single_toggle\" data-tags=\"{Alle} \"  ><h4 id='toggle-toggle-id-1' data-fake-id='#toggle-id-1' class='toggler  activeTitle av-title-above '  role='tab' tabindex='0' aria-controls='toggle-id-1' data-slide-speed=\"200\" data-title=\"Vorteile\" data-title-open=\"\" data-aria_collapsed=\"Click to expand: Vorteile\" data-aria_expanded=\"Click to collapse: Vorteile\">Vorteile<span class=\"toggle_icon\"><span class=\"vert_icon\"><\/span><span class=\"hor_icon\"><\/span><\/span><\/h4><div id='toggle-id-1' aria-labelledby='toggle-toggle-id-1' role='region' class='toggle_wrap  active_tc av-title-above' style='display:block;' ><div class='toggle_content invers-color ' ><ul class=\"customlist1\">\n<li>Gr\u00f6\u00dfte auf dem Markt<\/li>\n<li>Reduzierte Arbeitskosten<\/li>\n<li>Niedrige Transportkosten<\/li>\n<li>Variable Dicken<\/li>\n<\/ul>\n<\/div><\/div><\/div><\/section>\n<section class='av_toggle_section av-ljer0w5c-2bdbeb64384e3ae6b5efc47e4c84ec38' ><div role=\"tablist\" class=\"single_toggle\" data-tags=\"{Alle} \"  ><h4 id='toggle-toggle-id-2' data-fake-id='#toggle-id-2' class='toggler  av-title-above '  role='tab' tabindex='0' aria-controls='toggle-id-2' data-slide-speed=\"200\" data-title=\"Typen\" data-title-open=\"\" data-aria_collapsed=\"Click to expand: Typen\" data-aria_expanded=\"Click to collapse: Typen\">Typen<span class=\"toggle_icon\"><span class=\"vert_icon\"><\/span><span class=\"hor_icon\"><\/span><\/span><\/h4><div id='toggle-id-2' aria-labelledby='toggle-toggle-id-2' role='region' class='toggle_wrap  av-title-above'  ><div class='toggle_content invers-color ' ><ul class=\"customlist2\">\n<li><a href=\"https:\/\/fileserver.mates.it\/Prodotti\/5_Ausiliari\/TDS\/Sacchi%20da%20vuoto\/INFUBAG_80_DS.pdf\" target=\"_blank\" rel=\"noopener noreferrer\">INFU-BAG 80<\/a><\/li>\n<li><a href=\"https:\/\/fileserver.mates.it\/Prodotti\/5_Ausiliari\/TDS\/Sacchi%20da%20vuoto\/HIBAG_65_DS.pdf\" target=\"_blank\" rel=\"noopener noreferrer\">HI-BAG 65<\/a><\/li>\n<li><a href=\"https:\/\/fileserver.mates.it\/Prodotti\/5_Ausiliari\/TDS\/Sacchi%20da%20vuoto\/HIBAG_75_DS.pdf\" target=\"_blank\" rel=\"noopener noreferrer\">HI-BAG 75<\/a><\/li>\n<\/ul>\n<\/div><\/div><\/div><\/section>\n<\/div><\/div>\n<div  class='hr av-av_hr-91d7ccd583a503147498e120fee2ff9b hr-default  avia-builder-el-5  el_after_av_two_fifth  avia-builder-el-last '><span class='hr-inner '><span class=\"hr-inner-style\"><\/span><\/span><\/div>\n","protected":false},"excerpt":{"rendered":"<p>Das Hauptmerkmal der Vakuumbeutel in dieser Kategorie ist ihre Gr\u00f6\u00dfe: Mates ist in der Lage, seinen Kunden die gr\u00f6\u00dften Vakuumbeutel auf dem Markt zu liefern, die \u00fcber 24 m breit sind.<\/p>\n","protected":false},"author":2,"featured_media":0,"parent":8959,"menu_order":2,"comment_status":"open","ping_status":"open","template":"","meta":{"footnotes":""},"class_list":["post-9024","page","type-page","status-publish","hentry"],"_links":{"self":[{"href":"https:\/\/www.mates.it\/de\/wp-json\/wp\/v2\/pages\/9024","targetHints":{"allow":["GET"]}}],"collection":[{"href":"https:\/\/www.mates.it\/de\/wp-json\/wp\/v2\/pages"}],"about":[{"href":"https:\/\/www.mates.it\/de\/wp-json\/wp\/v2\/types\/page"}],"author":[{"embeddable":true,"href":"https:\/\/www.mates.it\/de\/wp-json\/wp\/v2\/users\/2"}],"replies":[{"embeddable":true,"href":"https:\/\/www.mates.it\/de\/wp-json\/wp\/v2\/comments?post=9024"}],"version-history":[{"count":0,"href":"https:\/\/www.mates.it\/de\/wp-json\/wp\/v2\/pages\/9024\/revisions"}],"up":[{"embeddable":true,"href":"https:\/\/www.mates.it\/de\/wp-json\/wp\/v2\/pages\/8959"}],"wp:attachment":[{"href":"https:\/\/www.mates.it\/de\/wp-json\/wp\/v2\/media?parent=9024"}],"curies":[{"name":"wp","href":"https:\/\/api.w.org\/{rel}","templated":true}]}}