{"id":9026,"date":"2016-08-03T13:37:48","date_gmt":"2016-08-03T11:37:48","guid":{"rendered":"https:\/\/www.mates.it\/prodotti\/ausiliari-di-processo\/sacchi-da-vuoto\/permanent-d\/"},"modified":"2023-11-30T16:23:22","modified_gmt":"2023-11-30T15:23:22","slug":"silikone","status":"publish","type":"page","link":"https:\/\/www.mates.it\/de\/produkte\/vakuumtechnik\/vakuumbeutel\/silikone\/","title":{"rendered":"Silikone"},"content":{"rendered":"<div  class='flex_column av-5hz91e-7f32cf9ae2c43195df6429e976ee275e av_three_fifth  avia-builder-el-0  el_before_av_two_fifth  avia-builder-el-first  first flex_column_div  '     ><p>\n<style type=\"text\/css\" data-created_by=\"avia_inline_auto\" id=\"style-css-av-ljesr9pg-a105526ace44f838cae6308e0c4f3252\">\n#top .av-special-heading.av-ljesr9pg-a105526ace44f838cae6308e0c4f3252{\npadding-bottom:10px;\n}\nbody .av-special-heading.av-ljesr9pg-a105526ace44f838cae6308e0c4f3252 .av-special-heading-tag .heading-char{\nfont-size:25px;\n}\n.av-special-heading.av-ljesr9pg-a105526ace44f838cae6308e0c4f3252 .av-subheading{\nfont-size:15px;\n}\n<\/style>\n<div  class='av-special-heading av-ljesr9pg-a105526ace44f838cae6308e0c4f3252 av-special-heading-h1  avia-builder-el-1  el_before_av_textblock  avia-builder-el-first  custom-h1-title'><h1 class='av-special-heading-tag '  >Silikone<\/h1><div class=\"special-heading-border\"><div class=\"special-heading-inner-border\"><\/div><\/div><\/div><br \/>\n<section  class='av_textblock_section av-ljesri4e-12a9fda88dde9b29321c72a00b01c8c2 '  ><div class='avia_textblock' ><p>Um das Angebot an Vakuumbeuteln zu vervollst\u00e4ndigen, ist Mates auch in der Lage, Silikone und spezifische Maschinen f\u00fcr die Selbstherstellung von dauerhaften Vakuumbeuteln zu liefern. Dar\u00fcber hinaus k\u00f6nnen wir dank unserer Partnerschaft mit Piekenbrink\u00ae, einem f\u00fchrenden Unternehmen in diesem Bereich, gebrauchsfertige L\u00f6sungen anbieten, die aus Formen und Beuteln bestehen, die nach dem Design\/Spezifikationen des Kunden hergestellt werden. Permanente Vakuumbeutel ersetzen die herk\u00f6mmlich mit Butylband versiegelten Vakuumfolien. Dieses innovative System senkt die Arbeitskosten, da die zeitaufw\u00e4ndige und schwierige Phase des Versiegelns von Vakuumbeuteln entf\u00e4llt; da sie wiederverwendbar sind, entfallen auch die Kosten f\u00fcr Verbrauchsmaterialien, die normalerweise in fortschrittlichen Verbundwerkstoff-Produktionsprozessen verwendet werden. Diese Beutelfamilie wurde speziell f\u00fcr die Verarbeitung im Autoklaven entwickelt, eignet sich aber aufgrund ihrer Menge und ihrer technischen Anforderungen auch f\u00fcr konventionelle Verfahren zur Herstellung von Verbundwerkstoffteilen, wie z. B. manuelles Vakuumlegen und Infusion.<\/p>\n<\/div><\/section><\/p><\/div>\n<div  class='flex_column av-4i9o6a-3972bd6fbb5b50ebc8b0aaaf1d643aab av_two_fifth  avia-builder-el-3  el_after_av_three_fifth  el_before_av_hr  flex_column_div  '     ><style type=\"text\/css\" data-created_by=\"avia_inline_auto\" id=\"style-css-av-ljess0vs-852652d1646d6523272cf8162211e837\">\n#top .togglecontainer.av-ljess0vs-852652d1646d6523272cf8162211e837 h4.toggler{\nfont-size:14px;\n}\n#top .togglecontainer.av-ljess0vs-852652d1646d6523272cf8162211e837 h4.toggler.activeTitle{\ncolor:#ffffff;\nborder-color:#ffffff;\nbackground-color:#2682d3;\n}\n<\/style>\n<div  class='togglecontainer av-ljess0vs-852652d1646d6523272cf8162211e837  avia-builder-el-4  avia-builder-el-no-sibling  accordion_product toggle_close_all hasCurrentStyle' >\n<section class='av_toggle_section av-ljesrq65-05ed40c52cb579c93bda7aa2623d6be6' ><div role=\"tablist\" class=\"single_toggle\" data-tags=\"{Alle} \"  ><h4 id='toggle-toggle-id-1' data-fake-id='#toggle-id-1' class='toggler  activeTitle av-title-above '  role='tab' tabindex='0' aria-controls='toggle-id-1' data-slide-speed=\"200\" data-title=\"Silikonpasten - Mates \u00ae\" data-title-open=\"\" data-aria_collapsed=\"Click to expand: Silikonpasten - Mates \u00ae\" data-aria_expanded=\"Click to collapse: Silikonpasten - Mates \u00ae\">Silikonpasten - Mates \u00ae<span class=\"toggle_icon\"><span class=\"vert_icon\"><\/span><span class=\"hor_icon\"><\/span><\/span><\/h4><div id='toggle-id-1' aria-labelledby='toggle-toggle-id-1' role='region' class='toggle_wrap  active_tc av-title-above' style='display:block;' ><div class='toggle_content invers-color ' ><ul class=\"customlist1\">\n<li><a href=\"https:\/\/fileserver.mates.it\/Prodotti\/5_Ausiliari\/TDS\/Sacchi%20da%20vuoto\/I-INTENSY_DS.pdf\" target=\"_blank\" rel=\"noopener\">I-INTENSY<\/a><\/li>\n<\/ul>\n<\/div><\/div><\/div><\/section>\n<section class='av_toggle_section av-ljesruzu-904bb58f79095e60b74352e19c4b9847' ><div role=\"tablist\" class=\"single_toggle\" data-tags=\"{Alle} \"  ><h4 id='toggle-toggle-id-2' data-fake-id='#toggle-id-2' class='toggler  av-title-above '  role='tab' tabindex='0' aria-controls='toggle-id-2' data-slide-speed=\"200\" data-title=\"Silikonfolien - Mates \u00ae\" data-title-open=\"\" data-aria_collapsed=\"Click to expand: Silikonfolien - Mates \u00ae\" data-aria_expanded=\"Click to collapse: Silikonfolien - Mates \u00ae\">Silikonfolien - Mates \u00ae<span class=\"toggle_icon\"><span class=\"vert_icon\"><\/span><span class=\"hor_icon\"><\/span><\/span><\/h4><div id='toggle-id-2' aria-labelledby='toggle-toggle-id-2' role='region' class='toggle_wrap  av-title-above'  ><div class='toggle_content invers-color ' ><ul class=\"customlist1\">\n<li><a href=\"https:\/\/fileserver.mates.it\/Prodotti\/5_Ausiliari\/TDS\/Sacchi%20da%20vuoto\/300SIL_FILM_DS.pdf\" target=\"_blank\" rel=\"noopener\">Film \/ 300SIL<\/a><\/li>\n<li><a href=\"https:\/\/fileserver.mates.it\/Prodotti\/5_Ausiliari\/TDS\/Sacchi%20da%20vuoto\/300SIL_FILM_UC_DS.pdf\" target=\"_blank\" rel=\"noopener\">Film UC \/ 300SIL<\/a><\/li>\n<li><a href=\"https:\/\/fileserver.mates.it\/Prodotti\/5_Ausiliari\/TDS\/Sacchi%20da%20vuoto\/300SIL_BAG_DS.pdf\" target=\"_blank\" rel=\"noopener\">Bag \/ 300SIL<\/a><\/li>\n<\/ul>\n<\/div><\/div><\/div><\/section>\n<section class='av_toggle_section av-ljesrzqk-e20991c6a0cfdcbac1ea1fe7a657a7dc' ><div role=\"tablist\" class=\"single_toggle\" data-tags=\"{Alle} \"  ><h4 id='toggle-toggle-id-3' data-fake-id='#toggle-id-3' class='toggler  av-title-above '  role='tab' tabindex='0' aria-controls='toggle-id-3' data-slide-speed=\"200\" data-title=\"Wiederverwendbare Beutel\" data-title-open=\"\" data-aria_collapsed=\"Click to expand: Wiederverwendbare Beutel\" data-aria_expanded=\"Click to collapse: Wiederverwendbare Beutel\">Wiederverwendbare Beutel<span class=\"toggle_icon\"><span class=\"vert_icon\"><\/span><span class=\"hor_icon\"><\/span><\/span><\/h4><div id='toggle-id-3' aria-labelledby='toggle-toggle-id-3' role='region' class='toggle_wrap  av-title-above'  ><div class='toggle_content invers-color ' ><ul class=\"customlist2\">\n<li><a href=\"https:\/\/fileserver.mates.it\/Prodotti\/5_Ausiliari\/TDS\/Sacchi%20da%20vuoto\/LIQUIBAG_2560_DS.pdf\" target=\"_blank\" rel=\"noopener noreferrer\">LiquiBag\u2122 2560<\/a><\/li>\n<li><a href=\"https:\/\/fileserver.mates.it\/Prodotti\/5_Ausiliari\/Brochure\/piekenbrink_system.pdf\" target=\"_blank\" rel=\"noopener noreferrer\">Piekenbrink \u00ae<\/a><\/li>\n<\/ul>\n<\/div><\/div><\/div><\/section>\n<\/div><\/div><div  class='hr av-2vawf6-69c5921f69224578bd1806e9352ddbcc hr-default  avia-builder-el-5  el_after_av_two_fifth  avia-builder-el-last '><span class='hr-inner '><span class=\"hr-inner-style\"><\/span><\/span><\/div><\/p>\n","protected":false},"excerpt":{"rendered":"<p>Um die gesamte Palette der Vakuumbeutel zu vervollst\u00e4ndigen, ist Mates auch in der Lage, Silikone und spezifische Maschinen f\u00fcr die Selbstherstellung von permanenten Vakuumbeuteln zu liefern.<\/p>\n","protected":false},"author":2,"featured_media":0,"parent":8959,"menu_order":4,"comment_status":"open","ping_status":"open","template":"","meta":{"footnotes":""},"class_list":["post-9026","page","type-page","status-publish","hentry"],"_links":{"self":[{"href":"https:\/\/www.mates.it\/de\/wp-json\/wp\/v2\/pages\/9026","targetHints":{"allow":["GET"]}}],"collection":[{"href":"https:\/\/www.mates.it\/de\/wp-json\/wp\/v2\/pages"}],"about":[{"href":"https:\/\/www.mates.it\/de\/wp-json\/wp\/v2\/types\/page"}],"author":[{"embeddable":true,"href":"https:\/\/www.mates.it\/de\/wp-json\/wp\/v2\/users\/2"}],"replies":[{"embeddable":true,"href":"https:\/\/www.mates.it\/de\/wp-json\/wp\/v2\/comments?post=9026"}],"version-history":[{"count":0,"href":"https:\/\/www.mates.it\/de\/wp-json\/wp\/v2\/pages\/9026\/revisions"}],"up":[{"embeddable":true,"href":"https:\/\/www.mates.it\/de\/wp-json\/wp\/v2\/pages\/8959"}],"wp:attachment":[{"href":"https:\/\/www.mates.it\/de\/wp-json\/wp\/v2\/media?parent=9026"}],"curies":[{"name":"wp","href":"https:\/\/api.w.org\/{rel}","templated":true}]}}