{"id":9027,"date":"2016-08-03T13:44:40","date_gmt":"2016-08-03T11:44:40","guid":{"rendered":"https:\/\/www.mates.it\/prodotti\/ausiliari-di-processo\/film-distaccanti\/mehrschicht\/"},"modified":"2024-02-13T22:02:37","modified_gmt":"2024-02-13T21:02:37","slug":"mehrschicht","status":"publish","type":"page","link":"https:\/\/www.mates.it\/de\/produkte\/vakuumtechnik\/trennfolien\/mehrschicht\/","title":{"rendered":"Mehrschicht"},"content":{"rendered":"<div  class='flex_column av-av_three_fifth-7714eba142aeda1f8b5272a3c372b279 av_three_fifth  avia-builder-el-0  el_before_av_two_fifth  avia-builder-el-first  first flex_column_div  '     ><p>\n<style type=\"text\/css\" data-created_by=\"avia_inline_auto\" id=\"style-css-av-ljeufez2-0dde3a58ce1b6821d5bf9530eba424b6\">\n#top .av-special-heading.av-ljeufez2-0dde3a58ce1b6821d5bf9530eba424b6{\npadding-bottom:10px;\n}\nbody .av-special-heading.av-ljeufez2-0dde3a58ce1b6821d5bf9530eba424b6 .av-special-heading-tag .heading-char{\nfont-size:25px;\n}\n.av-special-heading.av-ljeufez2-0dde3a58ce1b6821d5bf9530eba424b6 .av-subheading{\nfont-size:15px;\n}\n<\/style>\n<div  class='av-special-heading av-ljeufez2-0dde3a58ce1b6821d5bf9530eba424b6 av-special-heading-h1  avia-builder-el-1  el_before_av_textblock  avia-builder-el-first  custom-h1-title'><h1 class='av-special-heading-tag '  >Mehrschicht<\/h1><div class=\"special-heading-border\"><div class=\"special-heading-inner-border\"><\/div><\/div><\/div><br \/>\n<section  class='av_textblock_section av-ljeuep9u-0732f093ca060c114997255b9f58e769 '  ><div class='avia_textblock' ><p>Mehrschichtige Trennfolien LM (niedrige bis mittlere Temperaturen) sind kosteng\u00fcnstig und f\u00fcr Produktionsprozesse optimiert, bei denen keine \u00fcberm\u00e4\u00dfig hohen Temperaturen auftreten. Geeignet f\u00fcr Prozesse wie manuelles Laminieren mit Vakuumeinstellung, Infusion und Formen unter Verwendung von Prepreg bei mittleren bis niedrigen Temperaturen. Ausgehend von einer genau definierten Zusammensetzung plastischer Polymere entsteht eine Familie d\u00fcnner, widerstandsf\u00e4higer Filme mit ausgezeichneter Plastizit\u00e4t in der Positionierungsphase; Wird h\u00e4ufig in Bereichen wie der Schifffahrt, der Automobilindustrie und der allgemeinen Industrie eingesetzt. Mates ist in der Lage, eine Reihe von Trennfolien f\u00fcr mittlere\/niedrige Temperaturen immer auf Lager zu liefern und in Form von nicht perforierten Folien oder mit P1- und P3-Perforationen erh\u00e4ltlich zu sein. Dank dieses hervorragenden Service ist es m\u00f6glich, dem Endbenutzer eine gute Arbeitstechnik zu vermitteln, die die besten Ergebnisse garantiert.<\/p>\n<\/div><\/section><\/p><\/div>\n<div  class='flex_column av-av_two_fifth-f1c518e9ff58e869f80c8f093487abc9 av_two_fifth  avia-builder-el-3  el_after_av_three_fifth  el_before_av_hr  flex_column_div  '     ><style type=\"text\/css\" data-created_by=\"avia_inline_auto\" id=\"style-css-av-ljeuf88w-263f85c9c725163e52ddeb88b9c55d80\">\n#top .togglecontainer.av-ljeuf88w-263f85c9c725163e52ddeb88b9c55d80 h4.toggler{\nfont-size:14px;\n}\n#top .togglecontainer.av-ljeuf88w-263f85c9c725163e52ddeb88b9c55d80 h4.toggler.activeTitle{\ncolor:#ffffff;\nborder-color:#ffffff;\nbackground-color:#2682d3;\n}\n<\/style>\n<div  class='togglecontainer av-ljeuf88w-263f85c9c725163e52ddeb88b9c55d80  avia-builder-el-4  avia-builder-el-no-sibling  accordion_product toggle_close_all hasCurrentStyle' >\n<section class='av_toggle_section av-ljeuf4dd-cf372142ef337ff120b7e71cf5d70a72' ><div role=\"tablist\" class=\"single_toggle\" data-tags=\"{Alle} \"  ><h4 id='toggle-toggle-id-1' data-fake-id='#toggle-id-1' class='toggler  activeTitle av-title-above '  role='tab' tabindex='0' aria-controls='toggle-id-1' data-slide-speed=\"200\" data-title=\"Vorteile\" data-title-open=\"\" data-aria_collapsed=\"Click to expand: Vorteile\" data-aria_expanded=\"Click to collapse: Vorteile\">Vorteile<span class=\"toggle_icon\"><span class=\"vert_icon\"><\/span><span class=\"hor_icon\"><\/span><\/span><\/h4><div id='toggle-id-1' aria-labelledby='toggle-toggle-id-1' role='region' class='toggle_wrap  active_tc av-title-above' style='display:block;' ><div class='toggle_content invers-color ' ><ul class=\"customlist1\">\n<li>Maximale Kostend\u00e4mpfung<\/li>\n<li>Hohe Kompatibilit\u00e4t mit Matrizen<\/li>\n<li>Schnelle Lieferung<\/li>\n<li>Erh\u00e4ltlich mit verschiedenen L\u00f6chern<\/li>\n<\/ul>\n<\/div><\/div><\/div><\/section>\n<section class='av_toggle_section av-ljeuf7eb-84b1676ab02d7bc1c1fe91c3ab5b225e' ><div role=\"tablist\" class=\"single_toggle\" data-tags=\"{Alle} \"  ><h4 id='toggle-toggle-id-2' data-fake-id='#toggle-id-2' class='toggler  av-title-above '  role='tab' tabindex='0' aria-controls='toggle-id-2' data-slide-speed=\"200\" data-title=\"Typen\" data-title-open=\"\" data-aria_collapsed=\"Click to expand: Typen\" data-aria_expanded=\"Click to collapse: Typen\">Typen<span class=\"toggle_icon\"><span class=\"vert_icon\"><\/span><span class=\"hor_icon\"><\/span><\/span><\/h4><div id='toggle-id-2' aria-labelledby='toggle-toggle-id-2' role='region' class='toggle_wrap  av-title-above'  ><div class='toggle_content invers-color ' ><ul class=\"customlist2\">\n<li><a href=\"https:\/\/fileserver.mates.it\/Prodotti\/5_Ausiliari\/TDS\/Film%20distaccanti\/ELA_20_DS.pdf\" target=\"_blank\" rel=\"noopener noreferrer\">ELA 20 <\/a><\/li>\n<li><a href=\"https:\/\/fileserver.mates.it\/Prodotti\/5_Ausiliari\/TDS\/Film%20distaccanti\/HT_25_DS.pdf\" target=\"_blank\" rel=\"noopener noreferrer\">HT 25 <\/a><\/li>\n<li><a href=\"https:\/\/fileserver.mates.it\/Prodotti\/5_Ausiliari\/TDS\/Film%20distaccanti\/ET_30_DS.pdf\" target=\"_blank\" rel=\"noopener noreferrer\">ET 30<\/a><\/li>\n<li><a href=\"https:\/\/fileserver.mates.it\/Prodotti\/5_Ausiliari\/TDS\/Film%20distaccanti\/ET_45_DS.pdf\" target=\"_blank\" rel=\"noopener noreferrer\">ET 45<\/a><\/li>\n<li><a href=\"https:\/\/fileserver.mates.it\/Prodotti\/5_Ausiliari\/TDS\/Film%20distaccanti\/ST_30_DS.pdf\" target=\"_blank\" rel=\"noopener noreferrer\">ST 30<\/a><\/li>\n<\/ul>\n<\/div><\/div><\/div><\/section>\n<\/div><\/div><div  class='hr av-av_hr-91d7ccd583a503147498e120fee2ff9b hr-default  avia-builder-el-5  el_after_av_two_fifth  avia-builder-el-last '><span class='hr-inner '><span class=\"hr-inner-style\"><\/span><\/span><\/div><\/p>\n","protected":false},"excerpt":{"rendered":"<p>Mehrschichtige Trennfolien LM (niedrige bis mittlere Temperaturen) sind kosteng\u00fcnstig und f\u00fcr Produktionsprozesse optimiert, bei denen keine \u00fcberm\u00e4\u00dfig hohen Temperaturen auftreten.<\/p>\n","protected":false},"author":2,"featured_media":0,"parent":8953,"menu_order":1,"comment_status":"open","ping_status":"open","template":"","meta":{"footnotes":""},"class_list":["post-9027","page","type-page","status-publish","hentry"],"_links":{"self":[{"href":"https:\/\/www.mates.it\/de\/wp-json\/wp\/v2\/pages\/9027","targetHints":{"allow":["GET"]}}],"collection":[{"href":"https:\/\/www.mates.it\/de\/wp-json\/wp\/v2\/pages"}],"about":[{"href":"https:\/\/www.mates.it\/de\/wp-json\/wp\/v2\/types\/page"}],"author":[{"embeddable":true,"href":"https:\/\/www.mates.it\/de\/wp-json\/wp\/v2\/users\/2"}],"replies":[{"embeddable":true,"href":"https:\/\/www.mates.it\/de\/wp-json\/wp\/v2\/comments?post=9027"}],"version-history":[{"count":0,"href":"https:\/\/www.mates.it\/de\/wp-json\/wp\/v2\/pages\/9027\/revisions"}],"up":[{"embeddable":true,"href":"https:\/\/www.mates.it\/de\/wp-json\/wp\/v2\/pages\/8953"}],"wp:attachment":[{"href":"https:\/\/www.mates.it\/de\/wp-json\/wp\/v2\/media?parent=9027"}],"curies":[{"name":"wp","href":"https:\/\/api.w.org\/{rel}","templated":true}]}}