{"id":9028,"date":"2016-08-03T14:03:35","date_gmt":"2016-08-03T12:03:35","guid":{"rendered":"https:\/\/www.mates.it\/prodotti\/ausiliari-di-processo\/film-distaccanti\/fluorierte\/"},"modified":"2023-06-28T00:23:16","modified_gmt":"2023-06-27T22:23:16","slug":"fluoriert","status":"publish","type":"page","link":"https:\/\/www.mates.it\/de\/produkte\/vakuumtechnik\/trennfolien\/fluoriert\/","title":{"rendered":"Fluoriert"},"content":{"rendered":"<div  class='flex_column av-av_three_fifth-7714eba142aeda1f8b5272a3c372b279 av_three_fifth  avia-builder-el-0  el_before_av_two_fifth  avia-builder-el-first  first flex_column_div  '     ><p>\n<style type=\"text\/css\" data-created_by=\"avia_inline_auto\" id=\"style-css-av-ljeut92s-8e0c91b5f67ccca3ec5e7dbb9eace214\">\n#top .av-special-heading.av-ljeut92s-8e0c91b5f67ccca3ec5e7dbb9eace214{\npadding-bottom:10px;\n}\nbody .av-special-heading.av-ljeut92s-8e0c91b5f67ccca3ec5e7dbb9eace214 .av-special-heading-tag .heading-char{\nfont-size:25px;\n}\n.av-special-heading.av-ljeut92s-8e0c91b5f67ccca3ec5e7dbb9eace214 .av-subheading{\nfont-size:15px;\n}\n<\/style>\n<div  class='av-special-heading av-ljeut92s-8e0c91b5f67ccca3ec5e7dbb9eace214 av-special-heading-h1  avia-builder-el-1  el_before_av_textblock  avia-builder-el-first  custom-h1-title'><h1 class='av-special-heading-tag '  >Fluoriert<\/h1><div class=\"special-heading-border\"><div class=\"special-heading-inner-border\"><\/div><\/div><\/div><br \/>\n<section  class='av_textblock_section av-ljeuso26-74f83e5c7911b4ac48caf3d78312821d '  ><div class='avia_textblock' ><p>Sortiment an HT-Folien (Hochtemperaturfolien) aus fluoriertem Thermoplast mit hervorragenden thermischen und elektrischen Eigenschaften und ausgezeichneter chemischer Tr\u00e4gheit. Aufgrund ihrer Korrosionsbest\u00e4ndigkeit bis zu Temperaturen \u00fcber 240 \u00b0C werden sie in der Industrie h\u00e4ufig verwendet. Dank der Zusammensetzung mit geringer Haftreibung und minimaler chemischer Reaktivit\u00e4t sind sie in der Lage, selbst bei den komplexesten Formen eine hervorragende Abl\u00f6sekraft zu zeigen und dem Laminat das beste Finish zu verleihen, ohne chemische Wirkstoffe freizusetzen. Sie werden als Abziehfolien verwendet, finden auch Anwendung als Trennmittel beim Formen von Verbundwerkstoffen bei hohen Temperaturen und eignen sich hervorragend als Schwei\u00dfmaterial zwischen fluorierten Harzen. Sie sind in Form von nicht perforierten Folien oder mit P1- und P3-Perforationen erh\u00e4ltlich und erm\u00f6glichen dem Endverbraucher eine gute Verarbeitungstechnik, die beste Ergebnisse garantiert.<\/p>\n<\/div><\/section><\/p><\/div><div  class='flex_column av-av_two_fifth-f1c518e9ff58e869f80c8f093487abc9 av_two_fifth  avia-builder-el-3  el_after_av_three_fifth  el_before_av_hr  flex_column_div  '     ><style type=\"text\/css\" data-created_by=\"avia_inline_auto\" id=\"style-css-av-ljeut4ix-f0cf0a6b10bc4a8d10ddc98d50febaaa\">\n#top .togglecontainer.av-ljeut4ix-f0cf0a6b10bc4a8d10ddc98d50febaaa h4.toggler{\nfont-size:14px;\n}\n#top .togglecontainer.av-ljeut4ix-f0cf0a6b10bc4a8d10ddc98d50febaaa h4.toggler.activeTitle{\ncolor:#ffffff;\nborder-color:#ffffff;\nbackground-color:#2682d3;\n}\n<\/style>\n<div  class='togglecontainer av-ljeut4ix-f0cf0a6b10bc4a8d10ddc98d50febaaa  avia-builder-el-4  avia-builder-el-no-sibling  accordion_product toggle_close_all hasCurrentStyle' >\n<section class='av_toggle_section av-ljeut1f7-9b6050d939a6ea016dd7ad2bdbed50c5' ><div role=\"tablist\" class=\"single_toggle\" data-tags=\"{Alle} \"  ><h4 id='toggle-toggle-id-1' data-fake-id='#toggle-id-1' class='toggler  activeTitle av-title-above '  role='tab' tabindex='0' aria-controls='toggle-id-1' data-slide-speed=\"200\" data-title=\"Vorteile\" data-title-open=\"\" data-aria_collapsed=\"Click to expand: Vorteile\" data-aria_expanded=\"Click to collapse: Vorteile\">Vorteile<span class=\"toggle_icon\"><span class=\"vert_icon\"><\/span><span class=\"hor_icon\"><\/span><\/span><\/h4><div id='toggle-id-1' aria-labelledby='toggle-toggle-id-1' role='region' class='toggle_wrap  active_tc av-title-above' style='display:block;' ><div class='toggle_content invers-color ' ><ul class=\"customlist1\">\n<li>Hochwertige Produkte<\/li>\n<li>Maximale Kompatibilit\u00e4t mit Matrizen<\/li>\n<li>Hohe Betriebstemperaturen<\/li>\n<li>Erh\u00e4ltlich mit verschiedenen L\u00f6chern<\/li>\n<\/ul>\n<\/div><\/div><\/div><\/section>\n<section class='av_toggle_section av-ljeut3mn-df93ef023fb06b0a631ae984da17b84d' ><div role=\"tablist\" class=\"single_toggle\" data-tags=\"{Alle} \"  ><h4 id='toggle-toggle-id-2' data-fake-id='#toggle-id-2' class='toggler  av-title-above '  role='tab' tabindex='0' aria-controls='toggle-id-2' data-slide-speed=\"200\" data-title=\"Typen\" data-title-open=\"\" data-aria_collapsed=\"Click to expand: Typen\" data-aria_expanded=\"Click to collapse: Typen\">Typen<span class=\"toggle_icon\"><span class=\"vert_icon\"><\/span><span class=\"hor_icon\"><\/span><\/span><\/h4><div id='toggle-id-2' aria-labelledby='toggle-toggle-id-2' role='region' class='toggle_wrap  av-title-above'  ><div class='toggle_content invers-color ' ><ul class=\"customlist2\">\n<li><a href=\"https:\/\/fileserver.mates.it\/Prodotti\/5_Ausiliari\/TDS\/Film%20distaccanti\/ETFE_DS.pdf\" target=\"_blank\" rel=\"noopener\">ETFE<\/a><\/li>\n<li><a href=\"https:\/\/fileserver.mates.it\/Prodotti\/5_Ausiliari\/TDS\/Film%20distaccanti\/FEP_DS.pdf\" target=\"_blank\" rel=\"noopener\">FEP<\/a><\/li>\n<li><a href=\"https:\/\/fileserver.mates.it\/Prodotti\/5_Ausiliari\/TDS\/Film%20distaccanti\/CF100_DS.pdf\" target=\"_blank\" rel=\"noopener\">CF100<\/a><\/li>\n<\/ul>\n<\/div><\/div><\/div><\/section>\n<\/div><\/div><div  class='hr av-av_hr-91d7ccd583a503147498e120fee2ff9b hr-default  avia-builder-el-5  el_after_av_two_fifth  avia-builder-el-last '><span class='hr-inner '><span class=\"hr-inner-style\"><\/span><\/span><\/div><\/p>\n","protected":false},"excerpt":{"rendered":"<p>Sortiment an HT-Folien (Hochtemperaturfolien) aus fluoriertem Thermoplast mit hervorragenden thermischen und elektrischen Eigenschaften und ausgezeichneter chemischer Tr\u00e4gheit. Weit verbreitet in der Industrie.<\/p>\n","protected":false},"author":2,"featured_media":0,"parent":8953,"menu_order":2,"comment_status":"open","ping_status":"open","template":"","meta":{"footnotes":""},"class_list":["post-9028","page","type-page","status-publish","hentry"],"_links":{"self":[{"href":"https:\/\/www.mates.it\/de\/wp-json\/wp\/v2\/pages\/9028","targetHints":{"allow":["GET"]}}],"collection":[{"href":"https:\/\/www.mates.it\/de\/wp-json\/wp\/v2\/pages"}],"about":[{"href":"https:\/\/www.mates.it\/de\/wp-json\/wp\/v2\/types\/page"}],"author":[{"embeddable":true,"href":"https:\/\/www.mates.it\/de\/wp-json\/wp\/v2\/users\/2"}],"replies":[{"embeddable":true,"href":"https:\/\/www.mates.it\/de\/wp-json\/wp\/v2\/comments?post=9028"}],"version-history":[{"count":0,"href":"https:\/\/www.mates.it\/de\/wp-json\/wp\/v2\/pages\/9028\/revisions"}],"up":[{"embeddable":true,"href":"https:\/\/www.mates.it\/de\/wp-json\/wp\/v2\/pages\/8953"}],"wp:attachment":[{"href":"https:\/\/www.mates.it\/de\/wp-json\/wp\/v2\/media?parent=9028"}],"curies":[{"name":"wp","href":"https:\/\/api.w.org\/{rel}","templated":true}]}}