{"id":9030,"date":"2016-08-03T16:10:26","date_gmt":"2016-08-03T14:10:26","guid":{"rendered":"https:\/\/www.mates.it\/prodotti\/ausiliari-di-processo\/feltri-aeratori\/nadeln\/"},"modified":"2023-06-28T18:43:00","modified_gmt":"2023-06-28T16:43:00","slug":"nadeln","status":"publish","type":"page","link":"https:\/\/www.mates.it\/de\/produkte\/vakuumtechnik\/saugvliese\/nadeln\/","title":{"rendered":"Nadeln"},"content":{"rendered":"<div  class='flex_column av-av_three_fifth-7714eba142aeda1f8b5272a3c372b279 av_three_fifth  avia-builder-el-0  el_before_av_two_fifth  avia-builder-el-first  first flex_column_div  '     ><p>\n<style type=\"text\/css\" data-created_by=\"avia_inline_auto\" id=\"style-css-av-ljfy3kh9-d41c07387082e33a78b391b63fcc8b7b\">\n#top .av-special-heading.av-ljfy3kh9-d41c07387082e33a78b391b63fcc8b7b{\npadding-bottom:10px;\n}\nbody .av-special-heading.av-ljfy3kh9-d41c07387082e33a78b391b63fcc8b7b .av-special-heading-tag .heading-char{\nfont-size:25px;\n}\n.av-special-heading.av-ljfy3kh9-d41c07387082e33a78b391b63fcc8b7b .av-subheading{\nfont-size:15px;\n}\n<\/style>\n<div  class='av-special-heading av-ljfy3kh9-d41c07387082e33a78b391b63fcc8b7b av-special-heading-h1  avia-builder-el-1  el_before_av_textblock  avia-builder-el-first  custom-h1-title'><h1 class='av-special-heading-tag '  >Nadeln<\/h1><div class=\"special-heading-border\"><div class=\"special-heading-inner-border\"><\/div><\/div><\/div><br \/>\n<section  class='av_textblock_section av-ljfy2upo-13655120c6de7226cecffc3b1d05c2b4 '  ><div class='avia_textblock' ><p>Das Sortiment an Nadelfilzen besteht aus Vliesstoffen aus hochwertigen Polyesterflocken, die sich an die komplexesten Formen des Laminats anpassen und gleichzeitig eine hervorragende Best\u00e4ndigkeit gegen\u00fcber hohen Temperaturen gew\u00e4hrleisten. Sie unterscheiden sich von kompakten Stoffen durch ihre hohe inh\u00e4rente F\u00e4higkeit, praktisch allen Formen zu folgen (Drapierbarkeit), verbunden mit einer au\u00dfergew\u00f6hnlichen Weichheit im Griff. Ihre gro\u00dfe Durchl\u00e4ssigkeit f\u00fcr L\u00f6sungsmitteld\u00e4mpfe erm\u00f6glicht den Einsatz mit den wichtigsten Harzsystemen in Vakuum- und Autoklavenprozessen. Da sie nicht gegen Abl\u00f6sung behandelt sind, m\u00fcssen sie mittels einer Trennfolie vom Laminat getrennt gehalten werden. Die engen Beziehungen, die wir im Laufe der Jahre zu den wichtigsten Herstellern der Branche gefestigt haben, erm\u00f6glichen es uns, die besten Nadelfilze zum besten Preis anzubieten.<\/p>\n<\/div><\/section><\/p><\/div><div  class='flex_column av-av_two_fifth-f1c518e9ff58e869f80c8f093487abc9 av_two_fifth  avia-builder-el-3  el_after_av_three_fifth  el_before_av_hr  flex_column_div  '     ><style type=\"text\/css\" data-created_by=\"avia_inline_auto\" id=\"style-css-av-ljfy3gfy-65f135dd25fe5df0c7f8f5f05daabedd\">\n#top .togglecontainer.av-ljfy3gfy-65f135dd25fe5df0c7f8f5f05daabedd h4.toggler{\nfont-size:14px;\n}\n#top .togglecontainer.av-ljfy3gfy-65f135dd25fe5df0c7f8f5f05daabedd h4.toggler.activeTitle{\ncolor:#ffffff;\nborder-color:#ffffff;\nbackground-color:#2682d3;\n}\n<\/style>\n<div  class='togglecontainer av-ljfy3gfy-65f135dd25fe5df0c7f8f5f05daabedd  avia-builder-el-4  avia-builder-el-no-sibling  accordion_product toggle_close_all hasCurrentStyle' >\n<section class='av_toggle_section av-ljfy3cpp-6e60c1f363a4cbc2604f77eb7a710f53' ><div role=\"tablist\" class=\"single_toggle\" data-tags=\"{Alle} \"  ><h4 id='toggle-toggle-id-1' data-fake-id='#toggle-id-1' class='toggler  activeTitle av-title-above '  role='tab' tabindex='0' aria-controls='toggle-id-1' data-slide-speed=\"200\" data-title=\"Vorteile\" data-title-open=\"\" data-aria_collapsed=\"Click to expand: Vorteile\" data-aria_expanded=\"Click to collapse: Vorteile\">Vorteile<span class=\"toggle_icon\"><span class=\"vert_icon\"><\/span><span class=\"hor_icon\"><\/span><\/span><\/h4><div id='toggle-id-1' aria-labelledby='toggle-toggle-id-1' role='region' class='toggle_wrap  active_tc av-title-above' style='display:block;' ><div class='toggle_content invers-color ' ><ul class=\"customlist1\">\n<li>Hohe Drapierbarkeit<\/li>\n<li>Hoher Luftstrom<\/li>\n<li>Kompatibel mit den wichtigsten Harzen<\/li>\n<li>Temperaturbest\u00e4ndigkeit<\/li>\n<\/ul>\n<\/div><\/div><\/div><\/section>\n<section class='av_toggle_section av-ljfy3fg6-93d10ae52073fec1e591b55db60f4b71' ><div role=\"tablist\" class=\"single_toggle\" data-tags=\"{Alle} \"  ><h4 id='toggle-toggle-id-2' data-fake-id='#toggle-id-2' class='toggler  av-title-above '  role='tab' tabindex='0' aria-controls='toggle-id-2' data-slide-speed=\"200\" data-title=\"Typen\" data-title-open=\"\" data-aria_collapsed=\"Click to expand: Typen\" data-aria_expanded=\"Click to collapse: Typen\">Typen<span class=\"toggle_icon\"><span class=\"vert_icon\"><\/span><span class=\"hor_icon\"><\/span><\/span><\/h4><div id='toggle-id-2' aria-labelledby='toggle-toggle-id-2' role='region' class='toggle_wrap  av-title-above'  ><div class='toggle_content invers-color ' ><ul class=\"customlist2\">\n<li><a href=\"https:\/\/fileserver.mates.it\/Prodotti\/5_Ausiliari\/TDS\/Feltri%20aeratori\/AER140_DS.pdf\" target=\"_blank\" rel=\"noopener\">AER 140<\/a><\/li>\n<li><a href=\"https:\/\/fileserver.mates.it\/Prodotti\/5_Ausiliari\/TDS\/Feltri%20aeratori\/AER160_DS.pdf\" target=\"_blank\" rel=\"noopener\">AER 160<\/a><\/li>\n<li><a href=\"https:\/\/fileserver.mates.it\/Prodotti\/5_Ausiliari\/TDS\/Feltri%20aeratori\/AER230_DS.pdf\" target=\"_blank\" rel=\"noopener\">AER 230<\/a><\/li>\n<li><a href=\"https:\/\/fileserver.mates.it\/Prodotti\/5_Ausiliari\/TDS\/Feltri%20aeratori\/AER340_DS.pdf\" target=\"_blank\" rel=\"noopener\">AER 340<\/a><\/li>\n<\/ul>\n<\/div><\/div><\/div><\/section>\n<\/div><\/div><div  class='hr av-av_hr-91d7ccd583a503147498e120fee2ff9b hr-default  avia-builder-el-5  el_after_av_two_fifth  avia-builder-el-last '><span class='hr-inner '><span class=\"hr-inner-style\"><\/span><\/span><\/div><\/p>\n","protected":false},"excerpt":{"rendered":"<p>Das Sortiment an Nadelfilzen besteht aus Vliesstoffen aus hochwertigen Polyesterflocken, die sich an die komplexesten Formen anpassen k\u00f6nnen.<\/p>\n","protected":false},"author":2,"featured_media":0,"parent":8957,"menu_order":1,"comment_status":"open","ping_status":"open","template":"","meta":{"footnotes":""},"class_list":["post-9030","page","type-page","status-publish","hentry"],"_links":{"self":[{"href":"https:\/\/www.mates.it\/de\/wp-json\/wp\/v2\/pages\/9030","targetHints":{"allow":["GET"]}}],"collection":[{"href":"https:\/\/www.mates.it\/de\/wp-json\/wp\/v2\/pages"}],"about":[{"href":"https:\/\/www.mates.it\/de\/wp-json\/wp\/v2\/types\/page"}],"author":[{"embeddable":true,"href":"https:\/\/www.mates.it\/de\/wp-json\/wp\/v2\/users\/2"}],"replies":[{"embeddable":true,"href":"https:\/\/www.mates.it\/de\/wp-json\/wp\/v2\/comments?post=9030"}],"version-history":[{"count":0,"href":"https:\/\/www.mates.it\/de\/wp-json\/wp\/v2\/pages\/9030\/revisions"}],"up":[{"embeddable":true,"href":"https:\/\/www.mates.it\/de\/wp-json\/wp\/v2\/pages\/8957"}],"wp:attachment":[{"href":"https:\/\/www.mates.it\/de\/wp-json\/wp\/v2\/media?parent=9030"}],"curies":[{"name":"wp","href":"https:\/\/api.w.org\/{rel}","templated":true}]}}