{"id":9031,"date":"2016-08-03T16:13:30","date_gmt":"2016-08-03T14:13:30","guid":{"rendered":"https:\/\/www.mates.it\/prodotti\/ausiliari-di-processo\/feltri-aeratori\/verdichtet\/"},"modified":"2025-04-15T23:25:57","modified_gmt":"2025-04-15T21:25:57","slug":"verdichtet","status":"publish","type":"page","link":"https:\/\/www.mates.it\/de\/produkte\/vakuumtechnik\/saugvliese\/verdichtet\/","title":{"rendered":"Verdichtet"},"content":{"rendered":"<div  class='flex_column av-av_three_fifth-7714eba142aeda1f8b5272a3c372b279 av_three_fifth  avia-builder-el-0  el_before_av_two_fifth  avia-builder-el-first  first flex_column_div  '     ><p>\n<style type=\"text\/css\" data-created_by=\"avia_inline_auto\" id=\"style-css-av-ljfysijz-620ab3a00cbdcea66424aa44254ca527\">\n#top .av-special-heading.av-ljfysijz-620ab3a00cbdcea66424aa44254ca527{\npadding-bottom:10px;\n}\nbody .av-special-heading.av-ljfysijz-620ab3a00cbdcea66424aa44254ca527 .av-special-heading-tag .heading-char{\nfont-size:25px;\n}\n.av-special-heading.av-ljfysijz-620ab3a00cbdcea66424aa44254ca527 .av-subheading{\nfont-size:15px;\n}\n<\/style>\n<div  class='av-special-heading av-ljfysijz-620ab3a00cbdcea66424aa44254ca527 av-special-heading-h1  avia-builder-el-1  el_before_av_textblock  avia-builder-el-first  custom-h1-title'><h1 class='av-special-heading-tag '  >Verdichtet<\/h1><div class=\"special-heading-border\"><div class=\"special-heading-inner-border\"><\/div><\/div><\/div><br \/>\n<section  class='av_textblock_section av-ljfyrq3n-f4a2fba2036755ef0dbda674afac6201 '  ><div class='avia_textblock' ><p>Die verdichteten Filze werden ebenfalls durch den Vernadelungsprozess der Polyesterflocken hergestellt, durchlaufen jedoch eine zweite Verarbeitung. Sie werden maschinell wiederverdichtet, ohne den Einsatz von Leimen oder chemischen Bindemitteln, die das Produkt verunreinigen k\u00f6nnten. Dieses Verfahren ist in der Lage, Vliesstoffe mit einer in dieser Art einzigartigen Kompaktheit herzustellen, die in der Lage sind, die beste Druckfestigkeit durch \u00e4u\u00dfere Dr\u00fccke zu entwickeln. W\u00e4hrend der Arbeitsphase ist es m\u00f6glich, eine bessere Ausbreitung des Luftstroms im Inneren zu erreichen, wodurch die Gefahr eines Kollabierens des Filzes beseitigt wird. Die gr\u00f6\u00dfere Kompaktheit des Produktes ver\u00e4ndert jedoch seine Drapierbarkeit, die jedenfalls f\u00fcr praktisch alle Produktionsprozesse im Bereich der verst\u00e4rkten Kunststoffe, in der Glasindustrie und in allen Bereichen, in denen Nadelvliese \u00fcblicherweise verwendet werden, optimal bleibt.<\/p>\n<\/div><\/section><\/p><\/div>\n<div  class='flex_column av-av_two_fifth-f1c518e9ff58e869f80c8f093487abc9 av_two_fifth  avia-builder-el-3  el_after_av_three_fifth  el_before_av_hr  flex_column_div  '     ><style type=\"text\/css\" data-created_by=\"avia_inline_auto\" id=\"style-css-av-ljfysbsh-f2d2e58872c4aefc77ced8ae104da18b\">\n#top .togglecontainer.av-ljfysbsh-f2d2e58872c4aefc77ced8ae104da18b h4.toggler{\nfont-size:14px;\n}\n#top .togglecontainer.av-ljfysbsh-f2d2e58872c4aefc77ced8ae104da18b h4.toggler.activeTitle{\ncolor:#ffffff;\nborder-color:#ffffff;\nbackground-color:#2682d3;\n}\n<\/style>\n<div  class='togglecontainer av-ljfysbsh-f2d2e58872c4aefc77ced8ae104da18b  avia-builder-el-4  avia-builder-el-no-sibling  accordion_product toggle_close_all hasCurrentStyle' >\n<section class='av_toggle_section av-ljfys7rj-e91d7ae5be7a08768d017797422b2a51' ><div role=\"tablist\" class=\"single_toggle\" data-tags=\"{Alle} \"  ><h4 id='toggle-toggle-id-1' data-fake-id='#toggle-id-1' class='toggler  activeTitle av-title-above '  role='tab' tabindex='0' aria-controls='toggle-id-1' data-slide-speed=\"200\" data-title=\"Vorteile\" data-title-open=\"\" data-aria_collapsed=\"Click to expand: Vorteile\" data-aria_expanded=\"Click to collapse: Vorteile\">Vorteile<span class=\"toggle_icon\"><span class=\"vert_icon\"><\/span><span class=\"hor_icon\"><\/span><\/span><\/h4><div id='toggle-id-1' aria-labelledby='toggle-toggle-id-1' role='region' class='toggle_wrap  active_tc av-title-above' style='display:block;' ><div class='toggle_content invers-color ' ><ul class=\"customlist1\">\n<li>Maximale Kompaktheit<\/li>\n<li>Gute Drapierbarkeit<\/li>\n<li>Sehr hoher Luftstrom<\/li>\n<li>Temperaturbest\u00e4ndigkeit<\/li>\n<\/ul>\n<\/div><\/div><\/div><\/section>\n<section class='av_toggle_section av-ljfysan2-bb4101cdb65a1b19e5c2e949cd5159d6' ><div role=\"tablist\" class=\"single_toggle\" data-tags=\"{Alle} \"  ><h4 id='toggle-toggle-id-2' data-fake-id='#toggle-id-2' class='toggler  av-title-above '  role='tab' tabindex='0' aria-controls='toggle-id-2' data-slide-speed=\"200\" data-title=\"Typen\" data-title-open=\"\" data-aria_collapsed=\"Click to expand: Typen\" data-aria_expanded=\"Click to collapse: Typen\">Typen<span class=\"toggle_icon\"><span class=\"vert_icon\"><\/span><span class=\"hor_icon\"><\/span><\/span><\/h4><div id='toggle-id-2' aria-labelledby='toggle-toggle-id-2' role='region' class='toggle_wrap  av-title-above'  ><div class='toggle_content invers-color ' ><ul class=\"customlist2\">\n<li><a href=\"https:\/\/fileserver.mates.it\/Prodotti\/5_Ausiliari\/TDS\/Feltri%20aeratori\/AER100_DS.pdf\" target=\"_blank\" rel=\"noopener\">AER 100<\/a><\/li>\n<li><a href=\"https:\/\/fileserver.mates.it\/Prodotti\/5_Ausiliari\/TDS\/Feltri%20aeratori\/AER120_DS.pdf\" target=\"_blank\" rel=\"noopener\">AER 120<\/a><\/li>\n<li><a href=\"https:\/\/fileserver.mates.it\/Prodotti\/5_Ausiliari\/TDS\/Feltri%20aeratori\/AER180_DS.pdf\" target=\"_blank\" rel=\"noopener\">AER 180<\/a><\/li>\n<li><a href=\"https:\/\/fileserver.mates.it\/Prodotti\/5_Ausiliari\/TDS\/Feltri%20aeratori\/AER300_DS.pdf\" target=\"_blank\" rel=\"noopener\">AER 300<\/a><\/li>\n<\/ul>\n<\/div><\/div><\/div><\/section>\n<\/div><\/div><div  class='hr av-av_hr-91d7ccd583a503147498e120fee2ff9b hr-default  avia-builder-el-5  el_after_av_two_fifth  avia-builder-el-last '><span class='hr-inner '><span class=\"hr-inner-style\"><\/span><\/span><\/div><\/p>\n","protected":false},"excerpt":{"rendered":"<p>Die verdichteten Filze werden ebenfalls durch den Vernadelungsprozess der Polyesterflocken hergestellt, durchlaufen jedoch eine zweite Verarbeitung.<\/p>\n","protected":false},"author":2,"featured_media":0,"parent":8957,"menu_order":2,"comment_status":"open","ping_status":"open","template":"","meta":{"footnotes":""},"class_list":["post-9031","page","type-page","status-publish","hentry"],"_links":{"self":[{"href":"https:\/\/www.mates.it\/de\/wp-json\/wp\/v2\/pages\/9031","targetHints":{"allow":["GET"]}}],"collection":[{"href":"https:\/\/www.mates.it\/de\/wp-json\/wp\/v2\/pages"}],"about":[{"href":"https:\/\/www.mates.it\/de\/wp-json\/wp\/v2\/types\/page"}],"author":[{"embeddable":true,"href":"https:\/\/www.mates.it\/de\/wp-json\/wp\/v2\/users\/2"}],"replies":[{"embeddable":true,"href":"https:\/\/www.mates.it\/de\/wp-json\/wp\/v2\/comments?post=9031"}],"version-history":[{"count":0,"href":"https:\/\/www.mates.it\/de\/wp-json\/wp\/v2\/pages\/9031\/revisions"}],"up":[{"embeddable":true,"href":"https:\/\/www.mates.it\/de\/wp-json\/wp\/v2\/pages\/8957"}],"wp:attachment":[{"href":"https:\/\/www.mates.it\/de\/wp-json\/wp\/v2\/media?parent=9031"}],"curies":[{"name":"wp","href":"https:\/\/api.w.org\/{rel}","templated":true}]}}