{"id":9032,"date":"2016-08-04T10:00:58","date_gmt":"2016-08-04T08:00:58","guid":{"rendered":"https:\/\/www.mates.it\/prodotti\/ausiliari-di-processo\/mezzi-di-flusso\/infusion-maschen\/"},"modified":"2023-06-28T19:44:14","modified_gmt":"2023-06-28T17:44:14","slug":"entluftungsnetz","status":"publish","type":"page","link":"https:\/\/www.mates.it\/de\/produkte\/vakuumtechnik\/fliesshilfen\/entluftungsnetz\/","title":{"rendered":"Entl\u00fcftungsnetz"},"content":{"rendered":"<div  class='flex_column av-av_three_fifth-7714eba142aeda1f8b5272a3c372b279 av_three_fifth  avia-builder-el-0  el_before_av_two_fifth  avia-builder-el-first  first flex_column_div  '     ><p>\n<style type=\"text\/css\" data-created_by=\"avia_inline_auto\" id=\"style-css-av-ljg07t7a-e811ade44ca993bf9eba4ee45e8d6762\">\n#top .av-special-heading.av-ljg07t7a-e811ade44ca993bf9eba4ee45e8d6762{\npadding-bottom:10px;\n}\nbody .av-special-heading.av-ljg07t7a-e811ade44ca993bf9eba4ee45e8d6762 .av-special-heading-tag .heading-char{\nfont-size:25px;\n}\n.av-special-heading.av-ljg07t7a-e811ade44ca993bf9eba4ee45e8d6762 .av-subheading{\nfont-size:15px;\n}\n<\/style>\n<div  class='av-special-heading av-ljg07t7a-e811ade44ca993bf9eba4ee45e8d6762 av-special-heading-h1  avia-builder-el-1  el_before_av_textblock  avia-builder-el-first  custom-h1-title'><h1 class='av-special-heading-tag '  >Entl\u00fcftungsnetz<\/h1><div class=\"special-heading-border\"><div class=\"special-heading-inner-border\"><\/div><\/div><\/div><br \/>\n<section  class='av_textblock_section av-ljg083s1-c6ea592f0dc8b4055ae22833676b5b95 '  ><div class='avia_textblock' ><p>Das Infusionsnetz ist ein spezielles Verbrauchsprodukt zur Beschleunigung des Harzflusses im Vakuumbeutel und beg\u00fcnstigt eine korrekte Impr\u00e4gnierung der Stoffe bei Prozessen wie der Infusion oder bei Prozessen namens VARTM (Vacuum Assisted Resin Transfer Moulding). Das Netz ist sehr n\u00fctzlich in Bereichen mit einer hohen Anzahl von Schichten, die an Kanten und abgelegenen Bereichen der Form oder auf der gesamten Oberfl\u00e4che derselben positioniert werden, f\u00fcr gro\u00dfe Formen und\/oder f\u00fcr Infusionen mit mittelviskosem Harz. Wir haben die besten Arten von Infusionsnetzen ausgew\u00e4hlt, die sich in Drapierbarkeit, Flie\u00dfgeschwindigkeit und m\u00f6glicher Verbindung mit unseren perforierten Folien unterscheiden, also gebrauchsfertige Verpackungen, die eine Steigerung der Geschwindigkeit bei der Herstellung eines Verbundprodukts gew\u00e4hrleisten.<\/p>\n<\/div><\/section><\/p><\/div><div  class='flex_column av-av_two_fifth-f1c518e9ff58e869f80c8f093487abc9 av_two_fifth  avia-builder-el-3  el_after_av_three_fifth  el_before_av_hr  flex_column_div  '     ><style type=\"text\/css\" data-created_by=\"avia_inline_auto\" id=\"style-css-av-ljg0aa2w-b35791898bb71b45d67d8dd099a02b5b\">\n#top .togglecontainer.av-ljg0aa2w-b35791898bb71b45d67d8dd099a02b5b h4.toggler{\nfont-size:14px;\n}\n#top .togglecontainer.av-ljg0aa2w-b35791898bb71b45d67d8dd099a02b5b h4.toggler.activeTitle{\ncolor:#ffffff;\nborder-color:#ffffff;\nbackground-color:#2682d3;\n}\n<\/style>\n<div  class='togglecontainer av-ljg0aa2w-b35791898bb71b45d67d8dd099a02b5b  avia-builder-el-4  avia-builder-el-no-sibling  accordion_product toggle_close_all hasCurrentStyle' >\n<section class='av_toggle_section av-ljg0a737-52c7cfda700dbb395f5009be3a72c434' ><div role=\"tablist\" class=\"single_toggle\" data-tags=\"{Alle} \"  ><h4 id='toggle-toggle-id-1' data-fake-id='#toggle-id-1' class='toggler  activeTitle av-title-above '  role='tab' tabindex='0' aria-controls='toggle-id-1' data-slide-speed=\"200\" data-title=\"Vorteile\" data-title-open=\"\" data-aria_collapsed=\"Click to expand: Vorteile\" data-aria_expanded=\"Click to collapse: Vorteile\">Vorteile<span class=\"toggle_icon\"><span class=\"vert_icon\"><\/span><span class=\"hor_icon\"><\/span><\/span><\/h4><div id='toggle-id-1' aria-labelledby='toggle-toggle-id-1' role='region' class='toggle_wrap  active_tc av-title-above' style='display:block;' ><div class='toggle_content invers-color ' ><ul class=\"customlist1\">\n<li>Beschleunigen Sie Ihren Flow<\/li>\n<li>Spezifikationen f\u00fcr Injektionen \/ Infusionen<\/li>\n<li>Verschiedene Typen<\/li>\n<li>Maximale Modularit\u00e4t<\/li>\n<\/ul>\n<\/div><\/div><\/div><\/section>\n<section class='av_toggle_section av-ljg0a98i-a9a4d14434cac56c17d5ad2b4ac5b17d' ><div role=\"tablist\" class=\"single_toggle\" data-tags=\"{Alle} \"  ><h4 id='toggle-toggle-id-2' data-fake-id='#toggle-id-2' class='toggler  av-title-above '  role='tab' tabindex='0' aria-controls='toggle-id-2' data-slide-speed=\"200\" data-title=\"Typen\" data-title-open=\"\" data-aria_collapsed=\"Click to expand: Typen\" data-aria_expanded=\"Click to collapse: Typen\">Typen<span class=\"toggle_icon\"><span class=\"vert_icon\"><\/span><span class=\"hor_icon\"><\/span><\/span><\/h4><div id='toggle-id-2' aria-labelledby='toggle-toggle-id-2' role='region' class='toggle_wrap  av-title-above'  ><div class='toggle_content invers-color ' ><ul class=\"customlist2\">\n<li><a href=\"https:\/\/fileserver.mates.it\/Prodotti\/5_Ausiliari\/TDS\/Mezzi%20di%20flusso\/RD100_DS.pdf\" target=\"_blank\" rel=\"noopener noreferrer\">RD 100<\/a><\/li>\n<li><a href=\"https:\/\/fileserver.mates.it\/Prodotti\/5_Ausiliari\/TDS\/Mezzi%20di%20flusso\/RD105_DS.pdf\" target=\"_blank\" rel=\"noopener noreferrer\">RD 105<\/a><\/li>\n<li><a href=\"https:\/\/fileserver.mates.it\/Prodotti\/5_Ausiliari\/TDS\/Mezzi%20di%20flusso\/RD130_DS.pdf\" target=\"_blank\" rel=\"noopener noreferrer\">RD 130<\/a><\/li>\n<li><a href=\"https:\/\/fileserver.mates.it\/Prodotti\/5_Ausiliari\/TDS\/Mezzi%20di%20flusso\/RD140_DS.pdf\" target=\"_blank\" rel=\"noopener noreferrer\">RD 140<\/a><\/li>\n<\/ul>\n<\/div><\/div><\/div><\/section>\n<\/div><\/div><div  class='hr av-av_hr-91d7ccd583a503147498e120fee2ff9b hr-default  avia-builder-el-5  el_after_av_two_fifth  avia-builder-el-last '><span class='hr-inner '><span class=\"hr-inner-style\"><\/span><\/span><\/div><\/p>\n","protected":false},"excerpt":{"rendered":"<p>Das Infusionsnetz ist ein spezielles Verbrauchsprodukt, das den Harzfluss im Vakuumbeutel beschleunigt und so eine korrekte Impr\u00e4gnierung der Fasern beg\u00fcnstigt.<\/p>\n","protected":false},"author":2,"featured_media":0,"parent":8955,"menu_order":1,"comment_status":"open","ping_status":"open","template":"","meta":{"footnotes":""},"class_list":["post-9032","page","type-page","status-publish","hentry"],"_links":{"self":[{"href":"https:\/\/www.mates.it\/de\/wp-json\/wp\/v2\/pages\/9032","targetHints":{"allow":["GET"]}}],"collection":[{"href":"https:\/\/www.mates.it\/de\/wp-json\/wp\/v2\/pages"}],"about":[{"href":"https:\/\/www.mates.it\/de\/wp-json\/wp\/v2\/types\/page"}],"author":[{"embeddable":true,"href":"https:\/\/www.mates.it\/de\/wp-json\/wp\/v2\/users\/2"}],"replies":[{"embeddable":true,"href":"https:\/\/www.mates.it\/de\/wp-json\/wp\/v2\/comments?post=9032"}],"version-history":[{"count":0,"href":"https:\/\/www.mates.it\/de\/wp-json\/wp\/v2\/pages\/9032\/revisions"}],"up":[{"embeddable":true,"href":"https:\/\/www.mates.it\/de\/wp-json\/wp\/v2\/pages\/8955"}],"wp:attachment":[{"href":"https:\/\/www.mates.it\/de\/wp-json\/wp\/v2\/media?parent=9032"}],"curies":[{"name":"wp","href":"https:\/\/api.w.org\/{rel}","templated":true}]}}