{"id":9033,"date":"2016-08-04T10:19:23","date_gmt":"2016-08-04T08:19:23","guid":{"rendered":"https:\/\/www.mates.it\/prodotti\/ausiliari-di-processo\/mezzi-di-flusso\/flow-zopfe\/"},"modified":"2026-02-07T18:26:09","modified_gmt":"2026-02-07T17:26:09","slug":"flow-zopfe","status":"publish","type":"page","link":"https:\/\/www.mates.it\/de\/produkte\/vakuumtechnik\/fliesshilfen\/flow-zopfe\/","title":{"rendered":"Flow Z\u00f6pfe"},"content":{"rendered":"<div  class='flex_column av-av_three_fifth-7714eba142aeda1f8b5272a3c372b279 av_three_fifth  avia-builder-el-0  el_before_av_two_fifth  avia-builder-el-first  first flex_column_div  '     ><p>\n<style type=\"text\/css\" data-created_by=\"avia_inline_auto\" id=\"style-css-av-ljg1ej39-53deb17c7faf4fcdd98663ffc660c179\">\n#top .av-special-heading.av-ljg1ej39-53deb17c7faf4fcdd98663ffc660c179{\npadding-bottom:10px;\n}\nbody .av-special-heading.av-ljg1ej39-53deb17c7faf4fcdd98663ffc660c179 .av-special-heading-tag .heading-char{\nfont-size:25px;\n}\n.av-special-heading.av-ljg1ej39-53deb17c7faf4fcdd98663ffc660c179 .av-subheading{\nfont-size:15px;\n}\n<\/style>\n<div  class='av-special-heading av-ljg1ej39-53deb17c7faf4fcdd98663ffc660c179 av-special-heading-h1  avia-builder-el-1  el_before_av_textblock  avia-builder-el-first  custom-h1-title'><h1 class='av-special-heading-tag '  >Flow Z\u00f6pfe<\/h1><div class=\"special-heading-border\"><div class=\"special-heading-inner-border\"><\/div><\/div><\/div><br \/>\n<section  class='av_textblock_section av-ljg1dqv3-47fc02d78275c4d2287da249bb7fe81f '  ><div class='avia_textblock' ><p>Die Flie\u00dfgeflechte werden verwendet, um den Fluss des Harzes im Vakuumbeutel zu beschleunigen, sodass die Mischung bei Prozessen wie der Infusion oder bei Prozessen namens VARTM (Vacuum Assisted Resin Transfer Molding) und RTM-Erweiterung die \u00e4u\u00dfersten Punkte der Form erreichen kann. Die Struktur und Weichheit dieser Produktfamilie erm\u00f6glicht es, den Harzfluss zum Umfang oder in empfindliche Bereiche der Form zu optimieren, ohne jedoch das darunter liegende Laminat zu hinterlassen, wie es normalerweise bei starren Spiralen der Fall ist. Die Flie\u00dfgeschwindigkeit des Harzes muss proportional zu den Abmessungen des Laminats sein und eine korrekte Impr\u00e4gnierung aller darin enthaltenen Stoffe gew\u00e4hrleisten.<\/p>\n<\/div><\/section><\/p><\/div>\n<div  class='flex_column av-av_two_fifth-f1c518e9ff58e869f80c8f093487abc9 av_two_fifth  avia-builder-el-3  el_after_av_three_fifth  el_before_av_hr  flex_column_div  '     ><style type=\"text\/css\" data-created_by=\"avia_inline_auto\" id=\"style-css-av-ljg1eeiu-afe7ec73631b3d7892fdf4f906a878c9\">\n#top .togglecontainer.av-ljg1eeiu-afe7ec73631b3d7892fdf4f906a878c9 h4.toggler{\nfont-size:14px;\n}\n#top .togglecontainer.av-ljg1eeiu-afe7ec73631b3d7892fdf4f906a878c9 h4.toggler.activeTitle{\ncolor:#ffffff;\nborder-color:#ffffff;\nbackground-color:#2682d3;\n}\n<\/style>\n<div  class='togglecontainer av-ljg1eeiu-afe7ec73631b3d7892fdf4f906a878c9  avia-builder-el-4  avia-builder-el-no-sibling  accordion_product toggle_close_all hasCurrentStyle' >\n<section class='av_toggle_section av-ljg1ebdw-698c5f87ca73e668ceac9cbdb2e97ec7' ><div role=\"tablist\" class=\"single_toggle\" data-tags=\"{Alle} \"  ><h4 id='toggle-toggle-id-1' data-fake-id='#toggle-id-1' class='toggler  activeTitle av-title-above '  role='tab' tabindex='0' aria-controls='toggle-id-1' data-slide-speed=\"200\" data-title=\"Vorteile\" data-title-open=\"\" data-aria_collapsed=\"Click to expand: Vorteile\" data-aria_expanded=\"Click to collapse: Vorteile\">Vorteile<span class=\"toggle_icon\"><span class=\"vert_icon\"><\/span><span class=\"hor_icon\"><\/span><\/span><\/h4><div id='toggle-id-1' aria-labelledby='toggle-toggle-id-1' role='region' class='toggle_wrap  active_tc av-title-above' style='display:block;' ><div class='toggle_content invers-color ' ><ul class=\"customlist1\">\n<li>Sehr anpassungsf\u00e4hig<\/li>\n<li>Erh\u00f6hung der Str\u00f6mungsgeschwindigkeit<\/li>\n<li>Sie hinterlassen keine Spuren auf dem Laminat<\/li>\n<li>Verschiedene Typen<\/li>\n<\/ul>\n<\/div><\/div><\/div><\/section>\n<section class='av_toggle_section av-ljg1edn4-316f7ba4119e534b735bcd8b25463a3f' ><div role=\"tablist\" class=\"single_toggle\" data-tags=\"{Alle} \"  ><h4 id='toggle-toggle-id-2' data-fake-id='#toggle-id-2' class='toggler  av-title-above '  role='tab' tabindex='0' aria-controls='toggle-id-2' data-slide-speed=\"200\" data-title=\"Typen\" data-title-open=\"\" data-aria_collapsed=\"Click to expand: Typen\" data-aria_expanded=\"Click to collapse: Typen\">Typen<span class=\"toggle_icon\"><span class=\"vert_icon\"><\/span><span class=\"hor_icon\"><\/span><\/span><\/h4><div id='toggle-id-2' aria-labelledby='toggle-toggle-id-2' role='region' class='toggle_wrap  av-title-above'  ><div class='toggle_content invers-color ' ><ul class=\"customlist2\">\n<li><a href=\"https:\/\/fileserver.mates.it\/Prodotti\/5_Ausiliari\/TDS\/Mezzi%20di%20flusso\/TD_DS.pdf\" target=\"_blank\" rel=\"noopener noreferrer\">TD Series<\/a><\/li>\n<\/ul>\n<\/div><\/div><\/div><\/section>\n<\/div><\/div><div  class='hr av-av_hr-91d7ccd583a503147498e120fee2ff9b hr-default  avia-builder-el-5  el_after_av_two_fifth  avia-builder-el-last '><span class='hr-inner '><span class=\"hr-inner-style\"><\/span><\/span><\/div><\/p>\n","protected":false},"excerpt":{"rendered":"<p>Die Flie\u00dfgeflechte werden verwendet, um den Fluss des Harzes zu beschleunigen, sodass die Mischung die \u00e4u\u00dfersten Punkte der Form erreichen kann.<\/p>\n","protected":false},"author":2,"featured_media":0,"parent":8955,"menu_order":2,"comment_status":"open","ping_status":"open","template":"","meta":{"footnotes":""},"class_list":["post-9033","page","type-page","status-publish","hentry"],"_links":{"self":[{"href":"https:\/\/www.mates.it\/de\/wp-json\/wp\/v2\/pages\/9033","targetHints":{"allow":["GET"]}}],"collection":[{"href":"https:\/\/www.mates.it\/de\/wp-json\/wp\/v2\/pages"}],"about":[{"href":"https:\/\/www.mates.it\/de\/wp-json\/wp\/v2\/types\/page"}],"author":[{"embeddable":true,"href":"https:\/\/www.mates.it\/de\/wp-json\/wp\/v2\/users\/2"}],"replies":[{"embeddable":true,"href":"https:\/\/www.mates.it\/de\/wp-json\/wp\/v2\/comments?post=9033"}],"version-history":[{"count":1,"href":"https:\/\/www.mates.it\/de\/wp-json\/wp\/v2\/pages\/9033\/revisions"}],"predecessor-version":[{"id":21159,"href":"https:\/\/www.mates.it\/de\/wp-json\/wp\/v2\/pages\/9033\/revisions\/21159"}],"up":[{"embeddable":true,"href":"https:\/\/www.mates.it\/de\/wp-json\/wp\/v2\/pages\/8955"}],"wp:attachment":[{"href":"https:\/\/www.mates.it\/de\/wp-json\/wp\/v2\/media?parent=9033"}],"curies":[{"name":"wp","href":"https:\/\/api.w.org\/{rel}","templated":true}]}}