{"id":9034,"date":"2016-08-04T10:19:29","date_gmt":"2016-08-04T08:19:29","guid":{"rendered":"https:\/\/www.mates.it\/prodotti\/ausiliari-di-processo\/mezzi-di-flusso\/spiralenrohre\/"},"modified":"2023-10-14T14:39:59","modified_gmt":"2023-10-14T12:39:59","slug":"spiralschlauche","status":"publish","type":"page","link":"https:\/\/www.mates.it\/de\/produkte\/vakuumtechnik\/fliesshilfen\/spiralschlauche\/","title":{"rendered":"Spiralschl\u00e4uche"},"content":{"rendered":"<\/p>\n<div  class='flex_column av-av_three_fifth-7714eba142aeda1f8b5272a3c372b279 av_three_fifth  avia-builder-el-0  el_before_av_two_fifth  avia-builder-el-first  first flex_column_div  '     ><p>\n<style type=\"text\/css\" data-created_by=\"avia_inline_auto\" id=\"style-css-av-ljg2dbyv-95a42a269fe34d92693bfc1bdc197f75\">\n#top .av-special-heading.av-ljg2dbyv-95a42a269fe34d92693bfc1bdc197f75{\npadding-bottom:10px;\n}\nbody .av-special-heading.av-ljg2dbyv-95a42a269fe34d92693bfc1bdc197f75 .av-special-heading-tag .heading-char{\nfont-size:25px;\n}\n.av-special-heading.av-ljg2dbyv-95a42a269fe34d92693bfc1bdc197f75 .av-subheading{\nfont-size:15px;\n}\n<\/style>\n<div  class='av-special-heading av-ljg2dbyv-95a42a269fe34d92693bfc1bdc197f75 av-special-heading-h1  avia-builder-el-1  el_before_av_textblock  avia-builder-el-first  custom-h1-title'><h1 class='av-special-heading-tag '  >Spiralschl\u00e4uche<\/h1><div class=\"special-heading-border\"><div class=\"special-heading-inner-border\"><\/div><\/div><\/div><br \/>\n<section  class='av_textblock_section av-ljg2d5hb-c54987f87dfe4c4d62e18d0a933c3b1d '  ><div class='avia_textblock' ><p>Spiralschl\u00e4uche-Drainagen werden \u00fcblicherweise bei Vakuuminfusionsprozessen eingesetzt. Die Struktur dieses Produkts erm\u00f6glicht es, den Fluss des Harzes zum Umfang und zu schwierigen Stellen der Form zu optimieren und die Vertiefung zu lenken, die sp\u00e4ter gef\u00fcllt und durch die Fl\u00fcssigkeit ersetzt wird. Diese Art der Entw\u00e4sserung k\u00f6nnte bei Laminaten mit einer hohen Anzahl von H\u00e4uten leichte Spuren auf der Innenfl\u00e4che des Produkts hinterlassen. Wir haben die besten Arten von spiralisierten Gainern ausgew\u00e4hlt, die sich in Gr\u00f6\u00dfe und Enddurchmesser (also in Bezug auf die Kapazit\u00e4t) unterscheiden, gebrauchsfertige Verpackungen, die in der Lage sind, eine Steigerung der Geschwindigkeit bei der Herstellung eines Verbundprodukts zu gew\u00e4hrleisten, das an die Anforderungen angepasst werden kann Abmessungen der Form und an die Prozessanforderungen anpassen.<\/p>\n<\/div><\/section><\/p><\/div><div  class='flex_column av-av_two_fifth-f1c518e9ff58e869f80c8f093487abc9 av_two_fifth  avia-builder-el-3  el_after_av_three_fifth  el_before_av_hr  flex_column_div  '     ><style type=\"text\/css\" data-created_by=\"avia_inline_auto\" id=\"style-css-av-ljg2dufo-0dee1a5c77eb7b79b02a4ab4b2bc2178\">\n#top .togglecontainer.av-ljg2dufo-0dee1a5c77eb7b79b02a4ab4b2bc2178 h4.toggler{\nfont-size:14px;\n}\n#top .togglecontainer.av-ljg2dufo-0dee1a5c77eb7b79b02a4ab4b2bc2178 h4.toggler.activeTitle{\ncolor:#ffffff;\nborder-color:#ffffff;\nbackground-color:#2682d3;\n}\n<\/style>\n<div  class='togglecontainer av-ljg2dufo-0dee1a5c77eb7b79b02a4ab4b2bc2178  avia-builder-el-4  avia-builder-el-no-sibling  accordion_product toggle_close_all hasCurrentStyle' >\n<section class='av_toggle_section av-ljg2dqdd-bdd2a97a86569eb528e10d71c709fddf' ><div role=\"tablist\" class=\"single_toggle\" data-tags=\"{Alle} \"  ><h4 id='toggle-toggle-id-1' data-fake-id='#toggle-id-1' class='toggler  activeTitle av-title-above '  role='tab' tabindex='0' aria-controls='toggle-id-1' data-slide-speed=\"200\" data-title=\"Vorteile\" data-title-open=\"\" data-aria_collapsed=\"Click to expand: Vorteile\" data-aria_expanded=\"Click to collapse: Vorteile\">Vorteile<span class=\"toggle_icon\"><span class=\"vert_icon\"><\/span><span class=\"hor_icon\"><\/span><\/span><\/h4><div id='toggle-id-1' aria-labelledby='toggle-toggle-id-1' role='region' class='toggle_wrap  active_tc av-title-above' style='display:block;' ><div class='toggle_content invers-color ' ><ul class=\"customlist1\">\n<li>Erh\u00f6hter Durchfluss<\/li>\n<li>Hochgeschwindigkeits-Scrollen<\/li>\n<li>Verschiedene Typen<\/li>\n<li>Kompatibel mit allen Harzen<\/li>\n<\/ul>\n<\/div><\/div><\/div><\/section>\n<section class='av_toggle_section av-ljg2dtn1-341d8b30fa93ebdae9a6115b1e3fc1d5' ><div role=\"tablist\" class=\"single_toggle\" data-tags=\"{Alle} \"  ><h4 id='toggle-toggle-id-2' data-fake-id='#toggle-id-2' class='toggler  av-title-above '  role='tab' tabindex='0' aria-controls='toggle-id-2' data-slide-speed=\"200\" data-title=\"Typen\" data-title-open=\"\" data-aria_collapsed=\"Click to expand: Typen\" data-aria_expanded=\"Click to collapse: Typen\">Typen<span class=\"toggle_icon\"><span class=\"vert_icon\"><\/span><span class=\"hor_icon\"><\/span><\/span><\/h4><div id='toggle-id-2' aria-labelledby='toggle-toggle-id-2' role='region' class='toggle_wrap  av-title-above'  ><div class='toggle_content invers-color ' ><ul class=\"customlist2\">\n<li><a href=\"https:\/\/fileserver.mates.it\/Prodotti\/5_Ausiliari\/TDS\/Mezzi%20di%20flusso\/SD_DS.pdf\" target=\"_blank\" rel=\"noopener\">SD Series<\/a><\/li>\n<\/ul>\n<\/div><\/div><\/div><\/section>\n<\/div><\/div><div  class='hr av-av_hr-91d7ccd583a503147498e120fee2ff9b hr-default  avia-builder-el-5  el_after_av_two_fifth  avia-builder-el-last '><span class='hr-inner '><span class=\"hr-inner-style\"><\/span><\/span><\/div><\/p>\n","protected":false},"excerpt":{"rendered":"<p>Spiralschl\u00e4uche-Drainageschl\u00e4uche werden normalerweise bei Vakuuminfusionsprozessen verwendet und erm\u00f6glichen eine Optimierung des Harzflusses zum Umfang und zu schwierigen Stellen.<\/p>\n","protected":false},"author":2,"featured_media":0,"parent":8955,"menu_order":3,"comment_status":"open","ping_status":"open","template":"","meta":{"footnotes":""},"class_list":["post-9034","page","type-page","status-publish","hentry"],"_links":{"self":[{"href":"https:\/\/www.mates.it\/de\/wp-json\/wp\/v2\/pages\/9034","targetHints":{"allow":["GET"]}}],"collection":[{"href":"https:\/\/www.mates.it\/de\/wp-json\/wp\/v2\/pages"}],"about":[{"href":"https:\/\/www.mates.it\/de\/wp-json\/wp\/v2\/types\/page"}],"author":[{"embeddable":true,"href":"https:\/\/www.mates.it\/de\/wp-json\/wp\/v2\/users\/2"}],"replies":[{"embeddable":true,"href":"https:\/\/www.mates.it\/de\/wp-json\/wp\/v2\/comments?post=9034"}],"version-history":[{"count":0,"href":"https:\/\/www.mates.it\/de\/wp-json\/wp\/v2\/pages\/9034\/revisions"}],"up":[{"embeddable":true,"href":"https:\/\/www.mates.it\/de\/wp-json\/wp\/v2\/pages\/8955"}],"wp:attachment":[{"href":"https:\/\/www.mates.it\/de\/wp-json\/wp\/v2\/media?parent=9034"}],"curies":[{"name":"wp","href":"https:\/\/api.w.org\/{rel}","templated":true}]}}