{"id":9036,"date":"2016-08-04T12:24:37","date_gmt":"2016-08-04T10:24:37","guid":{"rendered":"https:\/\/www.mates.it\/prodotti\/materiali-anima-core\/espansi\/pe-d\/"},"modified":"2023-06-26T22:44:54","modified_gmt":"2023-06-26T20:44:54","slug":"pe-d","status":"publish","type":"page","link":"https:\/\/www.mates.it\/de\/produkte\/sandwichmaterialien\/schaume\/pe-d\/","title":{"rendered":"PE"},"content":{"rendered":"<div  class='flex_column av-av_three_fifth-7714eba142aeda1f8b5272a3c372b279 av_three_fifth  avia-builder-el-0  el_before_av_two_fifth  avia-builder-el-first  first flex_column_div  '     ><p>\n<style type=\"text\/css\" data-created_by=\"avia_inline_auto\" id=\"style-css-av-av_heading-44324cf866f78f93076cb61d030e9c4b\">\n#top .av-special-heading.av-av_heading-44324cf866f78f93076cb61d030e9c4b{\npadding-bottom:10px;\n}\nbody .av-special-heading.av-av_heading-44324cf866f78f93076cb61d030e9c4b .av-special-heading-tag .heading-char{\nfont-size:25px;\n}\n.av-special-heading.av-av_heading-44324cf866f78f93076cb61d030e9c4b .av-subheading{\nfont-size:15px;\n}\n<\/style>\n<div  class='av-special-heading av-av_heading-44324cf866f78f93076cb61d030e9c4b av-special-heading-h1  avia-builder-el-1  el_before_av_textblock  avia-builder-el-first  custom-h1-title'><h1 class='av-special-heading-tag '  >PE<\/h1><div class=\"special-heading-border\"><div class=\"special-heading-inner-border\"><\/div><\/div><\/div><br \/>\n<section  class='av_textblock_section av-ljdbucfp-9b88e2c1195b415fb11d37fbe04bddbe '  ><div class='avia_textblock' ><p>Geschlossenzelliger PE-Schaum (Polyethylen) ist ein sehr flexibles und dennoch leichtes und starkes Kernmaterial. Dieser Artikel wird im Wesentlichen in trapezf\u00f6rmige oder konturierte Profile extrudiert und dient der Verst\u00e4rkung und Versteifung von Formprodukten und Verbundwerkstoffen. Unempfindlich gegen\u00fcber Witterungseinfl\u00fcssen und Chlorsalzen, hervorragende W\u00e4rmed\u00e4mmung, geringe Wasseraufnahme und deutlich reduzierte Wasserdampfdurchl\u00e4ssigkeit. Diese und andere Eigenschaften machen es besonders n\u00fctzlich f\u00fcr Anwendungen in der maritimen Industrie, zur Herstellung zentraler Strukturen in Schiffsr\u00fcmpfen. Auch in Modulen lieferbar, wird es aufgrund seines hohen Sto\u00dfd\u00e4mpfungsverm\u00f6gens zur Herstellung von Sicherheitszellen und Sto\u00dfd\u00e4mpferkomponenten eingesetzt.<\/p>\n<div style=\"width: 100%;\"><\/div>\n<\/div><\/section><\/p><\/div><div  class='flex_column av-av_two_fifth-f1c518e9ff58e869f80c8f093487abc9 av_two_fifth  avia-builder-el-3  el_after_av_three_fifth  el_before_av_hr  flex_column_div  '     ><style type=\"text\/css\" data-created_by=\"avia_inline_auto\" id=\"style-css-av-ljdbuxk7-ef1931de1039a50725796121451594b9\">\n#top .togglecontainer.av-ljdbuxk7-ef1931de1039a50725796121451594b9 h4.toggler{\nfont-size:14px;\n}\n#top .togglecontainer.av-ljdbuxk7-ef1931de1039a50725796121451594b9 h4.toggler.activeTitle{\ncolor:#ffffff;\nborder-color:#ffffff;\nbackground-color:#2682d3;\n}\n<\/style>\n<div  class='togglecontainer av-ljdbuxk7-ef1931de1039a50725796121451594b9  avia-builder-el-4  avia-builder-el-no-sibling  accordion_product toggle_close_all hasCurrentStyle' >\n<section class='av_toggle_section av-ljdbutqo-e97f29d92092dd0f326066ae61ebc625' ><div role=\"tablist\" class=\"single_toggle\" data-tags=\"{Alle} \"  ><h4 id='toggle-toggle-id-1' data-fake-id='#toggle-id-1' class='toggler  activeTitle av-title-above '  role='tab' tabindex='0' aria-controls='toggle-id-1' data-slide-speed=\"200\" data-title=\"Vorteile\" data-title-open=\"\" data-aria_collapsed=\"Click to expand: Vorteile\" data-aria_expanded=\"Click to collapse: Vorteile\">Vorteile<span class=\"toggle_icon\"><span class=\"vert_icon\"><\/span><span class=\"hor_icon\"><\/span><\/span><\/h4><div id='toggle-id-1' aria-labelledby='toggle-toggle-id-1' role='region' class='toggle_wrap  active_tc av-title-above' style='display:block;' ><div class='toggle_content invers-color ' ><ul class=\"customlist1\">\n<li>Hohe Sto\u00dfd\u00e4mpfung<\/li>\n<li>Geringe Wasseraufnahme<\/li>\n<li>Niedrige Produktionskosten<\/li>\n<li>In verschiedenen Formen erh\u00e4ltlich<\/li>\n<\/ul>\n<\/div><\/div><\/div><\/section>\n<section class='av_toggle_section av-ljdbuwpb-67de67d47dcde2a6a8ac48bf6a997714' ><div role=\"tablist\" class=\"single_toggle\" data-tags=\"{Alle} \"  ><h4 id='toggle-toggle-id-2' data-fake-id='#toggle-id-2' class='toggler  av-title-above '  role='tab' tabindex='0' aria-controls='toggle-id-2' data-slide-speed=\"200\" data-title=\"Typen\" data-title-open=\"\" data-aria_collapsed=\"Click to expand: Typen\" data-aria_expanded=\"Click to collapse: Typen\">Typen<span class=\"toggle_icon\"><span class=\"vert_icon\"><\/span><span class=\"hor_icon\"><\/span><\/span><\/h4><div id='toggle-id-2' aria-labelledby='toggle-toggle-id-2' role='region' class='toggle_wrap  av-title-above'  ><div class='toggle_content invers-color ' ><ul class=\"customlist2\">\n<li><a href=\"https:\/\/fileserver.mates.it\/Prodotti\/4_Anime\/TDS\/Mates\/Omega\/OMEGA_DS.pdf\" target=\"_blank\" rel=\"noopener\">Omega \u00ae<\/a><\/li>\n<li><a href=\"https:\/\/fileserver.mates.it\/Prodotti\/4_Anime\/TDS\/Mates\/PE35_DS.pdf\" target=\"_blank\" rel=\"noopener\">PE35<\/a><\/li>\n<\/ul>\n<\/div><\/div><\/div><\/section>\n<\/div><\/div><div  class='hr av-av_hr-91d7ccd583a503147498e120fee2ff9b hr-default  avia-builder-el-5  el_after_av_two_fifth  avia-builder-el-last '><span class='hr-inner '><span class=\"hr-inner-style\"><\/span><\/span><\/div><\/p>\n","protected":false},"excerpt":{"rendered":"<p>Geschlossenzelliger PE-Schaum (Polyethylen) ist ein sehr flexibles, aber dennoch leichtes und widerstandsf\u00e4higes Kernmaterial, das sich besonders f\u00fcr die Herstellung von Verst\u00e4rkungsstrukturen eignet.<\/p>\n","protected":false},"author":2,"featured_media":0,"parent":8947,"menu_order":3,"comment_status":"open","ping_status":"open","template":"","meta":{"footnotes":""},"class_list":["post-9036","page","type-page","status-publish","hentry"],"_links":{"self":[{"href":"https:\/\/www.mates.it\/de\/wp-json\/wp\/v2\/pages\/9036","targetHints":{"allow":["GET"]}}],"collection":[{"href":"https:\/\/www.mates.it\/de\/wp-json\/wp\/v2\/pages"}],"about":[{"href":"https:\/\/www.mates.it\/de\/wp-json\/wp\/v2\/types\/page"}],"author":[{"embeddable":true,"href":"https:\/\/www.mates.it\/de\/wp-json\/wp\/v2\/users\/2"}],"replies":[{"embeddable":true,"href":"https:\/\/www.mates.it\/de\/wp-json\/wp\/v2\/comments?post=9036"}],"version-history":[{"count":0,"href":"https:\/\/www.mates.it\/de\/wp-json\/wp\/v2\/pages\/9036\/revisions"}],"up":[{"embeddable":true,"href":"https:\/\/www.mates.it\/de\/wp-json\/wp\/v2\/pages\/8947"}],"wp:attachment":[{"href":"https:\/\/www.mates.it\/de\/wp-json\/wp\/v2\/media?parent=9036"}],"curies":[{"name":"wp","href":"https:\/\/api.w.org\/{rel}","templated":true}]}}