{"id":9037,"date":"2016-08-04T16:57:22","date_gmt":"2016-08-04T14:57:22","guid":{"rendered":"https:\/\/www.mates.it\/prodotti\/ausiliari-di-processo\/sigillanti-nastri\/flash-tapes-d\/"},"modified":"2023-06-28T21:46:26","modified_gmt":"2023-06-28T19:46:26","slug":"klebebander","status":"publish","type":"page","link":"https:\/\/www.mates.it\/de\/produkte\/vakuumtechnik\/klebebander-dichtungsbander\/klebebander\/","title":{"rendered":"Klebeb\u00e4nder"},"content":{"rendered":"<div  class='flex_column av-av_three_fifth-7714eba142aeda1f8b5272a3c372b279 av_three_fifth  avia-builder-el-0  el_before_av_two_fifth  avia-builder-el-first  first flex_column_div  '     ><p>\n<style type=\"text\/css\" data-created_by=\"avia_inline_auto\" id=\"style-css-av-ljg4ngh4-f611223d51dc96b442f0225ba7b8375b\">\n#top .av-special-heading.av-ljg4ngh4-f611223d51dc96b442f0225ba7b8375b{\npadding-bottom:10px;\n}\nbody .av-special-heading.av-ljg4ngh4-f611223d51dc96b442f0225ba7b8375b .av-special-heading-tag .heading-char{\nfont-size:25px;\n}\n.av-special-heading.av-ljg4ngh4-f611223d51dc96b442f0225ba7b8375b .av-subheading{\nfont-size:15px;\n}\n<\/style>\n<div  class='av-special-heading av-ljg4ngh4-f611223d51dc96b442f0225ba7b8375b av-special-heading-h1  avia-builder-el-1  el_before_av_textblock  avia-builder-el-first  custom-h1-title'><h1 class='av-special-heading-tag '  >Klebeb\u00e4nder<\/h1><div class=\"special-heading-border\"><div class=\"special-heading-inner-border\"><\/div><\/div><\/div><br \/>\n<section  class='av_textblock_section av-ljg4msok-61c1b37a1e791ed9b120972358f775c8 '  ><div class='avia_textblock' ><p>Klebeband auf Polyesterbasis mit Silikonkleber zur semipermanenten Positionierung bei hohen Temperaturen ohne R\u00fcckstandsverlust auf der Oberfl\u00e4che. Dank des Klebers auf Silikonbasis ist der Einsatz dieser B\u00e4nder auch bei hohen Temperaturen mit einer maximalen Belastung \u00fcber 200\u00b0C garantiert. Wird typischerweise in einer Vielzahl von Verbundwerkstoffprozessen verwendet, einschlie\u00dflich Harzinfusion und Prepreg-Gewebeformung. Sie werden in verschiedenen Ausf\u00fchrungen hergestellt und dienen zur Fixierung von Verbrauchsmaterialien in der Form w\u00e4hrend der Vorformungsphase, zum Abdecken von Formen und Modellen oder als Trennmittel auf zylindrischen Dornen. Wird auch von zahlreichen Karosseriewerkst\u00e4tten zur Vorbereitung des Fahrzeugs auf die Lackierphase bei hohen Temperaturen verwendet.<\/p>\n<\/div><\/section><\/p><\/div><div  class='flex_column av-av_two_fifth-f1c518e9ff58e869f80c8f093487abc9 av_two_fifth  avia-builder-el-3  el_after_av_three_fifth  el_before_av_hr  flex_column_div  '     ><style type=\"text\/css\" data-created_by=\"avia_inline_auto\" id=\"style-css-av-ljg4ncnk-d69244e0ce740bd32123ca47d165de87\">\n#top .togglecontainer.av-ljg4ncnk-d69244e0ce740bd32123ca47d165de87 h4.toggler{\nfont-size:14px;\n}\n#top .togglecontainer.av-ljg4ncnk-d69244e0ce740bd32123ca47d165de87 h4.toggler.activeTitle{\ncolor:#ffffff;\nborder-color:#ffffff;\nbackground-color:#2682d3;\n}\n<\/style>\n<div  class='togglecontainer av-ljg4ncnk-d69244e0ce740bd32123ca47d165de87  avia-builder-el-4  avia-builder-el-no-sibling  accordion_product toggle_close_all hasCurrentStyle' >\n<section class='av_toggle_section av-ljg4n9gk-3dba3a0618f7182a1a323c0ebe822e51' ><div role=\"tablist\" class=\"single_toggle\" data-tags=\"{Alle} \"  ><h4 id='toggle-toggle-id-1' data-fake-id='#toggle-id-1' class='toggler  activeTitle av-title-above '  role='tab' tabindex='0' aria-controls='toggle-id-1' data-slide-speed=\"200\" data-title=\"Vorteile\" data-title-open=\"\" data-aria_collapsed=\"Click to expand: Vorteile\" data-aria_expanded=\"Click to collapse: Vorteile\">Vorteile<span class=\"toggle_icon\"><span class=\"vert_icon\"><\/span><span class=\"hor_icon\"><\/span><\/span><\/h4><div id='toggle-id-1' aria-labelledby='toggle-toggle-id-1' role='region' class='toggle_wrap  active_tc av-title-above' style='display:block;' ><div class='toggle_content invers-color ' ><ul class=\"customlist1\">\n<li>Einfaches Entfernen des Klebebands<\/li>\n<li>Sie hinterlassen keine R\u00fcckst\u00e4nde<\/li>\n<li>Spezifisch f\u00fcr die Hauptprozesse<\/li>\n<li>Hohe Haftung auf Oberfl\u00e4chen<\/li>\n<\/ul>\n<\/div><\/div><\/div><\/section>\n<section class='av_toggle_section av-ljg4nbkw-fe5b11cc82e97fe477670409618fc927' ><div role=\"tablist\" class=\"single_toggle\" data-tags=\"{Alle} \"  ><h4 id='toggle-toggle-id-2' data-fake-id='#toggle-id-2' class='toggler  av-title-above '  role='tab' tabindex='0' aria-controls='toggle-id-2' data-slide-speed=\"200\" data-title=\"Typen\" data-title-open=\"\" data-aria_collapsed=\"Click to expand: Typen\" data-aria_expanded=\"Click to collapse: Typen\">Typen<span class=\"toggle_icon\"><span class=\"vert_icon\"><\/span><span class=\"hor_icon\"><\/span><\/span><\/h4><div id='toggle-id-2' aria-labelledby='toggle-toggle-id-2' role='region' class='toggle_wrap  av-title-above'  ><div class='toggle_content invers-color ' ><ul class=\"customlist2\">\n<li><a href=\"https:\/\/fileserver.mates.it\/Prodotti\/5_Ausiliari\/TDS\/Sigillanti_Nastri\/FT_V_DS.pdf\" target=\"_blank\" rel=\"noopener\">FT 170<\/a><\/li>\n<li><a href=\"https:\/\/fileserver.mates.it\/Prodotti\/5_Ausiliari\/TDS\/Sigillanti_Nastri\/FT_R_DS.pdf\" target=\"_blank\" rel=\"noopener\">FT 200<\/a><\/li>\n<\/ul>\n<\/div><\/div><\/div><\/section>\n<\/div><\/div><div  class='hr av-av_hr-91d7ccd583a503147498e120fee2ff9b hr-default  avia-builder-el-5  el_after_av_two_fifth  avia-builder-el-last '><span class='hr-inner '><span class=\"hr-inner-style\"><\/span><\/span><\/div><\/p>\n","protected":false},"excerpt":{"rendered":"<p>Klebeb\u00e4nder auf Polyesterbasis mit Silikonkleber zur semipermanenten Befestigung bei hohen Temperaturen ohne R\u00fcckstandsverlust auf der Oberfl\u00e4che.<\/p>\n","protected":false},"author":2,"featured_media":0,"parent":8961,"menu_order":2,"comment_status":"open","ping_status":"open","template":"","meta":{"footnotes":""},"class_list":["post-9037","page","type-page","status-publish","hentry"],"_links":{"self":[{"href":"https:\/\/www.mates.it\/de\/wp-json\/wp\/v2\/pages\/9037","targetHints":{"allow":["GET"]}}],"collection":[{"href":"https:\/\/www.mates.it\/de\/wp-json\/wp\/v2\/pages"}],"about":[{"href":"https:\/\/www.mates.it\/de\/wp-json\/wp\/v2\/types\/page"}],"author":[{"embeddable":true,"href":"https:\/\/www.mates.it\/de\/wp-json\/wp\/v2\/users\/2"}],"replies":[{"embeddable":true,"href":"https:\/\/www.mates.it\/de\/wp-json\/wp\/v2\/comments?post=9037"}],"version-history":[{"count":0,"href":"https:\/\/www.mates.it\/de\/wp-json\/wp\/v2\/pages\/9037\/revisions"}],"up":[{"embeddable":true,"href":"https:\/\/www.mates.it\/de\/wp-json\/wp\/v2\/pages\/8961"}],"wp:attachment":[{"href":"https:\/\/www.mates.it\/de\/wp-json\/wp\/v2\/media?parent=9037"}],"curies":[{"name":"wp","href":"https:\/\/api.w.org\/{rel}","templated":true}]}}