{"id":9039,"date":"2016-08-05T12:53:01","date_gmt":"2016-08-05T10:53:01","guid":{"rendered":"https:\/\/www.mates.it\/prodotti\/strumenti-attrezzature\/tubi-raccordi-attacchi\/rohr\/"},"modified":"2023-06-29T23:00:17","modified_gmt":"2023-06-29T21:00:17","slug":"schlauche","status":"publish","type":"page","link":"https:\/\/www.mates.it\/de\/produkte\/hilfsmittel-werkzeuge\/rohre-fittings-verbindungen\/schlauche\/","title":{"rendered":"Schl\u00e4uche"},"content":{"rendered":"<div  class='flex_column av-av_three_fifth-7714eba142aeda1f8b5272a3c372b279 av_three_fifth  avia-builder-el-0  el_before_av_two_fifth  avia-builder-el-first  first flex_column_div  '     ><p>\n<style type=\"text\/css\" data-created_by=\"avia_inline_auto\" id=\"style-css-av-ljhmpxjk-4511937962a54031ccbc7d6e954ce9be\">\n#top .av-special-heading.av-ljhmpxjk-4511937962a54031ccbc7d6e954ce9be{\npadding-bottom:10px;\n}\nbody .av-special-heading.av-ljhmpxjk-4511937962a54031ccbc7d6e954ce9be .av-special-heading-tag .heading-char{\nfont-size:25px;\n}\n.av-special-heading.av-ljhmpxjk-4511937962a54031ccbc7d6e954ce9be .av-subheading{\nfont-size:15px;\n}\n<\/style>\n<div  class='av-special-heading av-ljhmpxjk-4511937962a54031ccbc7d6e954ce9be av-special-heading-h1  avia-builder-el-1  el_before_av_textblock  avia-builder-el-first  custom-h1-title'><h1 class='av-special-heading-tag '  >Schl\u00e4uche<\/h1><div class=\"special-heading-border\"><div class=\"special-heading-inner-border\"><\/div><\/div><\/div><br \/>\n<section  class='av_textblock_section av-ljhmpt74-b135d21a3f89ea160364fd9f3bd3a34f '  ><div class='avia_textblock' ><p>Einfache oder vormontierte Schl\u00e4uche aus Polyethylen hoher Dichte oder Silikon, in klassischer oder verst\u00e4rkter Ausf\u00fchrung mit einem Innengeflecht aus Aramidfaser. Diese Artikel haben einen Betriebsbereich von 80 \u00b0C bis 250 \u00b0C und sind f\u00fcr die Schaffung einer korrekten Vakuumleitung sowie f\u00fcr die Herstellung stabiler und zuverl\u00e4ssiger Infusionen von grundlegender Bedeutung. Sie k\u00f6nnen in den g\u00e4ngigsten Verfahren zur Herstellung fortschrittlicher Verbundwerkstoffe eingesetzt werden, beispielsweise unter Vakuum und in Hochdruckautoklaven. Wir kontrollieren die unterschiedlichen Eigenschaften aller Rohrtypen, mit maximaler Belastungstemperatur, Druck und Vakuumversiegelung. Nur so ist es m\u00f6glich, Qualit\u00e4tsprodukte herzustellen, die an den gesamten Produktionsprozess angepasst sind.<\/p>\n<div style=\"width: 100%;\"><\/div>\n<\/div><\/section><\/p><\/div><div  class='flex_column av-av_two_fifth-f1c518e9ff58e869f80c8f093487abc9 av_two_fifth  avia-builder-el-3  el_after_av_three_fifth  el_before_av_hr  flex_column_div  '     ><style type=\"text\/css\" data-created_by=\"avia_inline_auto\" id=\"style-css-av-ljhmq9nu-5e95b8aba71b05c70288cf1976046d02\">\n#top .togglecontainer.av-ljhmq9nu-5e95b8aba71b05c70288cf1976046d02 h4.toggler{\nfont-size:14px;\n}\n#top .togglecontainer.av-ljhmq9nu-5e95b8aba71b05c70288cf1976046d02 h4.toggler.activeTitle{\ncolor:#ffffff;\nborder-color:#ffffff;\nbackground-color:#2682d3;\n}\n<\/style>\n<div  class='togglecontainer av-ljhmq9nu-5e95b8aba71b05c70288cf1976046d02  avia-builder-el-4  avia-builder-el-no-sibling  accordion_product toggle_close_all hasCurrentStyle' >\n<section class='av_toggle_section av-ljhmq640-1bfa4ab0a069a5bc8dee0c4d1560d76e' ><div role=\"tablist\" class=\"single_toggle\" data-tags=\"{Alle} \"  ><h4 id='toggle-toggle-id-1' data-fake-id='#toggle-id-1' class='toggler  activeTitle av-title-above '  role='tab' tabindex='0' aria-controls='toggle-id-1' data-slide-speed=\"200\" data-title=\"Silikon\" data-title-open=\"\" data-aria_collapsed=\"Click to expand: Silikon\" data-aria_expanded=\"Click to collapse: Silikon\">Silikon<span class=\"toggle_icon\"><span class=\"vert_icon\"><\/span><span class=\"hor_icon\"><\/span><\/span><\/h4><div id='toggle-id-1' aria-labelledby='toggle-toggle-id-1' role='region' class='toggle_wrap  active_tc av-title-above' style='display:block;' ><div class='toggle_content invers-color ' ><ul class=\"customlist1\">\n<li><a href=\"https:\/\/fileserver.mates.it\/Prodotti\/7_Attrezzature\/TDS\/Mates\/Tubi_Raccordi_Attacchi\/T-HT.pdf\" target=\"_blank\" rel=\"noopener\">HT<\/a><\/li>\n<li><a href=\"https:\/\/fileserver.mates.it\/Prodotti\/7_Attrezzature\/TDS\/Mates\/Tubi_Raccordi_Attacchi\/T-HP.pdf\" target=\"_blank\" rel=\"noopener\">HP<\/a><\/li>\n<\/ul>\n<\/div><\/div><\/div><\/section>\n<section class='av_toggle_section av-ljhmq8km-719192be4da15139c64b9aa5e7f127c2' ><div role=\"tablist\" class=\"single_toggle\" data-tags=\"{Alle} \"  ><h4 id='toggle-toggle-id-2' data-fake-id='#toggle-id-2' class='toggler  av-title-above '  role='tab' tabindex='0' aria-controls='toggle-id-2' data-slide-speed=\"200\" data-title=\"Polyethylen\" data-title-open=\"\" data-aria_collapsed=\"Click to expand: Polyethylen\" data-aria_expanded=\"Click to collapse: Polyethylen\">Polyethylen<span class=\"toggle_icon\"><span class=\"vert_icon\"><\/span><span class=\"hor_icon\"><\/span><\/span><\/h4><div id='toggle-id-2' aria-labelledby='toggle-toggle-id-2' role='region' class='toggle_wrap  av-title-above'  ><div class='toggle_content invers-color ' ><ul class=\"customlist2\">\n<li><a href=\"https:\/\/fileserver.mates.it\/Prodotti\/7_Attrezzature\/TDS\/Mates\/Tubi_Raccordi_Attacchi\/T-LDPE.pdf\" target=\"_blank\" rel=\"noopener\">LDPE<\/a><\/li>\n<\/ul>\n<\/div><\/div><\/div><\/section>\n<\/div><\/div><div  class='hr av-av_hr-91d7ccd583a503147498e120fee2ff9b hr-default  avia-builder-el-5  el_after_av_two_fifth  avia-builder-el-last '><span class='hr-inner '><span class=\"hr-inner-style\"><\/span><\/span><\/div><\/p>\n","protected":false},"excerpt":{"rendered":"<p>Einfache oder vormontierte Schl\u00e4uche aus Polyethylen hoher Dichte oder Silikon, in klassischer oder verst\u00e4rkter Ausf\u00fchrung mit einem Innengeflecht aus Aramidfaser.<\/p>\n","protected":false},"author":2,"featured_media":0,"parent":8980,"menu_order":1,"comment_status":"open","ping_status":"open","template":"","meta":{"footnotes":""},"class_list":["post-9039","page","type-page","status-publish","hentry"],"_links":{"self":[{"href":"https:\/\/www.mates.it\/de\/wp-json\/wp\/v2\/pages\/9039","targetHints":{"allow":["GET"]}}],"collection":[{"href":"https:\/\/www.mates.it\/de\/wp-json\/wp\/v2\/pages"}],"about":[{"href":"https:\/\/www.mates.it\/de\/wp-json\/wp\/v2\/types\/page"}],"author":[{"embeddable":true,"href":"https:\/\/www.mates.it\/de\/wp-json\/wp\/v2\/users\/2"}],"replies":[{"embeddable":true,"href":"https:\/\/www.mates.it\/de\/wp-json\/wp\/v2\/comments?post=9039"}],"version-history":[{"count":0,"href":"https:\/\/www.mates.it\/de\/wp-json\/wp\/v2\/pages\/9039\/revisions"}],"up":[{"embeddable":true,"href":"https:\/\/www.mates.it\/de\/wp-json\/wp\/v2\/pages\/8980"}],"wp:attachment":[{"href":"https:\/\/www.mates.it\/de\/wp-json\/wp\/v2\/media?parent=9039"}],"curies":[{"name":"wp","href":"https:\/\/api.w.org\/{rel}","templated":true}]}}