{"id":9040,"date":"2016-08-05T12:53:21","date_gmt":"2016-08-05T10:53:21","guid":{"rendered":"https:\/\/www.mates.it\/prodotti\/strumenti-attrezzature\/tubi-raccordi-attacchi\/stecker-taps\/"},"modified":"2023-06-30T23:44:46","modified_gmt":"2023-06-30T21:44:46","slug":"kupplungen-wasserhahne","status":"publish","type":"page","link":"https:\/\/www.mates.it\/de\/produkte\/hilfsmittel-werkzeuge\/rohre-fittings-verbindungen\/kupplungen-wasserhahne\/","title":{"rendered":"Kupplungen \/ Wasserh\u00e4hne"},"content":{"rendered":"<div  class='flex_column av-av_three_fifth-7714eba142aeda1f8b5272a3c372b279 av_three_fifth  avia-builder-el-0  el_before_av_two_fifth  avia-builder-el-first  first flex_column_div  '     ><p>\n<style type=\"text\/css\" data-created_by=\"avia_inline_auto\" id=\"style-css-av-ljj3r8yk-9d55cf73cb8e642d9a832d375d7c7020\">\n#top .av-special-heading.av-ljj3r8yk-9d55cf73cb8e642d9a832d375d7c7020{\npadding-bottom:10px;\n}\nbody .av-special-heading.av-ljj3r8yk-9d55cf73cb8e642d9a832d375d7c7020 .av-special-heading-tag .heading-char{\nfont-size:25px;\n}\n.av-special-heading.av-ljj3r8yk-9d55cf73cb8e642d9a832d375d7c7020 .av-subheading{\nfont-size:15px;\n}\n<\/style>\n<div  class='av-special-heading av-ljj3r8yk-9d55cf73cb8e642d9a832d375d7c7020 av-special-heading-h1  avia-builder-el-1  el_before_av_textblock  avia-builder-el-first  custom-h1-title'><h1 class='av-special-heading-tag '  >Kupplungen \/ Wasserh\u00e4hne<\/h1><div class=\"special-heading-border\"><div class=\"special-heading-inner-border\"><\/div><\/div><\/div><br \/>\n<section  class='av_textblock_section av-ljj3phoj-d61d280377c4f6822e30a6f42af9e998 '  ><div class='avia_textblock' ><p>Kupplungen und Reduzierst\u00fccke f\u00fcr die Verbindung von Rohren, Fittings oder anderem Zubeh\u00f6r, die die Vakuumleitung bilden und den Prozess charakterisieren. Eine Serie von Armaturen f\u00fcr die verschiedensten Arten von Produktionsprozessen von Verbundwerkstoffteilen, die perfekt miteinander und mit allen anderen Hilfsmitteln kompatibel sind. Um ein komplettes Paket anbieten zu k\u00f6nnen, hat Mates beschlossen, eine Reihe von H\u00e4hnen und Kugelh\u00e4hnen auszuw\u00e4hlen, die f\u00fcr die Regulierung oder die vollst\u00e4ndige Unterbrechung des Fl\u00fcssigkeitsstroms geeignet sind. Sie sind sowohl in Kunststoff als auch in Messing erh\u00e4ltlich und k\u00f6nnen in verschiedenen Bereichen eingesetzt werden. Perfekt miteinander und mit allen anderen angebotenen Hilfsmitteln kompatibel, vervollst\u00e4ndigen diese Artikel unser Angebot an Zubeh\u00f6r f\u00fcr die Verbundwerkstoffherstellung.<\/p>\n<div style=\"width: 100%;\"><\/div>\n<\/div><\/section><\/p><\/div><div  class='flex_column av-av_two_fifth-f1c518e9ff58e869f80c8f093487abc9 av_two_fifth  avia-builder-el-3  el_after_av_three_fifth  el_before_av_hr  flex_column_div  '     ><style type=\"text\/css\" data-created_by=\"avia_inline_auto\" id=\"style-css-av-ljj3qtlr-f67496064d207398c6dd75ec26bd23a3\">\n#top .togglecontainer.av-ljj3qtlr-f67496064d207398c6dd75ec26bd23a3 h4.toggler{\nfont-size:14px;\n}\n#top .togglecontainer.av-ljj3qtlr-f67496064d207398c6dd75ec26bd23a3 h4.toggler.activeTitle{\ncolor:#ffffff;\nborder-color:#ffffff;\nbackground-color:#2682d3;\n}\n<\/style>\n<div  class='togglecontainer av-ljj3qtlr-f67496064d207398c6dd75ec26bd23a3  avia-builder-el-4  avia-builder-el-no-sibling  accordion_product toggle_close_all hasCurrentStyle' >\n<section class='av_toggle_section av-ljj3py5o-083f93efe6b625bb589dd012887a4040' ><div role=\"tablist\" class=\"single_toggle\" data-tags=\"{Alle} \"  ><h4 id='toggle-toggle-id-1' data-fake-id='#toggle-id-1' class='toggler  activeTitle av-title-above '  role='tab' tabindex='0' aria-controls='toggle-id-1' data-slide-speed=\"200\" data-title=\"Vorteile\" data-title-open=\"\" data-aria_collapsed=\"Click to expand: Vorteile\" data-aria_expanded=\"Click to collapse: Vorteile\">Vorteile<span class=\"toggle_icon\"><span class=\"vert_icon\"><\/span><span class=\"hor_icon\"><\/span><\/span><\/h4><div id='toggle-id-1' aria-labelledby='toggle-toggle-id-1' role='region' class='toggle_wrap  active_tc av-title-above' style='display:block;' ><div class='toggle_content invers-color ' ><ul class=\"customlist1\">\n<li>Gro\u00dfe Auswahl an Produkten<\/li>\n<li>N\u00fctzlich f\u00fcr jeden Produktionsprozess<\/li>\n<li>Perfekte Kompatibilit\u00e4t<\/li>\n<li>Kann in verschiedenen Bereichen eingesetzt werden<\/li>\n<\/ul>\n<\/div><\/div><\/div><\/section>\n<section class='av_toggle_section av-ljj3qshi-607eddd897b82eee6b1d38f35f488613' ><div role=\"tablist\" class=\"single_toggle\" data-tags=\"{Alle} \"  ><h4 id='toggle-toggle-id-2' data-fake-id='#toggle-id-2' class='toggler  av-title-above '  role='tab' tabindex='0' aria-controls='toggle-id-2' data-slide-speed=\"200\" data-title=\"Typen\" data-title-open=\"\" data-aria_collapsed=\"Click to expand: Typen\" data-aria_expanded=\"Click to collapse: Typen\">Typen<span class=\"toggle_icon\"><span class=\"vert_icon\"><\/span><span class=\"hor_icon\"><\/span><\/span><\/h4><div id='toggle-id-2' aria-labelledby='toggle-toggle-id-2' role='region' class='toggle_wrap  av-title-above'  ><div class='toggle_content invers-color ' ><ul class=\"customlist2\">\n<li><a href=\"https:\/\/fileserver.mates.it\/Prodotti\/7_Attrezzature\/TDS\/Mates\/Tubi_Raccordi_Attacchi\/FIT-HDPE.pdf\" target=\"_blank\" rel=\"noopener\">Infusions-Kupplungen<\/a><\/li>\n<li><a href=\"https:\/\/fileserver.mates.it\/Prodotti\/7_Attrezzature\/TDS\/Mates\/Tubi_Raccordi_Attacchi\/TAP-HDPE.pdf\" target=\"_blank\" rel=\"noopener\">Wasserh\u00e4hne<\/a><\/li>\n<\/ul>\n<\/div><\/div><\/div><\/section>\n<\/div><\/div><div  class='hr av-av_hr-91d7ccd583a503147498e120fee2ff9b hr-default  avia-builder-el-5  el_after_av_two_fifth  avia-builder-el-last '><span class='hr-inner '><span class=\"hr-inner-style\"><\/span><\/span><\/div><\/p>\n","protected":false},"excerpt":{"rendered":"<p>Kupplungen und Reduzierungen f\u00fcr den Anschluss von Rohren, Kupplungen oder anderem Zubeh\u00f6r, das die Vakuumleitung bildet und den Herstellungsprozess von Verbundwerkstoffteilen kennzeichnet.<\/p>\n","protected":false},"author":2,"featured_media":0,"parent":8980,"menu_order":3,"comment_status":"open","ping_status":"open","template":"","meta":{"footnotes":""},"class_list":["post-9040","page","type-page","status-publish","hentry"],"_links":{"self":[{"href":"https:\/\/www.mates.it\/de\/wp-json\/wp\/v2\/pages\/9040","targetHints":{"allow":["GET"]}}],"collection":[{"href":"https:\/\/www.mates.it\/de\/wp-json\/wp\/v2\/pages"}],"about":[{"href":"https:\/\/www.mates.it\/de\/wp-json\/wp\/v2\/types\/page"}],"author":[{"embeddable":true,"href":"https:\/\/www.mates.it\/de\/wp-json\/wp\/v2\/users\/2"}],"replies":[{"embeddable":true,"href":"https:\/\/www.mates.it\/de\/wp-json\/wp\/v2\/comments?post=9040"}],"version-history":[{"count":0,"href":"https:\/\/www.mates.it\/de\/wp-json\/wp\/v2\/pages\/9040\/revisions"}],"up":[{"embeddable":true,"href":"https:\/\/www.mates.it\/de\/wp-json\/wp\/v2\/pages\/8980"}],"wp:attachment":[{"href":"https:\/\/www.mates.it\/de\/wp-json\/wp\/v2\/media?parent=9040"}],"curies":[{"name":"wp","href":"https:\/\/api.w.org\/{rel}","templated":true}]}}