{"id":9041,"date":"2016-08-05T12:53:50","date_gmt":"2016-08-05T10:53:50","guid":{"rendered":"https:\/\/www.mates.it\/prodotti\/strumenti-attrezzature\/tubi-raccordi-attacchi\/verbindungen-links\/"},"modified":"2023-06-30T23:10:36","modified_gmt":"2023-06-30T21:10:36","slug":"schlauchanschlusse-anschlusse","status":"publish","type":"page","link":"https:\/\/www.mates.it\/de\/produkte\/hilfsmittel-werkzeuge\/rohre-fittings-verbindungen\/schlauchanschlusse-anschlusse\/","title":{"rendered":"Schlauchanschl\u00fcsse \/ Anschl\u00fcsse"},"content":{"rendered":"<div  class='flex_column av-av_three_fifth-7714eba142aeda1f8b5272a3c372b279 av_three_fifth  avia-builder-el-0  el_before_av_two_fifth  avia-builder-el-first  first flex_column_div  '     ><p>\n<style type=\"text\/css\" data-created_by=\"avia_inline_auto\" id=\"style-css-av-ljj2je9y-ec3d259504b0173caf370e806e6fd217\">\n#top .av-special-heading.av-ljj2je9y-ec3d259504b0173caf370e806e6fd217{\npadding-bottom:10px;\n}\nbody .av-special-heading.av-ljj2je9y-ec3d259504b0173caf370e806e6fd217 .av-special-heading-tag .heading-char{\nfont-size:25px;\n}\n.av-special-heading.av-ljj2je9y-ec3d259504b0173caf370e806e6fd217 .av-subheading{\nfont-size:15px;\n}\n<\/style>\n<div  class='av-special-heading av-ljj2je9y-ec3d259504b0173caf370e806e6fd217 av-special-heading-h1  avia-builder-el-1  el_before_av_textblock  avia-builder-el-first  custom-h1-title'><h1 class='av-special-heading-tag '  >Schlauchanschl\u00fcsse \/ Anschl\u00fcsse<\/h1><div class=\"special-heading-border\"><div class=\"special-heading-inner-border\"><\/div><\/div><\/div><br \/>\n<section  class='av_textblock_section av-ljj2hy60-e8476032a6d7ae5b3df2265186663960 '  ><div class='avia_textblock' ><p>Mates hat schon immer die besten Verbindungstypen zwischen einem Vakuumsack, einem Schlauch oder einem Blatt, und Vakuumventilen oder anderen Hilfsmitteln, die daran angebracht werden, verkauft. Eine Reihe von Anschl\u00fcssen f\u00fcr die verschiedensten Arten von Verbundwerkstoff-Produktionsprozessen, perfekt miteinander kompatibel und anpassungsf\u00e4hig dank unserer Linie von Anschl\u00fcssen und Steckern. Dar\u00fcber hinaus haben wir die besten Schnellkupplungen ausgew\u00e4hlt, die auch als Kugelkupplungen bekannt sind und in den wichtigsten Produktionsprozessen von faserverst\u00e4rkten Verbundwerkstoffen sowie in anderen Anlagen, wie z. B. in der chemischen Industrie, f\u00fcr den Durchgang von Fl\u00fcssigkeiten, von Luft und Wasser bis hin zu hochaggressiven Fl\u00fcssigkeiten, weit verbreitet sind. Ebenfalls erh\u00e4ltlich sind Fittings mit freiem Durchgang, Schnellverschlussfittings und andere Fittings, die den Anforderungen jeder Branche gerecht werden k\u00f6nnen.<\/p>\n<div style=\"width: 100%;\"><\/div>\n<\/div><\/section><\/p><\/div><div  class='flex_column av-av_two_fifth-f1c518e9ff58e869f80c8f093487abc9 av_two_fifth  avia-builder-el-3  el_after_av_three_fifth  el_before_av_hr  flex_column_div  '     ><style type=\"text\/css\" data-created_by=\"avia_inline_auto\" id=\"style-css-av-ljj2j8y7-7d4578b1113bc580c2047704245b3406\">\n#top .togglecontainer.av-ljj2j8y7-7d4578b1113bc580c2047704245b3406 h4.toggler{\nfont-size:14px;\n}\n#top .togglecontainer.av-ljj2j8y7-7d4578b1113bc580c2047704245b3406 h4.toggler.activeTitle{\ncolor:#ffffff;\nborder-color:#ffffff;\nbackground-color:#2682d3;\n}\n<\/style>\n<div  class='togglecontainer av-ljj2j8y7-7d4578b1113bc580c2047704245b3406  avia-builder-el-4  avia-builder-el-no-sibling  accordion_product toggle_close_all hasCurrentStyle' >\n<section class='av_toggle_section av-ljj2ic0z-e72cc203b0148f38ae650b961f14b726' ><div role=\"tablist\" class=\"single_toggle\" data-tags=\"{Alle} \"  ><h4 id='toggle-toggle-id-1' data-fake-id='#toggle-id-1' class='toggler  activeTitle av-title-above '  role='tab' tabindex='0' aria-controls='toggle-id-1' data-slide-speed=\"200\" data-title=\"Vorteile\" data-title-open=\"\" data-aria_collapsed=\"Click to expand: Vorteile\" data-aria_expanded=\"Click to collapse: Vorteile\">Vorteile<span class=\"toggle_icon\"><span class=\"vert_icon\"><\/span><span class=\"hor_icon\"><\/span><\/span><\/h4><div id='toggle-id-1' aria-labelledby='toggle-toggle-id-1' role='region' class='toggle_wrap  active_tc av-title-above' style='display:block;' ><div class='toggle_content invers-color ' ><ul class=\"customlist1\">\n<li>Regelm\u00e4\u00dfige Qualit\u00e4tskontrollen<\/li>\n<li>Implementiert in den wichtigsten Prozessen<\/li>\n<li>Auswahl von Branchenf\u00fchrern<\/li>\n<li>St\u00e4ndig wachsendes Angebot<\/li>\n<\/ul>\n<\/div><\/div><\/div><\/section>\n<section class='av_toggle_section av-ljj2j7ps-0656cd51e3bb2fff345fcd3fe02c8c42' ><div role=\"tablist\" class=\"single_toggle\" data-tags=\"{Alle} \"  ><h4 id='toggle-toggle-id-2' data-fake-id='#toggle-id-2' class='toggler  av-title-above '  role='tab' tabindex='0' aria-controls='toggle-id-2' data-slide-speed=\"200\" data-title=\"Typen\" data-title-open=\"\" data-aria_collapsed=\"Click to expand: Typen\" data-aria_expanded=\"Click to collapse: Typen\">Typen<span class=\"toggle_icon\"><span class=\"vert_icon\"><\/span><span class=\"hor_icon\"><\/span><\/span><\/h4><div id='toggle-id-2' aria-labelledby='toggle-toggle-id-2' role='region' class='toggle_wrap  av-title-above'  ><div class='toggle_content invers-color ' ><ul class=\"customlist2\">\n<li><a href=\"https:\/\/fileserver.mates.it\/Prodotti\/7_Attrezzature\/TDS\/Mates\/Tubi_Raccordi_Attacchi\/V-CON.pdf\" target=\"_blank\" rel=\"noopener noreferrer\">Vakuum-Anschl\u00fcsse<\/a><\/li>\n<li><a href=\"https:\/\/fileserver.mates.it\/Prodotti\/7_Attrezzature\/TDS\/Mates\/Tubi_Raccordi_Attacchi\/I-CON.pdf\" target=\"_blank\" rel=\"noopener\">Infusionsanschl\u00fcsse<\/a><\/li>\n<li><a href=\"https:\/\/fileserver.mates.it\/Prodotti\/7_Attrezzature\/TDS\/Mates\/Tubi_Raccordi_Attacchi\/Q-LINK.pdf\" target=\"_blank\" rel=\"noopener noreferrer\">Schnellverschluss-Kupplungen<\/a><\/li>\n<\/ul>\n<\/div><\/div><\/div><\/section>\n<\/div><\/div><div  class='hr av-av_hr-91d7ccd583a503147498e120fee2ff9b hr-default  avia-builder-el-5  el_after_av_two_fifth  avia-builder-el-last '><span class='hr-inner '><span class=\"hr-inner-style\"><\/span><\/span><\/div><\/p>\n","protected":false},"excerpt":{"rendered":"<p>Mates hat schon immer die besten Verbindungstypen zwischen einem Vakuumsack und den Vakuumventilen oder anderen Hilfsmitteln, die daran angebracht werden, verkauft, Verbindungen f\u00fcr die verschiedensten Arten von Prozessen.<\/p>\n","protected":false},"author":2,"featured_media":0,"parent":8980,"menu_order":2,"comment_status":"open","ping_status":"open","template":"","meta":{"footnotes":""},"class_list":["post-9041","page","type-page","status-publish","hentry"],"_links":{"self":[{"href":"https:\/\/www.mates.it\/de\/wp-json\/wp\/v2\/pages\/9041","targetHints":{"allow":["GET"]}}],"collection":[{"href":"https:\/\/www.mates.it\/de\/wp-json\/wp\/v2\/pages"}],"about":[{"href":"https:\/\/www.mates.it\/de\/wp-json\/wp\/v2\/types\/page"}],"author":[{"embeddable":true,"href":"https:\/\/www.mates.it\/de\/wp-json\/wp\/v2\/users\/2"}],"replies":[{"embeddable":true,"href":"https:\/\/www.mates.it\/de\/wp-json\/wp\/v2\/comments?post=9041"}],"version-history":[{"count":0,"href":"https:\/\/www.mates.it\/de\/wp-json\/wp\/v2\/pages\/9041\/revisions"}],"up":[{"embeddable":true,"href":"https:\/\/www.mates.it\/de\/wp-json\/wp\/v2\/pages\/8980"}],"wp:attachment":[{"href":"https:\/\/www.mates.it\/de\/wp-json\/wp\/v2\/media?parent=9041"}],"curies":[{"name":"wp","href":"https:\/\/api.w.org\/{rel}","templated":true}]}}