{"id":9052,"date":"2016-09-18T16:33:09","date_gmt":"2016-09-18T14:33:09","guid":{"rendered":"https:\/\/www.mates.it\/prodotti\/strumenti-attrezzature\/macchinari-impianti\/dosiersysteme\/"},"modified":"2023-07-01T21:57:49","modified_gmt":"2023-07-01T19:57:49","slug":"dosiersysteme","status":"publish","type":"page","link":"https:\/\/www.mates.it\/de\/produkte\/hilfsmittel-werkzeuge\/maschinenpark-anlagen\/dosiersysteme\/","title":{"rendered":"Dosiersysteme"},"content":{"rendered":"<div  class='flex_column av-av_three_fifth-7714eba142aeda1f8b5272a3c372b279 av_three_fifth  avia-builder-el-0  el_before_av_two_fifth  avia-builder-el-first  first flex_column_div  '     ><p>\n<style type=\"text\/css\" data-created_by=\"avia_inline_auto\" id=\"style-css-av-ljkfcii8-d6f4595c8e7cd4fd69df2b7fa9e03c99\">\n#top .av-special-heading.av-ljkfcii8-d6f4595c8e7cd4fd69df2b7fa9e03c99{\npadding-bottom:10px;\n}\nbody .av-special-heading.av-ljkfcii8-d6f4595c8e7cd4fd69df2b7fa9e03c99 .av-special-heading-tag .heading-char{\nfont-size:25px;\n}\n.av-special-heading.av-ljkfcii8-d6f4595c8e7cd4fd69df2b7fa9e03c99 .av-subheading{\nfont-size:15px;\n}\n<\/style>\n<div  class='av-special-heading av-ljkfcii8-d6f4595c8e7cd4fd69df2b7fa9e03c99 av-special-heading-h1  avia-builder-el-1  el_before_av_textblock  avia-builder-el-first  custom-h1-title'><h1 class='av-special-heading-tag '  >Dosiersysteme<\/h1><div class=\"special-heading-border\"><div class=\"special-heading-inner-border\"><\/div><\/div><\/div><br \/>\n<section  class='av_textblock_section av-ljkfct6q-6ef1ed006c8316719bad3341b507856b '  ><div class='avia_textblock' ><p>Mates ist in der Lage, Abgabe- und Dosiersysteme f\u00fcr Fl\u00fcssigkeiten, Klebstoffe, Dichtstoffe und Schmierstoffe bereitzustellen, effektive und ma\u00dfgeschneiderte L\u00f6sungen f\u00fcr jeden Bedarf. Mobile Maschinen und station\u00e4re Anlagen sind mit Dosierpumpen ausgestattet, was besonders praktisch ist, wenn es darum geht, Volumenablagerungen bei stabilem Druck oder pr\u00e4zise Dosierungen herzustellen. Der einzige Steuerparameter ist das Saugverm\u00f6gen und dadurch ist die Einstellung der Dosierpumpen besonders einfach und intuitiv. H\u00f6chste Zuverl\u00e4ssigkeit, ein hohes Ma\u00df an Mengen-\/Formpr\u00e4zision und die Wirtschaftlichkeit der Produktionsprozesse stehen dabei im Vordergrund.<\/p>\n<div style=\"width: 100%;\"><\/div>\n<\/div><\/section><\/p><\/div><div  class='flex_column av-av_two_fifth-f1c518e9ff58e869f80c8f093487abc9 av_two_fifth  avia-builder-el-3  el_after_av_three_fifth  el_before_av_hr  flex_column_div  '     ><style type=\"text\/css\" data-created_by=\"avia_inline_auto\" id=\"style-css-av-ljkfdnhb-aef5c5c0b6d480f725ff8afc278e1b95\">\n#top .togglecontainer.av-ljkfdnhb-aef5c5c0b6d480f725ff8afc278e1b95 h4.toggler{\nfont-size:14px;\n}\n#top .togglecontainer.av-ljkfdnhb-aef5c5c0b6d480f725ff8afc278e1b95 h4.toggler.activeTitle{\ncolor:#ffffff;\nborder-color:#ffffff;\nbackground-color:#2682d3;\n}\n<\/style>\n<div  class='togglecontainer av-ljkfdnhb-aef5c5c0b6d480f725ff8afc278e1b95  avia-builder-el-4  avia-builder-el-no-sibling  accordion_product toggle_close_all hasCurrentStyle' >\n<section class='av_toggle_section av-ljkfd5si-c9df209d1b1b4a94a2c5714241339adb' ><div role=\"tablist\" class=\"single_toggle\" data-tags=\"{Alle} \"  ><h4 id='toggle-toggle-id-1' data-fake-id='#toggle-id-1' class='toggler  activeTitle av-title-above '  role='tab' tabindex='0' aria-controls='toggle-id-1' data-slide-speed=\"200\" data-title=\"Vorteile\" data-title-open=\"\" data-aria_collapsed=\"Click to expand: Vorteile\" data-aria_expanded=\"Click to collapse: Vorteile\">Vorteile<span class=\"toggle_icon\"><span class=\"vert_icon\"><\/span><span class=\"hor_icon\"><\/span><\/span><\/h4><div id='toggle-id-1' aria-labelledby='toggle-toggle-id-1' role='region' class='toggle_wrap  active_tc av-title-above' style='display:block;' ><div class='toggle_content invers-color ' ><ul>\n<li>Prozessstandardisierung<\/li>\n<li>Passend f\u00fcr jeden Bedarf<\/li>\n<li>Kurze Installationszeit<\/li>\n<li>Geplante Wartung<\/li>\n<\/ul>\n<\/div><\/div><\/div><\/section>\n<section class='av_toggle_section av-ljkfdmr7-4953d62bf4f0711391ac5e0ecaf1fd72' ><div role=\"tablist\" class=\"single_toggle\" data-tags=\"{Alle} \"  ><h4 id='toggle-toggle-id-2' data-fake-id='#toggle-id-2' class='toggler  av-title-above '  role='tab' tabindex='0' aria-controls='toggle-id-2' data-slide-speed=\"200\" data-title=\"Typen\" data-title-open=\"\" data-aria_collapsed=\"Click to expand: Typen\" data-aria_expanded=\"Click to collapse: Typen\">Typen<span class=\"toggle_icon\"><span class=\"vert_icon\"><\/span><span class=\"hor_icon\"><\/span><\/span><\/h4><div id='toggle-id-2' aria-labelledby='toggle-toggle-id-2' role='region' class='toggle_wrap  av-title-above'  ><div class='toggle_content invers-color ' ><ul class=\"customlist2\">\n<li>Extruder<\/li>\n<li>Spender<\/li>\n<li>Mixer<\/li>\n<li>Spr\u00fchger\u00e4te<\/li>\n<li>Hilfsmittel<\/li>\n<\/ul>\n<\/div><\/div><\/div><\/section>\n<\/div><\/div><div  class='hr av-av_hr-91d7ccd583a503147498e120fee2ff9b hr-default  avia-builder-el-5  el_after_av_two_fifth  avia-builder-el-last '><span class='hr-inner '><span class=\"hr-inner-style\"><\/span><\/span><\/div><\/p>\n","protected":false},"excerpt":{"rendered":"<p>Mates ist in der Lage, Abgabe- und Dosiersysteme f\u00fcr Fl\u00fcssigkeiten, Klebstoffe, Dichtstoffe und Schmierstoffe bereitzustellen, effektive und ma\u00dfgeschneiderte L\u00f6sungen f\u00fcr jeden Bedarf.<\/p>\n","protected":false},"author":2,"featured_media":0,"parent":9049,"menu_order":4,"comment_status":"open","ping_status":"open","template":"","meta":{"footnotes":""},"class_list":["post-9052","page","type-page","status-publish","hentry"],"_links":{"self":[{"href":"https:\/\/www.mates.it\/de\/wp-json\/wp\/v2\/pages\/9052","targetHints":{"allow":["GET"]}}],"collection":[{"href":"https:\/\/www.mates.it\/de\/wp-json\/wp\/v2\/pages"}],"about":[{"href":"https:\/\/www.mates.it\/de\/wp-json\/wp\/v2\/types\/page"}],"author":[{"embeddable":true,"href":"https:\/\/www.mates.it\/de\/wp-json\/wp\/v2\/users\/2"}],"replies":[{"embeddable":true,"href":"https:\/\/www.mates.it\/de\/wp-json\/wp\/v2\/comments?post=9052"}],"version-history":[{"count":0,"href":"https:\/\/www.mates.it\/de\/wp-json\/wp\/v2\/pages\/9052\/revisions"}],"up":[{"embeddable":true,"href":"https:\/\/www.mates.it\/de\/wp-json\/wp\/v2\/pages\/9049"}],"wp:attachment":[{"href":"https:\/\/www.mates.it\/de\/wp-json\/wp\/v2\/media?parent=9052"}],"curies":[{"name":"wp","href":"https:\/\/api.w.org\/{rel}","templated":true}]}}