{"id":9053,"date":"2016-09-18T17:10:00","date_gmt":"2016-09-18T15:10:00","guid":{"rendered":"https:\/\/www.mates.it\/prodotti\/strumenti-attrezzature\/werkzeugsysteme\/"},"modified":"2023-07-02T22:49:18","modified_gmt":"2023-07-02T20:49:18","slug":"werkzeugsysteme","status":"publish","type":"page","link":"https:\/\/www.mates.it\/de\/produkte\/hilfsmittel-werkzeuge\/werkzeugsysteme\/","title":{"rendered":"Werkzeugsysteme"},"content":{"rendered":"\n<style type=\"text\/css\" data-created_by=\"avia_inline_auto\" id=\"style-css-av-av_image-fc0ac47404acd4432646800b14c1d550\">\n.avia-image-container.av-av_image-fc0ac47404acd4432646800b14c1d550 img.avia_image{\nbox-shadow:none;\n}\n.avia-image-container.av-av_image-fc0ac47404acd4432646800b14c1d550 .av-image-caption-overlay-center{\ncolor:#ffffff;\n}\n<\/style>\n<div  class='avia-image-container av-av_image-fc0ac47404acd4432646800b14c1d550 av-styling- avia-align-center  avia-builder-el-0  el_before_av_hr  avia-builder-el-first '  ><div class=\"avia-image-container-inner\"><div class=\"avia-image-overlay-wrap\"><img decoding=\"async\" fetchpriority=\"high\" class=\"wp-image- avia-img-lazy-loading-not- avia_image \" src=\"https:\/\/www.mates.it\/wp-content\/uploads\/2016\/09\/Tooling-systems.jpg\" alt=\"\" title=\"\"><\/div><\/div><\/div>\n<div  class='hr av-av_hr-91d7ccd583a503147498e120fee2ff9b hr-default  avia-builder-el-1  el_after_av_image  el_before_av_three_fifth '><span class='hr-inner '><span class=\"hr-inner-style\"><\/span><\/span><\/div>\n<div  class='flex_column av-av_three_fifth-7714eba142aeda1f8b5272a3c372b279 av_three_fifth  avia-builder-el-2  el_after_av_hr  el_before_av_two_fifth  first flex_column_div  '     ><p>\n<style type=\"text\/css\" data-created_by=\"avia_inline_auto\" id=\"style-css-av-ljlwmdbr-5b25e0515600c7db5d80d98ce8408603\">\n#top .av-special-heading.av-ljlwmdbr-5b25e0515600c7db5d80d98ce8408603{\npadding-bottom:10px;\n}\nbody .av-special-heading.av-ljlwmdbr-5b25e0515600c7db5d80d98ce8408603 .av-special-heading-tag .heading-char{\nfont-size:25px;\n}\n.av-special-heading.av-ljlwmdbr-5b25e0515600c7db5d80d98ce8408603 .av-subheading{\nfont-size:15px;\n}\n<\/style>\n<div  class='av-special-heading av-ljlwmdbr-5b25e0515600c7db5d80d98ce8408603 av-special-heading-h1  avia-builder-el-3  el_before_av_textblock  avia-builder-el-first  custom-h1-title'><h1 class='av-special-heading-tag '  >Werkzeugsysteme<\/h1><div class=\"special-heading-border\"><div class=\"special-heading-inner-border\"><\/div><\/div><\/div><br \/>\n<section  class='av_textblock_section av-ljlwm6ea-31827746e9687c18b083db8a14189384 '  ><div class='avia_textblock' ><p>Mates verf\u00fcgt \u00fcber eine gro\u00dfe Auswahl an Formplatten und Modellen verschiedener Typen, Dichten, Dicken und Abmessungen. Die Platten aus Polyurethan- oder Epoxidharz zeichnen sich auch durch unterschiedliche Dichten aus, die es erm\u00f6glichen, die unterschiedlichsten Anforderungen an die Werkzeuge zu erf\u00fcllen. Sie werden aufgrund ihrer einfachen Bearbeitbarkeit mit dem Werkzeug und der Pr\u00e4zision der Oberfl\u00e4che h\u00e4ufig verwendet, was eine maximale Wiedergabetreue des Designs erm\u00f6glicht. Um das Angebot zu vervollst\u00e4ndigen, verf\u00fcgen wir auch \u00fcber spezifische Epoxidharze, Treibmittel, Gelcoats f\u00fcr Formen, dicke Wachse und alle anderen geeigneten Artikel, die ausschlie\u00dflich f\u00fcr die Herstellung von High-Tech-Modellen und -Formen hergestellt und formuliert werden.<\/p>\n<\/div><\/section><\/p><\/div><div  class='flex_column av-av_two_fifth-f1c518e9ff58e869f80c8f093487abc9 av_two_fifth  avia-builder-el-5  el_after_av_three_fifth  el_before_av_hr  flex_column_div  '     ><style type=\"text\/css\" data-created_by=\"avia_inline_auto\" id=\"style-css-av-ljlwnoj3-94188f56b9db88e70ab4cc167f9b2a95\">\n#top .togglecontainer.av-ljlwnoj3-94188f56b9db88e70ab4cc167f9b2a95 h4.toggler{\nfont-size:14px;\n}\n#top .togglecontainer.av-ljlwnoj3-94188f56b9db88e70ab4cc167f9b2a95 h4.toggler.activeTitle{\ncolor:#ffffff;\nborder-color:#ffffff;\nbackground-color:#2682d3;\n}\n<\/style>\n<div  class='togglecontainer av-ljlwnoj3-94188f56b9db88e70ab4cc167f9b2a95  avia-builder-el-6  avia-builder-el-no-sibling  accordion_product toggle_close_all hasCurrentStyle' >\n<section class='av_toggle_section av-ljlwmtc0-bcf2f1da6b3686726f7c57ac42bfdc06' ><div role=\"tablist\" class=\"single_toggle\" data-tags=\"{Alle} \"  ><h4 id='toggle-toggle-id-1' data-fake-id='#toggle-id-1' class='toggler  activeTitle av-title-above '  role='tab' tabindex='0' aria-controls='toggle-id-1' data-slide-speed=\"200\" data-title=\"Vorteile\" data-title-open=\"\" data-aria_collapsed=\"Click to expand: Vorteile\" data-aria_expanded=\"Click to collapse: Vorteile\">Vorteile<span class=\"toggle_icon\"><span class=\"vert_icon\"><\/span><span class=\"hor_icon\"><\/span><\/span><\/h4><div id='toggle-id-1' aria-labelledby='toggle-toggle-id-1' role='region' class='toggle_wrap  active_tc av-title-above' style='display:block;' ><div class='toggle_content invers-color ' ><ul class=\"customlist1\">\n<li>Beste Oberfl\u00e4cheng\u00fcte<\/li>\n<li>Zertifizierter Hersteller<\/li>\n<li>G\u00fcnstige Preislisten<\/li>\n<li>Sich st\u00e4ndig weiterentwickelndes Angebot<\/li>\n<\/ul>\n<\/div><\/div><\/div><\/section>\n<section class='av_toggle_section av-ljlwnf3n-38eabec40ea892baedb845e1f5f9d89b' ><div role=\"tablist\" class=\"single_toggle\" data-tags=\"{Alle} \"  ><h4 id='toggle-toggle-id-2' data-fake-id='#toggle-id-2' class='toggler  av-title-above '  role='tab' tabindex='0' aria-controls='toggle-id-2' data-slide-speed=\"200\" data-title=\"Typen\" data-title-open=\"\" data-aria_collapsed=\"Click to expand: Typen\" data-aria_expanded=\"Click to collapse: Typen\">Typen<span class=\"toggle_icon\"><span class=\"vert_icon\"><\/span><span class=\"hor_icon\"><\/span><\/span><\/h4><div id='toggle-id-2' aria-labelledby='toggle-toggle-id-2' role='region' class='toggle_wrap  av-title-above'  ><div class='toggle_content invers-color ' ><ul class=\"customlist2\">\n<li><a href=\"https:\/\/fileserver.mates.it\/Prodotti\/2_Matrici\/Brochure\/Elantas\/Tooling_Resins_Elan-tech.pdf\" target=\"_blank\" rel=\"noopener noreferrer\">Kunstharze<\/a><\/li>\n<li><a href=\"https:\/\/fileserver.mates.it\/Prodotti\/7_Attrezzature\/Brochure\/Elantas\/Modelling_%26_Tooling_Boards_IT_EN_02.2016.pdf\" target=\"_blank\" rel=\"noopener noreferrer\">Bearbeitbare Platten<\/a><\/li>\n<\/ul>\n<\/div><\/div><\/div><\/section>\n<\/div><\/div><div  class='hr av-av_hr-91d7ccd583a503147498e120fee2ff9b hr-default  avia-builder-el-7  el_after_av_two_fifth  avia-builder-el-last '><span class='hr-inner '><span class=\"hr-inner-style\"><\/span><\/span><\/div><\/p>\n","protected":false},"excerpt":{"rendered":"<p>Mates verf\u00fcgt \u00fcber eine breite Palette von Platten f\u00fcr den Formen- und Modellbau, die sich durch unterschiedliche Dichten auszeichnen und es erm\u00f6glichen, die unterschiedlichsten Verarbeitungsanforderungen zu erf\u00fcllen.<\/p>\n","protected":false},"author":2,"featured_media":7362,"parent":8860,"menu_order":5,"comment_status":"open","ping_status":"open","template":"","meta":{"footnotes":""},"class_list":["post-9053","page","type-page","status-publish","has-post-thumbnail","hentry"],"_links":{"self":[{"href":"https:\/\/www.mates.it\/de\/wp-json\/wp\/v2\/pages\/9053","targetHints":{"allow":["GET"]}}],"collection":[{"href":"https:\/\/www.mates.it\/de\/wp-json\/wp\/v2\/pages"}],"about":[{"href":"https:\/\/www.mates.it\/de\/wp-json\/wp\/v2\/types\/page"}],"author":[{"embeddable":true,"href":"https:\/\/www.mates.it\/de\/wp-json\/wp\/v2\/users\/2"}],"replies":[{"embeddable":true,"href":"https:\/\/www.mates.it\/de\/wp-json\/wp\/v2\/comments?post=9053"}],"version-history":[{"count":0,"href":"https:\/\/www.mates.it\/de\/wp-json\/wp\/v2\/pages\/9053\/revisions"}],"up":[{"embeddable":true,"href":"https:\/\/www.mates.it\/de\/wp-json\/wp\/v2\/pages\/8860"}],"wp:featuredmedia":[{"embeddable":true,"href":"https:\/\/www.mates.it\/de\/wp-json\/wp\/v2\/media\/7362"}],"wp:attachment":[{"href":"https:\/\/www.mates.it\/de\/wp-json\/wp\/v2\/media?parent=9053"}],"curies":[{"name":"wp","href":"https:\/\/api.w.org\/{rel}","templated":true}]}}