{"id":9055,"date":"2016-09-26T09:09:31","date_gmt":"2016-09-26T07:09:31","guid":{"rendered":"https:\/\/www.mates.it\/settori\/werkzeuge-modellierung\/"},"modified":"2023-07-19T04:02:54","modified_gmt":"2023-07-19T02:02:54","slug":"werkzeugbau-modellierung","status":"publish","type":"page","link":"https:\/\/www.mates.it\/de\/markte\/werkzeugbau-modellierung\/","title":{"rendered":"Werkzeugbau \/ Modellierung"},"content":{"rendered":"<div  class='flex_column av-av_one_full-7714eba142aeda1f8b5272a3c372b279 av_one_full  avia-builder-el-0  el_before_av_one_full  avia-builder-el-first  first flex_column_div  '     ><p>\n<style type=\"text\/css\" data-created_by=\"avia_inline_auto\" id=\"style-css-av-lk920kt1-9b7357784bf50590a12e5f68e4fcda97\">\n#top .av-special-heading.av-lk920kt1-9b7357784bf50590a12e5f68e4fcda97{\npadding-bottom:10px;\n}\nbody .av-special-heading.av-lk920kt1-9b7357784bf50590a12e5f68e4fcda97 .av-special-heading-tag .heading-char{\nfont-size:25px;\n}\n.av-special-heading.av-lk920kt1-9b7357784bf50590a12e5f68e4fcda97 .av-subheading{\nfont-size:15px;\n}\n<\/style>\n<div  class='av-special-heading av-lk920kt1-9b7357784bf50590a12e5f68e4fcda97 av-special-heading-h1  avia-builder-el-1  el_before_av_textblock  avia-builder-el-first  custom-h1-title'><h1 class='av-special-heading-tag '  >Werkzeugbau \/ Modellierung<\/h1><div class=\"special-heading-border\"><div class=\"special-heading-inner-border\"><\/div><\/div><\/div><br \/>\n<section  class='av_textblock_section av-lk9219d6-e6549cd08f2cc78ab3b758e3ba87949e '  ><div class='avia_textblock' ><p><span class=\"HwtZe\" lang=\"de\"><span class=\"jCAhz ChMk0b\"><span class=\"ryNqvb\">Der Werkzeug- und Modellbau ist ein Sektor, der sich mit der Herstellung von Formen und Modellen f\u00fcr die Generikaindustrie und insbesondere f\u00fcr die Industrie f\u00fcr hochentwickelte Verbundwerkstoffe besch\u00e4ftigt.<\/span><\/span> <span class=\"jCAhz ChMk0b\"><span class=\"ryNqvb\">Formen sind in zahlreichen Prozessen zur Herstellung von Produkten mit spezifischen technischen Eigenschaften unerl\u00e4sslich und garantieren stets ein hervorragendes Endergebnis.<\/span><\/span> <span class=\"jCAhz ChMk0b\"><span class=\"ryNqvb\">Die Modelle (oder Prototypen) hingegen sind in vielen Bereichen f\u00fcr die Herstellung innovativer und hochmoderner Formen erforderlich, die so konzipiert und gestaltet sind, dass stets bessere Ergebnisse als erwartet erzielt werden.<\/span><\/span> <\/span><\/p>\n<p><span class=\"HwtZe\" lang=\"de\"><span class=\"jCAhz ChMk0b\"><span class=\"ryNqvb\">Mates pr\u00e4sentiert in seinem Katalog zahlreiche Produkte f\u00fcr die Herstellung von Formen und Modellen unterschiedlicher Art.<\/span><\/span> <span class=\"jCAhz ChMk0b\"><span class=\"ryNqvb\">Darunter befinden sich spezielle Polyurethan- oder Epoxidharze f\u00fcr den jeweiligen Verwendungszweck, Gelcoat f\u00fcr Formen, die eine perfekte und langlebige Innenoberfl\u00e4che erm\u00f6glichen, sowie dicke Wachse und andere verwandte Artikel.<\/span><\/span><\/span><\/p>\n<\/div><\/section><br \/>\n<div  class='hr av-av_hr-91d7ccd583a503147498e120fee2ff9b hr-default  avia-builder-el-3  el_after_av_textblock  el_before_av_image_hotspot  avia-builder-el-last '><span class='hr-inner '><span class=\"hr-inner-style\"><\/span><\/span><\/div><br \/>\n\n<style type=\"text\/css\" data-created_by=\"avia_inline_auto\" id=\"style-css-sub-av-lk9236db-765c592c59ca92cceccb856c3ea876d6\">\n.av-hotspot-image-container .av-image-hotspot.av-lk921py6-0d1ccc98506f979da4fbc5e4f0bf790c{\ntop:61%;\nleft:79.1%;\n}\n.av-hotspot-image-container .av-image-hotspot.av-lk921yyt-18c65bbb7d695906f6b424de106c4383{\ntop:18.9%;\nleft:50.4%;\n}\n.av-hotspot-image-container .av-image-hotspot.av-lk922g4g-8463853804fdf966e9ff1984836e0a2b{\ntop:69%;\nleft:38.2%;\n}\n.av-hotspot-image-container .av-image-hotspot.av-lk922tbb-5cc39d73ba8b049b1fb225c6e460846e{\ntop:30.1%;\nleft:26.6%;\n}\n.av-hotspot-image-container .av-image-hotspot.av-lk9234t5-47ec4bb6a97e0351bf84b079c04c289f{\ntop:66.3%;\nleft:59.3%;\n}\n<\/style>\n<div  class='av-hotspot-image-container av-lk9236db-765c592c59ca92cceccb856c3ea876d6  avia-builder-el-4  el_after_av_hr  avia-builder-el-last  av-hotspot-numbered av-mobile-fallback-active  av-non-fullwidth-hotspot-image' ><div class='av-hotspot-container'><div class='av-hotspot-container-inner-cell'><div class='av-hotspot-container-inner-wrap'><div class='av-image-hotspot av-lk921py6-0d1ccc98506f979da4fbc5e4f0bf790c av-image-hotspot-1 ' data-avia-tooltip-position='left' data-avia-tooltip-alignment='top' data-avia-tooltip-class='av-tt-default-width av-tt-pos-left av-tt-align-top  av-mobile-fallback-active  main_color av-tt-hotspot' data-avia-tooltip='&lt;p&gt;Faserverst\u00e4rkungen&lt;\/p&gt;\n'><a href=https:\/\/www.mates.it\/de\/produkte\/faserverstarkungen\/glasfaser\/  target=\"_blank\"  rel=\"noopener noreferrer\" class='av-image-hotspot_inner'>1<\/a><div class='av-image-hotspot-pulse'><\/div><\/div><div class='av-image-hotspot av-lk921yyt-18c65bbb7d695906f6b424de106c4383 av-image-hotspot-2 ' data-avia-tooltip-position='left' data-avia-tooltip-alignment='top' data-avia-tooltip-class='av-tt-default-width av-tt-pos-left av-tt-align-top  av-mobile-fallback-active  main_color av-tt-hotspot' data-avia-tooltip='&lt;p&gt;Harze&lt;\/p&gt;\n'><a href=https:\/\/www.mates.it\/de\/produkte\/harze-klebstoffe-chemikalien\/harze\/  target=\"_blank\"  rel=\"noopener noreferrer\" class='av-image-hotspot_inner'>2<\/a><div class='av-image-hotspot-pulse'><\/div><\/div><div class='av-image-hotspot av-lk922g4g-8463853804fdf966e9ff1984836e0a2b av-image-hotspot-3 ' data-avia-tooltip-position='left' data-avia-tooltip-alignment='top' data-avia-tooltip-class='av-tt-default-width av-tt-pos-left av-tt-align-top  av-mobile-fallback-active  main_color av-tt-hotspot' data-avia-tooltip='&lt;p&gt;Gelcoats&lt;\/p&gt;\n'><a href=https:\/\/www.mates.it\/de\/produkte\/harze-klebstoffe-chemikalien\/gelcoat-fonds-d\/  target=\"_blank\"  rel=\"noopener noreferrer\" class='av-image-hotspot_inner'>3<\/a><div class='av-image-hotspot-pulse'><\/div><\/div><div class='av-image-hotspot av-lk922tbb-5cc39d73ba8b049b1fb225c6e460846e av-image-hotspot-4 ' data-avia-tooltip-position='left' data-avia-tooltip-alignment='top' data-avia-tooltip-class='av-tt-default-width av-tt-pos-left av-tt-align-top  av-mobile-fallback-active  main_color av-tt-hotspot' data-avia-tooltip='&lt;p&gt;Trennmittel&lt;\/p&gt;\n'><a href=https:\/\/www.mates.it\/de\/produkte\/trennmittel\/  target=\"_blank\"  rel=\"noopener noreferrer\" class='av-image-hotspot_inner'>4<\/a><div class='av-image-hotspot-pulse'><\/div><\/div><div class='av-image-hotspot av-lk9234t5-47ec4bb6a97e0351bf84b079c04c289f av-image-hotspot-5 ' data-avia-tooltip-position='left' data-avia-tooltip-alignment='top' data-avia-tooltip-class='av-tt-default-width av-tt-pos-left av-tt-align-top  av-mobile-fallback-active  main_color av-tt-hotspot' data-avia-tooltip='&lt;p&gt;Werkzeugsysteme&lt;\/p&gt;\n'><a href=https:\/\/www.mates.it\/de\/produkte\/hilfsmittel-werkzeuge\/werkzeugsysteme\/  target=\"_blank\"  rel=\"noopener noreferrer\" class='av-image-hotspot_inner'>5<\/a><div class='av-image-hotspot-pulse'><\/div><\/div><img decoding=\"async\" fetchpriority=\"high\" class=\"wp-image-0 avia-img-lazy-loading-not-0 avia_image\" src=\"https:\/\/www.mates.it\/wp-content\/uploads\/2016\/09\/Tooling-Modelling.jpg\" alt=\"\" title=\"\"><\/div><\/div><\/div><div class='av-hotspot-fallback-tooltip av-image-hotspot-1 '><div class=\"av-hotspot-fallback-tooltip-count\">1<div class=\"avia-arrow\"><\/div><\/div><div class=\"av-hotspot-fallback-tooltip-inner clearfix\"><p>\nFaserverst\u00e4rkungen<\/p>\n<\/div><\/div><div class='av-hotspot-fallback-tooltip av-image-hotspot-2 '><div class=\"av-hotspot-fallback-tooltip-count\">2<div class=\"avia-arrow\"><\/div><\/div><div class=\"av-hotspot-fallback-tooltip-inner clearfix\"><p>\nHarze<\/p>\n<\/div><\/div><div class='av-hotspot-fallback-tooltip av-image-hotspot-3 '><div class=\"av-hotspot-fallback-tooltip-count\">3<div class=\"avia-arrow\"><\/div><\/div><div class=\"av-hotspot-fallback-tooltip-inner clearfix\"><p>\nGelcoats<\/p>\n<\/div><\/div><div class='av-hotspot-fallback-tooltip av-image-hotspot-4 '><div class=\"av-hotspot-fallback-tooltip-count\">4<div class=\"avia-arrow\"><\/div><\/div><div class=\"av-hotspot-fallback-tooltip-inner clearfix\"><p>\nTrennmittel<\/p>\n<\/div><\/div><div class='av-hotspot-fallback-tooltip av-image-hotspot-5 '><div class=\"av-hotspot-fallback-tooltip-count\">5<div class=\"avia-arrow\"><\/div><\/div><div class=\"av-hotspot-fallback-tooltip-inner clearfix\"><p>\nWerkzeugsysteme<\/p>\n<\/div><\/div><\/div><\/p><\/div>\n<div  class='flex_column av-av_one_full-7714eba142aeda1f8b5272a3c372b279 av_one_full  avia-builder-el-5  el_after_av_one_full  el_before_av_hr  first flex_column_div  column-top-margin'     ><div  class='av_promobox av-lk923kd9-579b4952342f67b9454be6688596bc65 avia-button-yes  avia-builder-el-6  avia-builder-el-no-sibling '><div class='avia-promocontent'><p>\nKlicken Sie auf die Zahlen im Bild und vergleichen Sie die f\u00fcr Ihren Bereich am besten geeigneten Produkte oder klicken Sie auf die Schaltfl\u00e4che in dieser Registerkarte, um alle unsere Produkte zu sehen.<\/p>\n<\/div><div  class='avia-button-wrap av-lk923kd9-0fd25f58cf74a19d4bcc9eba5d69acbf-wrap avia-button-right '><a href='https:\/\/www.mates.it\/de\/produkte\/'  class='avia-button av-lk923kd9-0fd25f58cf74a19d4bcc9eba5d69acbf av-link-btn avia-icon_select-yes-left-icon avia-size-medium avia-position-right avia-color-theme-color'  target=\"_blank\"  rel=\"noopener noreferrer\"  aria-label=\"      Produkte\"><span class='avia_button_icon avia_button_icon_left avia-iconfont avia-font-entypo-fontello' data-av_icon='\ue85c' data-av_iconfont='entypo-fontello' ><\/span><span class='avia_iconbox_title' >      Produkte<\/span><\/a><\/div><\/div><\/div><div  class='hr av-av_hr-91d7ccd583a503147498e120fee2ff9b hr-default  avia-builder-el-7  el_after_av_one_full  avia-builder-el-last '><span class='hr-inner '><span class=\"hr-inner-style\"><\/span><\/span><\/div><\/p>\n","protected":false},"excerpt":{"rendered":"<p>Der Werkzeug- und Modellbau ist ein Sektor, der sich mit der Herstellung von Formen und Modellen f\u00fcr Produktionsprozesse fortschrittlicher Verbundwerkstoffe besch\u00e4ftigt.<\/p>\n","protected":false},"author":2,"featured_media":7394,"parent":8868,"menu_order":9,"comment_status":"open","ping_status":"open","template":"","meta":{"footnotes":""},"class_list":["post-9055","page","type-page","status-publish","has-post-thumbnail","hentry"],"_links":{"self":[{"href":"https:\/\/www.mates.it\/de\/wp-json\/wp\/v2\/pages\/9055","targetHints":{"allow":["GET"]}}],"collection":[{"href":"https:\/\/www.mates.it\/de\/wp-json\/wp\/v2\/pages"}],"about":[{"href":"https:\/\/www.mates.it\/de\/wp-json\/wp\/v2\/types\/page"}],"author":[{"embeddable":true,"href":"https:\/\/www.mates.it\/de\/wp-json\/wp\/v2\/users\/2"}],"replies":[{"embeddable":true,"href":"https:\/\/www.mates.it\/de\/wp-json\/wp\/v2\/comments?post=9055"}],"version-history":[{"count":0,"href":"https:\/\/www.mates.it\/de\/wp-json\/wp\/v2\/pages\/9055\/revisions"}],"up":[{"embeddable":true,"href":"https:\/\/www.mates.it\/de\/wp-json\/wp\/v2\/pages\/8868"}],"wp:featuredmedia":[{"embeddable":true,"href":"https:\/\/www.mates.it\/de\/wp-json\/wp\/v2\/media\/7394"}],"wp:attachment":[{"href":"https:\/\/www.mates.it\/de\/wp-json\/wp\/v2\/media?parent=9055"}],"curies":[{"name":"wp","href":"https:\/\/api.w.org\/{rel}","templated":true}]}}