{"id":9057,"date":"2016-10-09T14:38:45","date_gmt":"2016-10-09T12:38:45","guid":{"rendered":"https:\/\/www.mates.it\/mates_de\/"},"modified":"2026-03-08T21:26:07","modified_gmt":"2026-03-08T20:26:07","slug":"uber-uns","status":"publish","type":"page","link":"https:\/\/www.mates.it\/de\/uber-uns\/","title":{"rendered":"\u00dcBER UNS"},"content":{"rendered":"\n<style type=\"text\/css\" data-created_by=\"avia_inline_auto\" id=\"style-css-av-lksromys-0b00793eba64c5a4f6c56ef9e25542f1\">\n#top .av-special-heading.av-lksromys-0b00793eba64c5a4f6c56ef9e25542f1{\npadding-bottom:10px;\n}\nbody .av-special-heading.av-lksromys-0b00793eba64c5a4f6c56ef9e25542f1 .av-special-heading-tag .heading-char{\nfont-size:25px;\n}\n.av-special-heading.av-lksromys-0b00793eba64c5a4f6c56ef9e25542f1 .av-subheading{\nfont-size:15px;\n}\n<\/style>\n<div  class='av-special-heading av-lksromys-0b00793eba64c5a4f6c56ef9e25542f1 av-special-heading-h1  avia-builder-el-0  el_before_av_textblock  avia-builder-el-first  custom-h1-title'><h1 class='av-special-heading-tag '  >\u00dcber uns<\/h1><div class=\"special-heading-border\"><div class=\"special-heading-inner-border\"><\/div><\/div><\/div>\n<section  class='av_textblock_section av-lksrobqt-8659b68dea7a4ed4f633ea22fd43df3e '  ><div class='avia_textblock' ><p>Mates ist seit jeher in der Entwicklung, der Produktion und dem Vertrieb der besten Artikel und Ausr\u00fcstungen f\u00fcr die Herstellung von fortschrittlichen Verbundwerkstoffkomponenten t\u00e4tig. Von der Industrie ausgezeichnet, ist das Unternehmen gewachsen und zum Ma\u00dfstab f\u00fcr Produktinnovation und Qualit\u00e4t geworden.<br \/>\nIn der Tat hat sich die Palette der gehandhabten Produkte mit der Perfektionierung neuer Technologien f\u00fcr den Verbundwerkstoffbau st\u00e4ndig erweitert und bietet eine Reihe von gezielten Dienstleistungen an, um allen spezifischen Kundenanforderungen gerecht zu werden.<br \/>\nDie technische Unterst\u00fctzung erfolgt direkt, einschlie\u00dflich zahlreicher spezifischer Produkttests und einer st\u00e4ndigen Zusammenarbeit mit den Endkunden, um sie bei der Umsetzung der wichtigsten Produktionsprozesse oder bei eventuellen Anpassungen zu unterst\u00fctzen. Wir sind bestrebt, ma\u00dfgeschneiderte L\u00f6sungen zu schaffen, um die spezifischen Bed\u00fcrfnisse jedes Kunden zu erf\u00fcllen, wobei wir uns stets auf Innovation, Effizienz und Nachhaltigkeit konzentrieren.<br \/>\nMates ist seit der Gr\u00fcndung von Assocompositi im Jahr 2005 Mitglied des Verbandes.<\/p>\n<\/div><\/section>\n<div  class='flex_column av-6bzxdt-737364f350b73ba510045e33fe9f585c av_one_third  avia-builder-el-2  el_after_av_textblock  el_before_av_three_fifth  first flex_column_div  column-top-margin'     ><style type=\"text\/css\" data-created_by=\"avia_inline_auto\" id=\"style-css-av-455hqp-2e3ea8bf60479c38508ba6d217ad1fe6\">\n.avia-image-container.av-455hqp-2e3ea8bf60479c38508ba6d217ad1fe6 img.avia_image{\nbox-shadow:none;\n}\n.avia-image-container.av-455hqp-2e3ea8bf60479c38508ba6d217ad1fe6 .av-image-caption-overlay-center{\ncolor:#ffffff;\n}\n<\/style>\n<div  class='avia-image-container av-455hqp-2e3ea8bf60479c38508ba6d217ad1fe6 av-styling- avia-align-center  avia-builder-el-3  avia-builder-el-no-sibling '  ><div class=\"avia-image-container-inner\"><div class=\"avia-image-overlay-wrap\"><img decoding=\"async\" fetchpriority=\"high\" class=\"wp-image-21243 avia-img-lazy-loading-not-21243 avia_image \" src=\"https:\/\/www.mates.it\/wp-content\/uploads\/assocompositi_logo-1-300x100.png\" alt=\"\" title=\"assocompositi_logo\" height=\"100\" width=\"300\" srcset=\"https:\/\/www.mates.it\/wp-content\/uploads\/assocompositi_logo-1-300x100.png 300w, https:\/\/www.mates.it\/wp-content\/uploads\/assocompositi_logo-1-768x256.png 768w, https:\/\/www.mates.it\/wp-content\/uploads\/assocompositi_logo-1-705x235.png 705w, https:\/\/www.mates.it\/wp-content\/uploads\/assocompositi_logo-1.png 929w\" sizes=\"(max-width: 300px) 100vw, 300px\"><\/div><\/div><\/div><\/div>\n<div  class='flex_column av-27iujl-2b1086a673c5ab51a707f2e04fec85aa av_three_fifth  avia-builder-el-4  el_after_av_one_third  el_before_av_hr  flex_column_div  column-top-margin'     ><section  class='av_textblock_section av-mmhzhij7-b867333fdf1330008b17f6e76403a8ba '  ><div class='avia_textblock' ><p>Assocompositi vereint \u00fcber 100 Mitglieder, die in Italien auf allen Ebenen im Bereich Verbundwerkstoffe t\u00e4tig sind: ein gro\u00dfes Netzwerk aus Industrieunternehmen, Forschungseinrichtungen, Fachleuten und Studenten.<\/p>\n<\/div><\/section><\/div><div  class='hr av-4i1izl-e1c9ab79e4c8543128c305b8b045f2fb hr-default  avia-builder-el-6  el_after_av_three_fifth  el_before_av_textblock '><span class='hr-inner '><span class=\"hr-inner-style\"><\/span><\/span><\/div><\/p>\n<section  class='av_textblock_section av-2h152p-787f1a8529b2a8a906ab8d4300183f8a '  ><div class='avia_textblock' ><div class=\"flex-container container-align-start\"><div class=\"flex-cell cell-1of3 medium-cell-1of2 small-cell-1of1\">\n<article class=\"post-entry slide-entry-overview slide-loop-1 slide-parity-odd real-thumbnail post-format-standard\"\n   itemscope=\"itemscope\" itemtype=\"https:\/\/schema.org\/CreativeWork\">\n   <a href=\"https:\/\/www.mates.it\/de\/uber-uns\/unternehmen\/\" title=\"https:\/\/www.mates.it\/de\/uber-uns\/unternehmen\/\" class=\"attachment-portfolio wp-post-image\"\n      alt=\"Unternehmen\"><img decoding=\"async\" src=\"https:\/\/www.mates.it\/wp-content\/uploads\/2016\/11\/mates_sede.jpg\" class=\" attachment-portfolio size-portfolio wp-post-image\" alt=\"Unternehmen\" title=\"\"><\/a>\n   <div class=\"slide-content\">\n      <header class=\"entry-content-header\">\n         <h6 class=\"slide-entry-title entry-title\" itemprop=\"headline\"><a\n            href=\"https:\/\/www.mates.it\/de\/uber-uns\/unternehmen\/\"\n            title=\"New electric cars are getting really fast\">Unternehmen<\/a><\/h6>\n         <span class=\"av-vertical-delimiter\"><\/span>\n      <\/header>\n      <div class=\"slide-entry-excerpt entry-content\" itemprop=\"text\">\n\t\t  <p>Mates wurde in Mailand gegr\u00fcndet und ist seit mehr als 40 Jahren auf dem Markt t\u00e4tig. Das Unternehmen garantiert einen einzigartigen und innovativen Service, indem es Produkte mit hohem Mehrwert liefert, die an den jeweiligen Bedarf angepasst sind.<\/p>\n \n\t\t  <a href=\"https:\/\/www.mates.it\/de\/uber-uns\/unternehmen\/\" class=\"avia-button avia-icon_select-yes-left-icon avia-size-small avia-position-left avia-color-theme-color-subtle\">\n\t\t\t  Mehr sehen &raquo;\n\t\t  <\/a> \n      <\/div>\n   <\/div>\n   <footer class=\"entry-footer\"><\/footer>\n<\/article>\n\n<\/div><div class=\"flex-cell cell-1of3 medium-cell-1of2 small-cell-1of1\">\n<article class=\"post-entry slide-entry-overview slide-loop-1 slide-parity-odd real-thumbnail post-format-standard\"\n   itemscope=\"itemscope\" itemtype=\"https:\/\/schema.org\/CreativeWork\">\n   <a href=\"https:\/\/www.mates.it\/de\/uber-uns\/angebotene-dienstleistungen\/\" title=\"https:\/\/www.mates.it\/de\/uber-uns\/angebotene-dienstleistungen\/\" class=\"attachment-portfolio wp-post-image\"\n      alt=\"Angebotene Dienstleistungen\"><img decoding=\"async\" src=\"https:\/\/www.mates.it\/wp-content\/uploads\/2016\/10\/Asssistenza-pre-post-vendita.jpg\" class=\" attachment-portfolio size-portfolio wp-post-image\" alt=\"Angebotene Dienstleistungen\" title=\"\"><\/a>\n   <div class=\"slide-content\">\n      <header class=\"entry-content-header\">\n         <h6 class=\"slide-entry-title entry-title\" itemprop=\"headline\"><a\n            href=\"https:\/\/www.mates.it\/de\/uber-uns\/angebotene-dienstleistungen\/\"\n            title=\"New electric cars are getting really fast\">Angebotene Dienstleistungen<\/a><\/h6>\n         <span class=\"av-vertical-delimiter\"><\/span>\n      <\/header>\n      <div class=\"slide-entry-excerpt entry-content\" itemprop=\"text\">\n\t\t  <p>Um volle Transparenz, hochwertige technische Unterst\u00fctzung und Kundendienst zu gew\u00e4hrleisten, bietet Mates seit jeher eine breite Palette von Dienstleistungen an, die sorgf\u00e4ltig entwickelt wurden, um alle individuellen Bed\u00fcrfnisse zu erf\u00fcllen.<\/p>\n \n\t\t  <a href=\"https:\/\/www.mates.it\/de\/uber-uns\/angebotene-dienstleistungen\/\" class=\"avia-button avia-icon_select-yes-left-icon avia-size-small avia-position-left avia-color-theme-color-subtle\">\n\t\t\t  Mehr sehen &raquo;\n\t\t  <\/a> \n      <\/div>\n   <\/div>\n   <footer class=\"entry-footer\"><\/footer>\n<\/article>\n\n<\/div><div class=\"flex-cell cell-1of3 medium-cell-1of2 small-cell-1of1\">\n<article class=\"post-entry slide-entry-overview slide-loop-1 slide-parity-odd real-thumbnail post-format-standard\"\n   itemscope=\"itemscope\" itemtype=\"https:\/\/schema.org\/CreativeWork\">\n   <a href=\"https:\/\/www.mates.it\/de\/uber-uns\/impressum\/\" title=\"https:\/\/www.mates.it\/de\/uber-uns\/impressum\/\" class=\"attachment-portfolio wp-post-image\"\n      alt=\"Impressum\"><img decoding=\"async\" src=\"https:\/\/www.mates.it\/wp-content\/uploads\/mates_persone.png\" class=\" attachment-portfolio size-portfolio wp-post-image\" alt=\"Impressum\" title=\"\"><\/a>\n   <div class=\"slide-content\">\n      <header class=\"entry-content-header\">\n         <h6 class=\"slide-entry-title entry-title\" itemprop=\"headline\"><a\n            href=\"https:\/\/www.mates.it\/de\/uber-uns\/impressum\/\"\n            title=\"New electric cars are getting really fast\">Impressum<\/a><\/h6>\n         <span class=\"av-vertical-delimiter\"><\/span>\n      <\/header>\n      <div class=\"slide-entry-excerpt entry-content\" itemprop=\"text\">\n\t\t  <p>Dieser Abschnitt enth\u00e4lt Kontaktinformationen. Z\u00f6gern Sie nicht, unsere Mitarbeiter bei technischen oder logistischen Problemen oder f\u00fcr allgemeine Informationen \u00fcber Produkte und Verfahren zu kontaktieren.<\/p>\n \n\t\t  <a href=\"https:\/\/www.mates.it\/de\/uber-uns\/impressum\/\" class=\"avia-button avia-icon_select-yes-left-icon avia-size-small avia-position-left avia-color-theme-color-subtle\">\n\t\t\t  Mehr sehen &raquo;\n\t\t  <\/a> \n      <\/div>\n   <\/div>\n   <footer class=\"entry-footer\"><\/footer>\n<\/article>\n\n<\/div><\/div\">\n<\/div><\/section>\n","protected":false},"excerpt":{"rendered":"<p>Mates ist seit jeher in der Entwicklung, der Produktion und dem Vertrieb der besten Artikel und Ausr\u00fcstungen f\u00fcr die Produktion von fortschrittlichen Verbundwerkstoffkomponenten t\u00e4tig.<\/p>\n","protected":false},"author":1,"featured_media":7630,"parent":0,"menu_order":5,"comment_status":"open","ping_status":"open","template":"","meta":{"footnotes":""},"class_list":["post-9057","page","type-page","status-publish","has-post-thumbnail","hentry"],"_links":{"self":[{"href":"https:\/\/www.mates.it\/de\/wp-json\/wp\/v2\/pages\/9057","targetHints":{"allow":["GET"]}}],"collection":[{"href":"https:\/\/www.mates.it\/de\/wp-json\/wp\/v2\/pages"}],"about":[{"href":"https:\/\/www.mates.it\/de\/wp-json\/wp\/v2\/types\/page"}],"author":[{"embeddable":true,"href":"https:\/\/www.mates.it\/de\/wp-json\/wp\/v2\/users\/1"}],"replies":[{"embeddable":true,"href":"https:\/\/www.mates.it\/de\/wp-json\/wp\/v2\/comments?post=9057"}],"version-history":[{"count":4,"href":"https:\/\/www.mates.it\/de\/wp-json\/wp\/v2\/pages\/9057\/revisions"}],"predecessor-version":[{"id":21262,"href":"https:\/\/www.mates.it\/de\/wp-json\/wp\/v2\/pages\/9057\/revisions\/21262"}],"wp:featuredmedia":[{"embeddable":true,"href":"https:\/\/www.mates.it\/de\/wp-json\/wp\/v2\/media\/7630"}],"wp:attachment":[{"href":"https:\/\/www.mates.it\/de\/wp-json\/wp\/v2\/media?parent=9057"}],"curies":[{"name":"wp","href":"https:\/\/api.w.org\/{rel}","templated":true}]}}