{"id":9063,"date":"2016-10-09T14:56:38","date_gmt":"2016-10-09T12:56:38","guid":{"rendered":"https:\/\/www.mates.it\/supporto\/la-societa\/geschichte\/"},"modified":"2023-09-01T22:56:37","modified_gmt":"2023-09-01T20:56:37","slug":"geschichte","status":"publish","type":"page","link":"https:\/\/www.mates.it\/de\/uber-uns\/unternehmen\/geschichte\/","title":{"rendered":"Geschichte"},"content":{"rendered":"<div  class='flex_column av-av_one_full-7714eba142aeda1f8b5272a3c372b279 av_one_full  avia-builder-el-0  el_before_av_hr  avia-builder-el-first  first flex_column_div  '     ><p>\n<style type=\"text\/css\" data-created_by=\"avia_inline_auto\" id=\"style-css-av-lm12rbwo-f89b527bc78f633ff16fd47d79bb3356\">\n#top .av-special-heading.av-lm12rbwo-f89b527bc78f633ff16fd47d79bb3356{\npadding-bottom:10px;\n}\nbody .av-special-heading.av-lm12rbwo-f89b527bc78f633ff16fd47d79bb3356 .av-special-heading-tag .heading-char{\nfont-size:25px;\n}\n.av-special-heading.av-lm12rbwo-f89b527bc78f633ff16fd47d79bb3356 .av-subheading{\nfont-size:15px;\n}\n<\/style>\n<div  class='av-special-heading av-lm12rbwo-f89b527bc78f633ff16fd47d79bb3356 av-special-heading-h1  avia-builder-el-1  el_before_av_textblock  avia-builder-el-first  custom-h1-title'><h1 class='av-special-heading-tag '  >Geschichte<\/h1><div class=\"special-heading-border\"><div class=\"special-heading-inner-border\"><\/div><\/div><\/div><br \/>\n<section  class='av_textblock_section av-lm12rvk8-c4c46f3edfb6e5e93e630e2641408c4f '  ><div class='avia_textblock' ><p>Mates wurde 1978 in Mailand von Massimiliano Antonini gegr\u00fcndet und war eines der ersten Unternehmen in Italien, das Produkte f\u00fcr die Herstellung von Verbundwerkstoffkomponenten entwickelte und vermarktete. Von Anfang an verfolgte das Unternehmen die Vision einer Zukunft, in der Verbundwerkstoffe mehrere Branchen revolutionieren w\u00fcrden.<br \/>\nIn den 1970er Jahren steckte die Welt der Verbundwerkstoffe noch in den Kinderschuhen, und der Eigent\u00fcmer ergriff die Gelegenheit, als einer der Ersten das revolution\u00e4re Potenzial dieser Werkstoffe zu erforschen und zu nutzen. Mit einer Vision f\u00fcr die Zukunft und einer festen Entschlossenheit begann er, mit verschiedenen Arten von Materialien zu experimentieren und zu arbeiten, um ihre Eigenschaften und ihr Potenzial vollst\u00e4ndig zu verstehen. Angetrieben von der Leidenschaft des Gr\u00fcnders f\u00fcr Innovation hat das Unternehmen kontinuierlich in Forschung und Entwicklung investiert, indem es mit Branchenexperten zusammenarbeitet und modernste Technologien einsetzt. Auf diese Weise kann Mates sicherstellen, dass die Produkte, die es auf den Markt bringt, immer den anspruchsvollsten technischen Herausforderungen gewachsen sind.<\/p>\n<p>Im Laufe der Jahre hat der Markt die Aktivit\u00e4ten des Unternehmens honoriert und ihm ein stetiges Wachstum erm\u00f6glicht. Anl\u00e4sslich des drei\u00dfigj\u00e4hrigen Bestehens wurden die neuen R\u00e4umlichkeiten von Segrate eingeweiht, was zu einer bedeutenden Erweiterung der Ausr\u00fcstungen und Einrichtungen f\u00fcr den den Kunden und Mitarbeitern angebotenen Service f\u00fchrte. Auf einer \u00fcberdachten Nutzfl\u00e4che von mehr als 4.000 Quadratmetern konnten drei neue Industriemaschinen speziell f\u00fcr den Zuschnitt und die Verpackung von Folien und Verst\u00e4rkungen, zwei automatische Maschinen f\u00fcr den Zuschnitt von Strukturkernen in Platten, ein K\u00fchlraum mit negativer Temperatur und zwei K\u00fchlr\u00e4ume mit positiver Temperatur mit einer gek\u00fchlten Gesamtfl\u00e4che von etwa 230 Quadratmetern installiert werden. Die drei Warenlager werden bei einer kontrollierten Temperatur gehalten, um das Risiko des Verderbens der enthaltenen Produkte zu minimieren. Das B\u00fcrogeb\u00e4ude wurde vollst\u00e4ndig renoviert, um die Auswirkungen auf die Umwelt zu minimieren, und mit einer internen Bar und einem Erholungsraum ausgestattet. Das neue Geb\u00e4ude beherbergt auch ein Labor, das mit den modernsten Pr\u00fcfmaschinen ausgestattet ist, sowie einen ganzen Raum, der ausschlie\u00dflich f\u00fcr Workshops und technischen\/praktischen Produktunterricht genutzt wird und bis zu 40 Personen Platz bietet.<\/p>\n<p>Die kontinuierliche Verbesserung der internen Prozesse und die st\u00e4ndige Suche nach innovativen L\u00f6sungen haben dazu gef\u00fchrt, dass Mates heute zu den f\u00fchrenden Unternehmen der Branche geh\u00f6rt und modernste Produkte und L\u00f6sungen anbietet, die den Anforderungen eines sich st\u00e4ndig weiterentwickelnden Marktes entsprechen.<\/p>\n<\/div><\/section><\/p><\/div><div  class='hr av-av_hr-91d7ccd583a503147498e120fee2ff9b hr-default  avia-builder-el-3  el_after_av_one_full  el_before_av_icon_box '><span class='hr-inner '><span class=\"hr-inner-style\"><\/span><\/span><\/div><\/p>\n<article  class='iconbox iconbox_left_content av-lm12s3uj-ea2e58ec01be9e668e9e4738b0c69de8  avia-builder-el-4  el_after_av_hr  el_before_av_hr ' ><div class='iconbox_icon heading-color avia-iconfont avia-font-entypo-fontello' data-av_icon='\ue80b' data-av_iconfont='entypo-fontello'  ><\/div><div class=\"iconbox_content\"><header class=\"entry-content-header\" aria-label=\"Icon: Zusammenkommen ist ein Anfang, zusammenbleiben ist ein Fortschritt, und zusammenarbeiten ist ein Erfolg\"><h3 class='iconbox_content_title ' >Zusammenkommen ist ein Anfang, zusammenbleiben ist ein Fortschritt, und zusammenarbeiten ist ein Erfolg<\/h3><\/header><div class='iconbox_content_container ' ><p>Henry Ford<\/p>\n<\/div><\/div><footer class=\"entry-footer\"><\/footer><\/article>\n<div  class='hr av-av_hr-91d7ccd583a503147498e120fee2ff9b hr-default  avia-builder-el-5  el_after_av_icon_box  el_before_av_one_full '><span class='hr-inner '><span class=\"hr-inner-style\"><\/span><\/span><\/div>\n<div  class='flex_column av-av_one_full-7714eba142aeda1f8b5272a3c372b279 av_one_full  avia-builder-el-6  el_after_av_hr  avia-builder-el-last  first flex_column_div  '     ><style type=\"text\/css\" data-created_by=\"avia_inline_auto\" id=\"style-css-av-av_image-411ecc17825fc18f5182de98ad407f2d\">\n.avia-image-container.av-av_image-411ecc17825fc18f5182de98ad407f2d img.avia_image{\nbox-shadow:none;\n}\n.avia-image-container.av-av_image-411ecc17825fc18f5182de98ad407f2d .av-image-caption-overlay-center{\ncolor:#ffffff;\n}\n<\/style>\n<div  class='avia-image-container av-av_image-411ecc17825fc18f5182de98ad407f2d av-styling- avia-align-center  avia-builder-el-7  avia-builder-el-no-sibling '  ><div class=\"avia-image-container-inner\"><div class=\"avia-image-overlay-wrap\"><img decoding=\"async\" fetchpriority=\"high\" class='wp-image-17533 avia-img-lazy-loading-not-17533 avia_image ' src=\"https:\/\/www.mates.it\/wp-content\/uploads\/mates_storia.png\" alt='mates_storia' title='mates_storia'  height=\"325\" width=\"1500\" srcset=\"https:\/\/www.mates.it\/wp-content\/uploads\/mates_storia.png 1500w, https:\/\/www.mates.it\/wp-content\/uploads\/mates_storia-300x65.png 300w, https:\/\/www.mates.it\/wp-content\/uploads\/mates_storia-1030x223.png 1030w, https:\/\/www.mates.it\/wp-content\/uploads\/mates_storia-768x166.png 768w, https:\/\/www.mates.it\/wp-content\/uploads\/mates_storia-705x153.png 705w\" sizes=\"(max-width: 1500px) 100vw, 1500px\" \/><\/div><\/div><\/div><\/div>\n","protected":false},"excerpt":{"rendered":"<p>Mates wurde 1978 in Mailand von Massimiliano Antonini gegr\u00fcndet und war eines der ersten Unternehmen in Italien, das Produkte f\u00fcr die Herstellung von Komponenten aus Verbundwerkstoffen entwickelte und vermarktete.<\/p>\n","protected":false},"author":2,"featured_media":17533,"parent":9059,"menu_order":1,"comment_status":"open","ping_status":"open","template":"","meta":{"footnotes":""},"class_list":["post-9063","page","type-page","status-publish","has-post-thumbnail","hentry"],"_links":{"self":[{"href":"https:\/\/www.mates.it\/de\/wp-json\/wp\/v2\/pages\/9063","targetHints":{"allow":["GET"]}}],"collection":[{"href":"https:\/\/www.mates.it\/de\/wp-json\/wp\/v2\/pages"}],"about":[{"href":"https:\/\/www.mates.it\/de\/wp-json\/wp\/v2\/types\/page"}],"author":[{"embeddable":true,"href":"https:\/\/www.mates.it\/de\/wp-json\/wp\/v2\/users\/2"}],"replies":[{"embeddable":true,"href":"https:\/\/www.mates.it\/de\/wp-json\/wp\/v2\/comments?post=9063"}],"version-history":[{"count":0,"href":"https:\/\/www.mates.it\/de\/wp-json\/wp\/v2\/pages\/9063\/revisions"}],"up":[{"embeddable":true,"href":"https:\/\/www.mates.it\/de\/wp-json\/wp\/v2\/pages\/9059"}],"wp:featuredmedia":[{"embeddable":true,"href":"https:\/\/www.mates.it\/de\/wp-json\/wp\/v2\/media\/17533"}],"wp:attachment":[{"href":"https:\/\/www.mates.it\/de\/wp-json\/wp\/v2\/media?parent=9063"}],"curies":[{"name":"wp","href":"https:\/\/api.w.org\/{rel}","templated":true}]}}