{"id":9069,"date":"2016-10-09T15:58:34","date_gmt":"2016-10-09T13:58:34","guid":{"rendered":"https:\/\/www.mates.it\/supporto\/la-societa\/unsere-kunden\/"},"modified":"2023-12-22T18:15:42","modified_gmt":"2023-12-22T17:15:42","slug":"kunden","status":"publish","type":"page","link":"https:\/\/www.mates.it\/de\/uber-uns\/unternehmen\/kunden\/","title":{"rendered":"Kunden"},"content":{"rendered":"<div  class='flex_column av-17l5ltp-8c62de1dd0a676e805d5d012924a6ec9 av_one_full  avia-builder-el-0  avia-builder-el-no-sibling  first flex_column_div  '     ><p>\n<style type=\"text\/css\" data-created_by=\"avia_inline_auto\" id=\"style-css-av-lm13kz58-d5a8c047a2df3995ce91f11757aae7fd\">\n#top .av-special-heading.av-lm13kz58-d5a8c047a2df3995ce91f11757aae7fd{\npadding-bottom:10px;\n}\nbody .av-special-heading.av-lm13kz58-d5a8c047a2df3995ce91f11757aae7fd .av-special-heading-tag .heading-char{\nfont-size:25px;\n}\n.av-special-heading.av-lm13kz58-d5a8c047a2df3995ce91f11757aae7fd .av-subheading{\nfont-size:15px;\n}\n<\/style>\n<div  class='av-special-heading av-lm13kz58-d5a8c047a2df3995ce91f11757aae7fd av-special-heading-h1  avia-builder-el-1  el_before_av_textblock  avia-builder-el-first  custom-h1-title'><h1 class='av-special-heading-tag '  >Kunden<\/h1><div class=\"special-heading-border\"><div class=\"special-heading-inner-border\"><\/div><\/div><\/div><br \/>\n<section  class='av_textblock_section av-lm13kuc0-5f1918e859d04e738d3783e62506bb80 '  ><div class='avia_textblock' ><p>Wir sind stolz auf die Zusammenarbeit mit einer Vielzahl von Kunden, die in Schl\u00fcsselsektoren wie der Automobilindustrie, der Nautik, der Luft- und Raumfahrt, der Windenergie sowie der Glasindustrie und dem Bausektor t\u00e4tig sind. Unsere Produkte und L\u00f6sungen sind f\u00fcr die Ausweitung ihrer Aktivit\u00e4ten unerl\u00e4sslich geworden. Wir stehen in st\u00e4ndigem Dialog mit unseren Kunden, um ihre Realit\u00e4ten und t\u00e4glichen Herausforderungen zu verstehen, damit wir die ihnen zur Verf\u00fcgung stehenden L\u00f6sungen entwickeln und optimieren k\u00f6nnen.<br \/>\nWenn Sie sich in die immer l\u00e4nger werdende Liste unserer zufriedenen Kunden einreihen m\u00f6chten, laden wir Sie ein, mit uns in Kontakt zu treten. Es w\u00e4re uns ein Vergn\u00fcgen, Ihre spezifischen Bed\u00fcrfnisse zu besprechen. Wir sind hier, um Sie zum Erfolg zu f\u00fchren und eine starke und dauerhafte Partnerschaft aufzubauen.<\/p>\n<\/div><\/section><br \/>\n<div  class='hr av-16nywkd-2ec45bd2fe39162841ba9271d4a46ce1 hr-default  avia-builder-el-3  el_after_av_textblock  el_before_av_partner '><span class='hr-inner '><span class=\"hr-inner-style\"><\/span><\/span><\/div><br \/>\n\n<style type=\"text\/css\" data-created_by=\"avia_inline_auto\" id=\"style-css-av-15c9nkt-89c00ca59e9da978a68526b0dbb524fd\">\n.avia-logo-element-container.av-15c9nkt-89c00ca59e9da978a68526b0dbb524fd .av-partner-fake-img{\nbackground-size:cover;\n}\n<\/style>\n<div  class='avia-logo-element-container av-15c9nkt-89c00ca59e9da978a68526b0dbb524fd avia-logo-grid avia-content-slider avia-smallarrow-slider avia-content-grid-active noHover avia-content-slider-odd  avia-builder-el-4  el_after_av_hr  el_before_av_hr  avia-content-slider1' ><div class='avia-smallarrow-slider-heading  no-logo-slider-heading '><div class='new-special-heading'>&nbsp;<\/div><\/div><div class=\"avia-content-slider-inner\"><div class=\"slide-entry-wrap\"><div data-avia-tooltip=\"Automotive \/ Aerospace\" class='slide-entry av-134yxil-320beedf393db98cc6c4399815871be8 flex_column no_margin av_one_fifth real-thumbnail post-entry slide-entry-overview slide-loop-1 slide-parity-odd  first'><a href=\"https:\/\/www.gruppoadler.it\/\" data-rel=\"slide-1\" class=\"slide-image\" title=\"\" target=\"_blank\" rel=\"noopener noreferrer\"><span class='av-partner-fake-img' style='padding-bottom:50%; background-image:url(https:\/\/www.mates.it\/wp-content\/uploads\/adler.jpg);'><\/span><\/a><\/div><div data-avia-tooltip=\"Aerospace\" class='slide-entry av-11u09bh-436da66188aee38f9f185e92c529a011 flex_column no_margin av_one_fifth real-thumbnail post-entry slide-entry-overview slide-loop-2 slide-parity-even  '><a href=\"https:\/\/www.airbus.com\/en\" data-rel=\"slide-1\" class=\"slide-image\" title=\"\" target=\"_blank\" rel=\"noopener noreferrer\"><span class='av-partner-fake-img' style='padding-bottom:50%; background-image:url(https:\/\/www.mates.it\/wp-content\/uploads\/airbus-2.jpg);'><\/span><\/a><\/div><div data-avia-tooltip=\"Automotive\" class='slide-entry av-zo1jnh-03ddce732d1d0129c79a6097724b4ddf flex_column no_margin av_one_fifth real-thumbnail post-entry slide-entry-overview slide-loop-3 slide-parity-odd  '><a href=\"http:\/\/www.akrapovic.it\/\" data-rel=\"slide-1\" class=\"slide-image\" title=\"\" target=\"_blank\" rel=\"noopener noreferrer\"><span class='av-partner-fake-img' style='padding-bottom:50%; background-image:url(https:\/\/www.mates.it\/wp-content\/uploads\/akrapovic-2.jpg);'><\/span><\/a><\/div><div data-avia-tooltip=\"Marine\" class='slide-entry av-xbdx59-6866ff8da2c87a0aa8efef741b563926 flex_column no_margin av_one_fifth real-thumbnail post-entry slide-entry-overview slide-loop-4 slide-parity-even  '><a href=\"https:\/\/www.azimutbenetti.com\/it\/\" data-rel=\"slide-1\" class=\"slide-image\" title=\"\" target=\"_blank\" rel=\"noopener noreferrer\"><span class='av-partner-fake-img' style='padding-bottom:50%; background-image:url(https:\/\/www.mates.it\/wp-content\/uploads\/azimut.jpg);'><\/span><\/a><\/div><div data-avia-tooltip=\"Research\" class='slide-entry av-w2coy5-6b42649ebb93de9296ca0a5182d2b5ed flex_column no_margin av_one_fifth real-thumbnail post-entry slide-entry-overview slide-loop-5 slide-parity-odd  '><a href=\"https:\/\/www.cetma.it\/\" data-rel=\"slide-1\" class=\"slide-image\" title=\"\" target=\"_blank\" rel=\"noopener noreferrer\"><span class='av-partner-fake-img' style='padding-bottom:50%; background-image:url(https:\/\/www.mates.it\/wp-content\/uploads\/cetma.jpg);'><\/span><\/a><\/div><\/div><div class=\"slide-entry-wrap\"><div data-avia-tooltip=\"Research\" class='slide-entry av-v48rp9-f71b70523033584ef4b801694142822b flex_column no_margin av_one_fifth real-thumbnail post-entry slide-entry-overview slide-loop-6 slide-parity-odd  first'><a href=\"https:\/\/www.cira.it\/it\" data-rel=\"slide-1\" class=\"slide-image\" title=\"\" target=\"_blank\" rel=\"noopener noreferrer\"><span class='av-partner-fake-img' style='padding-bottom:50%; background-image:url(https:\/\/www.mates.it\/wp-content\/uploads\/cira.jpg);'><\/span><\/a><\/div><div data-avia-tooltip=\"Marine\" class='slide-entry av-shc9vh-b28114fd2a357d5387743d4fd615995d flex_column no_margin av_one_fifth real-thumbnail post-entry slide-entry-overview slide-loop-7 slide-parity-even  '><a href=\"https:\/\/www.cranchi.com\/it\" data-rel=\"slide-1\" class=\"slide-image\" title=\"\" target=\"_blank\" rel=\"noopener noreferrer\"><span class='av-partner-fake-img' style='padding-bottom:50%; background-image:url(https:\/\/www.mates.it\/wp-content\/uploads\/cranchi-2.jpg);'><\/span><\/a><\/div><div data-avia-tooltip=\"Automotive\" class='slide-entry av-2ovujx-112ed66063ec58410ed98feb88e1324f flex_column no_margin av_one_fifth real-thumbnail post-entry slide-entry-overview slide-loop-8 slide-parity-odd  '><a href=\"https:\/\/www.dallara.it\/it\" data-rel=\"slide-1\" class=\"slide-image\" title=\"\" target=\"_blank\" rel=\"noopener noreferrer\"><span class='av-partner-fake-img' style='padding-bottom:50%; background-image:url(https:\/\/www.mates.it\/wp-content\/uploads\/dallara.jpg);'><\/span><\/a><\/div><div data-avia-tooltip=\"Marine\" class='slide-entry av-pfesql-9efec946ec244ba7d204a0ab4d1a68fc flex_column no_margin av_one_fifth real-thumbnail post-entry slide-entry-overview slide-loop-9 slide-parity-even  '><a href=\"https:\/\/www.ferrettigroup.com\/\" data-rel=\"slide-1\" class=\"slide-image\" title=\"\" target=\"_blank\" rel=\"noopener noreferrer\"><span class='av-partner-fake-img' style='padding-bottom:50%; background-image:url(https:\/\/www.mates.it\/wp-content\/uploads\/ferretti.jpg);'><\/span><\/a><\/div><div data-avia-tooltip=\"Automotive\" class='slide-entry av-of9565-fa79de143cc211ea43c1c544d13b883b flex_column no_margin av_one_fifth real-thumbnail post-entry slide-entry-overview slide-loop-10 slide-parity-odd  '><a href=\"https:\/\/www.lamborghini.com\/it-en\" data-rel=\"slide-1\" class=\"slide-image\" title=\"\" target=\"_blank\" rel=\"noopener noreferrer\"><span class='av-partner-fake-img' style='padding-bottom:50%; background-image:url(https:\/\/www.mates.it\/wp-content\/uploads\/lamborghini-2.jpg);'><\/span><\/a><\/div><\/div><div class=\"slide-entry-wrap\"><div data-avia-tooltip=\"Aerospace \/ Defence\" class='slide-entry av-n4j1m5-9c2d8dac930fbeb7744191dd40a57e10 flex_column no_margin av_one_fifth real-thumbnail post-entry slide-entry-overview slide-loop-11 slide-parity-odd  first'><a href=\"https:\/\/www.leonardo.com\/it\/\" data-rel=\"slide-1\" class=\"slide-image\" title=\"\" target=\"_blank\" rel=\"noopener noreferrer\"><span class='av-partner-fake-img' style='padding-bottom:50%; background-image:url(https:\/\/www.mates.it\/wp-content\/uploads\/leonardo.jpg);'><\/span><\/a><\/div><div data-avia-tooltip=\"Aerospace \/ Defence\" class='slide-entry av-k85yzh-1c6b25d6eb631cb6b97a09b979dd8495 flex_column no_margin av_one_fifth real-thumbnail post-entry slide-entry-overview slide-loop-12 slide-parity-even  '><a href=\"https:\/\/www.magroup.net\/it\/\" data-rel=\"slide-1\" class=\"slide-image\" title=\"\" target=\"_blank\" rel=\"noopener noreferrer\"><span class='av-partner-fake-img' style='padding-bottom:50%; background-image:url(https:\/\/www.mates.it\/wp-content\/uploads\/magroup.jpg);'><\/span><\/a><\/div><div data-avia-tooltip=\"Automotive\" class='slide-entry av-ifs5ml-4e904b8d11a4d892c0990f8f21c0e8c4 flex_column no_margin av_one_fifth real-thumbnail post-entry slide-entry-overview slide-loop-13 slide-parity-odd  '><a href=\"https:\/\/www.maserati.com\/it\/it\" data-rel=\"slide-1\" class=\"slide-image\" title=\"\" target=\"_blank\" rel=\"noopener noreferrer\"><span class='av-partner-fake-img' style='padding-bottom:50%; background-image:url(https:\/\/www.mates.it\/wp-content\/uploads\/maserati.jpg);'><\/span><\/a><\/div><div data-avia-tooltip=\"Wind Energy \/ Renewables\" class='slide-entry av-gtvr1p-7a78669a8a2e8398874e3346357f2140 flex_column no_margin av_one_fifth real-thumbnail post-entry slide-entry-overview slide-loop-14 slide-parity-even  '><a href=\"https:\/\/www.nordex-online.com\/en\/\" data-rel=\"slide-1\" class=\"slide-image\" title=\"\" target=\"_blank\" rel=\"noopener noreferrer\"><span class='av-partner-fake-img' style='padding-bottom:50%; background-image:url(https:\/\/www.mates.it\/wp-content\/uploads\/nordex.jpg);'><\/span><\/a><\/div><div data-avia-tooltip=\"Marine\" class='slide-entry av-ght2wd-e4ceb850edf01605ee8825672991a44f flex_column no_margin av_one_fifth real-thumbnail post-entry slide-entry-overview slide-loop-15 slide-parity-odd  '><a href=\"https:\/\/www.osculati.com\/it\/\" data-rel=\"slide-1\" class=\"slide-image\" title=\"\" target=\"_blank\" rel=\"noopener noreferrer\"><span class='av-partner-fake-img' style='padding-bottom:50%; background-image:url(https:\/\/www.mates.it\/wp-content\/uploads\/osculati.jpg);'><\/span><\/a><\/div><\/div><div class=\"slide-entry-wrap\"><div data-avia-tooltip=\"Automotive\" class='slide-entry av-eni199-74d78a3d090ca463ea6cfac9844affaf flex_column no_margin av_one_fifth real-thumbnail post-entry slide-entry-overview slide-loop-16 slide-parity-odd  first'><a href=\"https:\/\/www.pagani.com\/it\/\" data-rel=\"slide-1\" class=\"slide-image\" title=\"\" target=\"_blank\" rel=\"noopener noreferrer\"><span class='av-partner-fake-img' style='padding-bottom:50%; background-image:url(https:\/\/www.mates.it\/wp-content\/uploads\/pagani.jpg);'><\/span><\/a><\/div><div data-avia-tooltip=\"Marine\" class='slide-entry av-ce9v71-2ec113fac2bc7e40813e1bc95856ccab flex_column no_margin av_one_fifth real-thumbnail post-entry slide-entry-overview slide-loop-17 slide-parity-even  '><a href=\"https:\/\/www.palumbogroup.it\/\" data-rel=\"slide-1\" class=\"slide-image\" title=\"\" target=\"_blank\" rel=\"noopener noreferrer\"><span class='av-partner-fake-img' style='padding-bottom:50%; background-image:url(https:\/\/www.mates.it\/wp-content\/uploads\/palumbo.jpg);'><\/span><\/a><\/div><div data-avia-tooltip=\"Marine\" class='slide-entry av-a4sp25-8f010f2a948a7c6099e9f9559bde3106 flex_column no_margin av_one_fifth real-thumbnail post-entry slide-entry-overview slide-loop-18 slide-parity-odd  '><a href=\"https:\/\/www.persico.com\/\" data-rel=\"slide-1\" class=\"slide-image\" title=\"\" target=\"_blank\" rel=\"noopener noreferrer\"><span class='av-partner-fake-img' style='padding-bottom:50%; background-image:url(https:\/\/www.mates.it\/wp-content\/uploads\/persico-1.jpg);'><\/span><\/a><\/div><div data-avia-tooltip=\"Automotive\" class='slide-entry av-8j8q0d-144d3cf9f6fe87b0ce56865217dd1b61 flex_column no_margin av_one_fifth real-thumbnail post-entry slide-entry-overview slide-loop-19 slide-parity-even  '><a href=\"https:\/\/www.sparco-official.com\/it\/\" data-rel=\"slide-1\" class=\"slide-image\" title=\"\" target=\"_blank\" rel=\"noopener noreferrer\"><span class='av-partner-fake-img' style='padding-bottom:50%; background-image:url(https:\/\/www.mates.it\/wp-content\/uploads\/sparco-2.jpg);'><\/span><\/a><\/div><div data-avia-tooltip=\"Leisure time\" class='slide-entry av-7kn81p-63022858d2ee007fc0f549b25244d4fb flex_column no_margin av_one_fifth real-thumbnail post-entry slide-entry-overview slide-loop-20 slide-parity-odd post-entry-last '><a href=\"https:\/\/www.zamperla.com\/\" data-rel=\"slide-1\" class=\"slide-image\" title=\"\" target=\"_blank\" rel=\"noopener noreferrer\"><span class='av-partner-fake-img' style='padding-bottom:50%; background-image:url(https:\/\/www.mates.it\/wp-content\/uploads\/zamperla.jpg);'><\/span><\/a><\/div><\/div><\/div><\/div><br \/>\n<div  class='hr av-5jb1r1-b2fa71558bdbbf4c6b0cd462ef06feb1 hr-default  avia-builder-el-5  el_after_av_partner  el_before_av_image '><span class='hr-inner '><span class=\"hr-inner-style\"><\/span><\/span><\/div><br \/>\n\n<style type=\"text\/css\" data-created_by=\"avia_inline_auto\" id=\"style-css-av-4n4ki5-4a3e52a7ec0efea617d81076fd974628\">\n.avia-image-container.av-4n4ki5-4a3e52a7ec0efea617d81076fd974628 img.avia_image{\nbox-shadow:none;\n}\n.avia-image-container.av-4n4ki5-4a3e52a7ec0efea617d81076fd974628 .av-image-caption-overlay-center{\ncolor:#ffffff;\n}\n<\/style>\n<div  class='avia-image-container av-4n4ki5-4a3e52a7ec0efea617d81076fd974628 av-styling- avia-align-center  avia-builder-el-6  el_after_av_hr  el_before_av_hr '  ><div class=\"avia-image-container-inner\"><div class=\"avia-image-overlay-wrap\"><img decoding=\"async\" fetchpriority=\"high\" class='wp-image-17518 avia-img-lazy-loading-not-17518 avia_image ' src=\"https:\/\/www.mates.it\/wp-content\/uploads\/mates_clienti.png\" alt='mates_clienti' title='mates_clienti'  height=\"325\" width=\"1500\" srcset=\"https:\/\/www.mates.it\/wp-content\/uploads\/mates_clienti.png 1500w, https:\/\/www.mates.it\/wp-content\/uploads\/mates_clienti-300x65.png 300w, https:\/\/www.mates.it\/wp-content\/uploads\/mates_clienti-1030x223.png 1030w, https:\/\/www.mates.it\/wp-content\/uploads\/mates_clienti-768x166.png 768w, https:\/\/www.mates.it\/wp-content\/uploads\/mates_clienti-705x153.png 705w\" sizes=\"(max-width: 1500px) 100vw, 1500px\" \/><\/div><\/div><\/div><br \/>\n<div  class='hr av-2n6c1p-b05ebe29b413666bef78d99b26821fa8 hr-default  avia-builder-el-7  el_after_av_image  avia-builder-el-last '><span class='hr-inner '><span class=\"hr-inner-style\"><\/span><\/span><\/div><\/p><\/div>\n","protected":false},"excerpt":{"rendered":"<p>Wir sind stolz darauf, Partnerschaften mit einer Vielzahl von Kunden in Schl\u00fcsselindustrien wie der Automobilindustrie, der Schifffahrt, der Luft- und Raumfahrt, der Windenergie sowie der Glas- und Bauindustrie aufgebaut zu haben.<\/p>\n","protected":false},"author":2,"featured_media":17518,"parent":9059,"menu_order":4,"comment_status":"open","ping_status":"closed","template":"","meta":{"footnotes":""},"class_list":["post-9069","page","type-page","status-publish","has-post-thumbnail","hentry"],"_links":{"self":[{"href":"https:\/\/www.mates.it\/de\/wp-json\/wp\/v2\/pages\/9069","targetHints":{"allow":["GET"]}}],"collection":[{"href":"https:\/\/www.mates.it\/de\/wp-json\/wp\/v2\/pages"}],"about":[{"href":"https:\/\/www.mates.it\/de\/wp-json\/wp\/v2\/types\/page"}],"author":[{"embeddable":true,"href":"https:\/\/www.mates.it\/de\/wp-json\/wp\/v2\/users\/2"}],"replies":[{"embeddable":true,"href":"https:\/\/www.mates.it\/de\/wp-json\/wp\/v2\/comments?post=9069"}],"version-history":[{"count":0,"href":"https:\/\/www.mates.it\/de\/wp-json\/wp\/v2\/pages\/9069\/revisions"}],"up":[{"embeddable":true,"href":"https:\/\/www.mates.it\/de\/wp-json\/wp\/v2\/pages\/9059"}],"wp:featuredmedia":[{"embeddable":true,"href":"https:\/\/www.mates.it\/de\/wp-json\/wp\/v2\/media\/17518"}],"wp:attachment":[{"href":"https:\/\/www.mates.it\/de\/wp-json\/wp\/v2\/media?parent=9069"}],"curies":[{"name":"wp","href":"https:\/\/api.w.org\/{rel}","templated":true}]}}