{"id":9078,"date":"2017-02-11T01:58:02","date_gmt":"2017-02-11T00:58:02","guid":{"rendered":"https:\/\/www.mates.it\/prodotti\/materiali-anima-core\/naturals-d\/"},"modified":"2023-06-27T15:36:15","modified_gmt":"2023-06-27T13:36:15","slug":"naturals-d","status":"publish","type":"page","link":"https:\/\/www.mates.it\/de\/produkte\/sandwichmaterialien\/naturals-d\/","title":{"rendered":"Naturals"},"content":{"rendered":"\n<style type=\"text\/css\" data-created_by=\"avia_inline_auto\" id=\"style-css-av-av_image-2044c8dd411aab2ecabda640625fd300\">\n.avia-image-container.av-av_image-2044c8dd411aab2ecabda640625fd300 img.avia_image{\nbox-shadow:none;\n}\n.avia-image-container.av-av_image-2044c8dd411aab2ecabda640625fd300 .av-image-caption-overlay-center{\ncolor:#ffffff;\n}\n<\/style>\n<div  class='avia-image-container av-av_image-2044c8dd411aab2ecabda640625fd300 av-styling- avia-align-center  avia-builder-el-0  el_before_av_hr  avia-builder-el-first '  ><div class=\"avia-image-container-inner\"><div class=\"avia-image-overlay-wrap\"><img decoding=\"async\" fetchpriority=\"high\" class=\"wp-image- avia-img-lazy-loading-not- avia_image \" src=\"https:\/\/www.mates.it\/wp-content\/uploads\/Naturali.jpg\" alt=\"\" title=\"\"><\/div><\/div><\/div>\n<div  class='hr av-av_hr-91d7ccd583a503147498e120fee2ff9b hr-default  avia-builder-el-1  el_after_av_image  el_before_av_three_fifth '><span class='hr-inner '><span class=\"hr-inner-style\"><\/span><\/span><\/div>\n<div  class='flex_column av-av_three_fifth-7714eba142aeda1f8b5272a3c372b279 av_three_fifth  avia-builder-el-2  el_after_av_hr  el_before_av_two_fifth  first flex_column_div  '     ><p>\n<style type=\"text\/css\" data-created_by=\"avia_inline_auto\" id=\"style-css-av-ljeb4tn6-8150693d9a803050c070548652ace081\">\n#top .av-special-heading.av-ljeb4tn6-8150693d9a803050c070548652ace081{\npadding-bottom:10px;\n}\nbody .av-special-heading.av-ljeb4tn6-8150693d9a803050c070548652ace081 .av-special-heading-tag .heading-char{\nfont-size:25px;\n}\n.av-special-heading.av-ljeb4tn6-8150693d9a803050c070548652ace081 .av-subheading{\nfont-size:15px;\n}\n<\/style>\n<div  class='av-special-heading av-ljeb4tn6-8150693d9a803050c070548652ace081 av-special-heading-h1  avia-builder-el-3  el_before_av_textblock  avia-builder-el-first  custom-h1-title'><h1 class='av-special-heading-tag '  >Naturals<\/h1><div class=\"special-heading-border\"><div class=\"special-heading-inner-border\"><\/div><\/div><\/div><br \/>\n<section  class='av_textblock_section av-ljeb4756-5f8a239432f2c0eb4e48dd62a9482083 '  ><div class='avia_textblock' ><p>Nat\u00fcrliche Konstruktionskerne werden aus bestimmten H\u00f6lzern mit hoher mechanischer Festigkeit und geringem spezifischem Gewicht, wie Kork und Balsaholz, gewonnen. Sie zeichnen sich in der Regel durch eine ausgezeichnete chemische Best\u00e4ndigkeit und ein neutrales Verhalten bei Temperaturschwankungen aus. Die geringe W\u00e4rmeleitf\u00e4higkeit dieser Art von Kernen verleiht ihnen ein gro\u00dfes Potenzial, einschlie\u00dflich der Feuerbest\u00e4ndigkeit. Sie werden in Bereichen wie Verkehr, Schienen- und Stra\u00dfenfahrzeugbau, Freizeit und Infrastruktur aufgrund ihrer hervorragenden W\u00e4rme- und Schalld\u00e4mmung sowie im Bootsbau (Nautik) eingesetzt.<br \/>\nJeder Naturkern hat seine eigenen technischen Eigenschaften und ist f\u00fcr bestimmte Verfahren ausgelegt, weshalb wir empfehlen, die Produktbl\u00e4tter sorgf\u00e4ltig zu lesen.<\/p>\n<\/div><\/section><\/p><\/div><div  class='flex_column av-av_two_fifth-f1c518e9ff58e869f80c8f093487abc9 av_two_fifth  avia-builder-el-5  el_after_av_three_fifth  el_before_av_hr  flex_column_div  '     ><style type=\"text\/css\" data-created_by=\"avia_inline_auto\" id=\"style-css-av-ljeb5jgk-72e1ae4db93ee31317207f39802fe6d4\">\n#top .togglecontainer.av-ljeb5jgk-72e1ae4db93ee31317207f39802fe6d4 h4.toggler{\nfont-size:14px;\n}\n#top .togglecontainer.av-ljeb5jgk-72e1ae4db93ee31317207f39802fe6d4 h4.toggler.activeTitle{\ncolor:#ffffff;\nborder-color:#ffffff;\nbackground-color:#2682d3;\n}\n<\/style>\n<div  class='togglecontainer av-ljeb5jgk-72e1ae4db93ee31317207f39802fe6d4  avia-builder-el-6  avia-builder-el-no-sibling  accordion_product toggle_close_all hasCurrentStyle' >\n<section class='av_toggle_section av-ljeb5flg-7f9a4e3d136c71d1108e0da152a5939f' ><div role=\"tablist\" class=\"single_toggle\" data-tags=\"{Alle} \"  ><h4 id='toggle-toggle-id-1' data-fake-id='#toggle-id-1' class='toggler  activeTitle av-title-above '  role='tab' tabindex='0' aria-controls='toggle-id-1' data-slide-speed=\"200\" data-title=\"Vorteile\" data-title-open=\"\" data-aria_collapsed=\"Click to expand: Vorteile\" data-aria_expanded=\"Click to collapse: Vorteile\">Vorteile<span class=\"toggle_icon\"><span class=\"vert_icon\"><\/span><span class=\"hor_icon\"><\/span><\/span><\/h4><div id='toggle-id-1' aria-labelledby='toggle-toggle-id-1' role='region' class='toggle_wrap  active_tc av-title-above' style='display:block;' ><div class='toggle_content invers-color ' ><ul class=\"customlist1\">\n<li>Geringe Umweltbelastung<\/li>\n<li>Geringes spezifisches Gewicht<\/li>\n<li>Geringe W\u00e4rmeleitf\u00e4higkeit<\/li>\n<li>Chemische Best\u00e4ndigkeit<\/li>\n<\/ul>\n<\/div><\/div><\/div><\/section>\n<section class='av_toggle_section av-ljeb5icg-8d4b662f3911ca007b0482f6f482b086' ><div role=\"tablist\" class=\"single_toggle\" data-tags=\"{Alle} \"  ><h4 id='toggle-toggle-id-2' data-fake-id='#toggle-id-2' class='toggler  av-title-above '  role='tab' tabindex='0' aria-controls='toggle-id-2' data-slide-speed=\"200\" data-title=\"Typen\" data-title-open=\"\" data-aria_collapsed=\"Click to expand: Typen\" data-aria_expanded=\"Click to collapse: Typen\">Typen<span class=\"toggle_icon\"><span class=\"vert_icon\"><\/span><span class=\"hor_icon\"><\/span><\/span><\/h4><div id='toggle-id-2' aria-labelledby='toggle-toggle-id-2' role='region' class='toggle_wrap  av-title-above'  ><div class='toggle_content invers-color ' ><li class=\"page_item page-item-9020\"><a href=\"https:\/\/www.mates.it\/de\/produkte\/sandwichmaterialien\/naturals-d\/kork\/\">Kork<\/a><\/li>\n<li class=\"page_item page-item-9022\"><a href=\"https:\/\/www.mates.it\/de\/produkte\/sandwichmaterialien\/naturals-d\/balsa-d\/\">Balsa<\/a><\/li>\n\n<\/div><\/div><\/div><\/section>\n<\/div><\/div><div  class='hr av-av_hr-91d7ccd583a503147498e120fee2ff9b hr-default  avia-builder-el-7  el_after_av_two_fifth  avia-builder-el-last '><span class='hr-inner '><span class=\"hr-inner-style\"><\/span><\/span><\/div><\/p>\n","protected":false},"excerpt":{"rendered":"<p>Nat\u00fcrliche Konstruktionskerne werden aus bestimmten H\u00f6lzern mit hoher mechanischer Festigkeit und geringem spezifischem Gewicht gewonnen, wie z. B. Kork und Balsaholz.<\/p>\n","protected":false},"author":2,"featured_media":7514,"parent":8856,"menu_order":3,"comment_status":"open","ping_status":"open","template":"","meta":{"footnotes":""},"class_list":["post-9078","page","type-page","status-publish","has-post-thumbnail","hentry"],"_links":{"self":[{"href":"https:\/\/www.mates.it\/de\/wp-json\/wp\/v2\/pages\/9078","targetHints":{"allow":["GET"]}}],"collection":[{"href":"https:\/\/www.mates.it\/de\/wp-json\/wp\/v2\/pages"}],"about":[{"href":"https:\/\/www.mates.it\/de\/wp-json\/wp\/v2\/types\/page"}],"author":[{"embeddable":true,"href":"https:\/\/www.mates.it\/de\/wp-json\/wp\/v2\/users\/2"}],"replies":[{"embeddable":true,"href":"https:\/\/www.mates.it\/de\/wp-json\/wp\/v2\/comments?post=9078"}],"version-history":[{"count":0,"href":"https:\/\/www.mates.it\/de\/wp-json\/wp\/v2\/pages\/9078\/revisions"}],"up":[{"embeddable":true,"href":"https:\/\/www.mates.it\/de\/wp-json\/wp\/v2\/pages\/8856"}],"wp:featuredmedia":[{"embeddable":true,"href":"https:\/\/www.mates.it\/de\/wp-json\/wp\/v2\/media\/7514"}],"wp:attachment":[{"href":"https:\/\/www.mates.it\/de\/wp-json\/wp\/v2\/media?parent=9078"}],"curies":[{"name":"wp","href":"https:\/\/api.w.org\/{rel}","templated":true}]}}