{"id":9084,"date":"2018-12-24T21:13:10","date_gmt":"2018-12-24T20:13:10","guid":{"rendered":"https:\/\/www.mates.it\/mehrachsige-c\/"},"modified":"2024-07-05T18:02:27","modified_gmt":"2024-07-05T16:02:27","slug":"multiaxial-c","status":"publish","type":"page","link":"https:\/\/www.mates.it\/de\/produkte\/faserverstarkungen\/kohlefaser\/multiaxial-c\/","title":{"rendered":"Multiaxial"},"content":{"rendered":"<div  class='flex_column av-av_three_fifth-7714eba142aeda1f8b5272a3c372b279 av_three_fifth  avia-builder-el-0  el_before_av_two_fifth  avia-builder-el-first  first flex_column_div  '     ><p>\n<style type=\"text\/css\" data-created_by=\"avia_inline_auto\" id=\"style-css-av-lj9boxc2-e50ae18324b6b2dea4f6f7f41e1e1054\">\n#top .av-special-heading.av-lj9boxc2-e50ae18324b6b2dea4f6f7f41e1e1054{\npadding-bottom:10px;\n}\nbody .av-special-heading.av-lj9boxc2-e50ae18324b6b2dea4f6f7f41e1e1054 .av-special-heading-tag .heading-char{\nfont-size:25px;\n}\n.av-special-heading.av-lj9boxc2-e50ae18324b6b2dea4f6f7f41e1e1054 .av-subheading{\nfont-size:15px;\n}\n<\/style>\n<div  class='av-special-heading av-lj9boxc2-e50ae18324b6b2dea4f6f7f41e1e1054 av-special-heading-h1  avia-builder-el-1  el_before_av_textblock  avia-builder-el-first  custom-h1-title'><h1 class='av-special-heading-tag '  >Multiaxial<\/h1><div class=\"special-heading-border\"><div class=\"special-heading-inner-border\"><\/div><\/div><\/div><br \/>\n<section  class='av_textblock_section av-lj9bot7g-c0d9b5d1ea3d46970be467311dd2949d '  ><div class='avia_textblock' ><p>Bei multiaxialen Kohlenstofffasern sind die Fasern in Form von Rovings parallel in \u00fcberlappenden Schichten angeordnet, in den verschiedenen Richtungen ausgerichtet und dann mit d\u00fcnnen F\u00e4den vern\u00e4ht, um sie zusammenzuhalten. Diese Verst\u00e4rkungen sind in verschiedenen Ausrichtungen erh\u00e4ltlich, von der einfachen biaxialen Ausrichtung bei +\/- 45\u00b0 und bei 0\/90\u00b0 bis hin zur komplexeren quadriaxialen Ausrichtung der Fasern in Richtung der vier Hauptachsen.<\/p>\n<div style=\"width: 100%;\"><\/div>\n<\/div><\/section><\/p><\/div>\n<div  class='flex_column av-av_two_fifth-f1c518e9ff58e869f80c8f093487abc9 av_two_fifth  avia-builder-el-3  el_after_av_three_fifth  el_before_av_hr  flex_column_div  '     ><style type=\"text\/css\" data-created_by=\"avia_inline_auto\" id=\"style-css-av-ly8vvlil-7c74188b5665286ec0c02bca934b6cdc\">\n#top .togglecontainer.av-ly8vvlil-7c74188b5665286ec0c02bca934b6cdc h4.toggler{\nfont-size:14px;\n}\n#top .togglecontainer.av-ly8vvlil-7c74188b5665286ec0c02bca934b6cdc h4.toggler.activeTitle{\ncolor:#ffffff;\nborder-color:#ffffff;\nbackground-color:#2682d3;\n}\n<\/style>\n<div  class='togglecontainer av-ly8vvlil-7c74188b5665286ec0c02bca934b6cdc  avia-builder-el-4  avia-builder-el-no-sibling  accordion_product toggle_close_all hasCurrentStyle' >\n<section class='av_toggle_section av-ly8vux1y-489a46087e4f2a852087a01f7d737006' ><div role=\"tablist\" class=\"single_toggle\" data-tags=\"{Alle} \"  ><h4 id='toggle-toggle-id-1' data-fake-id='#toggle-id-1' class='toggler  activeTitle av-title-above '  role='tab' tabindex='0' aria-controls='toggle-id-1' data-slide-speed=\"200\" data-title=\"Biaxial 45\u00b0\" data-title-open=\"\" data-aria_collapsed=\"Click to expand: Biaxial 45\u00b0\" data-aria_expanded=\"Click to collapse: Biaxial 45\u00b0\">Biaxial 45\u00b0<span class=\"toggle_icon\"><span class=\"vert_icon\"><\/span><span class=\"hor_icon\"><\/span><\/span><\/h4><div id='toggle-id-1' aria-labelledby='toggle-toggle-id-1' role='region' class='toggle_wrap  active_tc av-title-above' style='display:block;' ><div class='toggle_content invers-color ' ><ul class=\"customlist1\">\n<li><a href=\"https:\/\/fileserver.mates.it\/Prodotti\/1_Rinforzi\/TDS\/Carbonio\/Multiassiali\/SKY\/SKY1000B2-127P5Z.pdf\" target=\"_blank\" rel=\"noopener\">BXC100<\/a><\/li>\n<li><a href=\"https:\/\/fileserver.mates.it\/Prodotti\/1_Rinforzi\/TDS\/Carbonio\/Multiassiali\/SKY\/SKY150B2-127P5Z.pdf\" target=\"_blank\" rel=\"noopener\">BXC150<\/a><\/li>\n<li><a href=\"https:\/\/fileserver.mates.it\/Prodotti\/1_Rinforzi\/TDS\/Carbonio\/Multiassiali\/SKY\/SKY200B2-127P5Z.pdf\" target=\"_blank\" rel=\"noopener\">BXC200<\/a><\/li>\n<li><a href=\"https:\/\/fileserver.mates.it\/Prodotti\/1_Rinforzi\/TDS\/Carbonio\/Multiassiali\/SKY\/SKY300B2-127P5Z.pdf\" target=\"_blank\" rel=\"noopener\">BXC300<\/a><\/li>\n<li><a href=\"https:\/\/fileserver.mates.it\/Prodotti\/1_Rinforzi\/TDS\/Carbonio\/Multiassiali\/SKY\/SKY400B2-127P5Z.pdf\" target=\"_blank\" rel=\"noopener\">BXC400<\/a><\/li>\n<li><a href=\"https:\/\/fileserver.mates.it\/Prodotti\/1_Rinforzi\/TDS\/Carbonio\/Multiassiali\/SKY\/SKY600B2-127P5Z.pdf\" target=\"_blank\" rel=\"noopener\">BXC600<\/a><\/li>\n<li><a href=\"https:\/\/fileserver.mates.it\/Prodotti\/1_Rinforzi\/TDS\/Carbonio\/Multiassiali\/SKY\/SKY800B2-127P5Z.pdf\" target=\"_blank\" rel=\"noopener\">BXC800<\/a><\/li>\n<li><a href=\"https:\/\/fileserver.mates.it\/Prodotti\/1_Rinforzi\/TDS\/Carbonio\/Multiassiali\/SKY\/SKY1000B2-127P5Z.pdf\" target=\"_blank\" rel=\"noopener\">BXC1000<\/a><\/li>\n<\/ul>\n<\/div><\/div><\/div><\/section>\n<section class='av_toggle_section av-ly8vv5zd-7cd1af80eff5e59972656c92c1da00b9' ><div role=\"tablist\" class=\"single_toggle\" data-tags=\"{Alle} \"  ><h4 id='toggle-toggle-id-2' data-fake-id='#toggle-id-2' class='toggler  av-title-above '  role='tab' tabindex='0' aria-controls='toggle-id-2' data-slide-speed=\"200\" data-title=\"Biaxial 90\u00b0\" data-title-open=\"\" data-aria_collapsed=\"Click to expand: Biaxial 90\u00b0\" data-aria_expanded=\"Click to collapse: Biaxial 90\u00b0\">Biaxial 90\u00b0<span class=\"toggle_icon\"><span class=\"vert_icon\"><\/span><span class=\"hor_icon\"><\/span><\/span><\/h4><div id='toggle-id-2' aria-labelledby='toggle-toggle-id-2' role='region' class='toggle_wrap  av-title-above'  ><div class='toggle_content invers-color ' ><ul class=\"customlist2\">\n<li><a href=\"https:\/\/fileserver.mates.it\/Prodotti\/1_Rinforzi\/TDS\/Carbonio\/Multiassiali\/SKY\/SKY200ZN-127T5Z.pdf\" target=\"_blank\" rel=\"noopener\">BXC200<\/a><\/li>\n<li><a href=\"https:\/\/fileserver.mates.it\/Prodotti\/1_Rinforzi\/TDS\/Carbonio\/Multiassiali\/SKY\/SKY300ZN-127T5Z.pdf\" target=\"_blank\" rel=\"noopener\">BXC300<\/a><\/li>\n<li><a href=\"https:\/\/fileserver.mates.it\/Prodotti\/1_Rinforzi\/TDS\/Carbonio\/Multiassiali\/SKY\/SKY400ZN-127T5Z.pdf\" target=\"_blank\" rel=\"noopener\">BXC400<\/a><\/li>\n<li><a href=\"https:\/\/fileserver.mates.it\/Prodotti\/1_Rinforzi\/TDS\/Carbonio\/Multiassiali\/SKY\/SKY600ZN-127T5Z.pdf\" target=\"_blank\" rel=\"noopener\">BXC600<\/a><\/li>\n<li><a href=\"https:\/\/fileserver.mates.it\/Prodotti\/1_Rinforzi\/TDS\/Carbonio\/Multiassiali\/SKY\/SKY800ZN-127T5Z.pdf\" target=\"_blank\" rel=\"noopener\">BXC800<\/a><\/li>\n<li><a href=\"https:\/\/fileserver.mates.it\/Prodotti\/1_Rinforzi\/TDS\/Carbonio\/Multiassiali\/SKY\/SKY1000ZN-127T5Z.pdf\" target=\"_blank\" rel=\"noopener\">BXC1000<\/a><\/li>\n<\/ul>\n<\/div><\/div><\/div><\/section>\n<section class='av_toggle_section av-ly8vvcow-dd9fdd7bd1df14e5fd56c0d341b0d569' ><div role=\"tablist\" class=\"single_toggle\" data-tags=\"{Alle} \"  ><h4 id='toggle-toggle-id-3' data-fake-id='#toggle-id-3' class='toggler  av-title-above '  role='tab' tabindex='0' aria-controls='toggle-id-3' data-slide-speed=\"200\" data-title=\"Triaxial\" data-title-open=\"\" data-aria_collapsed=\"Click to expand: Triaxial\" data-aria_expanded=\"Click to collapse: Triaxial\">Triaxial<span class=\"toggle_icon\"><span class=\"vert_icon\"><\/span><span class=\"hor_icon\"><\/span><\/span><\/h4><div id='toggle-id-3' aria-labelledby='toggle-toggle-id-3' role='region' class='toggle_wrap  av-title-above'  ><div class='toggle_content invers-color ' ><ul class=\"customlist2\">\n<li><a href=\"https:\/\/fileserver.mates.it\/Prodotti\/1_Rinforzi\/TDS\/Carbonio\/Multiassiali\/SKY\/SKY300T2-127T5Z.pdf\" target=\"_blank\" rel=\"noopener\">TXC300<\/a><\/li>\n<li><a href=\"https:\/\/fileserver.mates.it\/Prodotti\/1_Rinforzi\/TDS\/Carbonio\/Multiassiali\/SKY\/SKY600T2-127T5Z.pdf\" target=\"_blank\" rel=\"noopener\">TXC600<\/a><\/li>\n<li><a href=\"https:\/\/fileserver.mates.it\/Prodotti\/1_Rinforzi\/TDS\/Carbonio\/Multiassiali\/SKY\/SKY750T2-127T5Z.pdf\" target=\"_blank\" rel=\"noopener\">TXC750<\/a><\/li>\n<\/ul>\n<\/div><\/div><\/div><\/section>\n<section class='av_toggle_section av-ly8vvkjn-25d60bbe38e78d4120394a748ce3a673' ><div role=\"tablist\" class=\"single_toggle\" data-tags=\"{Alle} \"  ><h4 id='toggle-toggle-id-4' data-fake-id='#toggle-id-4' class='toggler  av-title-above '  role='tab' tabindex='0' aria-controls='toggle-id-4' data-slide-speed=\"200\" data-title=\"Quadriaxial\" data-title-open=\"\" data-aria_collapsed=\"Click to expand: Quadriaxial\" data-aria_expanded=\"Click to collapse: Quadriaxial\">Quadriaxial<span class=\"toggle_icon\"><span class=\"vert_icon\"><\/span><span class=\"hor_icon\"><\/span><\/span><\/h4><div id='toggle-id-4' aria-labelledby='toggle-toggle-id-4' role='region' class='toggle_wrap  av-title-above'  ><div class='toggle_content invers-color ' ><ul class=\"customlist2\">\n<li><a href=\"https:\/\/fileserver.mates.it\/Prodotti\/1_Rinforzi\/TDS\/Carbonio\/Multiassiali\/SKY\/SKY300Q2-127T5Z.pdf\" target=\"_blank\" rel=\"noopener\">QXC300<\/a><\/li>\n<li><a href=\"https:\/\/fileserver.mates.it\/Prodotti\/1_Rinforzi\/TDS\/Carbonio\/Multiassiali\/SKY\/SKY400Q2-127T5Z.pdf\" target=\"_blank\" rel=\"noopener\">QXC400<\/a><\/li>\n<li><a href=\"https:\/\/fileserver.mates.it\/Prodotti\/1_Rinforzi\/TDS\/Carbonio\/Multiassiali\/SKY\/SKY600Q2-127T5Z.pdf\" target=\"_blank\" rel=\"noopener\">QXC600<\/a><\/li>\n<li><a href=\"https:\/\/fileserver.mates.it\/Prodotti\/1_Rinforzi\/TDS\/Carbonio\/Multiassiali\/SKY\/SKY800Q2-127T5Z.pdf\" target=\"_blank\" rel=\"noopener\">QXC800<\/a><\/li>\n<li><a href=\"https:\/\/fileserver.mates.it\/Prodotti\/1_Rinforzi\/TDS\/Carbonio\/Multiassiali\/SKY\/SKY1000Q2-127T5Z.pdf\" target=\"_blank\" rel=\"noopener\">QXC1000<\/a><\/li>\n<li><a href=\"https:\/\/fileserver.mates.it\/Prodotti\/1_Rinforzi\/TDS\/Carbonio\/Multiassiali\/SKY\/SKY1200Q2-127T5Z.pdf\" target=\"_blank\" rel=\"noopener\">QXC1200<\/a><\/li>\n<\/ul>\n<\/div><\/div><\/div><\/section>\n<\/div><\/div><div  class='hr av-av_hr-91d7ccd583a503147498e120fee2ff9b hr-default  avia-builder-el-5  el_after_av_two_fifth  avia-builder-el-last '><span class='hr-inner '><span class=\"hr-inner-style\"><\/span><\/span><\/div><\/p>\n","protected":false},"excerpt":{"rendered":"<p>Bei multiaxialen Kohlenstofffasern sind die Fasern in Form von Rovings parallel in \u00fcberlappenden Schichten angeordnet, in den verschiedenen Richtungen ausgerichtet und dann mit d\u00fcnnen F\u00e4den vern\u00e4ht, um sie zusammenzuhalten.<\/p>\n","protected":false},"author":2,"featured_media":0,"parent":8862,"menu_order":2,"comment_status":"open","ping_status":"closed","template":"","meta":{"footnotes":""},"class_list":["post-9084","page","type-page","status-publish","hentry"],"_links":{"self":[{"href":"https:\/\/www.mates.it\/de\/wp-json\/wp\/v2\/pages\/9084","targetHints":{"allow":["GET"]}}],"collection":[{"href":"https:\/\/www.mates.it\/de\/wp-json\/wp\/v2\/pages"}],"about":[{"href":"https:\/\/www.mates.it\/de\/wp-json\/wp\/v2\/types\/page"}],"author":[{"embeddable":true,"href":"https:\/\/www.mates.it\/de\/wp-json\/wp\/v2\/users\/2"}],"replies":[{"embeddable":true,"href":"https:\/\/www.mates.it\/de\/wp-json\/wp\/v2\/comments?post=9084"}],"version-history":[{"count":0,"href":"https:\/\/www.mates.it\/de\/wp-json\/wp\/v2\/pages\/9084\/revisions"}],"up":[{"embeddable":true,"href":"https:\/\/www.mates.it\/de\/wp-json\/wp\/v2\/pages\/8862"}],"wp:attachment":[{"href":"https:\/\/www.mates.it\/de\/wp-json\/wp\/v2\/media?parent=9084"}],"curies":[{"name":"wp","href":"https:\/\/api.w.org\/{rel}","templated":true}]}}