{"id":9088,"date":"2018-12-26T17:22:12","date_gmt":"2018-12-26T16:22:12","guid":{"rendered":"https:\/\/www.mates.it\/prodotti\/tessuti-rinforzi\/fibra-aramidica\/bander-schlauche-a\/"},"modified":"2023-06-25T03:38:35","modified_gmt":"2023-06-25T01:38:35","slug":"bander-schlauche-a","status":"publish","type":"page","link":"https:\/\/www.mates.it\/de\/produkte\/faserverstarkungen\/aramidfaser\/bander-schlauche-a\/","title":{"rendered":"B\u00e4nder \/ Schl\u00e4uche"},"content":{"rendered":"<div  class='flex_column av-av_three_fifth-7714eba142aeda1f8b5272a3c372b279 av_three_fifth  avia-builder-el-0  el_before_av_two_fifth  avia-builder-el-first  first flex_column_div  '     ><p>\n<style type=\"text\/css\" data-created_by=\"avia_inline_auto\" id=\"style-css-av-ljargxc9-5f3a12da6132ea9ebf410381037039e3\">\n#top .av-special-heading.av-ljargxc9-5f3a12da6132ea9ebf410381037039e3{\npadding-bottom:10px;\n}\nbody .av-special-heading.av-ljargxc9-5f3a12da6132ea9ebf410381037039e3 .av-special-heading-tag .heading-char{\nfont-size:25px;\n}\n.av-special-heading.av-ljargxc9-5f3a12da6132ea9ebf410381037039e3 .av-subheading{\nfont-size:15px;\n}\n<\/style>\n<div  class='av-special-heading av-ljargxc9-5f3a12da6132ea9ebf410381037039e3 av-special-heading-h1  avia-builder-el-1  el_before_av_textblock  avia-builder-el-first  custom-h1-title'><h1 class='av-special-heading-tag '  >B\u00e4nder \/ Schl\u00e4uche<\/h1><div class=\"special-heading-border\"><div class=\"special-heading-inner-border\"><\/div><\/div><\/div><br \/>\n<section  class='av_textblock_section av-ljarffkf-1b157b215084ffe03064c0cec3f9b9cf '  ><div class='avia_textblock' ><p>Mit Aramidfasern lassen sich auch f\u00fcr die anspruchsvollsten Anforderungen geeignete L\u00f6sungen finden, weshalb wir B\u00e4nder und Socken f\u00fcr spezifische Verfahren anbieten. Aramidfasersocken eignen sich f\u00fcr strukturelle und nicht-strukturelle Rohre; sie werden in den meisten fortschrittlichen Verbundwerkstoffsektoren (Schifffahrt, Automobil, Freizeit usw.) verwendet, wo ein Rohr oder ein Schlauch aus Aramidfasern erforderlich ist. Die B\u00e4nder aus Aramidfasern haben variable Elastizit\u00e4tsmodule, die sich f\u00fcr alle Arten von Projekten eignen. Sie haben eine hohe Festigkeit und garantieren eine Erh\u00f6hung der dynamischen Belastungen, so dass ein Produkt mit sehr hohen mechanischen Eigenschaften entsteht.<\/p>\n<div style=\"width: 100%;\"><\/div>\n<\/div><\/section><\/p><\/div><div  class='flex_column av-av_two_fifth-f1c518e9ff58e869f80c8f093487abc9 av_two_fifth  avia-builder-el-3  el_after_av_three_fifth  el_before_av_hr  flex_column_div  '     ><style type=\"text\/css\" data-created_by=\"avia_inline_auto\" id=\"style-css-av-ljargt1q-61a472f4a8517c7ec10ad8057e8e46f6\">\n#top .togglecontainer.av-ljargt1q-61a472f4a8517c7ec10ad8057e8e46f6 h4.toggler{\nfont-size:14px;\n}\n#top .togglecontainer.av-ljargt1q-61a472f4a8517c7ec10ad8057e8e46f6 h4.toggler.activeTitle{\ncolor:#ffffff;\nborder-color:#ffffff;\nbackground-color:#2682d3;\n}\n<\/style>\n<div  class='togglecontainer av-ljargt1q-61a472f4a8517c7ec10ad8057e8e46f6  avia-builder-el-4  avia-builder-el-no-sibling  accordion_product toggle_close_all hasCurrentStyle' >\n<section class='av_toggle_section av-ljarg7vy-b04f2b845e062c5c67ad58f97d7b1415' ><div role=\"tablist\" class=\"single_toggle\" data-tags=\"{Alle} \"  ><h4 id='toggle-toggle-id-1' data-fake-id='#toggle-id-1' class='toggler  activeTitle av-title-above '  role='tab' tabindex='0' aria-controls='toggle-id-1' data-slide-speed=\"200\" data-title=\"Vorteile\" data-title-open=\"\" data-aria_collapsed=\"Click to expand: Vorteile\" data-aria_expanded=\"Click to collapse: Vorteile\">Vorteile<span class=\"toggle_icon\"><span class=\"vert_icon\"><\/span><span class=\"hor_icon\"><\/span><\/span><\/h4><div id='toggle-id-1' aria-labelledby='toggle-toggle-id-1' role='region' class='toggle_wrap  active_tc av-title-above' style='display:block;' ><div class='toggle_content invers-color ' ><ul>\n<li>Orientierte Fasern<\/li>\n<li>Optimale Lastverteilung<\/li>\n<li>Reduzierte Bruchstellen<\/li>\n<li>Linearit\u00e4t der mechanischen Charakterisierung<\/li>\n<li>Ma\u00dfgeschneiderte Produktionen<\/li>\n<\/ul>\n<\/div><\/div><\/div><\/section>\n<section class='av_toggle_section av-ljargqzr-a6efc04d3d4f65318e176d8243995817' ><div role=\"tablist\" class=\"single_toggle\" data-tags=\"{Alle} \"  ><h4 id='toggle-toggle-id-2' data-fake-id='#toggle-id-2' class='toggler  av-title-above '  role='tab' tabindex='0' aria-controls='toggle-id-2' data-slide-speed=\"200\" data-title=\"Typen\" data-title-open=\"\" data-aria_collapsed=\"Click to expand: Typen\" data-aria_expanded=\"Click to collapse: Typen\">Typen<span class=\"toggle_icon\"><span class=\"vert_icon\"><\/span><span class=\"hor_icon\"><\/span><\/span><\/h4><div id='toggle-id-2' aria-labelledby='toggle-toggle-id-2' role='region' class='toggle_wrap  av-title-above'  ><div class='toggle_content invers-color ' ><ul class=\"customlist2\">\n<li><a href=\"https:\/\/fileserver.mates.it\/Prodotti\/1_Rinforzi\/Brochure\/Eurocarbon\/Standard%20Program%20Aramid%20Flat%20Braids.pdf\" target=\"_blank\" rel=\"noopener\">Geflechte<\/a><\/li>\n<\/ul>\n<\/div><\/div><\/div><\/section>\n<\/div><\/div><div  class='hr av-av_hr-91d7ccd583a503147498e120fee2ff9b hr-default  avia-builder-el-5  el_after_av_two_fifth  el_before_av_one_full '><span class='hr-inner '><span class=\"hr-inner-style\"><\/span><\/span><\/div><\/p>\n<div  class='flex_column av-av_one_full-7714eba142aeda1f8b5272a3c372b279 av_one_full  avia-builder-el-6  el_after_av_hr  avia-builder-el-last  first flex_column_div  '     ><div  class='avia-button-wrap av-av_button-f2ff8a0a1448aa9f36fa0211f57fea0c-wrap avia-button-left  avia-builder-el-7  avia-builder-el-no-sibling '><a href=\"https:\/\/fileserver.mates.it\/Prodotti\/1_Rinforzi\/Brochure\/Eurocarbon\/Eurocarbon-Brochure.pdf\" class=\"avia-button av-av_button-f2ff8a0a1448aa9f36fa0211f57fea0c av-link-btn avia-icon_select-yes-left-icon avia-size-small avia-position-left avia-color-theme-color\" target=\"_blank\" rel=\"noopener noreferrer\" aria-label=\"Eurocarbon - Standard\"><span class='avia_button_icon avia_button_icon_left avia-iconfont avia-font-entypo-fontello' data-av_icon='\ue82d' data-av_iconfont='entypo-fontello' ><\/span><span class='avia_iconbox_title' >Eurocarbon - Standard<\/span><\/a><\/div><\/div>\n","protected":false},"excerpt":{"rendered":"<p>Mit Aramidfasern lassen sich auch f\u00fcr die anspruchsvollsten Anforderungen geeignete L\u00f6sungen finden, weshalb wir B\u00e4nder und Socken f\u00fcr spezifische Verfahren anbieten. <\/p>\n","protected":false},"author":2,"featured_media":0,"parent":8925,"menu_order":3,"comment_status":"open","ping_status":"closed","template":"","meta":{"footnotes":""},"class_list":["post-9088","page","type-page","status-publish","hentry"],"_links":{"self":[{"href":"https:\/\/www.mates.it\/de\/wp-json\/wp\/v2\/pages\/9088","targetHints":{"allow":["GET"]}}],"collection":[{"href":"https:\/\/www.mates.it\/de\/wp-json\/wp\/v2\/pages"}],"about":[{"href":"https:\/\/www.mates.it\/de\/wp-json\/wp\/v2\/types\/page"}],"author":[{"embeddable":true,"href":"https:\/\/www.mates.it\/de\/wp-json\/wp\/v2\/users\/2"}],"replies":[{"embeddable":true,"href":"https:\/\/www.mates.it\/de\/wp-json\/wp\/v2\/comments?post=9088"}],"version-history":[{"count":0,"href":"https:\/\/www.mates.it\/de\/wp-json\/wp\/v2\/pages\/9088\/revisions"}],"up":[{"embeddable":true,"href":"https:\/\/www.mates.it\/de\/wp-json\/wp\/v2\/pages\/8925"}],"wp:attachment":[{"href":"https:\/\/www.mates.it\/de\/wp-json\/wp\/v2\/media?parent=9088"}],"curies":[{"name":"wp","href":"https:\/\/api.w.org\/{rel}","templated":true}]}}