{"id":9090,"date":"2019-08-28T22:20:10","date_gmt":"2019-08-28T20:20:10","guid":{"rendered":"https:\/\/www.mates.it\/prodotti\/resine-adesivi-chimici\/adesivi-collanti\/strutturali\/polyurethan\/"},"modified":"2023-06-27T13:24:29","modified_gmt":"2023-06-27T11:24:29","slug":"polyurethan","status":"publish","type":"page","link":"https:\/\/www.mates.it\/de\/produkte\/harze-klebstoffe-chemikalien\/klebstoffe\/polyurethan\/","title":{"rendered":"Polyurethan"},"content":{"rendered":"<div  class='flex_column av-av_three_fifth-7714eba142aeda1f8b5272a3c372b279 av_three_fifth  avia-builder-el-0  el_before_av_two_fifth  avia-builder-el-first  first flex_column_div  '     ><p>\n<style type=\"text\/css\" data-created_by=\"avia_inline_auto\" id=\"style-css-av-ljbs4b8j-ec590c6636f260aa62ffb62e205f3900\">\n#top .av-special-heading.av-ljbs4b8j-ec590c6636f260aa62ffb62e205f3900{\npadding-bottom:10px;\n}\nbody .av-special-heading.av-ljbs4b8j-ec590c6636f260aa62ffb62e205f3900 .av-special-heading-tag .heading-char{\nfont-size:25px;\n}\n.av-special-heading.av-ljbs4b8j-ec590c6636f260aa62ffb62e205f3900 .av-subheading{\nfont-size:15px;\n}\n<\/style>\n<div  class='av-special-heading av-ljbs4b8j-ec590c6636f260aa62ffb62e205f3900 av-special-heading-h1  avia-builder-el-1  el_before_av_textblock  avia-builder-el-first  custom-h1-title'><h1 class='av-special-heading-tag '  >Polyurethan<\/h1><div class=\"special-heading-border\"><div class=\"special-heading-inner-border\"><\/div><\/div><\/div><br \/>\n<section  class='av_textblock_section av-ljbs460u-b2ad8603612f36a5a984767fbac47b2e '  ><div class='avia_textblock' ><p>Polyurethan-Klebstoffe zeichnen sich durch hervorragende Schlagfestigkeit und gute Haftung auf den meisten Kunststoffen aus. Sie haften gut auf Holz, Beton und Gummi. Sie haben eine geringe Best\u00e4ndigkeit gegen L\u00f6sungsmittel und hohe Temperaturen. Sie geh\u00f6ren zur Familie der Strukturklebstoffe, die f\u00fcr etwas flexiblere Verklebungen entwickelt wurden, mit der F\u00e4higkeit, L\u00fccken zu f\u00fcllen und einer hohen thermischen und chemischen Best\u00e4ndigkeit. Diese Art von Harz eignet sich f\u00fcr mittlere und gro\u00dfe Fl\u00e4chen.<\/p>\n<div style=\"width: 100%;\"><\/div>\n<\/div><\/section><\/p><\/div>\n<div  class='flex_column av-av_two_fifth-f1c518e9ff58e869f80c8f093487abc9 av_two_fifth  avia-builder-el-3  el_after_av_three_fifth  el_before_av_hr  flex_column_div  '     ><style type=\"text\/css\" data-created_by=\"avia_inline_auto\" id=\"style-css-av-lje7a4c7-808ed562856549a06b581b8f5e2e1a9e\">\n#top .togglecontainer.av-lje7a4c7-808ed562856549a06b581b8f5e2e1a9e h4.toggler{\nfont-size:14px;\n}\n#top .togglecontainer.av-lje7a4c7-808ed562856549a06b581b8f5e2e1a9e h4.toggler.activeTitle{\ncolor:#ffffff;\nborder-color:#ffffff;\nbackground-color:#2682d3;\n}\n<\/style>\n<div  class='togglecontainer av-lje7a4c7-808ed562856549a06b581b8f5e2e1a9e  avia-builder-el-4  avia-builder-el-no-sibling  accordion_product toggle_close_all hasCurrentStyle' >\n<section class='av_toggle_section av-lje7a3v5-c4075cced7f822824125f3e9bc45e1ff' ><div role=\"tablist\" class=\"single_toggle\" data-tags=\"{Alle} \"  ><h4 id='toggle-toggle-id-1' data-fake-id='#toggle-id-1' class='toggler  activeTitle av-title-above '  role='tab' tabindex='0' aria-controls='toggle-id-1' data-slide-speed=\"200\" data-title=\"Elan-tech \u00ae\" data-title-open=\"\" data-aria_collapsed=\"Click to expand: Elan-tech \u00ae\" data-aria_expanded=\"Click to collapse: Elan-tech \u00ae\">Elan-tech \u00ae<span class=\"toggle_icon\"><span class=\"vert_icon\"><\/span><span class=\"hor_icon\"><\/span><\/span><\/h4><div id='toggle-id-1' aria-labelledby='toggle-toggle-id-1' role='region' class='toggle_wrap  active_tc av-title-above' style='display:block;' ><div class='toggle_content invers-color ' ><ul>\n<li><a href=\"https:\/\/fileserver.mates.it\/Prodotti\/2_Matrici\/TDS\/Adesivi\/Elantas\/_EN\/Elan-tech_PU8505A_PU8505B_ADHPU8505_ing.pdf\" target=\"_blank\" rel=\"noopener\">ADH PU 8505<\/a><\/li>\n<\/ul>\n<\/div><\/div><\/div><\/section>\n<section class='av_toggle_section av-av_toggle-30c53d58ee9894c788463f4ee77db204' ><div role=\"tablist\" class=\"single_toggle\" data-tags=\"{Alle} \"  ><h4 id='toggle-toggle-id-2' data-fake-id='#toggle-id-2' class='toggler  av-title-above '  role='tab' tabindex='0' aria-controls='toggle-id-2' data-slide-speed=\"200\" data-title=\" Scotch-Weld \u2122\" data-title-open=\"\" data-aria_collapsed=\"Click to expand:  Scotch-Weld \u2122\" data-aria_expanded=\"Click to collapse:  Scotch-Weld \u2122\"> Scotch-Weld \u2122<span class=\"toggle_icon\"><span class=\"vert_icon\"><\/span><span class=\"hor_icon\"><\/span><\/span><\/h4><div id='toggle-id-2' aria-labelledby='toggle-toggle-id-2' role='region' class='toggle_wrap  av-title-above'  ><div class='toggle_content invers-color ' ><ul>\n<li><a href=\"https:\/\/fileserver.mates.it\/Prodotti\/2_Matrici\/TDS\/Adesivi\/3M\/DP620NS_TDS.pdf\" target=\"_blank\" rel=\"noopener noreferrer\">DP620 NS<\/a><\/li>\n<li><a href=\"https:\/\/fileserver.mates.it\/Prodotti\/2_Matrici\/TDS\/Adesivi\/3M\/DP6310NS_TDS.pdf\" target=\"_blank\" rel=\"noopener noreferrer\">DP6310 NS<\/a><\/li>\n<li><a href=\"https:\/\/fileserver.mates.it\/Prodotti\/2_Matrici\/TDS\/Adesivi\/3M\/DP6330NS_TDS.pdf\" target=\"_blank\" rel=\"noopener noreferrer\">DP6330 NS<\/a><\/li>\n<\/ul>\n<\/div><\/div><\/div><\/section>\n<\/div><\/div><div  class='hr av-av_hr-91d7ccd583a503147498e120fee2ff9b hr-default  avia-builder-el-5  el_after_av_two_fifth  el_before_av_one_full '><span class='hr-inner '><span class=\"hr-inner-style\"><\/span><\/span><\/div><\/p>\n<div  class='flex_column av-av_one_full-7714eba142aeda1f8b5272a3c372b279 av_one_full  avia-builder-el-6  el_after_av_hr  avia-builder-el-last  first flex_column_div  '     ><p><div  class='avia-button-wrap av-av_button-7e039a8ce048b22318e2a8369f19aafb-wrap avia-button-left  avia-builder-el-7  el_before_av_button  avia-builder-el-first '><a href=\"https:\/\/fileserver.mates.it\/Prodotti\/2_Matrici\/Brochure\/Elantas\/Composite_Resins_Elan-tech_Epoxy_Resins_and_Structural_Adhesives_-_.pdf\" class=\"avia-button av-av_button-7e039a8ce048b22318e2a8369f19aafb av-link-btn avia-icon_select-yes-left-icon avia-size-small avia-position-left avia-color-theme-color\" target=\"_blank\" rel=\"noopener noreferrer\" aria-label=\"  Elan-tech \u00ae Product selector\"><span class='avia_button_icon avia_button_icon_left avia-iconfont avia-font-entypo-fontello' data-av_icon='\ue82d' data-av_iconfont='entypo-fontello' ><\/span><span class='avia_iconbox_title' >  Elan-tech \u00ae Product selector<\/span><\/a><\/div><br \/>\n<div  class='avia-button-wrap av-av_button-1c72ff2a07eeaa2a78afab0d6d354c14-wrap avia-button-left  avia-builder-el-8  el_after_av_button  el_before_av_button '><a href=\"https:\/\/fileserver.mates.it\/Prodotti\/2_Matrici\/Brochure\/3M\/Adesivi_Strutturali_EPX_it_9_2017.pdf\" class=\"avia-button av-av_button-1c72ff2a07eeaa2a78afab0d6d354c14 av-link-btn avia-icon_select-yes-left-icon avia-size-small avia-position-left avia-color-theme-color\" target=\"_blank\" rel=\"noopener noreferrer\" aria-label=\"  3M \u00ae Product selector\"><span class='avia_button_icon avia_button_icon_left avia-iconfont avia-font-entypo-fontello' data-av_icon='\ue82d' data-av_iconfont='entypo-fontello' ><\/span><span class='avia_iconbox_title' >  3M \u00ae Product selector<\/span><\/a><\/div><br \/>\n<div  class='avia-button-wrap av-av_button-a0d25d4ccc4992e9c1219bd3dc25b776-wrap avia-button-left  avia-builder-el-9  el_after_av_button  avia-builder-el-last '><a href=\"https:\/\/fileserver.mates.it\/Prodotti\/2_Matrici\/Brochure\/3M\/DP8405_DP8805_DP8810_brochure_3M.pdf\" class=\"avia-button av-av_button-a0d25d4ccc4992e9c1219bd3dc25b776 av-link-btn avia-icon_select-yes-left-icon avia-size-small avia-position-left avia-color-theme-color\" target=\"_blank\" rel=\"noopener noreferrer\" aria-label=\"   DP Scotch-Weld \u2122\"><span class='avia_button_icon avia_button_icon_left avia-iconfont avia-font-entypo-fontello' data-av_icon='\ue82d' data-av_iconfont='entypo-fontello' ><\/span><span class='avia_iconbox_title' >   DP Scotch-Weld \u2122<\/span><\/a><\/div><\/p><\/div>\n","protected":false},"excerpt":{"rendered":"<p>Polyurethan-Klebstoffe zeichnen sich durch hervorragende Schlagfestigkeit und gute Haftung auf den meisten Kunststoffen aus. Sie haften gut auf Holz, Beton und Gummi.<\/p>\n","protected":false},"author":2,"featured_media":0,"parent":8933,"menu_order":3,"comment_status":"open","ping_status":"open","template":"","meta":{"footnotes":""},"class_list":["post-9090","page","type-page","status-publish","hentry"],"_links":{"self":[{"href":"https:\/\/www.mates.it\/de\/wp-json\/wp\/v2\/pages\/9090","targetHints":{"allow":["GET"]}}],"collection":[{"href":"https:\/\/www.mates.it\/de\/wp-json\/wp\/v2\/pages"}],"about":[{"href":"https:\/\/www.mates.it\/de\/wp-json\/wp\/v2\/types\/page"}],"author":[{"embeddable":true,"href":"https:\/\/www.mates.it\/de\/wp-json\/wp\/v2\/users\/2"}],"replies":[{"embeddable":true,"href":"https:\/\/www.mates.it\/de\/wp-json\/wp\/v2\/comments?post=9090"}],"version-history":[{"count":0,"href":"https:\/\/www.mates.it\/de\/wp-json\/wp\/v2\/pages\/9090\/revisions"}],"up":[{"embeddable":true,"href":"https:\/\/www.mates.it\/de\/wp-json\/wp\/v2\/pages\/8933"}],"wp:attachment":[{"href":"https:\/\/www.mates.it\/de\/wp-json\/wp\/v2\/media?parent=9090"}],"curies":[{"name":"wp","href":"https:\/\/api.w.org\/{rel}","templated":true}]}}