{"id":18373,"date":"2016-10-18T16:51:26","date_gmt":"2016-10-18T14:51:26","guid":{"rendered":"https:\/\/www.mates.it\/?page_id=18373"},"modified":"2023-11-15T18:51:29","modified_gmt":"2023-11-15T17:51:29","slug":"proveedores","status":"publish","type":"page","link":"https:\/\/www.mates.it\/es\/quienes-somos\/empresa\/proveedores\/","title":{"rendered":"Proveedores"},"content":{"rendered":"<div  class='flex_column av-av_one_full-7714eba142aeda1f8b5272a3c372b279 av_one_full  avia-builder-el-0  avia-builder-el-no-sibling  first flex_column_div  '     ><p>\n<style type=\"text\/css\" data-created_by=\"avia_inline_auto\" id=\"style-css-av-lm13yf0f-ab53c5d53b206c356838bdc36f7f097b\">\n#top .av-special-heading.av-lm13yf0f-ab53c5d53b206c356838bdc36f7f097b{\npadding-bottom:10px;\n}\nbody .av-special-heading.av-lm13yf0f-ab53c5d53b206c356838bdc36f7f097b .av-special-heading-tag .heading-char{\nfont-size:25px;\n}\n.av-special-heading.av-lm13yf0f-ab53c5d53b206c356838bdc36f7f097b .av-subheading{\nfont-size:15px;\n}\n<\/style>\n<div  class='av-special-heading av-lm13yf0f-ab53c5d53b206c356838bdc36f7f097b av-special-heading-h1  avia-builder-el-1  el_before_av_textblock  avia-builder-el-first  custom-h1-title'><h1 class='av-special-heading-tag '  >Proveedores<\/h1><div class=\"special-heading-border\"><div class=\"special-heading-inner-border\"><\/div><\/div><\/div><br \/>\n<section  class='av_textblock_section av-lm13ymsy-9e81b50a8ae96f4091c3de45f52c4e74 '  ><div class='avia_textblock' ><p>Mates colabora activamente con una extensa red de socios comerciales l\u00edderes, jugando un papel fundamental en el suministro de productos y servicios dedicados a los materiales compuestos avanzados. Esta s\u00f3lida red nos permite garantizar una amplia cobertura nacional e internacional, asegurando una distribuci\u00f3n eficaz de todos los art\u00edculos de nuestro cat\u00e1logo.<br \/>\nNuestra empresa desempe\u00f1a el papel de distribuidor autorizado para el mercado italiano, representando las marcas m\u00e1s prestigiosas en el campo de los tejidos, resinas, desmoldeantes y ayudas de proceso, as\u00ed como otros art\u00edculos relevantes en la industria de los materiales compuestos avanzados. Este resultado es fruto de nuestra experiencia consolidada a lo largo del tiempo, obtenida sobre el terreno, nuestra agilidad para adaptarnos a las evoluciones tecnol\u00f3gicas y la competitividad de precios que siempre nos ha distinguido.<\/p>\n<\/div><\/section><br \/>\n<div  class='hr av-av_hr-34d966c1397a867a533fbb38af979625 hr-default  avia-builder-el-3  el_after_av_textblock  el_before_av_partner '><span class='hr-inner '><span class=\"hr-inner-style\"><\/span><\/span><\/div><br \/>\n\n<style type=\"text\/css\" data-created_by=\"avia_inline_auto\" id=\"style-css-av-lp026t0a-11724a418d72a419c570bad82e139751\">\n.avia-logo-element-container.av-lp026t0a-11724a418d72a419c570bad82e139751 .av-partner-fake-img{\nbackground-size:cover;\n}\n<\/style>\n<div  class='avia-logo-element-container av-lp026t0a-11724a418d72a419c570bad82e139751 avia-logo-grid avia-content-slider avia-smallarrow-slider avia-content-grid-active noHover avia-content-slider-odd  avia-builder-el-4  el_after_av_hr  el_before_av_hr  avia-content-slider1' ><div class='avia-smallarrow-slider-heading  no-logo-slider-heading '><div class='new-special-heading'>&nbsp;<\/div><\/div><div class=\"avia-content-slider-inner\"><div class=\"slide-entry-wrap\"><div data-avia-tooltip=\"Reinforcements\" class='slide-entry av-av_partner_logo-6406f0b9b9674279a11d5e99930be7b5 flex_column no_margin av_one_fifth real-thumbnail post-entry slide-entry-overview slide-loop-1 slide-parity-odd  first'><a href=\"https:\/\/www.toray.com\/global\/\" data-rel=\"slide-1\" class=\"slide-image\" title=\"\" target=\"_blank\" rel=\"noopener noreferrer\"><span class='av-partner-fake-img' style='padding-bottom:50%; background-image:url(https:\/\/www.mates.it\/wp-content\/uploads\/toray-3.jpg);'><\/span><\/a><\/div><div data-avia-tooltip=\"Adhesives\" class='slide-entry av-av_partner_logo-5ade925ea3fb564a8af45ca630a5c553 flex_column no_margin av_one_fifth real-thumbnail post-entry slide-entry-overview slide-loop-2 slide-parity-even  '><a href=\"https:\/\/www.tensorglobal.com\/uk\" data-rel=\"slide-1\" class=\"slide-image\" title=\"\" target=\"_blank\" rel=\"noopener noreferrer\"><span class='av-partner-fake-img' style='padding-bottom:50%; background-image:url(https:\/\/www.mates.it\/wp-content\/uploads\/tensor-2.jpg);'><\/span><\/a><\/div><div data-avia-tooltip=\"Equipment \/ Ancillaries\" class='slide-entry av-av_partner_logo-cf1f5b69d1deaaf5722a6af70f5a1288 flex_column no_margin av_one_fifth real-thumbnail post-entry slide-entry-overview slide-loop-3 slide-parity-odd  '><a href=\"https:\/\/www.sulzer.com\/\" data-rel=\"slide-1\" class=\"slide-image\" title=\"\" target=\"_blank\" rel=\"noopener noreferrer\"><span class='av-partner-fake-img' style='padding-bottom:50%; background-image:url(https:\/\/www.mates.it\/wp-content\/uploads\/sulzer-2.jpg);'><\/span><\/a><\/div><div data-avia-tooltip=\"Logistics\" class='slide-entry av-av_partner_logo-bba5f4a6aa798c01c0a77bb27780f153 flex_column no_margin av_one_fifth real-thumbnail post-entry slide-entry-overview slide-loop-4 slide-parity-even  '><a href=\"https:\/\/www.dbschenker.com\/it-it\" data-rel=\"slide-1\" class=\"slide-image\" title=\"\" target=\"_blank\" rel=\"noopener noreferrer\"><span class='av-partner-fake-img' style='padding-bottom:50%; background-image:url(https:\/\/www.mates.it\/wp-content\/uploads\/schenker.jpg);'><\/span><\/a><\/div><div data-avia-tooltip=\"Reinforcements\" class='slide-entry av-av_partner_logo-16a42ed8ce0923f1cf72ab636eb289df flex_column no_margin av_one_fifth real-thumbnail post-entry slide-entry-overview slide-loop-5 slide-parity-odd  '><a href=\"https:\/\/www.multiaxialfabrics.com\/\" data-rel=\"slide-1\" class=\"slide-image\" title=\"\" target=\"_blank\" rel=\"noopener noreferrer\"><span class='av-partner-fake-img' style='padding-bottom:50%; background-image:url(https:\/\/www.mates.it\/wp-content\/uploads\/selcom-2.jpg);'><\/span><\/a><\/div><\/div><div class=\"slide-entry-wrap\"><div data-avia-tooltip=\"Reinforcements\" class='slide-entry av-av_partner_logo-9376e51deca98fca9dd0576c959ecfed flex_column no_margin av_one_fifth real-thumbnail post-entry slide-entry-overview slide-loop-6 slide-parity-odd  first'><a href=\"https:\/\/mccfc.com\/carbon-fiber\/\" data-rel=\"slide-1\" class=\"slide-image\" title=\"\" target=\"_blank\" rel=\"noopener noreferrer\"><span class='av-partner-fake-img' style='padding-bottom:50%; background-image:url(https:\/\/www.mates.it\/wp-content\/uploads\/mitsubishi-2.jpg);'><\/span><\/a><\/div><div data-avia-tooltip=\"Process materials\" class='slide-entry av-av_partner_logo-a7993efb9c0e3696d0db07b294a78cb1 flex_column no_margin av_one_fifth real-thumbnail post-entry slide-entry-overview slide-loop-7 slide-parity-even  '><a href=\"https:\/\/www.piekenbrink.de\/\" data-rel=\"slide-1\" class=\"slide-image\" title=\"\" target=\"_blank\" rel=\"noopener noreferrer\"><span class='av-partner-fake-img' style='padding-bottom:50%; background-image:url(https:\/\/www.mates.it\/wp-content\/uploads\/piekenbrink-2.jpg);'><\/span><\/a><\/div><div data-avia-tooltip=\"Matrices\" class='slide-entry av-av_partner_logo-19c48c964e6f8732e238593db9282eb2 flex_column no_margin av_one_fifth real-thumbnail post-entry slide-entry-overview slide-loop-8 slide-parity-odd  '><a href=\"https:\/\/www.ineos.com\/\" data-rel=\"slide-1\" class=\"slide-image\" title=\"\" target=\"_blank\" rel=\"noopener noreferrer\"><span class='av-partner-fake-img' style='padding-bottom:50%; background-image:url(https:\/\/www.mates.it\/wp-content\/uploads\/ineos.jpg);'><\/span><\/a><\/div><div data-avia-tooltip=\"Reinforcements \/ Core materials\" class='slide-entry av-av_partner_logo-a305aca56a0338318165d7f53c03e1ef flex_column no_margin av_one_fifth real-thumbnail post-entry slide-entry-overview slide-loop-9 slide-parity-even  '><a href=\"https:\/\/www.hexcel.com\/\" data-rel=\"slide-1\" class=\"slide-image\" title=\"\" target=\"_blank\" rel=\"noopener noreferrer\"><span class='av-partner-fake-img' style='padding-bottom:50%; background-image:url(https:\/\/www.mates.it\/wp-content\/uploads\/hexcel-2.jpg);'><\/span><\/a><\/div><div data-avia-tooltip=\"Logistics\" class='slide-entry av-av_partner_logo-a2d1c09394f6bf2aafb152f76a2d05e9 flex_column no_margin av_one_fifth real-thumbnail post-entry slide-entry-overview slide-loop-10 slide-parity-odd  '><a href=\"https:\/\/www.fercam.com\/\" data-rel=\"slide-1\" class=\"slide-image\" title=\"\" target=\"_blank\" rel=\"noopener noreferrer\"><span class='av-partner-fake-img' style='padding-bottom:50%; background-image:url(https:\/\/www.mates.it\/wp-content\/uploads\/fercam.jpg);'><\/span><\/a><\/div><\/div><div class=\"slide-entry-wrap\"><div data-avia-tooltip=\"Logistics\" class='slide-entry av-av_partner_logo-4d0be18fe082726e4f4e260276bf12a7 flex_column no_margin av_one_fifth real-thumbnail post-entry slide-entry-overview slide-loop-11 slide-parity-odd  first'><a href=\"https:\/\/gls-group.com\/\" data-rel=\"slide-1\" class=\"slide-image\" title=\"\" target=\"_blank\" rel=\"noopener noreferrer\"><span class='av-partner-fake-img' style='padding-bottom:50%; background-image:url(https:\/\/www.mates.it\/wp-content\/uploads\/gls.jpg);'><\/span><\/a><\/div><div data-avia-tooltip=\"Reinforcements\" class='slide-entry av-av_partner_logo-8bd84f293cf6e621dde5283f4d673999 flex_column no_margin av_one_fifth real-thumbnail post-entry slide-entry-overview slide-loop-12 slide-parity-even  '><a href=\"https:\/\/www.eurocarbon.com\/\" data-rel=\"slide-1\" class=\"slide-image\" title=\"\" target=\"_blank\" rel=\"noopener noreferrer\"><span class='av-partner-fake-img' style='padding-bottom:50%; background-image:url(https:\/\/www.mates.it\/wp-content\/uploads\/eurocarbon.jpg);'><\/span><\/a><\/div><div data-avia-tooltip=\"Matrices\" class='slide-entry av-av_partner_logo-fc6bc34d10ed87551f5f9b1143935533 flex_column no_margin av_one_fifth real-thumbnail post-entry slide-entry-overview slide-loop-13 slide-parity-odd  '><a href=\"https:\/\/www.elantas.com\/europe.html\" data-rel=\"slide-1\" class=\"slide-image\" title=\"\" target=\"_blank\" rel=\"noopener noreferrer\"><span class='av-partner-fake-img' style='padding-bottom:50%; background-image:url(https:\/\/www.mates.it\/wp-content\/uploads\/elantas-2.jpg);'><\/span><\/a><\/div><div data-avia-tooltip=\"Equipment\" class='slide-entry av-av_partner_logo-e91c7698fd5bee0b8cc40d7755b22eb4 flex_column no_margin av_one_fifth real-thumbnail post-entry slide-entry-overview slide-loop-14 slide-parity-even  '><a href=\"https:\/\/www.dvppumps.com\/\" data-rel=\"slide-1\" class=\"slide-image\" title=\"\" target=\"_blank\" rel=\"noopener noreferrer\"><span class='av-partner-fake-img' style='padding-bottom:50%; background-image:url(https:\/\/www.mates.it\/wp-content\/uploads\/dvp-2.jpg);'><\/span><\/a><\/div><div data-avia-tooltip=\"Release agents\" class='slide-entry av-av_partner_logo-edd8c962d68653fef70bd0d2733ff296 flex_column no_margin av_one_fifth real-thumbnail post-entry slide-entry-overview slide-loop-15 slide-parity-odd  '><a href=\"https:\/\/it.chemtrend.com\/\" data-rel=\"slide-1\" class=\"slide-image\" title=\"\" target=\"_blank\" rel=\"noopener noreferrer\"><span class='av-partner-fake-img' style='padding-bottom:50%; background-image:url(https:\/\/www.mates.it\/wp-content\/uploads\/chemtrend-2.jpg);'><\/span><\/a><\/div><\/div><div class=\"slide-entry-wrap\"><div data-avia-tooltip=\"Fasteners\" class='slide-entry av-lp026sd1-3d87ab7bc8fb7a19d5b665513ac2e752 flex_column no_margin av_one_fifth real-thumbnail post-entry slide-entry-overview slide-loop-16 slide-parity-odd  first'><a href=\"https:\/\/bighead.co.uk\/\" data-rel=\"slide-1\" class=\"slide-image\" title=\"\" target=\"_blank\" rel=\"noopener noreferrer\"><span class='av-partner-fake-img' style='padding-bottom:50%; background-image:url(https:\/\/www.mates.it\/wp-content\/uploads\/bighead-2.jpg);'><\/span><\/a><\/div><div data-avia-tooltip=\"Core materials\" class='slide-entry av-av_partner_logo-7785794947fe8376af8b1f9fb23bfb2e flex_column no_margin av_one_fifth real-thumbnail post-entry slide-entry-overview slide-loop-17 slide-parity-even  '><a href=\"https:\/\/local.armacell.com\/en\/armapet\/\" data-rel=\"slide-1\" class=\"slide-image\" title=\"\" target=\"_blank\" rel=\"noopener noreferrer\"><span class='av-partner-fake-img' style='padding-bottom:50%; background-image:url(https:\/\/www.mates.it\/wp-content\/uploads\/armacell-2.jpg);'><\/span><\/a><\/div><div data-avia-tooltip=\"Core materials\" class='slide-entry av-av_partner_logo-8d8d221626e0436fd0e4260d398993e6 flex_column no_margin av_one_fifth real-thumbnail post-entry slide-entry-overview slide-loop-18 slide-parity-odd  '><a href=\"https:\/\/www.3acomposites.com\/\" data-rel=\"slide-1\" class=\"slide-image\" title=\"\" target=\"_blank\" rel=\"noopener noreferrer\"><span class='av-partner-fake-img' style='padding-bottom:50%; background-image:url(https:\/\/www.mates.it\/wp-content\/uploads\/airex.jpg);'><\/span><\/a><\/div><div data-avia-tooltip=\"Adhesives\" class='slide-entry av-av_partner_logo-fb93e39c12fc3f2f29462a4efb6ad4a9 flex_column no_margin av_one_fifth real-thumbnail post-entry slide-entry-overview slide-loop-19 slide-parity-even  '><a href=\"https:\/\/www.acralock.com\/\" data-rel=\"slide-1\" class=\"slide-image\" title=\"\" target=\"_blank\" rel=\"noopener noreferrer\"><span class='av-partner-fake-img' style='padding-bottom:50%; background-image:url(https:\/\/www.mates.it\/wp-content\/uploads\/acralock-2.jpg);'><\/span><\/a><\/div><div data-avia-tooltip=\"Matrices \/ Ancillaries\" class='slide-entry av-av_partner_logo-b0d4ace585f1d5d80897068aa6ea0c25 flex_column no_margin av_one_fifth real-thumbnail post-entry slide-entry-overview slide-loop-20 slide-parity-odd post-entry-last '><a href=\"https:\/\/www.3m.com\/\" data-rel=\"slide-1\" class=\"slide-image\" title=\"\" target=\"_blank\" rel=\"noopener noreferrer\"><span class='av-partner-fake-img' style='padding-bottom:50%; background-image:url(https:\/\/www.mates.it\/wp-content\/uploads\/3M-2.jpg);'><\/span><\/a><\/div><\/div><\/div><\/div><br \/>\n<div  class='hr av-av_hr-34d966c1397a867a533fbb38af979625 hr-default  avia-builder-el-5  el_after_av_partner  el_before_av_image '><span class='hr-inner '><span class=\"hr-inner-style\"><\/span><\/span><\/div><br \/>\n\n<style type=\"text\/css\" data-created_by=\"avia_inline_auto\" id=\"style-css-av-av_image-6c8fa3155214952d50e023f1f9d9d6e5\">\n.avia-image-container.av-av_image-6c8fa3155214952d50e023f1f9d9d6e5 img.avia_image{\nbox-shadow:none;\n}\n.avia-image-container.av-av_image-6c8fa3155214952d50e023f1f9d9d6e5 .av-image-caption-overlay-center{\ncolor:#ffffff;\n}\n<\/style>\n<div  class='avia-image-container av-av_image-6c8fa3155214952d50e023f1f9d9d6e5 av-styling- avia-align-center  avia-builder-el-6  el_after_av_hr  el_before_av_hr '  ><div class=\"avia-image-container-inner\"><div class=\"avia-image-overlay-wrap\"><img decoding=\"async\" fetchpriority=\"high\" class='wp-image-17524 avia-img-lazy-loading-not-17524 avia_image ' src=\"https:\/\/www.mates.it\/wp-content\/uploads\/mates_fornitori.png\" alt='mates_fornitori' title='mates_fornitori'  height=\"323\" width=\"1500\" srcset=\"https:\/\/www.mates.it\/wp-content\/uploads\/mates_fornitori.png 1500w, https:\/\/www.mates.it\/wp-content\/uploads\/mates_fornitori-300x65.png 300w, https:\/\/www.mates.it\/wp-content\/uploads\/mates_fornitori-1030x222.png 1030w, https:\/\/www.mates.it\/wp-content\/uploads\/mates_fornitori-768x165.png 768w, https:\/\/www.mates.it\/wp-content\/uploads\/mates_fornitori-705x152.png 705w\" sizes=\"(max-width: 1500px) 100vw, 1500px\" \/><\/div><\/div><\/div><br \/>\n<div  class='hr av-av_hr-34d966c1397a867a533fbb38af979625 hr-default  avia-builder-el-7  el_after_av_image  avia-builder-el-last '><span class='hr-inner '><span class=\"hr-inner-style\"><\/span><\/span><\/div><\/p><\/div>\n","protected":false},"excerpt":{"rendered":"<p>Mates colabora activamente con una extensa red de socios comerciales l\u00edderes, desempe\u00f1ando un papel clave en el suministro de productos y servicios dedicados a los materiales compuestos avanzados.<\/p>\n","protected":false},"author":2,"featured_media":17524,"parent":9594,"menu_order":5,"comment_status":"open","ping_status":"closed","template":"","meta":{"footnotes":""},"class_list":["post-18373","page","type-page","status-publish","has-post-thumbnail","hentry"],"_links":{"self":[{"href":"https:\/\/www.mates.it\/es\/wp-json\/wp\/v2\/pages\/18373","targetHints":{"allow":["GET"]}}],"collection":[{"href":"https:\/\/www.mates.it\/es\/wp-json\/wp\/v2\/pages"}],"about":[{"href":"https:\/\/www.mates.it\/es\/wp-json\/wp\/v2\/types\/page"}],"author":[{"embeddable":true,"href":"https:\/\/www.mates.it\/es\/wp-json\/wp\/v2\/users\/2"}],"replies":[{"embeddable":true,"href":"https:\/\/www.mates.it\/es\/wp-json\/wp\/v2\/comments?post=18373"}],"version-history":[{"count":0,"href":"https:\/\/www.mates.it\/es\/wp-json\/wp\/v2\/pages\/18373\/revisions"}],"up":[{"embeddable":true,"href":"https:\/\/www.mates.it\/es\/wp-json\/wp\/v2\/pages\/9594"}],"wp:featuredmedia":[{"embeddable":true,"href":"https:\/\/www.mates.it\/es\/wp-json\/wp\/v2\/media\/17524"}],"wp:attachment":[{"href":"https:\/\/www.mates.it\/es\/wp-json\/wp\/v2\/media?parent=18373"}],"curies":[{"name":"wp","href":"https:\/\/api.w.org\/{rel}","templated":true}]}}