{"id":21149,"date":"2026-02-07T18:02:44","date_gmt":"2026-02-07T17:02:44","guid":{"rendered":"https:\/\/www.mates.it\/?page_id=21149"},"modified":"2026-02-07T18:02:44","modified_gmt":"2026-02-07T17:02:44","slug":"canales-barreras","status":"publish","type":"page","link":"https:\/\/www.mates.it\/es\/productos\/materiales-de_proceso\/medios-de-flujo\/canales-barreras\/","title":{"rendered":"Canales \/ Barreras"},"content":{"rendered":"<div  class='flex_column av-av_three_fifth-7714eba142aeda1f8b5272a3c372b279 av_three_fifth  avia-builder-el-0  el_before_av_two_fifth  avia-builder-el-first  first flex_column_div  '     ><p>\n<style type=\"text\/css\" data-created_by=\"avia_inline_auto\" id=\"style-css-av-mlck9igl-cc8a5875a441f854014f88ad37cf54f8\">\n#top .av-special-heading.av-mlck9igl-cc8a5875a441f854014f88ad37cf54f8{\npadding-bottom:10px;\n}\nbody .av-special-heading.av-mlck9igl-cc8a5875a441f854014f88ad37cf54f8 .av-special-heading-tag .heading-char{\nfont-size:25px;\n}\n.av-special-heading.av-mlck9igl-cc8a5875a441f854014f88ad37cf54f8 .av-subheading{\nfont-size:15px;\n}\n<\/style>\n<div  class='av-special-heading av-mlck9igl-cc8a5875a441f854014f88ad37cf54f8 av-special-heading-h1  avia-builder-el-1  el_before_av_textblock  avia-builder-el-first  custom-h1-title'><h1 class='av-special-heading-tag '  >Canales \/ Barreras<\/h1><div class=\"special-heading-border\"><div class=\"special-heading-inner-border\"><\/div><\/div><\/div><br \/>\n<section  class='av_textblock_section av-mlck9p7d-78cd0cb30dc5d5e4f44960041bcbfad6 '  ><div class='avia_textblock' ><p>Las barreras de flujo y los canales de infusi\u00f3n son ayudas de proceso dise\u00f1adas para garantizar el mantenimiento adecuado del vac\u00edo y el control eficiente del flujo de resina durante todas las etapas de los procesos de infusi\u00f3n al vac\u00edo y RTM. Compatibles con resinas de poli\u00e9ster, vinil\u00e9ster y epoxi, optimizan el flujo de fluidos, reduciendo los residuos, los tiempos de infusi\u00f3n y el riesgo de burbujas o marcas en el laminado. Gracias a sus estructuras flexibles y preacopladas, se adaptan a diferentes tipos de moldes, con o sin bridas, lo que garantiza una instalaci\u00f3n r\u00e1pida y una alta fiabilidad incluso en aplicaciones industriales complejas y a gran escala.<\/p>\n<\/div><\/section><\/p><\/div><div  class='flex_column av-av_two_fifth-f1c518e9ff58e869f80c8f093487abc9 av_two_fifth  avia-builder-el-3  el_after_av_three_fifth  el_before_av_hr  flex_column_div  '     ><style type=\"text\/css\" data-created_by=\"avia_inline_auto\" id=\"style-css-av-mlckavid-e477ba819248d555e2237a873dcf3e42\">\n#top .togglecontainer.av-mlckavid-e477ba819248d555e2237a873dcf3e42 h4.toggler{\nfont-size:14px;\n}\n#top .togglecontainer.av-mlckavid-e477ba819248d555e2237a873dcf3e42 h4.toggler.activeTitle{\ncolor:#ffffff;\nborder-color:#ffffff;\nbackground-color:#2682d3;\n}\n<\/style>\n<div  class='togglecontainer av-mlckavid-e477ba819248d555e2237a873dcf3e42  avia-builder-el-4  avia-builder-el-no-sibling  accordion_product toggle_close_all hasCurrentStyle' >\n<section class='av_toggle_section av-mlckakj7-1f5edb936d859ee64bc3e961f502a60a' ><div role=\"tablist\" class=\"single_toggle\" data-tags=\"{Todo} \"  ><h4 id='toggle-toggle-id-1' data-fake-id='#toggle-id-1' class='toggler  activeTitle av-title-above '  role='tab' tabindex='0' aria-controls='toggle-id-1' data-slide-speed=\"200\" data-title=\"Ventajas\" data-title-open=\"\" data-aria_collapsed=\"Click to expand: Ventajas\" data-aria_expanded=\"Click to collapse: Ventajas\">Ventajas<span class=\"toggle_icon\"><span class=\"vert_icon\"><\/span><span class=\"hor_icon\"><\/span><\/span><\/h4><div id='toggle-id-1' aria-labelledby='toggle-toggle-id-1' role='region' class='toggle_wrap  active_tc av-title-above' style='display:block;' ><div class='toggle_content invers-color ' ><ul class=\"customlist1\">\n<li>Direccionalidad del flujo<\/li>\n<li>Espec\u00edficos para inyecciones \/ infusiones<\/li>\n<li>Reducci\u00f3n del desperdicio de resina<\/li>\n<li>M\u00e1xima modularidad<\/li>\n<\/ul>\n<\/div><\/div><\/div><\/section>\n<section class='av_toggle_section av-mlckauym-3a7b9decbad6d80de66dca0b974bca46' ><div role=\"tablist\" class=\"single_toggle\" data-tags=\"{Todo} \"  ><h4 id='toggle-toggle-id-2' data-fake-id='#toggle-id-2' class='toggler  av-title-above '  role='tab' tabindex='0' aria-controls='toggle-id-2' data-slide-speed=\"200\" data-title=\"Tipos\" data-title-open=\"\" data-aria_collapsed=\"Click to expand: Tipos\" data-aria_expanded=\"Click to collapse: Tipos\">Tipos<span class=\"toggle_icon\"><span class=\"vert_icon\"><\/span><span class=\"hor_icon\"><\/span><\/span><\/h4><div id='toggle-id-2' aria-labelledby='toggle-toggle-id-2' role='region' class='toggle_wrap  av-title-above'  ><div class='toggle_content invers-color ' ><ul class=\"customlist2\">\n<li><a href=\"https:\/\/fileserver.mates.it\/Prodotti\/5_Ausiliari\/TDS\/Mezzi%20di%20flusso\/CI_DS.pdf\" target=\"_blank\" rel=\"noopener\">CI Series<\/a><\/li>\n<li><a href=\"https:\/\/fileserver.mates.it\/Prodotti\/5_Ausiliari\/TDS\/Mezzi%20di%20flusso\/RS_DS.pdf\" target=\"_blank\" rel=\"noopener noreferrer\">RS Series<\/a><\/li>\n<\/ul>\n<\/div><\/div><\/div><\/section>\n<\/div><\/div><div  class='hr av-av_hr-91d7ccd583a503147498e120fee2ff9b hr-default  avia-builder-el-5  el_after_av_two_fifth  avia-builder-el-last '><span class='hr-inner '><span class=\"hr-inner-style\"><\/span><\/span><\/div><\/p>\n","protected":false},"excerpt":{"rendered":"","protected":false},"author":2,"featured_media":0,"parent":9490,"menu_order":2,"comment_status":"open","ping_status":"open","template":"","meta":{"footnotes":""},"class_list":["post-21149","page","type-page","status-publish","hentry"],"_links":{"self":[{"href":"https:\/\/www.mates.it\/es\/wp-json\/wp\/v2\/pages\/21149","targetHints":{"allow":["GET"]}}],"collection":[{"href":"https:\/\/www.mates.it\/es\/wp-json\/wp\/v2\/pages"}],"about":[{"href":"https:\/\/www.mates.it\/es\/wp-json\/wp\/v2\/types\/page"}],"author":[{"embeddable":true,"href":"https:\/\/www.mates.it\/es\/wp-json\/wp\/v2\/users\/2"}],"replies":[{"embeddable":true,"href":"https:\/\/www.mates.it\/es\/wp-json\/wp\/v2\/comments?post=21149"}],"version-history":[{"count":2,"href":"https:\/\/www.mates.it\/es\/wp-json\/wp\/v2\/pages\/21149\/revisions"}],"predecessor-version":[{"id":21151,"href":"https:\/\/www.mates.it\/es\/wp-json\/wp\/v2\/pages\/21149\/revisions\/21151"}],"up":[{"embeddable":true,"href":"https:\/\/www.mates.it\/es\/wp-json\/wp\/v2\/pages\/9490"}],"wp:attachment":[{"href":"https:\/\/www.mates.it\/es\/wp-json\/wp\/v2\/media?parent=21149"}],"curies":[{"name":"wp","href":"https:\/\/api.w.org\/{rel}","templated":true}]}}