{"id":9384,"date":"2015-12-30T15:17:20","date_gmt":"2015-12-30T14:17:20","guid":{"rendered":"https:\/\/www.mates.it\/home_es\/"},"modified":"2023-12-14T23:25:28","modified_gmt":"2023-12-14T22:25:28","slug":"home-2","status":"publish","type":"page","link":"https:\/\/www.mates.it\/es\/","title":{"rendered":"HOME"},"content":{"rendered":"<\/p>\n\n\n<style type=\"text\/css\" data-created_by=\"avia_inline_auto\" id=\"style-css-av-1c7pu9k-17879925557df5cd1ef636df4cbe6cf7\">\n#top .hr.hr-invisible.av-1c7pu9k-17879925557df5cd1ef636df4cbe6cf7{\nheight:50px;\n}\n<\/style>\n<div  class='hr av-1c7pu9k-17879925557df5cd1ef636df4cbe6cf7 hr-invisible  avia-builder-el-1  el_after_av_codeblock  el_before_av_one_half '><span class='hr-inner '><span class=\"hr-inner-style\"><\/span><\/span><\/div>\n<div class='flex_column_table av-1asizo8-87785d9fdac3b19cc0967e809f08672f sc-av_one_half av-equal-height-column-flextable'><div  class='flex_column av-1asizo8-87785d9fdac3b19cc0967e809f08672f av_one_half  avia-builder-el-2  el_after_av_hr  el_before_av_one_half  first flex_column_table_cell av-equal-height-column av-align-top av-animated-generic fade-in  '     ><style type=\"text\/css\" data-created_by=\"avia_inline_auto\" id=\"style-css-av-lm16rysy-d9521a92649eda22f1587a1b88ed0033\">\n#top .av_textblock_section.av-lm16rysy-d9521a92649eda22f1587a1b88ed0033 .avia_textblock{\ntext-align:right;\n}\n<\/style>\n<section  class='av_textblock_section av-lm16rysy-d9521a92649eda22f1587a1b88ed0033 '  ><div class='avia_textblock' ><h4>SOBRE NOSOTROS<\/h4>\n<p>Fundada en Mil\u00e1n y activa en el mercado desde hace m\u00e1s de 40 a\u00f1os, Mates es su socio estrat\u00e9gico para materiales compuestos avanzados. Siempre ha estado activa en el desarrollo, producci\u00f3n y distribuci\u00f3n de los mejores art\u00edculos y equipos utilizados para la producci\u00f3n de componentes acabados. Responde a las exigencias de calidad, innovaci\u00f3n y flexibilidad de los clientes. Con una s\u00f3lida estructura capaz de reunir a profesionales con competencias espec\u00edficas, Mates es uno de los actores dominantes en el sector de los materiales compuestos avanzados.<\/p>\n<p><a href=\"https:\/\/www.mates.it\/es\/quienes-somos\/empresa\/\">M\u00e1s informaci\u00f3n<\/a><\/p>\n<\/div><\/section><\/div>\n<div class='av-flex-placeholder'><\/div><div  class='flex_column av-1968njs-7dd77bb22ae2f351476060f9bef1aacc av_one_half  avia-builder-el-4  el_after_av_one_half  el_before_av_hr  flex_column_table_cell av-equal-height-column av-align-top av-animated-generic fade-in  '     ><div  class='avia-icon-list-container av-lm16szi1-3cdc7abf0255fbdf5ee9994297893858  avia-builder-el-5  avia-builder-el-no-sibling '><ul class='avia-icon-list avia_animate_when_almost_visible avia-icon-list-left av-iconlist-small av-lm16szi1-3cdc7abf0255fbdf5ee9994297893858'>\n<li><div class='iconlist_icon av-lm16s9nl-61118c9c64d5144ada1c50b8496a5450 avia-font-entypo-fontello avia-iconfont avia-font-entypo-fontello'><span class='av-icon-char' data-av_icon='\ue812' data-av_iconfont='entypo-fontello' aria-hidden=\"true\"><\/span><\/div><article class=\"article-icon-entry \" ><div class=\"iconlist_content_wrap\"><header class=\"entry-content-header\" aria-label=\"Icon: Disponibilidad de productos\"><div class='av_iconlist_title iconlist_title_small  ' >Disponibilidad de productos<\/div><\/header><div class='iconlist_content ' ><p>La gama se ha ampliado con el perfeccionamiento de las nuevas tecnolog\u00edas de fabricaci\u00f3n hasta alcanzar un cat\u00e1logo de unos 3.100 art\u00edculos siempre en stock.<\/p>\n<\/div><\/div><footer class=\"entry-footer\"><\/footer><\/article><div class=\"iconlist-timeline\"><\/div><\/li>\n<li><div class='iconlist_icon av-lm16skgs-e671783b27fa49e7ace81a5f582cf046 avia-font-entypo-fontello avia-iconfont avia-font-entypo-fontello'><span class='av-icon-char' data-av_icon='\ue812' data-av_iconfont='entypo-fontello' aria-hidden=\"true\"><\/span><\/div><article class=\"article-icon-entry \" ><div class=\"iconlist_content_wrap\"><header class=\"entry-content-header\" aria-label=\"Icon: Ubicaci\u00f3n estrat\u00e9gica\"><div class='av_iconlist_title iconlist_title_small  ' >Ubicaci\u00f3n estrat\u00e9gica<\/div><\/header><div class='iconlist_content ' ><p>La sede central se encuentra en la ciudad de Segrate, a pocos kil\u00f3metros del aeropuerto de Linate (LIN) y de la estaci\u00f3n ferroviaria comercial m\u00e1s importante de Mil\u00e1n.<\/p>\n<\/div><\/div><footer class=\"entry-footer\"><\/footer><\/article><div class=\"iconlist-timeline\"><\/div><\/li>\n<li><div class='iconlist_icon av-lm16sy6p-175a409f6eec5e3fa918149b5f3b0f07 avia-font-entypo-fontello avia-iconfont avia-font-entypo-fontello'><span class='av-icon-char' data-av_icon='\ue812' data-av_iconfont='entypo-fontello' aria-hidden=\"true\"><\/span><\/div><article class=\"article-icon-entry \" ><div class=\"iconlist_content_wrap\"><header class=\"entry-content-header\" aria-label=\"Icon: Presencia internacional\"><div class='av_iconlist_title iconlist_title_small  ' >Presencia internacional<\/div><\/header><div class='iconlist_content ' ><p>Con una red de unos 15 distribuidores en todo el mundo como en Australia, \u00c1frica, Europa, Am\u00e9rica y m\u00e1s de 1.500 clientes activos en un gran mercado global.<\/p>\n<\/div><\/div><footer class=\"entry-footer\"><\/footer><\/article><div class=\"iconlist-timeline\"><\/div><\/li>\n<\/ul><\/div><\/div><\/div><!--close column table wrapper. Autoclose: 1 -->\n\n<style type=\"text\/css\" data-created_by=\"avia_inline_auto\" id=\"style-css-av-182kbso-11cc40be4350be5a778119eda84213a7\">\n#top .hr.hr-invisible.av-182kbso-11cc40be4350be5a778119eda84213a7{\nheight:50px;\n}\n<\/style>\n<div  class='hr av-182kbso-11cc40be4350be5a778119eda84213a7 hr-invisible  avia-builder-el-6  el_after_av_one_half  el_before_av_section  avia-builder-el-last '><span class='hr-inner '><span class=\"hr-inner-style\"><\/span><\/span><\/div>\n<\/div><\/div><\/div><!-- close content main div --><\/div><\/div>\n<style type=\"text\/css\" data-created_by=\"avia_inline_auto\" id=\"style-css-av-lm3h655l-3cb83ee6a7335c543356ec379e8e39aa\">\n.avia-section.av-lm3h655l-3cb83ee6a7335c543356ec379e8e39aa .av-parallax .av-parallax-inner{\nbackground-repeat:no-repeat;\nbackground-image:url(https:\/\/www.mates.it\/wp-content\/uploads\/layerslider\/projects\/Architecture-Slider\/architecture1.jpg);\nbackground-position:50% 50%;\nbackground-attachment:scroll;\n}\n.avia-section.av-lm3h655l-3cb83ee6a7335c543356ec379e8e39aa .av-section-color-overlay{\nopacity:0.4;\nbackground-color:#ffffff;\n}\n<\/style>\n<div id='av_section_1'  class='avia-section av-lm3h655l-3cb83ee6a7335c543356ec379e8e39aa main_color avia-section-default avia-no-border-styling  avia-builder-el-7  el_after_av_hr  el_before_av_hr  av-parallax-section avia-bg-style-parallax av-section-color-overlay-active container_wrap sidebar_right'  data-section-bg-repeat='no-repeat'><div class='av-parallax' data-avia-parallax-ratio='0.3' ><div class='av-parallax-inner main_color avia-full-stretch'><\/div><\/div><div class=\"av-section-color-overlay-wrap\"><div class=\"av-section-color-overlay\"><\/div><div class='container av-section-cont-open' ><div class='template-page content  av-content-small alpha units'><div class='post-entry post-entry-type-page post-entry-9384'><div class='entry-content-wrapper clearfix'>\n<div class='flex_column_table av-168j53c-aa49f09a01c2b2a81eb72be23a62957b sc-av_one_third av-equal-height-column-flextable'>\n<style type=\"text\/css\" data-created_by=\"avia_inline_auto\" id=\"style-css-av-168j53c-aa49f09a01c2b2a81eb72be23a62957b\">\n@keyframes av_boxShadowEffect_av-168j53c-aa49f09a01c2b2a81eb72be23a62957b-row {\n0%   { box-shadow:  0 0 0 0 ; opacity: 1; }\n100% { box-shadow:  0 0 10px 0 ; opacity: 1; }\n}\n<\/style>\n<div  class='flex_column av-168j53c-aa49f09a01c2b2a81eb72be23a62957b av_one_third  avia-builder-el-8  el_before_av_one_third  avia-builder-el-first  first flex_column_table_cell av-equal-height-column av-align-top av-animated-generic pop-up  '     ><p>\n<style type=\"text\/css\" data-created_by=\"avia_inline_auto\" id=\"style-css-av-154qqqg-6f115a860c52554a72e156ef637c9936\">\n#top .hr.hr-invisible.av-154qqqg-6f115a860c52554a72e156ef637c9936{\nheight:50px;\n}\n<\/style>\n<div  class='hr av-154qqqg-6f115a860c52554a72e156ef637c9936 hr-invisible  avia-builder-el-9  el_before_av_icon_box  avia-builder-el-first '><span class='hr-inner '><span class=\"hr-inner-style\"><\/span><\/span><\/div><br \/>\n<article  class='iconbox iconbox_top av-lm16tsbe-93f7f1050c516a07fad87523ac85effd  avia-builder-el-10  el_after_av_hr  avia-builder-el-last  main_color' ><div class=\"iconbox_content\"><header class=\"entry-content-header\" aria-label=\"Icon: Soporte\"><div class='iconbox_icon heading-color avia-iconfont avia-font-entypo-fontello' data-av_icon='\ue81e' data-av_iconfont='entypo-fontello'  ><\/div><h3 class='iconbox_content_title ' >Soporte<\/h3><\/header><div class='iconbox_content_container ' ><p>El primer acercamiento es a trav\u00e9s de un ingeniero de ventas que podr\u00e1 aclarar las dudas iniciales e identificar los productos m\u00e1s adecuados.<\/p>\n<p><a href=\"https:\/\/www.mates.it\/es\/quienes-somos\/servicios-ofrecidos\/soporte\/\">M\u00e1s informaci\u00f3n<\/a><\/p>\n<\/div><\/div><footer class=\"entry-footer\"><\/footer><\/article><\/p><\/div><div class='av-flex-placeholder'><\/div><div  class='flex_column av-12r3jd4-5533f2b19d23ba69ae2574f8b9a41b18 av_one_third  avia-builder-el-11  el_after_av_one_third  el_before_av_one_third  flex_column_table_cell av-equal-height-column av-align-top av-animated-generic pop-up  '     ><p>\n<style type=\"text\/css\" data-created_by=\"avia_inline_auto\" id=\"style-css-av-11ixdzs-b3f465b03203a2e84e76710fcdbfdf03\">\n#top .hr.hr-invisible.av-11ixdzs-b3f465b03203a2e84e76710fcdbfdf03{\nheight:50px;\n}\n<\/style>\n<div  class='hr av-11ixdzs-b3f465b03203a2e84e76710fcdbfdf03 hr-invisible  avia-builder-el-12  el_before_av_icon_box  avia-builder-el-first '><span class='hr-inner '><span class=\"hr-inner-style\"><\/span><\/span><\/div><br \/>\n<article  class='iconbox iconbox_top av-lm16ud2l-08c814ffb0f2b410622a2f70d92d3b26  avia-builder-el-13  el_after_av_hr  avia-builder-el-last  main_color' ><div class=\"iconbox_content\"><header class=\"entry-content-header\" aria-label=\"Icon: Calidad\"><div class='iconbox_icon heading-color avia-iconfont avia-font-entypo-fontello' data-av_icon='\ue8d1' data-av_iconfont='entypo-fontello'  ><\/div><h3 class='iconbox_content_title ' >Calidad<\/h3><\/header><div class='iconbox_content_container ' ><p>Hemos conseguido crear un sistema de gesti\u00f3n que garantiza la trazabilidad de los materiales y aumenta el nivel de satisfacci\u00f3n del cliente.<\/p>\n<p><a href=\"https:\/\/www.mates.it\/es\/quienes-somos\/servicios-ofrecidos\/certificaciones\/\">M\u00e1s informaci\u00f3n<\/a><\/p>\n<\/div><\/div><footer class=\"entry-footer\"><\/footer><\/article><\/p><\/div><div class='av-flex-placeholder'><\/div><div  class='flex_column av-yx8eiw-9dc2c1228382d3fc1fc5bf8345740432 av_one_third  avia-builder-el-14  el_after_av_one_third  el_before_av_hr  flex_column_table_cell av-equal-height-column av-align-top av-animated-generic pop-up  '     ><p>\n<style type=\"text\/css\" data-created_by=\"avia_inline_auto\" id=\"style-css-av-y1axco-0c1fc9b8aaa254ba308e8fc619207994\">\n#top .hr.hr-invisible.av-y1axco-0c1fc9b8aaa254ba308e8fc619207994{\nheight:50px;\n}\n<\/style>\n<div  class='hr av-y1axco-0c1fc9b8aaa254ba308e8fc619207994 hr-invisible  avia-builder-el-15  el_before_av_icon_box  avia-builder-el-first '><span class='hr-inner '><span class=\"hr-inner-style\"><\/span><\/span><\/div><br \/>\n<article  class='iconbox iconbox_top av-lm16uwvb-a995d7f35b7b5e15be7c71c581aaed4e  avia-builder-el-16  el_after_av_hr  avia-builder-el-last  main_color' ><div class=\"iconbox_content\"><header class=\"entry-content-header\" aria-label=\"Icon: Sin compromiso\"><div class='iconbox_icon heading-color avia-iconfont avia-font-entypo-fontello' data-av_icon='\ue864' data-av_iconfont='entypo-fontello'  ><\/div><h3 class='iconbox_content_title ' >Sin compromiso<\/h3><\/header><div class='iconbox_content_container ' ><p>Especializados en el proceso y capaces de encontrar nuevas soluciones a problemas mediante la optimizaci\u00f3n y personalizaci\u00f3n de los materiales.<\/p>\n<p><a href=\"https:\/\/www.mates.it\/es\/quienes-somos\/servicios-ofrecidos\/personalizaciones\/\">M\u00e1s informaci\u00f3n<\/a><\/p>\n<\/div><\/div><footer class=\"entry-footer\"><\/footer><\/article><\/p><\/div><\/div><!--close column table wrapper. Autoclose: 1 -->\n<style type=\"text\/css\" data-created_by=\"avia_inline_auto\" id=\"style-css-av-wx5o14-76e5213e926eff9d51e2291d89c7de0a\">\n#top .hr.hr-invisible.av-wx5o14-76e5213e926eff9d51e2291d89c7de0a{\nheight:50px;\n}\n<\/style>\n<div  class='hr av-wx5o14-76e5213e926eff9d51e2291d89c7de0a hr-invisible  avia-builder-el-17  el_after_av_one_third  avia-builder-el-last '><span class='hr-inner '><span class=\"hr-inner-style\"><\/span><\/span><\/div>\n<\/div><\/div><\/div><!-- close content main div --><\/div><\/div><\/div><div id='after_section_1'  class='main_color av_default_container_wrap container_wrap sidebar_right'  ><div class='container av-section-cont-open' ><div class='template-page content  av-content-small alpha units'><div class='post-entry post-entry-type-page post-entry-9384'><div class='entry-content-wrapper clearfix'>\n\n<style type=\"text\/css\" data-created_by=\"avia_inline_auto\" id=\"style-css-av-ufq594-2cfe1cfb2ef63db8aad53efe2c11c556\">\n#top .hr.hr-invisible.av-ufq594-2cfe1cfb2ef63db8aad53efe2c11c556{\nheight:50px;\n}\n<\/style>\n<div  class='hr av-ufq594-2cfe1cfb2ef63db8aad53efe2c11c556 hr-invisible  avia-builder-el-18  el_after_av_section  el_before_av_partner  avia-builder-el-first '><span class='hr-inner '><span class=\"hr-inner-style\"><\/span><\/span><\/div>\n<div  class='avia-logo-element-container av-t6o9wo-08bf97f496a1eb32229616435cc97300 av-border-deactivate avia-logo-slider avia-content-slider avia-smallarrow-slider avia-content-slider-active noHover avia-content-slider-odd  avia-builder-el-19  el_after_av_hr  el_before_av_hr  av-slideshow-ui av-control-default av-no-slider-navigation av-slideshow-autoplay av-loop-endless av-loop-manual-endless avia-content-slider1' data-slideshow-options=\"{&quot;animation&quot;:&quot;slide&quot;,&quot;autoplay&quot;:true,&quot;loop_autoplay&quot;:&quot;endless&quot;,&quot;interval&quot;:5,&quot;loop_manual&quot;:&quot;manual-endless&quot;,&quot;autoplay_stopper&quot;:false,&quot;noNavigation&quot;:false,&quot;bg_slider&quot;:false,&quot;keep_padding&quot;:&quot;&quot;,&quot;hoverpause&quot;:false,&quot;show_slide_delay&quot;:0}\"><div class='avia-smallarrow-slider-heading  no-logo-slider-heading '><div class='new-special-heading'>&nbsp;<\/div><div class='avia-slideshow-arrows avia-slideshow-controls' ><a href='#prev' class='prev-slide  avia-svg-icon avia-font-svg_entypo-fontello' data-av_svg_icon='left-open-big' data-av_iconset='svg_entypo-fontello' tabindex='-1' title=\"Anterior\"><svg version=\"1.1\" xmlns=\"http:\/\/www.w3.org\/2000\/svg\" width=\"15\" height=\"32\" viewBox=\"0 0 15 32\" preserveAspectRatio=\"xMidYMid meet\" aria-labelledby='av-svg-title-1' aria-describedby='av-svg-desc-1' role=\"graphics-symbol\" aria-hidden=\"true\">\n<title id='av-svg-title-1'>Anterior<\/title>\n<desc id='av-svg-desc-1'>Anterior<\/desc>\n<path d=\"M14.464 27.84q0.832 0.832 0 1.536-0.832 0.832-1.536 0l-12.544-12.608q-0.768-0.768 0-1.6l12.544-12.608q0.704-0.832 1.536 0 0.832 0.704 0 1.536l-11.456 11.904z\"><\/path>\n<\/svg><span class='avia_hidden_link_text'>Anterior<\/span><\/a><a href='#next' class='next-slide  avia-svg-icon avia-font-svg_entypo-fontello' data-av_svg_icon='right-open-big' data-av_iconset='svg_entypo-fontello' tabindex='-1' title=\"Posterior\"><svg version=\"1.1\" xmlns=\"http:\/\/www.w3.org\/2000\/svg\" width=\"15\" height=\"32\" viewBox=\"0 0 15 32\" preserveAspectRatio=\"xMidYMid meet\" aria-labelledby='av-svg-title-2' aria-describedby='av-svg-desc-2' role=\"graphics-symbol\" aria-hidden=\"true\">\n<title id='av-svg-title-2'>Posterior<\/title>\n<desc id='av-svg-desc-2'>Posterior<\/desc>\n<path d=\"M0.416 27.84l11.456-11.84-11.456-11.904q-0.832-0.832 0-1.536 0.832-0.832 1.536 0l12.544 12.608q0.768 0.832 0 1.6l-12.544 12.608q-0.704 0.832-1.536 0-0.832-0.704 0-1.536z\"><\/path>\n<\/svg><span class='avia_hidden_link_text'>Posterior<\/span><\/a><\/div><\/div><div class=\"avia-content-slider-inner\"><div class=\"slide-entry-wrap\"><div  class='slide-entry av-r51liw-aa6c1efa7770af63b63c6935e0527aa4 flex_column no_margin av_one_fifth real-thumbnail post-entry slide-entry-overview slide-loop-1 slide-parity-odd  first'><span class='av-partner-fake-img' style='padding-bottom:50%; background-image:url(https:\/\/www.mates.it\/wp-content\/uploads\/chemtrend-2.jpg);'><\/span><\/div><div  class='slide-entry av-q8qtyg-8c9a9227ea9f648228c09ebd72ce63f0 flex_column no_margin av_one_fifth real-thumbnail post-entry slide-entry-overview slide-loop-2 slide-parity-even  '><span class='av-partner-fake-img' style='padding-bottom:50%; background-image:url(https:\/\/www.mates.it\/wp-content\/uploads\/adler.jpg);'><\/span><\/div><div  class='slide-entry av-2dvz94-232cedc509bbd0fd2e8bc7869cf4173d flex_column no_margin av_one_fifth real-thumbnail post-entry slide-entry-overview slide-loop-3 slide-parity-odd  '><span class='av-partner-fake-img' style='padding-bottom:50%; background-image:url(https:\/\/www.mates.it\/wp-content\/uploads\/akrapovic-2.jpg);'><\/span><\/div><div  class='slide-entry av-mnpzg8-97d5effe95f7533355db0fff8d153f28 flex_column no_margin av_one_fifth real-thumbnail post-entry slide-entry-overview slide-loop-4 slide-parity-even  '><span class='av-partner-fake-img' style='padding-bottom:50%; background-image:url(https:\/\/www.mates.it\/wp-content\/uploads\/armacell-2.jpg);'><\/span><\/div><div  class='slide-entry av-lhfs2g-0f96785c53867f6bfe9b29d528271c4f flex_column no_margin av_one_fifth real-thumbnail post-entry slide-entry-overview slide-loop-5 slide-parity-odd  '><span class='av-partner-fake-img' style='padding-bottom:50%; background-image:url(https:\/\/www.mates.it\/wp-content\/uploads\/cranchi-2.jpg);'><\/span><\/div><\/div><div class=\"slide-entry-wrap\"><div  class='slide-entry av-jb8a1k-9e7795524f239b77b0d940d17e457bf9 flex_column no_margin av_one_fifth real-thumbnail post-entry slide-entry-overview slide-loop-6 slide-parity-odd  first'><span class='av-partner-fake-img' style='padding-bottom:50%; background-image:url(https:\/\/www.mates.it\/wp-content\/uploads\/elantas-2.jpg);'><\/span><\/div><div  class='slide-entry av-hr33p4-da9d6d89ff72f44b4bf937cebfbd7657 flex_column no_margin av_one_fifth real-thumbnail post-entry slide-entry-overview slide-loop-7 slide-parity-even  '><span class='av-partner-fake-img' style='padding-bottom:50%; background-image:url(https:\/\/www.mates.it\/wp-content\/uploads\/pagani.jpg);'><\/span><\/div><div  class='slide-entry av-g6mzu0-5f0113e82f45719b45f9564cc5ae04c6 flex_column no_margin av_one_fifth real-thumbnail post-entry slide-entry-overview slide-loop-8 slide-parity-odd  '><span class='av-partner-fake-img' style='padding-bottom:50%; background-image:url(https:\/\/www.mates.it\/wp-content\/uploads\/schenker.jpg);'><\/span><\/div><div  class='slide-entry av-ekrvjs-6b9ad19639080dc63615c79dfd639273 flex_column no_margin av_one_fifth real-thumbnail post-entry slide-entry-overview slide-loop-9 slide-parity-even  '><span class='av-partner-fake-img' style='padding-bottom:50%; background-image:url(https:\/\/www.mates.it\/wp-content\/uploads\/sparco-2.jpg);'><\/span><\/div><div  class='slide-entry av-cqqoug-d586252ca510715cbc520f0df30617cd flex_column no_margin av_one_fifth real-thumbnail post-entry slide-entry-overview slide-loop-10 slide-parity-odd  '><span class='av-partner-fake-img' style='padding-bottom:50%; background-image:url(https:\/\/www.mates.it\/wp-content\/uploads\/acralock-2.jpg);'><\/span><\/div><\/div><div class=\"slide-entry-wrap\"><div  class='slide-entry av-a78slk-c997dc826302dadbad20a23890d38d61 flex_column no_margin av_one_fifth real-thumbnail post-entry slide-entry-overview slide-loop-11 slide-parity-odd  first'><span class='av-partner-fake-img' style='padding-bottom:50%; background-image:url(https:\/\/www.mates.it\/wp-content\/uploads\/bighead-2.jpg);'><\/span><\/div><div  class='slide-entry av-9uuri0-a34fb5256968045dc63abffe3d22687a flex_column no_margin av_one_fifth real-thumbnail post-entry slide-entry-overview slide-loop-12 slide-parity-even  '><span class='av-partner-fake-img' style='padding-bottom:50%; background-image:url(https:\/\/www.mates.it\/wp-content\/uploads\/toray-3.jpg);'><\/span><\/div><div  class='slide-entry av-7txt1k-1ac8fb131219998e9fbf18c27b78665e flex_column no_margin av_one_fifth real-thumbnail post-entry slide-entry-overview slide-loop-13 slide-parity-odd  '><span class='av-partner-fake-img' style='padding-bottom:50%; background-image:url(https:\/\/www.mates.it\/wp-content\/uploads\/gls.jpg);'><\/span><\/div><div  class='slide-entry av-6c0si0-3bb5d7f875680390c29c9de241e76ad9 flex_column no_margin av_one_fifth real-thumbnail post-entry slide-entry-overview slide-loop-14 slide-parity-even  '><span class='av-partner-fake-img' style='padding-bottom:50%; background-image:url(https:\/\/www.mates.it\/wp-content\/uploads\/dvp-2.jpg);'><\/span><\/div><div  class='slide-entry av-4966bs-1a735ca78b23c8e70b03e9da8a4c9feb flex_column no_margin av_one_fifth real-thumbnail post-entry slide-entry-overview slide-loop-15 slide-parity-odd post-entry-last '><span class='av-partner-fake-img' style='padding-bottom:50%; background-image:url(https:\/\/www.mates.it\/wp-content\/uploads\/airbus-2.jpg);'><\/span><\/div><\/div><\/div><\/div>\n\n<style type=\"text\/css\" data-created_by=\"avia_inline_auto\" id=\"style-css-av-3at908-f3cc212e5f1256ce3b10564225936b66\">\n#top .hr.hr-invisible.av-3at908-f3cc212e5f1256ce3b10564225936b66{\nheight:50px;\n}\n<\/style>\n<div  class='hr av-3at908-f3cc212e5f1256ce3b10564225936b66 hr-invisible  avia-builder-el-20  el_after_av_partner  avia-builder-el-last '><span class='hr-inner '><span class=\"hr-inner-style\"><\/span><\/span><\/div>\n","protected":false},"excerpt":{"rendered":"<p>Mates es su socio estrat\u00e9gico para fabricaciones avanzadas de materiales compuestos. Siempre ha estado activo en el desarrolo, producci\u00f3n y distribuci\u00f3n de los mejores art\u00edculos y equipos utilizados en la producci\u00f3n de componentes acabados.<\/p>\n","protected":false},"author":1,"featured_media":0,"parent":0,"menu_order":0,"comment_status":"closed","ping_status":"closed","template":"","meta":{"footnotes":""},"class_list":["post-9384","page","type-page","status-publish","hentry"],"_links":{"self":[{"href":"https:\/\/www.mates.it\/es\/wp-json\/wp\/v2\/pages\/9384","targetHints":{"allow":["GET"]}}],"collection":[{"href":"https:\/\/www.mates.it\/es\/wp-json\/wp\/v2\/pages"}],"about":[{"href":"https:\/\/www.mates.it\/es\/wp-json\/wp\/v2\/types\/page"}],"author":[{"embeddable":true,"href":"https:\/\/www.mates.it\/es\/wp-json\/wp\/v2\/users\/1"}],"replies":[{"embeddable":true,"href":"https:\/\/www.mates.it\/es\/wp-json\/wp\/v2\/comments?post=9384"}],"version-history":[{"count":0,"href":"https:\/\/www.mates.it\/es\/wp-json\/wp\/v2\/pages\/9384\/revisions"}],"wp:attachment":[{"href":"https:\/\/www.mates.it\/es\/wp-json\/wp\/v2\/media?parent=9384"}],"curies":[{"name":"wp","href":"https:\/\/api.w.org\/{rel}","templated":true}]}}