{"id":9385,"date":"2015-07-08T14:23:49","date_gmt":"2015-07-08T12:23:49","guid":{"rendered":"https:\/\/www.mates.it\/prodotti\/tejidos-refuerzos\/"},"modified":"2023-12-15T20:40:30","modified_gmt":"2023-12-15T19:40:30","slug":"tejidos-refuerzos","status":"publish","type":"page","link":"https:\/\/www.mates.it\/es\/productos\/tejidos-refuerzos\/","title":{"rendered":"Refuerzos"},"content":{"rendered":"<\/p>\n\n<style type=\"text\/css\" data-created_by=\"avia_inline_auto\" id=\"style-css-av-lj978uud-d65c3b0b409d95a16c58077fdb9d4f3c\">\n#top .av-special-heading.av-lj978uud-d65c3b0b409d95a16c58077fdb9d4f3c{\npadding-bottom:10px;\n}\nbody .av-special-heading.av-lj978uud-d65c3b0b409d95a16c58077fdb9d4f3c .av-special-heading-tag .heading-char{\nfont-size:25px;\n}\n.av-special-heading.av-lj978uud-d65c3b0b409d95a16c58077fdb9d4f3c .av-subheading{\nfont-size:15px;\n}\n<\/style>\n<div  class='av-special-heading av-lj978uud-d65c3b0b409d95a16c58077fdb9d4f3c av-special-heading-h1  avia-builder-el-0  el_before_av_textblock  avia-builder-el-first  custom-h1-title'><h1 class='av-special-heading-tag '  >Refuerzos<\/h1><div class=\"special-heading-border\"><div class=\"special-heading-inner-border\"><\/div><\/div><\/div>\n<section  class='av_textblock_section av-lj978qzr-b4cadf6994626d0cc75b151a51eebcf1 '  ><div class='avia_textblock' ><p>Los refuerzos t\u00e9cnicos combinan un contenido textil con otro no textil, es decir, procedente de diferentes tecnolog\u00edas como el moldeo de pl\u00e1sticos y la qu\u00edmica. Se trata de productos y aplicaciones donde el valor est\u00e9tico suele ser despreciable frente al del comportamiento estructural, es decir, la respuesta a valores precisos de determinados par\u00e1metros mec\u00e1nicos, donde el marco t\u00e9cnico-tecnol\u00f3gico (ensayos, normas y certificaci\u00f3n) es m\u00e1s importante que el est\u00e9tico-visual.<\/p>\n<p>Estos refuerzos suelen utilizarse en combinaci\u00f3n con resinas termoendurecibles (matriz) para producir compuestos de alta resistencia que combinan los puntos fuertes y superan los puntos d\u00e9biles de los dos (o m\u00e1s) componentes. Los m\u00e1s comunes son el GRP \/ FRP (Glass \/ Fibre Reinforced Plastic) y el CFRP (Carbon Fibre Reinforced Plastic), componentes de fibra de vidrio y fibra de carbono.<\/p>\n<\/div><\/section>\n<div  class='hr av-av_hr-91d7ccd583a503147498e120fee2ff9b hr-default  avia-builder-el-2  el_after_av_textblock  el_before_av_textblock '><span class='hr-inner '><span class=\"hr-inner-style\"><\/span><\/span><\/div>\n<section  class='av_textblock_section av-av_textblock-7a1af7d8f9790576b1769c0a9f0449ed '  ><div class='avia_textblock' ><div class=\"flex-container container-align-start\"><div class=\"flex-cell cell-1of3 medium-cell-1of2 small-cell-1of1\">\n<article class=\"post-entry slide-entry-overview slide-loop-1 slide-parity-odd real-thumbnail post-format-standard\"\n   itemscope=\"itemscope\" itemtype=\"https:\/\/schema.org\/CreativeWork\">\n   <a href=\"https:\/\/www.mates.it\/es\/productos\/tejidos-refuerzos\/fibra-de-carbono\/\" title=\"https:\/\/www.mates.it\/es\/productos\/tejidos-refuerzos\/fibra-de-carbono\/\" class=\"attachment-portfolio wp-post-image\"\n      alt=\"Fibra de carbono\"><img decoding=\"async\" src=\"https:\/\/www.mates.it\/wp-content\/uploads\/2016\/05\/Fibra-di-carbonio.jpg\" class=\" attachment-portfolio size-portfolio wp-post-image\" alt=\"Fibra de carbono\" title=\"\"><\/a>\n   <div class=\"slide-content\">\n      <header class=\"entry-content-header\">\n         <h6 class=\"slide-entry-title entry-title\" itemprop=\"headline\"><a\n            href=\"https:\/\/www.mates.it\/es\/productos\/tejidos-refuerzos\/fibra-de-carbono\/\"\n            title=\"New electric cars are getting really fast\">Fibra de carbono<\/a><\/h6>\n         <span class=\"av-vertical-delimiter\"><\/span>\n      <\/header>\n      <div class=\"slide-entry-excerpt entry-content\" itemprop=\"text\">\n\t\t  <p>La fibra de carbono se utiliza principalmente para reforzar materiales compuestos, sobre todo pol\u00edmeros. Otro uso es a\u00f1adir valor est\u00e9tico a diversos productos de consumo.<\/p>\n \n\t\t  <a href=\"https:\/\/www.mates.it\/es\/productos\/tejidos-refuerzos\/fibra-de-carbono\/\" class=\"avia-button avia-icon_select-yes-left-icon avia-size-small avia-position-left avia-color-theme-color-subtle\">\n\t\t\t  M\u00e1s informaci\u00f3n &raquo;\n\t\t  <\/a> \n      <\/div>\n   <\/div>\n   <footer class=\"entry-footer\"><\/footer>\n<\/article>\n\n<\/div><div class=\"flex-cell cell-1of3 medium-cell-1of2 small-cell-1of1\">\n<article class=\"post-entry slide-entry-overview slide-loop-1 slide-parity-odd real-thumbnail post-format-standard\"\n   itemscope=\"itemscope\" itemtype=\"https:\/\/schema.org\/CreativeWork\">\n   <a href=\"https:\/\/www.mates.it\/es\/productos\/tejidos-refuerzos\/fibra-de-vidrio\/\" title=\"https:\/\/www.mates.it\/es\/productos\/tejidos-refuerzos\/fibra-de-vidrio\/\" class=\"attachment-portfolio wp-post-image\"\n      alt=\"Fibra de vidrio\"><img decoding=\"async\" src=\"https:\/\/www.mates.it\/wp-content\/uploads\/2016\/05\/Fibra-di-vetro.jpg\" class=\" attachment-portfolio size-portfolio wp-post-image\" alt=\"Fibra de vidrio\" title=\"\"><\/a>\n   <div class=\"slide-content\">\n      <header class=\"entry-content-header\">\n         <h6 class=\"slide-entry-title entry-title\" itemprop=\"headline\"><a\n            href=\"https:\/\/www.mates.it\/es\/productos\/tejidos-refuerzos\/fibra-de-vidrio\/\"\n            title=\"New electric cars are getting really fast\">Fibra de vidrio<\/a><\/h6>\n         <span class=\"av-vertical-delimiter\"><\/span>\n      <\/header>\n      <div class=\"slide-entry-excerpt entry-content\" itemprop=\"text\">\n\t\t  <p>La fibra de vidrio se utiliza para la producci\u00f3n de materiales compuestos, materiales estructurales avanzados de bajo coste en los que se integran varios componentes para producir un componente acabado.<\/p>\n \n\t\t  <a href=\"https:\/\/www.mates.it\/es\/productos\/tejidos-refuerzos\/fibra-de-vidrio\/\" class=\"avia-button avia-icon_select-yes-left-icon avia-size-small avia-position-left avia-color-theme-color-subtle\">\n\t\t\t  M\u00e1s informaci\u00f3n &raquo;\n\t\t  <\/a> \n      <\/div>\n   <\/div>\n   <footer class=\"entry-footer\"><\/footer>\n<\/article>\n\n<\/div><div class=\"flex-cell cell-1of3 medium-cell-1of2 small-cell-1of1\">\n<article class=\"post-entry slide-entry-overview slide-loop-1 slide-parity-odd real-thumbnail post-format-standard\"\n   itemscope=\"itemscope\" itemtype=\"https:\/\/schema.org\/CreativeWork\">\n   <a href=\"https:\/\/www.mates.it\/es\/productos\/tejidos-refuerzos\/fibra-de-aramida\/\" title=\"https:\/\/www.mates.it\/es\/productos\/tejidos-refuerzos\/fibra-de-aramida\/\" class=\"attachment-portfolio wp-post-image\"\n      alt=\"Fibra de aramida\"><img decoding=\"async\" src=\"https:\/\/www.mates.it\/wp-content\/uploads\/2016\/05\/Fibra-aramidica.jpg\" class=\" attachment-portfolio size-portfolio wp-post-image\" alt=\"Fibra de aramida\" title=\"\"><\/a>\n   <div class=\"slide-content\">\n      <header class=\"entry-content-header\">\n         <h6 class=\"slide-entry-title entry-title\" itemprop=\"headline\"><a\n            href=\"https:\/\/www.mates.it\/es\/productos\/tejidos-refuerzos\/fibra-de-aramida\/\"\n            title=\"New electric cars are getting really fast\">Fibra de aramida<\/a><\/h6>\n         <span class=\"av-vertical-delimiter\"><\/span>\n      <\/header>\n      <div class=\"slide-entry-excerpt entry-content\" itemprop=\"text\">\n\t\t  <p>Las fibras de aramida, a las que pertenece Kevlar\u00ae, son un grupo especial de fibras sint\u00e9ticas especialmente fuertes y extremadamente resistentes al calor y la fricci\u00f3n gracias a sus propiedades qu\u00edmicas.<\/p>\n \n\t\t  <a href=\"https:\/\/www.mates.it\/es\/productos\/tejidos-refuerzos\/fibra-de-aramida\/\" class=\"avia-button avia-icon_select-yes-left-icon avia-size-small avia-position-left avia-color-theme-color-subtle\">\n\t\t\t  M\u00e1s informaci\u00f3n &raquo;\n\t\t  <\/a> \n      <\/div>\n   <\/div>\n   <footer class=\"entry-footer\"><\/footer>\n<\/article>\n\n<\/div><div class=\"flex-cell cell-1of3 medium-cell-1of2 small-cell-1of1\">\n<article class=\"post-entry slide-entry-overview slide-loop-1 slide-parity-odd real-thumbnail post-format-standard\"\n   itemscope=\"itemscope\" itemtype=\"https:\/\/schema.org\/CreativeWork\">\n   <a href=\"https:\/\/www.mates.it\/es\/productos\/tejidos-refuerzos\/fibras-hibridas\/\" title=\"https:\/\/www.mates.it\/es\/productos\/tejidos-refuerzos\/fibras-hibridas\/\" class=\"attachment-portfolio wp-post-image\"\n      alt=\"Fibras h\u00ecbridas\"><img decoding=\"async\" src=\"https:\/\/www.mates.it\/wp-content\/uploads\/2016\/05\/Fibre-ibride.jpg\" class=\" attachment-portfolio size-portfolio wp-post-image\" alt=\"Fibras h\u00ecbridas\" title=\"\"><\/a>\n   <div class=\"slide-content\">\n      <header class=\"entry-content-header\">\n         <h6 class=\"slide-entry-title entry-title\" itemprop=\"headline\"><a\n            href=\"https:\/\/www.mates.it\/es\/productos\/tejidos-refuerzos\/fibras-hibridas\/\"\n            title=\"New electric cars are getting really fast\">Fibras h\u00ecbridas<\/a><\/h6>\n         <span class=\"av-vertical-delimiter\"><\/span>\n      <\/header>\n      <div class=\"slide-entry-excerpt entry-content\" itemprop=\"text\">\n\t\t  <p>Los tejidos h\u00edbridos consiguen mantener las caracter\u00edsticas mec\u00e1nicas de los distintos tipos de fibras que los componen, eliminando al mismo tiempo el riesgo de delaminaci\u00f3n.<\/p>\n \n\t\t  <a href=\"https:\/\/www.mates.it\/es\/productos\/tejidos-refuerzos\/fibras-hibridas\/\" class=\"avia-button avia-icon_select-yes-left-icon avia-size-small avia-position-left avia-color-theme-color-subtle\">\n\t\t\t  M\u00e1s informaci\u00f3n &raquo;\n\t\t  <\/a> \n      <\/div>\n   <\/div>\n   <footer class=\"entry-footer\"><\/footer>\n<\/article>\n\n<\/div><div class=\"flex-cell cell-1of3 medium-cell-1of2 small-cell-1of1\">\n<article class=\"post-entry slide-entry-overview slide-loop-1 slide-parity-odd real-thumbnail post-format-standard\"\n   itemscope=\"itemscope\" itemtype=\"https:\/\/schema.org\/CreativeWork\">\n   <a href=\"https:\/\/www.mates.it\/es\/productos\/tejidos-refuerzos\/otras-fibras\/\" title=\"https:\/\/www.mates.it\/es\/productos\/tejidos-refuerzos\/otras-fibras\/\" class=\"attachment-portfolio wp-post-image\"\n      alt=\"Otras fibras\"><img decoding=\"async\" src=\"https:\/\/www.mates.it\/wp-content\/uploads\/2016\/05\/Fibra-poliestere.jpg\" class=\" attachment-portfolio size-portfolio wp-post-image\" alt=\"Otras fibras\" title=\"\"><\/a>\n   <div class=\"slide-content\">\n      <header class=\"entry-content-header\">\n         <h6 class=\"slide-entry-title entry-title\" itemprop=\"headline\"><a\n            href=\"https:\/\/www.mates.it\/es\/productos\/tejidos-refuerzos\/otras-fibras\/\"\n            title=\"New electric cars are getting really fast\">Otras fibras<\/a><\/h6>\n         <span class=\"av-vertical-delimiter\"><\/span>\n      <\/header>\n      <div class=\"slide-entry-excerpt entry-content\" itemprop=\"text\">\n\t\t  <p>Adem\u00e1s de los numerosos tipos de fibras del cat\u00e1logo, tambi\u00e9n podemos suministrar, bajo pedido, una amplia gama de fibras diferentes para cada uso espec\u00edfico.<\/p>\n \n\t\t  <a href=\"https:\/\/www.mates.it\/es\/productos\/tejidos-refuerzos\/otras-fibras\/\" class=\"avia-button avia-icon_select-yes-left-icon avia-size-small avia-position-left avia-color-theme-color-subtle\">\n\t\t\t  M\u00e1s informaci\u00f3n &raquo;\n\t\t  <\/a> \n      <\/div>\n   <\/div>\n   <footer class=\"entry-footer\"><\/footer>\n<\/article>\n\n<\/div><div class=\"flex-cell cell-1of3 medium-cell-1of2 small-cell-1of1\">\n<article class=\"post-entry slide-entry-overview slide-loop-1 slide-parity-odd real-thumbnail post-format-standard\"\n   itemscope=\"itemscope\" itemtype=\"https:\/\/schema.org\/CreativeWork\">\n   <a href=\"https:\/\/www.mates.it\/es\/productos\/tejidos-refuerzos\/auxiliares-tejidos\/\" title=\"https:\/\/www.mates.it\/es\/productos\/tejidos-refuerzos\/auxiliares-tejidos\/\" class=\"attachment-portfolio wp-post-image\"\n      alt=\"Auxiliares \u2013 Tejidos\"><img decoding=\"async\" src=\"https:\/\/www.mates.it\/wp-content\/uploads\/2016\/05\/Ausiliari-Tessuti.jpg\" class=\" attachment-portfolio size-portfolio wp-post-image\" alt=\"Auxiliares \u2013 Tejidos\" title=\"\"><\/a>\n   <div class=\"slide-content\">\n      <header class=\"entry-content-header\">\n         <h6 class=\"slide-entry-title entry-title\" itemprop=\"headline\"><a\n            href=\"https:\/\/www.mates.it\/es\/productos\/tejidos-refuerzos\/auxiliares-tejidos\/\"\n            title=\"New electric cars are getting really fast\">Auxiliares \u2013 Tejidos<\/a><\/h6>\n         <span class=\"av-vertical-delimiter\"><\/span>\n      <\/header>\n      <div class=\"slide-entry-excerpt entry-content\" itemprop=\"text\">\n\t\t  <p>Para conseguir el mejor resultado final, es necesario trabajar con herramientas y equipos auxiliares espec\u00edficos, correctos y adecuados al trabajo a realizar. <\/p>\n \n\t\t  <a href=\"https:\/\/www.mates.it\/es\/productos\/tejidos-refuerzos\/auxiliares-tejidos\/\" class=\"avia-button avia-icon_select-yes-left-icon avia-size-small avia-position-left avia-color-theme-color-subtle\">\n\t\t\t  M\u00e1s informaci\u00f3n &raquo;\n\t\t  <\/a> \n      <\/div>\n   <\/div>\n   <footer class=\"entry-footer\"><\/footer>\n<\/article>\n\n<\/div><\/div\">\n<\/div><\/section>\n","protected":false},"excerpt":{"rendered":"<p>Los refuerzos t\u00e9cnicos combinan un contenido textil con otro no textil, es decir, procedente de diferentes tecnolog\u00edas como el moldeo de pl\u00e1sticos y la qu\u00edmica.<\/p>\n","protected":false},"author":1,"featured_media":7231,"parent":9401,"menu_order":1,"comment_status":"closed","ping_status":"closed","template":"","meta":{"footnotes":""},"class_list":["post-9385","page","type-page","status-publish","has-post-thumbnail","hentry"],"_links":{"self":[{"href":"https:\/\/www.mates.it\/es\/wp-json\/wp\/v2\/pages\/9385","targetHints":{"allow":["GET"]}}],"collection":[{"href":"https:\/\/www.mates.it\/es\/wp-json\/wp\/v2\/pages"}],"about":[{"href":"https:\/\/www.mates.it\/es\/wp-json\/wp\/v2\/types\/page"}],"author":[{"embeddable":true,"href":"https:\/\/www.mates.it\/es\/wp-json\/wp\/v2\/users\/1"}],"replies":[{"embeddable":true,"href":"https:\/\/www.mates.it\/es\/wp-json\/wp\/v2\/comments?post=9385"}],"version-history":[{"count":0,"href":"https:\/\/www.mates.it\/es\/wp-json\/wp\/v2\/pages\/9385\/revisions"}],"up":[{"embeddable":true,"href":"https:\/\/www.mates.it\/es\/wp-json\/wp\/v2\/pages\/9401"}],"wp:featuredmedia":[{"embeddable":true,"href":"https:\/\/www.mates.it\/es\/wp-json\/wp\/v2\/media\/7231"}],"wp:attachment":[{"href":"https:\/\/www.mates.it\/es\/wp-json\/wp\/v2\/media?parent=9385"}],"curies":[{"name":"wp","href":"https:\/\/api.w.org\/{rel}","templated":true}]}}